{"id":1567,"date":"2022-12-09T15:43:10","date_gmt":"2022-12-09T15:43:10","guid":{"rendered":"http:\/\/dummy.xtemos.com\/woodmart2\/mega-electronics-elementor\/?post_type=product&#038;p=1567"},"modified":"2025-09-27T10:12:56","modified_gmt":"2025-09-27T10:12:56","slug":"szs","status":"publish","type":"product","link":"https:\/\/eauchauffage.com\/it\/product\/szs\/","title":{"rendered":"Caldaia a gasolio\/gas della serie SZS"},"content":{"rendered":"<div data-elementor-type=\"wp-post\" data-elementor-id=\"1567\" class=\"elementor elementor-1567\">\n\t\t\t\t<div class=\"wd-negative-gap elementor-element elementor-element-f6d760f e-flex e-con-boxed e-con e-parent\" data-id=\"f6d760f\" data-element_type=\"container\">\n\t\t\t\t\t<div class=\"e-con-inner\">\n\t\t\t\t<div class=\"elementor-element elementor-element-687095e2 elementor-widget elementor-widget-wd_text_block\" data-id=\"687095e2\" data-element_type=\"widget\" data-widget_type=\"wd_text_block.default\">\n\t\t\t\t<div class=\"elementor-widget-container\">\n\t\t\t\t\t\t\t<div class=\"wd-text-block reset-last-child text-left\">\n\t\t\t\n\t\t\t<ol data-start=\"582\" data-end=\"1266\"><li data-start=\"582\" data-end=\"688\"><p data-start=\"585\" data-end=\"688\">Disposizione a \u201cD\u201d a doppio tamburo con struttura compatta, ingombro ridotto ed eccellenti prestazioni di combustione.<\/p><\/li><li data-start=\"689\" data-end=\"777\"><p data-start=\"692\" data-end=\"777\">La struttura della parete d'acqua a membrana garantisce un elevato isolamento termico e una tenuta affidabile.<\/p><\/li><li data-start=\"778\" data-end=\"881\"><p data-start=\"781\" data-end=\"881\">Ampia superficie di riscaldamento con un design spazioso per un'erogazione stabile del vapore e un funzionamento efficiente.<\/p><\/li><li data-start=\"882\" data-end=\"994\"><p data-start=\"885\" data-end=\"994\">Dotato di un dispositivo di recupero della condensa dei fumi per ridurre la temperatura dei gas di scarico e migliorare l'efficienza.<\/p><\/li><li data-start=\"995\" data-end=\"1078\"><p data-start=\"998\" data-end=\"1078\">Strato isolante ad alte prestazioni con un design esterno elegante e resistente.<\/p><\/li><li data-start=\"1079\" data-end=\"1162\"><p data-start=\"1082\" data-end=\"1162\">Solida struttura di base in acciaio, facile installazione e comodo trasporto.<\/p><\/li><li data-start=\"1163\" data-end=\"1266\"><p data-start=\"1166\" data-end=\"1266\">Dotati di fori di ispezione e porte antideflagranti per una manutenzione e un funzionamento sicuri e semplici.<\/p><\/li><\/ol>\n\t\t\t\t\t<\/div>\n\t\t\t\t\t\t<\/div>\n\t\t\t\t<\/div>\n\t\t\t\t<div class=\"elementor-element elementor-element-736b2281 elementor-widget elementor-widget-wd_image_or_svg\" data-id=\"736b2281\" data-element_type=\"widget\" data-widget_type=\"wd_image_or_svg.default\">\n\t\t\t\t<div class=\"elementor-widget-container\">\n\t\t\t\t\t\n\t\t<div class=\"wd-image text-center photoswipe-images\">\n\t\t\t\t\t\t\t<a  href=\"https:\/\/eauchauffage.com\/wp-content\/uploads\/2022\/12\/SZS-1.jpg\"data-width=\"1208\" data-height=\"825\" data-elementor-open-lightbox=\"no\" aria-label=\"Image link\">\n\t\t\t\t\t\t\t\t<img fetchpriority=\"high\" decoding=\"async\" width=\"1208\" height=\"825\" src=\"https:\/\/eauchauffage.com\/wp-content\/uploads\/2022\/12\/SZS-1.jpg\" class=\"attachment-full size-full\" alt=\"\" srcset=\"https:\/\/eauchauffage.com\/wp-content\/uploads\/2022\/12\/SZS-1.jpg 1208w, https:\/\/eauchauffage.com\/wp-content\/uploads\/2022\/12\/SZS-1-300x205.jpg 300w, https:\/\/eauchauffage.com\/wp-content\/uploads\/2022\/12\/SZS-1-1024x699.jpg 1024w, https:\/\/eauchauffage.com\/wp-content\/uploads\/2022\/12\/SZS-1-768x525.jpg 768w, https:\/\/eauchauffage.com\/wp-content\/uploads\/2022\/12\/SZS-1-1200x820.jpg 1200w, https:\/\/eauchauffage.com\/wp-content\/uploads\/2022\/12\/SZS-1-150x102.jpg 150w\" sizes=\"(max-width: 1208px) 100vw, 1208px\" \/>\t\t\t\t\t\t\t<\/a>\n\t\t\t\t\t<\/div>\n\n\t\t\t\t\t\t<\/div>\n\t\t\t\t<\/div>\n\t\t\t\t<div class=\"elementor-element elementor-element-33166c1f elementor-widget elementor-widget-wd_text_block\" data-id=\"33166c1f\" data-element_type=\"widget\" data-widget_type=\"wd_text_block.default\">\n\t\t\t\t<div class=\"elementor-widget-container\">\n\t\t\t\t\t\t\t<div class=\"wd-text-block reset-last-child text-left\">\n\t\t\t\n\t\t\t<h4 data-start=\"1273\" data-end=\"1313\"><strong data-start=\"1276\" data-end=\"1311\">Punti salienti della tecnica:<\/strong><\/h4><ul data-start=\"1314\" data-end=\"1731\"><li data-start=\"1314\" data-end=\"1380\"><p data-start=\"1316\" data-end=\"1380\"><strong data-start=\"1316\" data-end=\"1334\">Capacit\u00e0 di vapore<\/strong>: 2,5 t\/h fino a 130 t\/h (a seconda del modello)<\/p><\/li><li data-start=\"1381\" data-end=\"1420\"><p data-start=\"1383\" data-end=\"1420\"><strong data-start=\"1383\" data-end=\"1403\">Pressione di lavoro<\/strong>Fino a 2,5 MPa<\/p><\/li><li data-start=\"1421\" data-end=\"1461\"><p data-start=\"1423\" data-end=\"1461\"><strong data-start=\"1423\" data-end=\"1444\">Temperatura del vapore<\/strong>226\u00b0C - 350\u00b0C<\/p><\/li><li data-start=\"1462\" data-end=\"1499\"><p data-start=\"1464\" data-end=\"1499\"><strong data-start=\"1464\" data-end=\"1486\">Efficienza termica<\/strong>fino a 93%<\/p><\/li><li data-start=\"1500\" data-end=\"1570\"><p data-start=\"1502\" data-end=\"1570\"><strong data-start=\"1502\" data-end=\"1518\">Opzioni per il carburante<\/strong>Gas naturale, gas liquefatto, petrolio leggero, petrolio pesante.<\/p><\/li><li data-start=\"1571\" data-end=\"1651\"><p data-start=\"1573\" data-end=\"1651\"><strong data-start=\"1573\" data-end=\"1592\">Consumo di gas<\/strong>: va da 151 a oltre 7440 Nm\u00b3\/h (a seconda del modello)<\/p><\/li><li data-start=\"1652\" data-end=\"1731\"><p data-start=\"1654\" data-end=\"1731\"><strong data-start=\"1654\" data-end=\"1675\">Dimensioni della caldaia<\/strong>da circa 8,6m \u00d7 3,4m \u00d7 4,5m a oltre 18,5m \u00d7 8,9m<\/p><\/li><\/ul>\n\t\t\t\t\t<\/div>\n\t\t\t\t\t\t<\/div>\n\t\t\t\t<\/div>\n\t\t<div class=\"elementor-element elementor-element-5f5dc6e e-con-full elementor-hidden-desktop elementor-hidden-tablet elementor-hidden-mobile e-flex e-con e-child\" data-id=\"5f5dc6e\" data-element_type=\"container\">\n\t\t\t\t<div class=\"elementor-element elementor-element-b87436a elementor-widget__width-initial elementor-widget elementor-widget-wd_infobox\" data-id=\"b87436a\" data-element_type=\"widget\" data-widget_type=\"wd_infobox.default\">\n\t\t\t\t<div class=\"elementor-widget-container\">\n\t\t\t\t\t\t\t<div class=\"info-box-wrapper\">\n\t\t\t<div class=\"wd-info-box text-center box-icon-align-top box-style-base color-scheme-\">\n\t\t\t\t\t\t\t\t\t<div class=\"box-icon-wrapper  box-with-text text-size-small box-icon-simple\">\n\t\t\t\t\t\t<div class=\"info-box-icon\">\n\t\t\t\t\t\t\t\t\t\t\t\t\t\t\tX2\t\t\t\t\t\t\t\t\t\t\t\t\t<\/div>\n\t\t\t\t\t<\/div>\n\t\t\t\t\n\t\t\t\t<div class=\"info-box-content\">\n\t\t\t\t\t\n\t\t\t\t\t\t\t\t\t\t\t<h4\t\t\t\t\t\tclass=\"info-box-title title box-title-style-default wd-fontsize-m\" data-elementor-setting-key=\"title\">\n\t\t\t\t\t\t\t\tPi\u00f9 veloce\t\t\t\t\t\t<\/h4>\n\t\t\t\t\t\n\t\t\t\t\t<div class=\"info-box-inner reset-last-child\"data-elementor-setting-key=\"content\"><\/div>\n\n\t\t\t\t\t\t\t\t\t<\/div>\n\n\t\t\t\t\t\t\t<\/div>\n\t\t<\/div>\n\t\t\t\t\t\t<\/div>\n\t\t\t\t<\/div>\n\t\t\t\t<div class=\"elementor-element elementor-element-1b874fcd elementor-widget__width-initial elementor-widget elementor-widget-wd_infobox\" data-id=\"1b874fcd\" data-element_type=\"widget\" data-widget_type=\"wd_infobox.default\">\n\t\t\t\t<div class=\"elementor-widget-container\">\n\t\t\t\t\t\t\t<div class=\"info-box-wrapper\">\n\t\t\t<div class=\"wd-info-box text-center box-icon-align-top box-style-base color-scheme-\">\n\t\t\t\t\t\t\t\t\t<div class=\"box-icon-wrapper  box-with-text text-size-small box-icon-simple\">\n\t\t\t\t\t\t<div class=\"info-box-icon\">\n\t\t\t\t\t\t\t\t\t\t\t\t\t\t\t4K\t\t\t\t\t\t\t\t\t\t\t\t\t<\/div>\n\t\t\t\t\t<\/div>\n\t\t\t\t\n\t\t\t\t<div class=\"info-box-content\">\n\t\t\t\t\t\n\t\t\t\t\t\t\t\t\t\t\t<h4\t\t\t\t\t\tclass=\"info-box-title title box-title-style-default wd-fontsize-m\" data-elementor-setting-key=\"title\">\n\t\t\t\t\t\t\t\tGrande prestazione\t\t\t\t\t\t<\/h4>\n\t\t\t\t\t\n\t\t\t\t\t<div class=\"info-box-inner reset-last-child\"data-elementor-setting-key=\"content\"><\/div>\n\n\t\t\t\t\t\t\t\t\t<\/div>\n\n\t\t\t\t\t\t\t<\/div>\n\t\t<\/div>\n\t\t\t\t\t\t<\/div>\n\t\t\t\t<\/div>\n\t\t\t\t<\/div>\n\t\t\t\t<div class=\"elementor-element elementor-element-d36feb6 elementor-widget elementor-widget-wd_image_or_svg\" data-id=\"d36feb6\" data-element_type=\"widget\" data-widget_type=\"wd_image_or_svg.default\">\n\t\t\t\t<div class=\"elementor-widget-container\">\n\t\t\t\t\t\n\t\t<div class=\"wd-image text-center photoswipe-images\">\n\t\t\t\t\t\t\t<a  href=\"https:\/\/eauchauffage.com\/wp-content\/uploads\/2022\/12\/SZS2.jpg\"data-width=\"1208\" data-height=\"825\" data-elementor-open-lightbox=\"no\" aria-label=\"Image link\">\n\t\t\t\t\t\t\t\t<img decoding=\"async\" width=\"1208\" height=\"825\" src=\"https:\/\/eauchauffage.com\/wp-content\/uploads\/2022\/12\/SZS2.jpg\" class=\"attachment-full size-full\" alt=\"\" srcset=\"https:\/\/eauchauffage.com\/wp-content\/uploads\/2022\/12\/SZS2.jpg 1208w, https:\/\/eauchauffage.com\/wp-content\/uploads\/2022\/12\/SZS2-300x205.jpg 300w, https:\/\/eauchauffage.com\/wp-content\/uploads\/2022\/12\/SZS2-1024x699.jpg 1024w, https:\/\/eauchauffage.com\/wp-content\/uploads\/2022\/12\/SZS2-768x525.jpg 768w, https:\/\/eauchauffage.com\/wp-content\/uploads\/2022\/12\/SZS2-1200x820.jpg 1200w, https:\/\/eauchauffage.com\/wp-content\/uploads\/2022\/12\/SZS2-150x102.jpg 150w\" sizes=\"(max-width: 1208px) 100vw, 1208px\" \/>\t\t\t\t\t\t\t<\/a>\n\t\t\t\t\t<\/div>\n\n\t\t\t\t\t\t<\/div>\n\t\t\t\t<\/div>\n\t\t\t\t\t<\/div>\n\t\t\t\t<\/div>\n\t\t<div class=\"wd-negative-gap elementor-element elementor-element-167a201 elementor-hidden-desktop elementor-hidden-tablet elementor-hidden-mobile e-flex e-con-boxed e-con e-parent\" data-id=\"167a201\" data-element_type=\"container\">\n\t\t\t\t\t<div class=\"e-con-inner\">\n\t\t\t\t<div class=\"elementor-element elementor-element-439e37a elementor-widget elementor-widget-wd_image_or_svg\" data-id=\"439e37a\" data-element_type=\"widget\" data-widget_type=\"wd_image_or_svg.default\">\n\t\t\t\t<div class=\"elementor-widget-container\">\n\t\t\t\t\t\n\t\t<div class=\"wd-image text-center\">\n\t\t\t\t\t\t\t\t<img decoding=\"async\" width=\"780\" height=\"440\" src=\"https:\/\/eauchauffage.com\/wp-content\/uploads\/2022\/12\/rtx-4090-1-opt.jpg\" class=\"attachment-full size-full\" alt=\"\" srcset=\"https:\/\/eauchauffage.com\/wp-content\/uploads\/2022\/12\/rtx-4090-1-opt.jpg 780w, https:\/\/eauchauffage.com\/wp-content\/uploads\/2022\/12\/rtx-4090-1-opt-150x85.jpg 150w\" sizes=\"(max-width: 780px) 100vw, 780px\" \/>\t\t\t\t\t<\/div>\n\n\t\t\t\t\t\t<\/div>\n\t\t\t\t<\/div>\n\t\t\t\t<div class=\"elementor-element elementor-element-b9fed7d elementor-widget elementor-widget-wd_text_block\" data-id=\"b9fed7d\" data-element_type=\"widget\" data-widget_type=\"wd_text_block.default\">\n\t\t\t\t<div class=\"elementor-widget-container\">\n\t\t\t\t\t\t\t<div class=\"wd-text-block reset-last-child text-left\">\n\t\t\t\n\t\t\t<p>Il Grande Oxmox le consigli\u00f2 di non farlo, perch\u00e9 c'erano migliaia di virgole sbagliate, punti interrogativi selvaggi e Semikoli subdoli, ma il Piccolo Testo Cieco non lo ascolt\u00f2. Mise in valigia i suoi sette versali, infil\u00f2 l'iniziale nella cintura e si mise in cammino. Quando raggiunse le prime colline delle Montagne Italiche, ebbe un'ultima visione dello skyline della sua citt\u00e0 natale Bookmarksgrove, del titolo di Alphabet Village e della linea secondaria della sua strada, la Line Lane. Una domanda retorica le attravers\u00f2 la guancia, poi<\/p>\n\t\t\t\t\t<\/div>\n\t\t\t\t\t\t<\/div>\n\t\t\t\t<\/div>\n\t\t<div class=\"elementor-element elementor-element-f0e8521 e-con-full e-flex e-con e-child\" data-id=\"f0e8521\" data-element_type=\"container\">\n\t\t\t\t<div class=\"elementor-element elementor-element-600c105 elementor-widget__width-initial elementor-widget elementor-widget-wd_infobox\" data-id=\"600c105\" data-element_type=\"widget\" data-widget_type=\"wd_infobox.default\">\n\t\t\t\t<div class=\"elementor-widget-container\">\n\t\t\t\t\t\t\t<div class=\"info-box-wrapper\">\n\t\t\t<div class=\"wd-info-box text-center box-icon-align-top box-style-base color-scheme-\">\n\t\t\t\t\t\t\t\t\t<div class=\"box-icon-wrapper  box-with-text text-size-small box-icon-simple\">\n\t\t\t\t\t\t<div class=\"info-box-icon\">\n\t\t\t\t\t\t\t\t\t\t\t\t\t\t\tX2\t\t\t\t\t\t\t\t\t\t\t\t\t<\/div>\n\t\t\t\t\t<\/div>\n\t\t\t\t\n\t\t\t\t<div class=\"info-box-content\">\n\t\t\t\t\t\n\t\t\t\t\t\t\t\t\t\t\t<h4\t\t\t\t\t\tclass=\"info-box-title title box-title-style-default wd-fontsize-m\" data-elementor-setting-key=\"title\">\n\t\t\t\t\t\t\t\tPi\u00f9 veloce\t\t\t\t\t\t<\/h4>\n\t\t\t\t\t\n\t\t\t\t\t<div class=\"info-box-inner reset-last-child\"data-elementor-setting-key=\"content\"><\/div>\n\n\t\t\t\t\t\t\t\t\t<\/div>\n\n\t\t\t\t\t\t\t<\/div>\n\t\t<\/div>\n\t\t\t\t\t\t<\/div>\n\t\t\t\t<\/div>\n\t\t\t\t<div class=\"elementor-element elementor-element-0df2fd3 elementor-widget__width-initial elementor-widget elementor-widget-wd_infobox\" data-id=\"0df2fd3\" data-element_type=\"widget\" data-widget_type=\"wd_infobox.default\">\n\t\t\t\t<div class=\"elementor-widget-container\">\n\t\t\t\t\t\t\t<div class=\"info-box-wrapper\">\n\t\t\t<div class=\"wd-info-box text-center box-icon-align-top box-style-base color-scheme-\">\n\t\t\t\t\t\t\t\t\t<div class=\"box-icon-wrapper  box-with-text text-size-small box-icon-simple\">\n\t\t\t\t\t\t<div class=\"info-box-icon\">\n\t\t\t\t\t\t\t\t\t\t\t\t\t\t\t4K\t\t\t\t\t\t\t\t\t\t\t\t\t<\/div>\n\t\t\t\t\t<\/div>\n\t\t\t\t\n\t\t\t\t<div class=\"info-box-content\">\n\t\t\t\t\t\n\t\t\t\t\t\t\t\t\t\t\t<h4\t\t\t\t\t\tclass=\"info-box-title title box-title-style-default wd-fontsize-m\" data-elementor-setting-key=\"title\">\n\t\t\t\t\t\t\t\tGrande prestazione\t\t\t\t\t\t<\/h4>\n\t\t\t\t\t\n\t\t\t\t\t<div class=\"info-box-inner reset-last-child\"data-elementor-setting-key=\"content\"><\/div>\n\n\t\t\t\t\t\t\t\t\t<\/div>\n\n\t\t\t\t\t\t\t<\/div>\n\t\t<\/div>\n\t\t\t\t\t\t<\/div>\n\t\t\t\t<\/div>\n\t\t\t\t<\/div>\n\t\t\t\t<div class=\"elementor-element elementor-element-eadda70 elementor-widget elementor-widget-wd_image_or_svg\" data-id=\"eadda70\" data-element_type=\"widget\" data-widget_type=\"wd_image_or_svg.default\">\n\t\t\t\t<div class=\"elementor-widget-container\">\n\t\t\t\t\t\n\t\t<div class=\"wd-image text-center\">\n\t\t\t\t\t\t\t\t<img loading=\"lazy\" decoding=\"async\" width=\"780\" height=\"220\" src=\"https:\/\/eauchauffage.com\/wp-content\/uploads\/2022\/12\/rtx-4090-2.jpg\" class=\"attachment-full size-full\" alt=\"\" srcset=\"https:\/\/eauchauffage.com\/wp-content\/uploads\/2022\/12\/rtx-4090-2.jpg 780w, https:\/\/eauchauffage.com\/wp-content\/uploads\/2022\/12\/rtx-4090-2-150x42.jpg 150w\" sizes=\"(max-width: 780px) 100vw, 780px\" \/>\t\t\t\t\t<\/div>\n\n\t\t\t\t\t\t<\/div>\n\t\t\t\t<\/div>\n\t\t\t\t<div class=\"elementor-element elementor-element-b4d970a elementor-widget elementor-widget-wd_text_block\" data-id=\"b4d970a\" data-element_type=\"widget\" data-widget_type=\"wd_text_block.default\">\n\t\t\t\t<div class=\"elementor-widget-container\">\n\t\t\t\t\t\t\t<div class=\"wd-text-block reset-last-child text-left\">\n\t\t\t\n\t\t\t<p>Il Grande Oxmox le consigli\u00f2 di non farlo, perch\u00e9 c'erano migliaia di virgole sbagliate, punti interrogativi selvaggi e Semikoli subdoli, ma il Piccolo Testo Cieco non lo ascolt\u00f2. Mise in valigia i suoi sette versali, infil\u00f2 l'iniziale nella cintura e si mise in cammino. Quando raggiunse le prime colline delle Montagne Italiche, ebbe un'ultima visione dello skyline della sua citt\u00e0 natale Bookmarksgrove, del titolo di Alphabet Village e della linea secondaria della sua strada, la Line Lane. Una domanda retorica le attravers\u00f2 la guancia, poi<\/p>\n\t\t\t\t\t<\/div>\n\t\t\t\t\t\t<\/div>\n\t\t\t\t<\/div>\n\t\t\t\t\t<\/div>\n\t\t\t\t<\/div>\n\t\t<div class=\"wd-negative-gap elementor-element elementor-element-6c1db471 elementor-hidden-desktop elementor-hidden-tablet elementor-hidden-mobile e-flex e-con-boxed e-con e-parent\" data-id=\"6c1db471\" data-element_type=\"container\" data-settings=\"{&quot;background_background&quot;:&quot;classic&quot;}\">\n\t\t\t\t\t<div class=\"e-con-inner\">\n\t\t<div class=\"wd-negative-gap elementor-element elementor-element-317fd04b e-flex e-con-boxed e-con e-child\" data-id=\"317fd04b\" data-element_type=\"container\">\n\t\t\t\t\t<div class=\"e-con-inner\">\n\t\t<div class=\"elementor-element elementor-element-42f55fe2 e-con-full e-flex e-con e-child\" data-id=\"42f55fe2\" data-element_type=\"container\">\n\t\t\t\t<div class=\"elementor-element elementor-element-6f3d31fb elementor-widget elementor-widget-wd_infobox\" data-id=\"6f3d31fb\" data-element_type=\"widget\" data-widget_type=\"wd_infobox.default\">\n\t\t\t\t<div class=\"elementor-widget-container\">\n\t\t\t\t\t\t\t<div class=\"info-box-wrapper\">\n\t\t\t<div class=\"wd-info-box text-left box-icon-align-left box-style-base color-scheme-light wd-items-top\">\n\t\t\t\t\t\t\t\t\t<div class=\"box-icon-wrapper  box-with-icon box-icon-simple\">\n\t\t\t\t\t\t<div class=\"info-box-icon\">\n\t\t\t\t\t\t\t\t\t\t\t\t\t\t\t<div class=\"info-svg-wrapper\" style=\"width:32px; height:32px;\"><img loading=\"lazy\" decoding=\"async\"  src=\"https:\/\/eauchauffage.com\/wp-content\/uploads\/2022\/12\/rtx-4090-icon-1.svg\" title=\"rtx-4090-icon-1\" width=\"32\" height=\"32\"><\/div>\t\t\t\t\t\t\t\t\t\t\t\t\t<\/div>\n\t\t\t\t\t<\/div>\n\t\t\t\t\n\t\t\t\t<div class=\"info-box-content\">\n\t\t\t\t\t\n\t\t\t\t\t\t\t\t\t\t\t<h4\t\t\t\t\t\tclass=\"info-box-title title box-title-style-default wd-fontsize-m\" data-elementor-setting-key=\"title\">\n\t\t\t\t\t\t\t\tGPU all'avanguardia\t\t\t\t\t\t<\/h4>\n\t\t\t\t\t\n\t\t\t\t\t<div class=\"info-box-inner reset-last-child\"data-elementor-setting-key=\"content\"><p>Architettura NVIDIA Ada Lovelace<\/p>\n<\/div>\n\n\t\t\t\t\t\t\t\t\t<\/div>\n\n\t\t\t\t\t\t\t<\/div>\n\t\t<\/div>\n\t\t\t\t\t\t<\/div>\n\t\t\t\t<\/div>\n\t\t\t\t<div class=\"elementor-element elementor-element-12b04ccd elementor-widget elementor-widget-wd_infobox\" data-id=\"12b04ccd\" data-element_type=\"widget\" data-widget_type=\"wd_infobox.default\">\n\t\t\t\t<div class=\"elementor-widget-container\">\n\t\t\t\t\t\t\t<div class=\"info-box-wrapper\">\n\t\t\t<div class=\"wd-info-box text-left box-icon-align-left box-style-base color-scheme-light wd-items-top\">\n\t\t\t\t\t\t\t\t\t<div class=\"box-icon-wrapper  box-with-icon box-icon-simple\">\n\t\t\t\t\t\t<div class=\"info-box-icon\">\n\t\t\t\t\t\t\t\t\t\t\t\t\t\t\t<div class=\"info-svg-wrapper\" style=\"width:32px; height:32px;\"><img loading=\"lazy\" decoding=\"async\"  src=\"https:\/\/eauchauffage.com\/wp-content\/uploads\/2022\/12\/rtx-4090-icon-2.svg\" title=\"rtx-4090-icon-2\" width=\"32\" height=\"32\"><\/div>\t\t\t\t\t\t\t\t\t\t\t\t\t<\/div>\n\t\t\t\t\t<\/div>\n\t\t\t\t\n\t\t\t\t<div class=\"info-box-content\">\n\t\t\t\t\t\n\t\t\t\t\t\t\t\t\t\t\t<h4\t\t\t\t\t\tclass=\"info-box-title title box-title-style-default wd-fontsize-m\" data-elementor-setting-key=\"title\">\n\t\t\t\t\t\t\t\tGrafica immersiva\t\t\t\t\t\t<\/h4>\n\t\t\t\t\t\n\t\t\t\t\t<div class=\"info-box-inner reset-last-child\"data-elementor-setting-key=\"content\"><p>Core di Ray Tracing dedicati<\/p>\n<\/div>\n\n\t\t\t\t\t\t\t\t\t<\/div>\n\n\t\t\t\t\t\t\t<\/div>\n\t\t<\/div>\n\t\t\t\t\t\t<\/div>\n\t\t\t\t<\/div>\n\t\t\t\t<div class=\"elementor-element elementor-element-35fd2c24 elementor-widget elementor-widget-wd_infobox\" data-id=\"35fd2c24\" data-element_type=\"widget\" data-widget_type=\"wd_infobox.default\">\n\t\t\t\t<div class=\"elementor-widget-container\">\n\t\t\t\t\t\t\t<div class=\"info-box-wrapper\">\n\t\t\t<div class=\"wd-info-box text-left box-icon-align-left box-style-base color-scheme-light wd-items-top\">\n\t\t\t\t\t\t\t\t\t<div class=\"box-icon-wrapper  box-with-icon box-icon-simple\">\n\t\t\t\t\t\t<div class=\"info-box-icon\">\n\t\t\t\t\t\t\t\t\t\t\t\t\t\t\t<div class=\"info-svg-wrapper\" style=\"width:32px; height:32px;\"><img loading=\"lazy\" decoding=\"async\"  src=\"https:\/\/eauchauffage.com\/wp-content\/uploads\/2022\/12\/rtx-4090-icon-3.svg\" title=\"rtx-4090-icon-3\" width=\"32\" height=\"32\"><\/div>\t\t\t\t\t\t\t\t\t\t\t\t\t<\/div>\n\t\t\t\t\t<\/div>\n\t\t\t\t\n\t\t\t\t<div class=\"info-box-content\">\n\t\t\t\t\t\n\t\t\t\t\t\t\t\t\t\t\t<h4\t\t\t\t\t\tclass=\"info-box-title title box-title-style-default wd-fontsize-m\" data-elementor-setting-key=\"title\">\n\t\t\t\t\t\t\t\tPrestazioni accelerate dall'intelligenza artificiale\t\t\t\t\t\t<\/h4>\n\t\t\t\t\t\n\t\t\t\t\t<div class=\"info-box-inner reset-last-child\"data-elementor-setting-key=\"content\"><p>NVIDIA DLSS 3<\/p>\n<\/div>\n\n\t\t\t\t\t\t\t\t\t<\/div>\n\n\t\t\t\t\t\t\t<\/div>\n\t\t<\/div>\n\t\t\t\t\t\t<\/div>\n\t\t\t\t<\/div>\n\t\t\t\t<\/div>\n\t\t<div class=\"elementor-element elementor-element-110952c2 e-con-full e-flex e-con e-child\" data-id=\"110952c2\" data-element_type=\"container\">\n\t\t\t\t<div class=\"elementor-element elementor-element-69a5e4c4 elementor-widget elementor-widget-wd_image_or_svg\" data-id=\"69a5e4c4\" data-element_type=\"widget\" data-widget_type=\"wd_image_or_svg.default\">\n\t\t\t\t<div class=\"elementor-widget-container\">\n\t\t\t\t\t\n\t\t<div class=\"wd-image text-center\">\n\t\t\t\t\t\t\t\t<img loading=\"lazy\" decoding=\"async\" width=\"440\" height=\"275\" src=\"https:\/\/eauchauffage.com\/wp-content\/uploads\/2022\/12\/rtx-4090-3.jpg\" class=\"attachment-full size-full\" alt=\"\" srcset=\"https:\/\/eauchauffage.com\/wp-content\/uploads\/2022\/12\/rtx-4090-3.jpg 440w, https:\/\/eauchauffage.com\/wp-content\/uploads\/2022\/12\/rtx-4090-3-150x94.jpg 150w\" sizes=\"(max-width: 440px) 100vw, 440px\" \/>\t\t\t\t\t<\/div>\n\n\t\t\t\t\t\t<\/div>\n\t\t\t\t<\/div>\n\t\t\t\t<\/div>\n\t\t\t\t\t<\/div>\n\t\t\t\t<\/div>\n\t\t\t\t<div class=\"elementor-element elementor-element-459d99d5 elementor-widget__width-auto wd-width-100 elementor-widget elementor-widget-wd_title\" data-id=\"459d99d5\" data-element_type=\"widget\" data-widget_type=\"wd_title.default\">\n\t\t\t\t<div class=\"elementor-widget-container\">\n\t\t\t\t\t\t\t<div class=\"title-wrapper wd-set-mb reset-last-child wd-title-color-white wd-title-style-default wd-title-size-default text-center\">\n\n\t\t\t\n\t\t\t<div class=\"liner-continer\">\n\t\t\t\t<h4 class=\"woodmart-title-container title wd-fontsize-l\">Prestazioni<\/h4> \n\t\t\t\t\t\t\t<\/div>\n\n\t\t\t\t\t<\/div>\n\t\t\t\t\t\t<\/div>\n\t\t\t\t<\/div>\n\t\t\t\t<div class=\"elementor-element elementor-element-582a3f9e elementor-widget elementor-widget-wd_image_or_svg\" data-id=\"582a3f9e\" data-element_type=\"widget\" data-widget_type=\"wd_image_or_svg.default\">\n\t\t\t\t<div class=\"elementor-widget-container\">\n\t\t\t\t\t\n\t\t<div class=\"wd-image text-center\">\n\t\t\t\t\t\t\t\t<img loading=\"lazy\" decoding=\"async\" width=\"780\" height=\"240\" src=\"https:\/\/eauchauffage.com\/wp-content\/uploads\/2022\/12\/rtx-4090-4.jpg\" class=\"attachment-full size-full\" alt=\"\" srcset=\"https:\/\/eauchauffage.com\/wp-content\/uploads\/2022\/12\/rtx-4090-4.jpg 780w, https:\/\/eauchauffage.com\/wp-content\/uploads\/2022\/12\/rtx-4090-4-150x46.jpg 150w\" sizes=\"(max-width: 780px) 100vw, 780px\" \/>\t\t\t\t\t<\/div>\n\n\t\t\t\t\t\t<\/div>\n\t\t\t\t<\/div>\n\t\t\t\t\t<\/div>\n\t\t\t\t<\/div>\n\t\t\t\t<\/div>","protected":false},"excerpt":{"rendered":"<p>Caldaia a vapore ad alta efficienza progettata per uso industriale e commerciale. Offre prestazioni affidabili, ampia capacit\u00e0 di riscaldamento e risparmio energetico, adatte per applicazioni alimentari, tessili, chimiche e di riscaldamento. Sicura, durevole e facile da installare, con opzioni di combustibile flessibili come il gas naturale o il petrolio.<\/p>\n<p data-start=\"110\" data-end=\"187\"><strong>La caldaia a vapore a gasolio\/gas della serie SZS \u00e8 altamente versatile e ampiamente utilizzata in:<\/strong><\/p>\n<ul data-start=\"188\" data-end=\"555\">\n<li data-start=\"188\" data-end=\"225\">\n<p data-start=\"190\" data-end=\"225\">Industrie petrolifere e chimiche<\/p>\n<\/li>\n<li data-start=\"226\" data-end=\"260\">\n<p data-start=\"228\" data-end=\"260\">Lavorazione e produzione di alimenti<\/p>\n<\/li>\n<li data-start=\"261\" data-end=\"305\">\n<p data-start=\"263\" data-end=\"305\">Industrie tessili, della stampa e della tintura<\/p>\n<\/li>\n<li data-start=\"306\" data-end=\"344\">\n<p data-start=\"308\" data-end=\"344\">Settore del tabacco e farmaceutico<\/p>\n<\/li>\n<li data-start=\"345\" data-end=\"402\">\n<p data-start=\"347\" data-end=\"402\">Lavorazione dei mangimi, legno, gomma e materiali da costruzione<\/p>\n<\/li>\n<li data-start=\"403\" data-end=\"445\">\n<p data-start=\"405\" data-end=\"445\">Ospedali e strutture di sterilizzazione<\/p>\n<\/li>\n<li data-start=\"446\" data-end=\"506\">\n<p data-start=\"448\" data-end=\"506\">Metallurgia non ferrosa, industria della carta, produzione di cavi<\/p>\n<\/li>\n<li data-start=\"507\" data-end=\"555\">\n<p data-start=\"509\" data-end=\"555\">Sistemi di riscaldamento centrale e riscaldamento domestico<\/p>\n<\/li>\n<\/ul>","protected":false},"featured_media":11093,"comment_status":"open","ping_status":"closed","template":"","meta":[],"product_brand":[],"product_cat":[168,241],"product_tag":[],"class_list":{"0":"post-1567","1":"product","2":"type-product","3":"status-publish","4":"has-post-thumbnail","6":"product_cat-industrial","7":"product_cat-steam-boiler","9":"first","10":"instock","11":"shipping-taxable","12":"product-type-simple"},"_links":{"self":[{"href":"https:\/\/eauchauffage.com\/it\/wp-json\/wp\/v2\/product\/1567","targetHints":{"allow":["GET"]}}],"collection":[{"href":"https:\/\/eauchauffage.com\/it\/wp-json\/wp\/v2\/product"}],"about":[{"href":"https:\/\/eauchauffage.com\/it\/wp-json\/wp\/v2\/types\/product"}],"replies":[{"embeddable":true,"href":"https:\/\/eauchauffage.com\/it\/wp-json\/wp\/v2\/comments?post=1567"}],"version-history":[{"count":10,"href":"https:\/\/eauchauffage.com\/it\/wp-json\/wp\/v2\/product\/1567\/revisions"}],"predecessor-version":[{"id":12118,"href":"https:\/\/eauchauffage.com\/it\/wp-json\/wp\/v2\/product\/1567\/revisions\/12118"}],"wp:featuredmedia":[{"embeddable":true,"href":"https:\/\/eauchauffage.com\/it\/wp-json\/wp\/v2\/media\/11093"}],"wp:attachment":[{"href":"https:\/\/eauchauffage.com\/it\/wp-json\/wp\/v2\/media?parent=1567"}],"wp:term":[{"taxonomy":"product_brand","embeddable":true,"href":"https:\/\/eauchauffage.com\/it\/wp-json\/wp\/v2\/product_brand?post=1567"},{"taxonomy":"product_cat","embeddable":true,"href":"https:\/\/eauchauffage.com\/it\/wp-json\/wp\/v2\/product_cat?post=1567"},{"taxonomy":"product_tag","embeddable":true,"href":"https:\/\/eauchauffage.com\/it\/wp-json\/wp\/v2\/product_tag?post=1567"}],"curies":[{"name":"wp","href":"https:\/\/api.w.org\/{rel}","templated":true}]}}