{"id":11774,"date":"2025-09-23T14:24:51","date_gmt":"2025-09-23T14:24:51","guid":{"rendered":"https:\/\/eauchauffage.com\/?post_type=product&#038;p=11774"},"modified":"2025-09-27T09:49:26","modified_gmt":"2025-09-27T09:49:26","slug":"caldaia-a-vapore-a-biomassa-orizzontale-dzh","status":"publish","type":"product","link":"https:\/\/eauchauffage.com\/it\/product\/dzh-horizontal-biomass-steam-boiler\/","title":{"rendered":"Caldaia a vapore orizzontale a biomassa DZH"},"content":{"rendered":"<div data-elementor-type=\"wp-post\" data-elementor-id=\"11774\" class=\"elementor elementor-11774\">\n\t\t\t\t<div class=\"wd-negative-gap elementor-element elementor-element-f6d760f e-flex e-con-boxed e-con e-parent\" data-id=\"f6d760f\" data-element_type=\"container\">\n\t\t\t\t\t<div class=\"e-con-inner\">\n\t\t\t\t<div class=\"elementor-element elementor-element-736b2281 elementor-widget elementor-widget-wd_image_or_svg\" data-id=\"736b2281\" data-element_type=\"widget\" data-widget_type=\"wd_image_or_svg.default\">\n\t\t\t\t<div class=\"elementor-widget-container\">\n\t\t\t\t\t\n\t\t<div class=\"wd-image text-center photoswipe-images\">\n\t\t\t\t\t\t\t<a  href=\"https:\/\/eauchauffage.com\/wp-content\/uploads\/2025\/09\/DZH2-2.jpg\"data-width=\"1208\" data-height=\"726\" data-elementor-open-lightbox=\"no\" aria-label=\"Image link\">\n\t\t\t\t\t\t\t\t<img fetchpriority=\"high\" decoding=\"async\" width=\"1208\" height=\"726\" src=\"https:\/\/eauchauffage.com\/wp-content\/uploads\/2025\/09\/DZH2-2.jpg\" class=\"attachment-full size-full\" alt=\"\" srcset=\"https:\/\/eauchauffage.com\/wp-content\/uploads\/2025\/09\/DZH2-2.jpg 1208w, https:\/\/eauchauffage.com\/wp-content\/uploads\/2025\/09\/DZH2-2-300x180.jpg 300w, https:\/\/eauchauffage.com\/wp-content\/uploads\/2025\/09\/DZH2-2-1024x615.jpg 1024w, https:\/\/eauchauffage.com\/wp-content\/uploads\/2025\/09\/DZH2-2-768x462.jpg 768w, https:\/\/eauchauffage.com\/wp-content\/uploads\/2025\/09\/DZH2-2-1200x721.jpg 1200w, https:\/\/eauchauffage.com\/wp-content\/uploads\/2025\/09\/DZH2-2-150x90.jpg 150w\" sizes=\"(max-width: 1208px) 100vw, 1208px\" \/>\t\t\t\t\t\t\t<\/a>\n\t\t\t\t\t<\/div>\n\n\t\t\t\t\t\t<\/div>\n\t\t\t\t<\/div>\n\t\t\t\t<div class=\"elementor-element elementor-element-33166c1f elementor-widget elementor-widget-wd_text_block\" data-id=\"33166c1f\" data-element_type=\"widget\" data-widget_type=\"wd_text_block.default\">\n\t\t\t\t<div class=\"elementor-widget-container\">\n\t\t\t\t\t\t\t<div class=\"wd-text-block reset-last-child text-left\">\n\t\t\t\n\t\t\t<p data-start=\"123\" data-end=\"527\">Il <strong data-start=\"127\" data-end=\"166\">Caldaia a vapore orizzontale a biomassa DZH<\/strong> \u00e8 una caldaia avanzata ed ecologica progettata per fornire una produzione di vapore efficiente e sostenibile. Utilizzando pellet di biomassa rinnovabile - come residui di colture, trucioli di legno, gambi di riso, gusci di arachidi e altri sottoprodotti agricoli - la caldaia garantisce basse emissioni e costi operativi ridotti, rappresentando un'alternativa ecologica alle caldaie a carbone, olio e gas.<\/p><p data-start=\"529\" data-end=\"554\">I vantaggi principali includono:<\/p><ol data-start=\"555\" data-end=\"1451\"><li data-start=\"555\" data-end=\"744\"><p data-start=\"558\" data-end=\"744\"><strong data-start=\"558\" data-end=\"602\">Risparmio energetico e rispetto dell'ambiente<\/strong>: Utilizza un'avanzata tecnologia di combustione gassificata, raggiungendo un'efficienza termica pari a <strong data-start=\"686\" data-end=\"703\">85% o superiore<\/strong> a bassissime emissioni di CO\u2082 e di polveri.<\/p><\/li><li data-start=\"745\" data-end=\"893\"><p data-start=\"748\" data-end=\"893\"><strong data-start=\"748\" data-end=\"772\">Combustione efficiente<\/strong>: Dotato di canne fumarie filettate e distribuzione a spirale delle turbolenze per un trasferimento di calore superiore e una combustione completa del combustibile.<\/p><\/li><li data-start=\"894\" data-end=\"1056\"><p data-start=\"897\" data-end=\"1056\"><strong data-start=\"897\" data-end=\"919\">Basso costo operativo<\/strong>: Il combustibile in pellet di biomassa \u00e8 economico e facilmente accessibile, con costi di gestione significativamente inferiori rispetto alle caldaie elettriche, a gasolio o a carbone.<\/p><\/li><li data-start=\"1057\" data-end=\"1193\"><p data-start=\"1060\" data-end=\"1193\"><strong data-start=\"1060\" data-end=\"1074\">Automazione<\/strong>: Il controllore digitale integrato consente l'accensione automatica, l'alimentazione del materiale e la rimozione della cenere, semplificando il funzionamento.<\/p><\/li><li data-start=\"1194\" data-end=\"1325\"><p data-start=\"1197\" data-end=\"1325\"><strong data-start=\"1197\" data-end=\"1207\">Sicurezza<\/strong>: Attrezzature ausiliarie di alta qualit\u00e0 e sistemi di controllo automatizzati garantiscono un funzionamento sicuro, stabile e duraturo.<\/p><\/li><li data-start=\"1326\" data-end=\"1451\"><p data-start=\"1329\" data-end=\"1451\"><strong data-start=\"1329\" data-end=\"1346\">Design moderno<\/strong>: Costruito con una struttura robusta e una finitura estetica, garantisce una lunga durata e un aspetto attraente.<\/p><\/li><\/ol><p data-start=\"1453\" data-end=\"1693\">Grazie alla combustione pulita, all'elevata potenza termica e alla conformit\u00e0 ai severi standard di protezione ambientale, la caldaia a vapore orizzontale a biomassa DZH \u00e8 la soluzione perfetta per le industrie che cercano efficienza, sostenibilit\u00e0 e riduzione dei costi.<\/p>\n\t\t\t\t\t<\/div>\n\t\t\t\t\t\t<\/div>\n\t\t\t\t<\/div>\n\t\t\t\t\t<\/div>\n\t\t\t\t<\/div>\n\t\t\t\t<\/div>","protected":false},"excerpt":{"rendered":"<p data-start=\"1739\" data-end=\"2019\">Il <strong data-start=\"1743\" data-end=\"1782\">Caldaia a vapore orizzontale a biomassa DZH<\/strong> offre un'elevata efficienza, basse emissioni e un funzionamento economico grazie all'utilizzo di combustibili da biomasse rinnovabili. Grazie al controllo automatizzato, alle prestazioni sicure e al design ecologico, \u00e8 la soluzione ideale per la generazione di vapore industriale sostenibile.<\/p>","protected":false},"featured_media":11775,"comment_status":"open","ping_status":"closed","template":"","meta":[],"product_brand":[],"product_cat":[168,241],"product_tag":[],"class_list":{"0":"post-11774","1":"product","2":"type-product","3":"status-publish","4":"has-post-thumbnail","6":"product_cat-industrial","7":"product_cat-steam-boiler","9":"first","10":"instock","11":"shipping-taxable","12":"product-type-simple"},"_links":{"self":[{"href":"https:\/\/eauchauffage.com\/it\/wp-json\/wp\/v2\/product\/11774","targetHints":{"allow":["GET"]}}],"collection":[{"href":"https:\/\/eauchauffage.com\/it\/wp-json\/wp\/v2\/product"}],"about":[{"href":"https:\/\/eauchauffage.com\/it\/wp-json\/wp\/v2\/types\/product"}],"replies":[{"embeddable":true,"href":"https:\/\/eauchauffage.com\/it\/wp-json\/wp\/v2\/comments?post=11774"}],"version-history":[{"count":5,"href":"https:\/\/eauchauffage.com\/it\/wp-json\/wp\/v2\/product\/11774\/revisions"}],"predecessor-version":[{"id":12046,"href":"https:\/\/eauchauffage.com\/it\/wp-json\/wp\/v2\/product\/11774\/revisions\/12046"}],"wp:featuredmedia":[{"embeddable":true,"href":"https:\/\/eauchauffage.com\/it\/wp-json\/wp\/v2\/media\/11775"}],"wp:attachment":[{"href":"https:\/\/eauchauffage.com\/it\/wp-json\/wp\/v2\/media?parent=11774"}],"wp:term":[{"taxonomy":"product_brand","embeddable":true,"href":"https:\/\/eauchauffage.com\/it\/wp-json\/wp\/v2\/product_brand?post=11774"},{"taxonomy":"product_cat","embeddable":true,"href":"https:\/\/eauchauffage.com\/it\/wp-json\/wp\/v2\/product_cat?post=11774"},{"taxonomy":"product_tag","embeddable":true,"href":"https:\/\/eauchauffage.com\/it\/wp-json\/wp\/v2\/product_tag?post=11774"}],"curies":[{"name":"wp","href":"https:\/\/api.w.org\/{rel}","templated":true}]}}