{"id":11685,"date":"2025-09-23T13:55:25","date_gmt":"2025-09-23T13:55:25","guid":{"rendered":"https:\/\/eauchauffage.com\/?post_type=product&#038;p=11685"},"modified":"2025-09-27T09:51:35","modified_gmt":"2025-09-27T09:51:35","slug":"caldaia-a-vapore-a-gasolio-montata-su-skid-della-serie-wns","status":"publish","type":"product","link":"https:\/\/eauchauffage.com\/it\/product\/wns-series-skid-mounted-oil-gas-steam-boiler\/","title":{"rendered":"Caldaia a vapore a gasolio\/gas montata su skid della serie WNS"},"content":{"rendered":"<div data-elementor-type=\"wp-post\" data-elementor-id=\"11685\" class=\"elementor elementor-11685\">\n\t\t\t\t<div class=\"wd-negative-gap elementor-element elementor-element-f6d760f e-flex e-con-boxed e-con e-parent\" data-id=\"f6d760f\" data-element_type=\"container\">\n\t\t\t\t\t<div class=\"e-con-inner\">\n\t\t\t\t<div class=\"elementor-element elementor-element-736b2281 elementor-widget elementor-widget-wd_image_or_svg\" data-id=\"736b2281\" data-element_type=\"widget\" data-widget_type=\"wd_image_or_svg.default\">\n\t\t\t\t<div class=\"elementor-widget-container\">\n\t\t\t\t\t\n\t\t<div class=\"wd-image text-center photoswipe-images\">\n\t\t\t\t\t\t\t<a  href=\"https:\/\/eauchauffage.com\/wp-content\/uploads\/2025\/09\/WNS3.jpg\"data-width=\"1208\" data-height=\"726\" data-elementor-open-lightbox=\"no\" aria-label=\"Image link\">\n\t\t\t\t\t\t\t\t<img fetchpriority=\"high\" decoding=\"async\" width=\"1208\" height=\"726\" src=\"https:\/\/eauchauffage.com\/wp-content\/uploads\/2025\/09\/WNS3.jpg\" class=\"attachment-full size-full\" alt=\"\" srcset=\"https:\/\/eauchauffage.com\/wp-content\/uploads\/2025\/09\/WNS3.jpg 1208w, https:\/\/eauchauffage.com\/wp-content\/uploads\/2025\/09\/WNS3-300x180.jpg 300w, https:\/\/eauchauffage.com\/wp-content\/uploads\/2025\/09\/WNS3-1024x615.jpg 1024w, https:\/\/eauchauffage.com\/wp-content\/uploads\/2025\/09\/WNS3-768x462.jpg 768w, https:\/\/eauchauffage.com\/wp-content\/uploads\/2025\/09\/WNS3-1200x721.jpg 1200w, https:\/\/eauchauffage.com\/wp-content\/uploads\/2025\/09\/WNS3-150x90.jpg 150w\" sizes=\"(max-width: 1208px) 100vw, 1208px\" \/>\t\t\t\t\t\t\t<\/a>\n\t\t\t\t\t<\/div>\n\n\t\t\t\t\t\t<\/div>\n\t\t\t\t<\/div>\n\t\t\t\t<div class=\"elementor-element elementor-element-33166c1f elementor-widget elementor-widget-wd_text_block\" data-id=\"33166c1f\" data-element_type=\"widget\" data-widget_type=\"wd_text_block.default\">\n\t\t\t\t<div class=\"elementor-widget-container\">\n\t\t\t\t\t\t\t<div class=\"wd-text-block reset-last-child text-left\">\n\t\t\t\n\t\t\t<p data-start=\"128\" data-end=\"473\">Il <strong data-start=\"132\" data-end=\"180\">Caldaia a vapore a gasolio\/gas montata su skid della serie WNS<\/strong> \u00e8 una soluzione compatta, efficiente e versatile per la generazione di vapore, progettata per un'installazione flessibile e per la mobilit\u00e0. A differenza delle caldaie convenzionali, viene fornita come unit\u00e0 completa montata su skid che pu\u00f2 essere personalizzata in base ai requisiti del sito, riducendo significativamente i tempi e i costi di installazione.<\/p><p data-start=\"475\" data-end=\"853\">Questa caldaia \u00e8 comoda per la demolizione, il trasporto e il trasferimento, ed \u00e8 quindi ideale per operazioni a breve e lungo termine. Riduce i rischi di investimento consentendo l'uso temporaneo senza impegnarsi in infrastrutture permanenti. Il suo design montato su skid consente di risparmiare spazio, di ridurre l'investimento per la caldaia e di semplificare l'utilizzo in diversi ambienti industriali.<\/p><p data-start=\"855\" data-end=\"1246\">Grazie alla capacit\u00e0 di funzionare sia all'interno che all'esterno, e persino sui veicoli, offre una flessibilit\u00e0 senza pari. Il sistema supporta diversi tipi di combustibile (olio leggero, olio pesante, gas naturale e gas di carbone) e garantisce prestazioni affidabili con un'elevata efficienza termica. Il suo design lo rende una scelta economica, sicura e sostenibile per le industrie che richiedono una fornitura di vapore portatile e di alta qualit\u00e0.<\/p>\n\t\t\t\t\t<\/div>\n\t\t\t\t\t\t<\/div>\n\t\t\t\t<\/div>\n\t\t\t\t\t<\/div>\n\t\t\t\t<\/div>\n\t\t\t\t<\/div>","protected":false},"excerpt":{"rendered":"<p data-start=\"1292\" data-end=\"1609\">Il <strong data-start=\"1296\" data-end=\"1329\">Caldaia a vapore montata su slitta WNS<\/strong> \u00e8 una soluzione pronta all'uso e salvaspazio che elimina i costi di installazione e offre la massima flessibilit\u00e0. Facile da trasportare, \u00e8 adatto sia per un uso a breve che a lungo termine e pu\u00f2 funzionare in ambienti interni, esterni o mobili, con un'elevata efficienza e compatibilit\u00e0 con pi\u00f9 combustibili.<\/p>","protected":false},"featured_media":11686,"comment_status":"open","ping_status":"closed","template":"","meta":[],"product_brand":[],"product_cat":[168,241],"product_tag":[],"class_list":{"0":"post-11685","1":"product","2":"type-product","3":"status-publish","4":"has-post-thumbnail","6":"product_cat-industrial","7":"product_cat-steam-boiler","9":"first","10":"instock","11":"shipping-taxable","12":"product-type-simple"},"_links":{"self":[{"href":"https:\/\/eauchauffage.com\/it\/wp-json\/wp\/v2\/product\/11685","targetHints":{"allow":["GET"]}}],"collection":[{"href":"https:\/\/eauchauffage.com\/it\/wp-json\/wp\/v2\/product"}],"about":[{"href":"https:\/\/eauchauffage.com\/it\/wp-json\/wp\/v2\/types\/product"}],"replies":[{"embeddable":true,"href":"https:\/\/eauchauffage.com\/it\/wp-json\/wp\/v2\/comments?post=11685"}],"version-history":[{"count":5,"href":"https:\/\/eauchauffage.com\/it\/wp-json\/wp\/v2\/product\/11685\/revisions"}],"predecessor-version":[{"id":12057,"href":"https:\/\/eauchauffage.com\/it\/wp-json\/wp\/v2\/product\/11685\/revisions\/12057"}],"wp:featuredmedia":[{"embeddable":true,"href":"https:\/\/eauchauffage.com\/it\/wp-json\/wp\/v2\/media\/11686"}],"wp:attachment":[{"href":"https:\/\/eauchauffage.com\/it\/wp-json\/wp\/v2\/media?parent=11685"}],"wp:term":[{"taxonomy":"product_brand","embeddable":true,"href":"https:\/\/eauchauffage.com\/it\/wp-json\/wp\/v2\/product_brand?post=11685"},{"taxonomy":"product_cat","embeddable":true,"href":"https:\/\/eauchauffage.com\/it\/wp-json\/wp\/v2\/product_cat?post=11685"},{"taxonomy":"product_tag","embeddable":true,"href":"https:\/\/eauchauffage.com\/it\/wp-json\/wp\/v2\/product_tag?post=11685"}],"curies":[{"name":"wp","href":"https:\/\/api.w.org\/{rel}","templated":true}]}}