{"id":11678,"date":"2025-09-23T13:53:13","date_gmt":"2025-09-23T13:53:13","guid":{"rendered":"https:\/\/eauchauffage.com\/?post_type=product&#038;p=11678"},"modified":"2025-09-27T09:51:47","modified_gmt":"2025-09-27T09:51:47","slug":"caldaia-a-vapore-a-gasolio-serie-wns-a-montaggio-rapido","status":"publish","type":"product","link":"https:\/\/eauchauffage.com\/it\/product\/wns-series-quick-assembly-oil-gas-steam-boiler\/","title":{"rendered":"Caldaia a vapore a gasolio\/gas a montaggio rapido della serie WNS"},"content":{"rendered":"<div data-elementor-type=\"wp-post\" data-elementor-id=\"11678\" class=\"elementor elementor-11678\">\n\t\t\t\t<div class=\"wd-negative-gap elementor-element elementor-element-f6d760f e-flex e-con-boxed e-con e-parent\" data-id=\"f6d760f\" data-element_type=\"container\">\n\t\t\t\t\t<div class=\"e-con-inner\">\n\t\t\t\t<div class=\"elementor-element elementor-element-736b2281 elementor-widget elementor-widget-wd_image_or_svg\" data-id=\"736b2281\" data-element_type=\"widget\" data-widget_type=\"wd_image_or_svg.default\">\n\t\t\t\t<div class=\"elementor-widget-container\">\n\t\t\t\t\t\n\t\t<div class=\"wd-image text-center photoswipe-images\">\n\t\t\t\t\t\t\t<a  href=\"https:\/\/eauchauffage.com\/wp-content\/uploads\/2025\/09\/WNS3232.jpg\"data-width=\"1208\" data-height=\"730\" data-elementor-open-lightbox=\"no\" aria-label=\"Image link\">\n\t\t\t\t\t\t\t\t<img fetchpriority=\"high\" decoding=\"async\" width=\"1208\" height=\"730\" src=\"https:\/\/eauchauffage.com\/wp-content\/uploads\/2025\/09\/WNS3232.jpg\" class=\"attachment-full size-full\" alt=\"\" srcset=\"https:\/\/eauchauffage.com\/wp-content\/uploads\/2025\/09\/WNS3232.jpg 1208w, https:\/\/eauchauffage.com\/wp-content\/uploads\/2025\/09\/WNS3232-300x181.jpg 300w, https:\/\/eauchauffage.com\/wp-content\/uploads\/2025\/09\/WNS3232-1024x619.jpg 1024w, https:\/\/eauchauffage.com\/wp-content\/uploads\/2025\/09\/WNS3232-768x464.jpg 768w, https:\/\/eauchauffage.com\/wp-content\/uploads\/2025\/09\/WNS3232-1200x725.jpg 1200w, https:\/\/eauchauffage.com\/wp-content\/uploads\/2025\/09\/WNS3232-150x91.jpg 150w\" sizes=\"(max-width: 1208px) 100vw, 1208px\" \/>\t\t\t\t\t\t\t<\/a>\n\t\t\t\t\t<\/div>\n\n\t\t\t\t\t\t<\/div>\n\t\t\t\t<\/div>\n\t\t\t\t<div class=\"elementor-element elementor-element-33166c1f elementor-widget elementor-widget-wd_text_block\" data-id=\"33166c1f\" data-element_type=\"widget\" data-widget_type=\"wd_text_block.default\">\n\t\t\t\t<div class=\"elementor-widget-container\">\n\t\t\t\t\t\t\t<div class=\"wd-text-block reset-last-child text-left\">\n\t\t\t\n\t\t\t<p data-start=\"169\" data-end=\"553\">Il <strong data-start=\"173\" data-end=\"223\">Caldaia a vapore a gasolio\/gas a montaggio rapido della serie WNS<\/strong> \u00e8 progettato per garantire alta efficienza, affidabilit\u00e0 e protezione dell'ambiente. Progettato con un'esclusiva camera di combustione di grandi dimensioni e una struttura wet-back a 3 passaggi, garantisce una combustione completa del combustibile, uno scambio termico superiore e una combustione a bassa temperatura per migliorare l'efficienza termica complessiva e ridurre efficacemente le emissioni di NOx.<\/p><p data-start=\"555\" data-end=\"879\">Questa caldaia adotta la tecnologia avanzata dei tubi di fumo filettati, che migliora il trasferimento di calore e l'efficienza termica, garantendo una produzione di vapore stabile e un risparmio energetico. L'ampio spazio per il vapore \u00e8 stato accuratamente progettato per migliorare la qualit\u00e0 del vapore, mentre gli strati di tenuta multipli sulle scatole dei fumi anteriori e posteriori prevengono efficacemente le perdite.<\/p><p data-start=\"881\" data-end=\"1236\">Per garantire sicurezza e prestazioni a lungo termine, il sistema \u00e8 dotato di molteplici misure di protezione, tra cui il controllo del livello dell'acqua, il monitoraggio della pressione del vapore e la protezione della temperatura di scarico dei fumi. I materiali di isolamento termico di alta qualit\u00e0 mantengono sicure le temperature superficiali e l'unit\u00e0 \u00e8 dotata di caratteristiche antideflagranti per una maggiore sicurezza operativa.<\/p><p data-start=\"1238\" data-end=\"1513\">Le prestazioni di risparmio energetico sono ulteriormente ottimizzate grazie ai condensatori opzionali, che possono ridurre il consumo di carburante di 5-15% rispetto ai sistemi convenzionali. La tecnologia di scarico degli inquinanti in pi\u00f9 punti garantisce una superficie di riscaldamento pi\u00f9 pulita e un funzionamento pi\u00f9 ecologico.<\/p><p data-start=\"1515\" data-end=\"1777\">Grazie alle dimensioni compatte, alla rapidit\u00e0 di assemblaggio e alla compatibilit\u00e0 con i combustibili (olio leggero, olio pesante, gas naturale, gas di carbone), la serie WNS trova ampia applicazione in settori quali la lavorazione degli alimenti, il tessile, il chimico, la carta, il riscaldamento centrale e altri ancora.<\/p>\n\t\t\t\t\t<\/div>\n\t\t\t\t\t\t<\/div>\n\t\t\t\t<\/div>\n\t\t\t\t\t<\/div>\n\t\t\t\t<\/div>\n\t\t\t\t<\/div>","protected":false},"excerpt":{"rendered":"<p data-start=\"179\" data-end=\"576\">Il <strong data-start=\"183\" data-end=\"233\">Caldaia a vapore a gasolio\/gas a montaggio rapido della serie WNS<\/strong> \u00e8 una caldaia ad alta efficienza e completamente automatica, progettata con un'ampia camera di combustione e un'avanzata struttura wet-back a 3 passaggi. Assicura una combustione completa del combustibile, un eccellente trasferimento di calore e una qualit\u00e0 stabile del vapore. Grazie alle molteplici protezioni di sicurezza per il livello dell'acqua, la pressione e lo scarico dei fumi, garantisce un funzionamento sicuro e affidabile.<\/p>\n<p data-start=\"578\" data-end=\"943\">Grazie al design a risparmio energetico, all'isolamento termico avanzato e al sistema di condensazione opzionale, questa caldaia riduce i costi del combustibile di 5-15%, riducendo al contempo le emissioni di NOx e mantenendo un ambiente di lavoro pulito. Compatta, facile da installare e adatta a un'ampia gamma di combustibili, \u00e8 la scelta ideale per le industrie che richiedono una fornitura di vapore efficiente e sostenibile.<\/p>","protected":false},"featured_media":11679,"comment_status":"open","ping_status":"closed","template":"","meta":[],"product_brand":[],"product_cat":[168,241],"product_tag":[],"class_list":{"0":"post-11678","1":"product","2":"type-product","3":"status-publish","4":"has-post-thumbnail","6":"product_cat-industrial","7":"product_cat-steam-boiler","9":"first","10":"instock","11":"shipping-taxable","12":"product-type-simple"},"_links":{"self":[{"href":"https:\/\/eauchauffage.com\/it\/wp-json\/wp\/v2\/product\/11678","targetHints":{"allow":["GET"]}}],"collection":[{"href":"https:\/\/eauchauffage.com\/it\/wp-json\/wp\/v2\/product"}],"about":[{"href":"https:\/\/eauchauffage.com\/it\/wp-json\/wp\/v2\/types\/product"}],"replies":[{"embeddable":true,"href":"https:\/\/eauchauffage.com\/it\/wp-json\/wp\/v2\/comments?post=11678"}],"version-history":[{"count":5,"href":"https:\/\/eauchauffage.com\/it\/wp-json\/wp\/v2\/product\/11678\/revisions"}],"predecessor-version":[{"id":12058,"href":"https:\/\/eauchauffage.com\/it\/wp-json\/wp\/v2\/product\/11678\/revisions\/12058"}],"wp:featuredmedia":[{"embeddable":true,"href":"https:\/\/eauchauffage.com\/it\/wp-json\/wp\/v2\/media\/11679"}],"wp:attachment":[{"href":"https:\/\/eauchauffage.com\/it\/wp-json\/wp\/v2\/media?parent=11678"}],"wp:term":[{"taxonomy":"product_brand","embeddable":true,"href":"https:\/\/eauchauffage.com\/it\/wp-json\/wp\/v2\/product_brand?post=11678"},{"taxonomy":"product_cat","embeddable":true,"href":"https:\/\/eauchauffage.com\/it\/wp-json\/wp\/v2\/product_cat?post=11678"},{"taxonomy":"product_tag","embeddable":true,"href":"https:\/\/eauchauffage.com\/it\/wp-json\/wp\/v2\/product_tag?post=11678"}],"curies":[{"name":"wp","href":"https:\/\/api.w.org\/{rel}","templated":true}]}}