{"id":11664,"date":"2025-09-23T13:32:26","date_gmt":"2025-09-23T13:32:26","guid":{"rendered":"https:\/\/eauchauffage.com\/?post_type=product&#038;p=11664"},"modified":"2025-09-27T09:52:10","modified_gmt":"2025-09-27T09:52:10","slug":"caldaia-a-vapore-orizzontale-a-gasolio-serie-wns","status":"publish","type":"product","link":"https:\/\/eauchauffage.com\/it\/product\/wns-series-horizontal-oil-gas-steam-boiler\/","title":{"rendered":"Caldaia a vapore orizzontale a gasolio\/gas della serie WNS"},"content":{"rendered":"<div data-elementor-type=\"wp-post\" data-elementor-id=\"11664\" class=\"elementor elementor-11664\">\n\t\t\t\t<div class=\"wd-negative-gap elementor-element elementor-element-f6d760f e-flex e-con-boxed e-con e-parent\" data-id=\"f6d760f\" data-element_type=\"container\">\n\t\t\t\t\t<div class=\"e-con-inner\">\n\t\t\t\t<div class=\"elementor-element elementor-element-736b2281 elementor-widget elementor-widget-wd_image_or_svg\" data-id=\"736b2281\" data-element_type=\"widget\" data-widget_type=\"wd_image_or_svg.default\">\n\t\t\t\t<div class=\"elementor-widget-container\">\n\t\t\t\t\t\n\t\t<div class=\"wd-image text-center photoswipe-images\">\n\t\t\t\t\t\t\t<a  href=\"https:\/\/eauchauffage.com\/wp-content\/uploads\/2025\/09\/WNS2.jpg\"data-width=\"1208\" data-height=\"825\" data-elementor-open-lightbox=\"no\" aria-label=\"Image link\">\n\t\t\t\t\t\t\t\t<img fetchpriority=\"high\" decoding=\"async\" width=\"1208\" height=\"825\" src=\"https:\/\/eauchauffage.com\/wp-content\/uploads\/2025\/09\/WNS2.jpg\" class=\"attachment-full size-full\" alt=\"\" srcset=\"https:\/\/eauchauffage.com\/wp-content\/uploads\/2025\/09\/WNS2.jpg 1208w, https:\/\/eauchauffage.com\/wp-content\/uploads\/2025\/09\/WNS2-300x205.jpg 300w, https:\/\/eauchauffage.com\/wp-content\/uploads\/2025\/09\/WNS2-1024x699.jpg 1024w, https:\/\/eauchauffage.com\/wp-content\/uploads\/2025\/09\/WNS2-768x525.jpg 768w, https:\/\/eauchauffage.com\/wp-content\/uploads\/2025\/09\/WNS2-1200x820.jpg 1200w, https:\/\/eauchauffage.com\/wp-content\/uploads\/2025\/09\/WNS2-150x102.jpg 150w\" sizes=\"(max-width: 1208px) 100vw, 1208px\" \/>\t\t\t\t\t\t\t<\/a>\n\t\t\t\t\t<\/div>\n\n\t\t\t\t\t\t<\/div>\n\t\t\t\t<\/div>\n\t\t\t\t<div class=\"elementor-element elementor-element-33166c1f elementor-widget elementor-widget-wd_text_block\" data-id=\"33166c1f\" data-element_type=\"widget\" data-widget_type=\"wd_text_block.default\">\n\t\t\t\t<div class=\"elementor-widget-container\">\n\t\t\t\t\t\t\t<div class=\"wd-text-block reset-last-child text-left\">\n\t\t\t\n\t\t\t<p data-start=\"175\" data-end=\"559\">Il <strong data-start=\"179\" data-end=\"225\">Caldaia a vapore orizzontale a gasolio\/gas della serie WNS<\/strong> \u00e8 una caldaia ad alte prestazioni, completamente automatica, progettata per un funzionamento affidabile e un ampio utilizzo industriale. Trova ampia applicazione nei settori del petrolio, della produzione chimica, della lavorazione degli alimenti, del tessile, della stampa e della tintura, della farmaceutica, della lavorazione dei mangimi, dei materiali da costruzione, della gomma, della sterilizzazione ospedaliera, della carta, del riscaldamento centrale e altro ancora.<\/p><p data-start=\"561\" data-end=\"898\">Questa caldaia adotta la tecnologia proprietaria di Hanyu Boiler, caratterizzata da una camera di retroaccensione a umido, da un forno ondulato e dalla saldatura di testa della piastra tubiera posteriore per una maggiore durata e un funzionamento a basse sollecitazioni. Il forno ondulato di grande diametro garantisce una combustione completa del combustibile, un efficiente assorbimento dell'espansione termica e basse emissioni.<\/p><p data-start=\"900\" data-end=\"923\">I vantaggi principali includono:<\/p><ul data-start=\"924\" data-end=\"1508\"><li data-start=\"924\" data-end=\"1047\"><p data-start=\"926\" data-end=\"1047\"><strong data-start=\"926\" data-end=\"958\">Area di riscaldamento ad alta efficienza<\/strong>\u226525m\u00b2\/ton, con forte assorbimento di calore, bassa temperatura di scarico ed elevata efficienza.<\/p><\/li><li data-start=\"1048\" data-end=\"1134\"><p data-start=\"1050\" data-end=\"1134\"><strong data-start=\"1050\" data-end=\"1067\">Uscita stabile<\/strong>: Forte adattabilit\u00e0 al carico, alta qualit\u00e0 del vapore e bassa umidit\u00e0.<\/p><\/li><li data-start=\"1135\" data-end=\"1269\"><p data-start=\"1137\" data-end=\"1269\"><strong data-start=\"1137\" data-end=\"1156\">Sicurezza avanzata<\/strong>: Dispositivo antideflagrante, protezione affidabile della pressione e del livello dell'acqua e protezione della temperatura dei fumi.<\/p><\/li><li data-start=\"1270\" data-end=\"1373\"><p data-start=\"1272\" data-end=\"1373\"><strong data-start=\"1272\" data-end=\"1292\">Manutenzione semplice<\/strong>: Dotato di pozzetti e fori per le mani per una comoda ispezione e pulizia.<\/p><\/li><li data-start=\"1374\" data-end=\"1508\"><p data-start=\"1376\" data-end=\"1508\"><strong data-start=\"1376\" data-end=\"1397\">Controllo automatico<\/strong>: Controllori Siemens\/Delixi con diverse opzioni, tra cui LCD e touch screen con telecomando.<\/p><\/li><\/ul><p data-start=\"1510\" data-end=\"1690\">Grazie allo spazio sufficiente per il vapore, al design sicuro della precipitazione e ai sistemi di protezione avanzati, la serie WNS garantisce un funzionamento sicuro, efficiente e duraturo in diversi settori industriali.<\/p>\n\t\t\t\t\t<\/div>\n\t\t\t\t\t\t<\/div>\n\t\t\t\t<\/div>\n\t\t\t\t\t<\/div>\n\t\t\t\t<\/div>\n\t\t\t\t<\/div>","protected":false},"excerpt":{"rendered":"<p data-start=\"1736\" data-end=\"1975\">Il <strong data-start=\"1740\" data-end=\"1786\">Caldaia a vapore orizzontale a gasolio\/gas della serie WNS<\/strong> fornisce un'alimentazione di vapore sicura, efficiente e stabile, con un controllo avanzato, una facile manutenzione e un'elevata efficienza termica. Ideale per l'industria chimica, alimentare, tessile e per il riscaldamento centrale.<\/p>","protected":false},"featured_media":11665,"comment_status":"open","ping_status":"closed","template":"","meta":[],"product_brand":[],"product_cat":[168,241],"product_tag":[],"class_list":{"0":"post-11664","1":"product","2":"type-product","3":"status-publish","4":"has-post-thumbnail","6":"product_cat-industrial","7":"product_cat-steam-boiler","9":"first","10":"instock","11":"shipping-taxable","12":"product-type-simple"},"_links":{"self":[{"href":"https:\/\/eauchauffage.com\/it\/wp-json\/wp\/v2\/product\/11664","targetHints":{"allow":["GET"]}}],"collection":[{"href":"https:\/\/eauchauffage.com\/it\/wp-json\/wp\/v2\/product"}],"about":[{"href":"https:\/\/eauchauffage.com\/it\/wp-json\/wp\/v2\/types\/product"}],"replies":[{"embeddable":true,"href":"https:\/\/eauchauffage.com\/it\/wp-json\/wp\/v2\/comments?post=11664"}],"version-history":[{"count":5,"href":"https:\/\/eauchauffage.com\/it\/wp-json\/wp\/v2\/product\/11664\/revisions"}],"predecessor-version":[{"id":12060,"href":"https:\/\/eauchauffage.com\/it\/wp-json\/wp\/v2\/product\/11664\/revisions\/12060"}],"wp:featuredmedia":[{"embeddable":true,"href":"https:\/\/eauchauffage.com\/it\/wp-json\/wp\/v2\/media\/11665"}],"wp:attachment":[{"href":"https:\/\/eauchauffage.com\/it\/wp-json\/wp\/v2\/media?parent=11664"}],"wp:term":[{"taxonomy":"product_brand","embeddable":true,"href":"https:\/\/eauchauffage.com\/it\/wp-json\/wp\/v2\/product_brand?post=11664"},{"taxonomy":"product_cat","embeddable":true,"href":"https:\/\/eauchauffage.com\/it\/wp-json\/wp\/v2\/product_cat?post=11664"},{"taxonomy":"product_tag","embeddable":true,"href":"https:\/\/eauchauffage.com\/it\/wp-json\/wp\/v2\/product_tag?post=11664"}],"curies":[{"name":"wp","href":"https:\/\/api.w.org\/{rel}","templated":true}]}}