{"id":11657,"date":"2025-09-23T13:26:01","date_gmt":"2025-09-23T13:26:01","guid":{"rendered":"https:\/\/eauchauffage.com\/?post_type=product&#038;p=11657"},"modified":"2025-09-27T09:52:21","modified_gmt":"2025-09-27T09:52:21","slug":"caldaia-a-vapore-a-gas-a-bassa-condensazione-di-azoto-wns","status":"publish","type":"product","link":"https:\/\/eauchauffage.com\/it\/product\/wns-low-nitrogen-condensing-gas-steam-boiler\/","title":{"rendered":"Caldaia a vapore a gas a condensazione a basso contenuto di azoto WNS"},"content":{"rendered":"<div data-elementor-type=\"wp-post\" data-elementor-id=\"11657\" class=\"elementor elementor-11657\">\n\t\t\t\t<div class=\"wd-negative-gap elementor-element elementor-element-f6d760f e-flex e-con-boxed e-con e-parent\" data-id=\"f6d760f\" data-element_type=\"container\">\n\t\t\t\t\t<div class=\"e-con-inner\">\n\t\t\t\t<div class=\"elementor-element elementor-element-736b2281 elementor-widget elementor-widget-wd_image_or_svg\" data-id=\"736b2281\" data-element_type=\"widget\" data-widget_type=\"wd_image_or_svg.default\">\n\t\t\t\t<div class=\"elementor-widget-container\">\n\t\t\t\t\t\n\t\t<div class=\"wd-image text-center photoswipe-images\">\n\t\t\t\t\t\t\t<a  href=\"https:\/\/eauchauffage.com\/wp-content\/uploads\/2025\/09\/WNS1.jpg\"data-width=\"1208\" data-height=\"825\" data-elementor-open-lightbox=\"no\" aria-label=\"Image link\">\n\t\t\t\t\t\t\t\t<img fetchpriority=\"high\" decoding=\"async\" width=\"1208\" height=\"825\" src=\"https:\/\/eauchauffage.com\/wp-content\/uploads\/2025\/09\/WNS1.jpg\" class=\"attachment-full size-full\" alt=\"\" srcset=\"https:\/\/eauchauffage.com\/wp-content\/uploads\/2025\/09\/WNS1.jpg 1208w, https:\/\/eauchauffage.com\/wp-content\/uploads\/2025\/09\/WNS1-300x205.jpg 300w, https:\/\/eauchauffage.com\/wp-content\/uploads\/2025\/09\/WNS1-1024x699.jpg 1024w, https:\/\/eauchauffage.com\/wp-content\/uploads\/2025\/09\/WNS1-768x525.jpg 768w, https:\/\/eauchauffage.com\/wp-content\/uploads\/2025\/09\/WNS1-1200x820.jpg 1200w, https:\/\/eauchauffage.com\/wp-content\/uploads\/2025\/09\/WNS1-150x102.jpg 150w\" sizes=\"(max-width: 1208px) 100vw, 1208px\" \/>\t\t\t\t\t\t\t<\/a>\n\t\t\t\t\t<\/div>\n\n\t\t\t\t\t\t<\/div>\n\t\t\t\t<\/div>\n\t\t\t\t<div class=\"elementor-element elementor-element-33166c1f elementor-widget elementor-widget-wd_text_block\" data-id=\"33166c1f\" data-element_type=\"widget\" data-widget_type=\"wd_text_block.default\">\n\t\t\t\t<div class=\"elementor-widget-container\">\n\t\t\t\t\t\t\t<div class=\"wd-text-block reset-last-child text-left\">\n\t\t\t\n\t\t\t<p data-start=\"105\" data-end=\"466\">Il <strong data-start=\"109\" data-end=\"157\">Caldaia a vapore a gas a condensazione a basso contenuto di azoto WNS<\/strong> \u00e8 progettato per garantire alta efficienza, sicurezza e affidabilit\u00e0 in molteplici applicazioni industriali. \u00c8 ampiamente utilizzato nei settori del petrolio, della produzione chimica, della lavorazione degli alimenti, del tessile, della stampa e della tintura, della farmaceutica, della lavorazione dei mangimi, dei materiali da costruzione, della carta, del tabacco, degli ospedali, del riscaldamento centralizzato e altro ancora.<\/p><p data-start=\"468\" data-end=\"750\">Questa caldaia \u00e8 dotata di un grande forno ondulato con ampio spazio di combustione, che garantisce una combustione completa del combustibile e un'elevata efficienza termica. Un risparmiatore di energia integrato e un condensatore all'estremit\u00e0 dello scarico riducono in modo significativo la perdita di calore e offrono notevoli prestazioni di risparmio energetico.<\/p><p data-start=\"752\" data-end=\"826\">\u00c8 dotata di funzioni avanzate di sicurezza e automazione, tra cui:<\/p><ul data-start=\"827\" data-end=\"1003\"><li data-start=\"827\" data-end=\"862\"><p data-start=\"829\" data-end=\"862\">Allarmi di livello alto e basso dell'acqua<\/p><\/li><li data-start=\"863\" data-end=\"903\"><p data-start=\"865\" data-end=\"903\">Protezione di blocco per il basso livello dell'acqua<\/p><\/li><li data-start=\"904\" data-end=\"956\"><p data-start=\"906\" data-end=\"956\">Protezione contro la sovrapressione del vapore<\/p><\/li><li data-start=\"957\" data-end=\"1003\"><p data-start=\"959\" data-end=\"1003\">Accensione automatica e protezione contro lo spegnimento della fiamma<\/p><\/li><\/ul><p data-start=\"1005\" data-end=\"1312\">La caldaia adotta inoltre un design a tenuta a labirinto multistrato per prevenire la fuoriuscita di fumi e dispositivi antideflagranti per una maggiore sicurezza. Grazie al suo involucro compatto, alla forte adattabilit\u00e0 al carico e alla conformit\u00e0 agli standard nazionali, la serie WNS garantisce un funzionamento stabile, una facile manutenzione e una lunga durata.<\/p>\n\t\t\t\t\t<\/div>\n\t\t\t\t\t\t<\/div>\n\t\t\t\t<\/div>\n\t\t\t\t\t<\/div>\n\t\t\t\t<\/div>\n\t\t\t\t<\/div>","protected":false},"excerpt":{"rendered":"<p data-start=\"1358\" data-end=\"1657\">Il <strong data-start=\"1362\" data-end=\"1410\">Caldaia a vapore a gas a condensazione a basso contenuto di azoto WNS<\/strong> fornisce una fornitura di vapore sicura, efficiente e affidabile, con caratteristiche avanzate di risparmio energetico e sicurezza. Ideale per settori come quello alimentare, tessile, chimico e del riscaldamento centrale, combina un'elevata efficienza con un funzionamento semplice e basse emissioni.<\/p>","protected":false},"featured_media":11658,"comment_status":"open","ping_status":"closed","template":"","meta":[],"product_brand":[],"product_cat":[168,241],"product_tag":[],"class_list":{"0":"post-11657","1":"product","2":"type-product","3":"status-publish","4":"has-post-thumbnail","6":"product_cat-industrial","7":"product_cat-steam-boiler","9":"first","10":"instock","11":"shipping-taxable","12":"product-type-simple"},"_links":{"self":[{"href":"https:\/\/eauchauffage.com\/it\/wp-json\/wp\/v2\/product\/11657","targetHints":{"allow":["GET"]}}],"collection":[{"href":"https:\/\/eauchauffage.com\/it\/wp-json\/wp\/v2\/product"}],"about":[{"href":"https:\/\/eauchauffage.com\/it\/wp-json\/wp\/v2\/types\/product"}],"replies":[{"embeddable":true,"href":"https:\/\/eauchauffage.com\/it\/wp-json\/wp\/v2\/comments?post=11657"}],"version-history":[{"count":5,"href":"https:\/\/eauchauffage.com\/it\/wp-json\/wp\/v2\/product\/11657\/revisions"}],"predecessor-version":[{"id":12061,"href":"https:\/\/eauchauffage.com\/it\/wp-json\/wp\/v2\/product\/11657\/revisions\/12061"}],"wp:featuredmedia":[{"embeddable":true,"href":"https:\/\/eauchauffage.com\/it\/wp-json\/wp\/v2\/media\/11658"}],"wp:attachment":[{"href":"https:\/\/eauchauffage.com\/it\/wp-json\/wp\/v2\/media?parent=11657"}],"wp:term":[{"taxonomy":"product_brand","embeddable":true,"href":"https:\/\/eauchauffage.com\/it\/wp-json\/wp\/v2\/product_brand?post=11657"},{"taxonomy":"product_cat","embeddable":true,"href":"https:\/\/eauchauffage.com\/it\/wp-json\/wp\/v2\/product_cat?post=11657"},{"taxonomy":"product_tag","embeddable":true,"href":"https:\/\/eauchauffage.com\/it\/wp-json\/wp\/v2\/product_tag?post=11657"}],"curies":[{"name":"wp","href":"https:\/\/api.w.org\/{rel}","templated":true}]}}