{"id":11602,"date":"2025-09-23T12:19:48","date_gmt":"2025-09-23T12:19:48","guid":{"rendered":"https:\/\/eauchauffage.com\/?post_type=product&#038;p=11602"},"modified":"2025-09-27T09:54:18","modified_gmt":"2025-09-27T09:54:18","slug":"es9","status":"publish","type":"product","link":"https:\/\/eauchauffage.com\/it\/product\/es9\/","title":{"rendered":"ES9"},"content":{"rendered":"<div data-elementor-type=\"wp-post\" data-elementor-id=\"11602\" class=\"elementor elementor-11602\">\n\t\t\t\t<div class=\"wd-negative-gap elementor-element elementor-element-395c680 e-flex e-con-boxed e-con e-parent\" data-id=\"395c680\" data-element_type=\"container\">\n\t\t\t\t\t<div class=\"e-con-inner\">\n\t\t<div class=\"elementor-element elementor-element-829b1a8 e-con-full e-flex e-con e-child\" data-id=\"829b1a8\" data-element_type=\"container\">\n\t\t\t\t<div class=\"elementor-element elementor-element-e8cd7f3 elementor-widget elementor-widget-wd_text_block\" data-id=\"e8cd7f3\" data-element_type=\"widget\" data-widget_type=\"wd_text_block.default\">\n\t\t\t\t<div class=\"elementor-widget-container\">\n\t\t\t\t\t\t\t<div class=\"wd-text-block reset-last-child text-left\">\n\t\t\t\n\t\t\t<p data-start=\"676\" data-end=\"988\">Il <strong data-start=\"680\" data-end=\"721\">Scaldabagno elettrico \u00c9coS\u00e9r\u00e9nit\u00e9 ES9<\/strong> combina design moderno, controllo digitale e funzioni di sicurezza avanzate per fornire acqua calda affidabile per uso residenziale e commerciale. Disponibile in diverse capacit\u00e0, \u00e8 perfetta per le esigenze di tutti i giorni e garantisce efficienza energetica e durata nel tempo.<\/p><h4 data-start=\"990\" data-end=\"1008\"><strong data-start=\"994\" data-end=\"1006\">Caratteristiche:<\/strong><\/h4><ul data-start=\"1009\" data-end=\"1583\"><li data-start=\"1009\" data-end=\"1074\"><p data-start=\"1011\" data-end=\"1074\"><strong data-start=\"1011\" data-end=\"1048\">Pannello di controllo digitale della temperatura<\/strong> per una regolazione precisa.<\/p><\/li><li data-start=\"1075\" data-end=\"1148\"><p data-start=\"1077\" data-end=\"1148\"><strong data-start=\"1077\" data-end=\"1146\">Spegnimento automatico a 77\u00b0C (modelli 30L-80L) e 78\u00b0C (modello 100L).<\/strong><\/p><\/li><li data-start=\"1149\" data-end=\"1223\"><p data-start=\"1151\" data-end=\"1223\"><strong data-start=\"1151\" data-end=\"1179\">Serbatoio interno smaltato<\/strong> garantisce igiene e resistenza alla corrosione.<\/p><\/li><li data-start=\"1224\" data-end=\"1294\"><p data-start=\"1226\" data-end=\"1294\"><strong data-start=\"1226\" data-end=\"1245\">Anodo di magnesio<\/strong> previene la ruggine e prolunga la durata di vita del serbatoio.<\/p><\/li><li data-start=\"1295\" data-end=\"1375\"><p data-start=\"1297\" data-end=\"1375\"><strong data-start=\"1297\" data-end=\"1330\">Isolamento in poliuretano (PUF)<\/strong> riduce la perdita di calore e migliora l'efficienza.<\/p><\/li><li data-start=\"1376\" data-end=\"1449\"><p data-start=\"1378\" data-end=\"1449\"><strong data-start=\"1378\" data-end=\"1407\">Termostato ad alta precisione<\/strong> fino a 75\u00b0C con protezione contro il surriscaldamento.<\/p><\/li><li data-start=\"1450\" data-end=\"1525\"><p data-start=\"1452\" data-end=\"1525\"><strong data-start=\"1452\" data-end=\"1484\">Sistema di sicurezza completo:<\/strong> taglio termico + protezione di messa a terra.<\/p><\/li><li data-start=\"1526\" data-end=\"1583\"><p data-start=\"1528\" data-end=\"1583\"><strong data-start=\"1528\" data-end=\"1558\">Protezione impermeabile IPX4<\/strong> per un'installazione sicura.<\/p><\/li><\/ul><h4 data-start=\"1585\" data-end=\"1612\"><strong data-start=\"1589\" data-end=\"1610\">Dettagli tecnici:<\/strong><\/h4><ul data-start=\"1613\" data-end=\"2006\"><li data-start=\"1613\" data-end=\"1658\"><p data-start=\"1615\" data-end=\"1658\"><strong data-start=\"1615\" data-end=\"1636\">Opzioni di capacit\u00e0:<\/strong> 30L, 50L, 80L, 100L<\/p><\/li><li data-start=\"1659\" data-end=\"1695\"><p data-start=\"1661\" data-end=\"1695\"><strong data-start=\"1661\" data-end=\"1679\">Potenza di riscaldamento:<\/strong> 1500W - 2000W<\/p><\/li><li data-start=\"1696\" data-end=\"1721\"><p data-start=\"1698\" data-end=\"1721\"><strong data-start=\"1698\" data-end=\"1710\">Tensione:<\/strong> 220-240V<\/p><\/li><li data-start=\"1722\" data-end=\"1750\"><p data-start=\"1724\" data-end=\"1750\"><strong data-start=\"1724\" data-end=\"1738\">Frequenza:<\/strong> 50Hz\/60Hz<\/p><\/li><li data-start=\"1751\" data-end=\"1786\"><p data-start=\"1753\" data-end=\"1786\"><strong data-start=\"1753\" data-end=\"1776\">Pressione di esercizio:<\/strong> 0,7 MPa<\/p><\/li><li data-start=\"1787\" data-end=\"1821\"><p data-start=\"1789\" data-end=\"1821\"><strong data-start=\"1789\" data-end=\"1811\">Intervallo di temperatura:<\/strong> 30-75\u00b0C<\/p><\/li><li data-start=\"1822\" data-end=\"1872\"><p data-start=\"1824\" data-end=\"1872\"><strong data-start=\"1824\" data-end=\"1842\">Punto di interruzione:<\/strong> 77\u00b0C (30L-80L), 78\u00b0C (100L)<\/p><\/li><\/ul><h4 data-start=\"2008\" data-end=\"2036\"><strong data-start=\"2012\" data-end=\"2034\">Applicazioni ideali:<\/strong><\/h4><ul data-start=\"2037\" data-end=\"2195\"><li data-start=\"2037\" data-end=\"2083\"><p data-start=\"2039\" data-end=\"2083\">Case e appartamenti (bagni, cucine)<\/p><\/li><li data-start=\"2084\" data-end=\"2110\"><p data-start=\"2086\" data-end=\"2110\">Hotel e pensioni<\/p><\/li><li data-start=\"2111\" data-end=\"2151\"><p data-start=\"2113\" data-end=\"2151\">Saloni di bellezza e strutture di servizio<\/p><\/li><li data-start=\"2152\" data-end=\"2195\"><p data-start=\"2154\" data-end=\"2195\">Applicazioni commerciali di piccole e medie dimensioni<\/p><\/li><\/ul>\n\t\t\t\t\t<\/div>\n\t\t\t\t\t\t<\/div>\n\t\t\t\t<\/div>\n\t\t\t\t<\/div>\n\t\t<div class=\"elementor-element elementor-element-ce7734e e-con-full e-flex e-con e-child\" data-id=\"ce7734e\" data-element_type=\"container\">\n\t\t\t\t<div class=\"elementor-element elementor-element-3045f04 elementor-widget elementor-widget-wd_image_or_svg\" data-id=\"3045f04\" data-element_type=\"widget\" data-widget_type=\"wd_image_or_svg.default\">\n\t\t\t\t<div class=\"elementor-widget-container\">\n\t\t\t\t\t\n\t\t<div class=\"wd-image text-center photoswipe-images\">\n\t\t\t\t\t\t\t<a  href=\"https:\/\/eauchauffage.com\/wp-content\/uploads\/2025\/09\/ES9-1.jpg\"data-width=\"594\" data-height=\"774\" data-elementor-open-lightbox=\"no\" aria-label=\"Image link\">\n\t\t\t\t\t\t\t\t<img fetchpriority=\"high\" decoding=\"async\" width=\"594\" height=\"774\" src=\"https:\/\/eauchauffage.com\/wp-content\/uploads\/2025\/09\/ES9-1.jpg\" class=\"attachment-full size-full\" alt=\"\" srcset=\"https:\/\/eauchauffage.com\/wp-content\/uploads\/2025\/09\/ES9-1.jpg 594w, https:\/\/eauchauffage.com\/wp-content\/uploads\/2025\/09\/ES9-1-230x300.jpg 230w, https:\/\/eauchauffage.com\/wp-content\/uploads\/2025\/09\/ES9-1-150x195.jpg 150w\" sizes=\"(max-width: 594px) 100vw, 594px\" \/>\t\t\t\t\t\t\t<\/a>\n\t\t\t\t\t<\/div>\n\n\t\t\t\t\t\t<\/div>\n\t\t\t\t<\/div>\n\t\t\t\t<\/div>\n\t\t\t\t\t<\/div>\n\t\t\t\t<\/div>\n\t\t\t\t<\/div>","protected":false},"excerpt":{"rendered":"<h4 data-start=\"509\" data-end=\"552\">Scaldabagno elettrico \u00c9coS\u00e9r\u00e9nit\u00e9 ES9<\/h4>\n<ul data-start=\"162\" data-end=\"536\">\n<li data-start=\"162\" data-end=\"224\">\n<p data-start=\"164\" data-end=\"224\">Scaldabagno verticale con <strong data-start=\"191\" data-end=\"205\">30L - 100L<\/strong> opzioni di capacit\u00e0<\/p>\n<\/li>\n<li data-start=\"225\" data-end=\"272\">\n<p data-start=\"227\" data-end=\"272\">Potenza di riscaldamento <strong data-start=\"241\" data-end=\"258\">1500W - 2000W<\/strong>, fino a 75\u00b0C<\/p>\n<\/li>\n<li data-start=\"273\" data-end=\"335\">\n<p data-start=\"275\" data-end=\"335\"><strong data-start=\"275\" data-end=\"300\">Pannello di controllo digitale<\/strong> con spegnimento automatico a 77\u00b0C \/ 78\u00b0C<\/p>\n<\/li>\n<li data-start=\"336\" data-end=\"398\">\n<p data-start=\"338\" data-end=\"398\"><strong data-start=\"338\" data-end=\"356\">Isolamento in PUF<\/strong> mantiene l'acqua calda pi\u00f9 a lungo e risparmia energia<\/p>\n<\/li>\n<li data-start=\"399\" data-end=\"469\">\n<p data-start=\"401\" data-end=\"469\"><strong data-start=\"401\" data-end=\"447\">Serbatoio interno rivestito di smalto + anodo di magnesio<\/strong> per la protezione dalla ruggine<\/p>\n<\/li>\n<li data-start=\"470\" data-end=\"536\">\n<p data-start=\"472\" data-end=\"536\">Sicurezza completa: termostato + taglio termico + protezione contro le perdite<\/p>\n<\/li>\n<\/ul>\n<p data-start=\"538\" data-end=\"603\"><strong data-start=\"538\" data-end=\"601\">Ideale per case, appartamenti, saloni e medie strutture.<\/strong><\/p>","protected":false},"featured_media":11603,"comment_status":"open","ping_status":"closed","template":"","meta":[],"product_brand":[],"product_cat":[236,210],"product_tag":[],"class_list":{"0":"post-11602","1":"product","2":"type-product","3":"status-publish","4":"has-post-thumbnail","6":"product_cat-ecoserenite","7":"product_cat-residential","9":"first","10":"instock","11":"shipping-taxable","12":"product-type-simple"},"_links":{"self":[{"href":"https:\/\/eauchauffage.com\/it\/wp-json\/wp\/v2\/product\/11602","targetHints":{"allow":["GET"]}}],"collection":[{"href":"https:\/\/eauchauffage.com\/it\/wp-json\/wp\/v2\/product"}],"about":[{"href":"https:\/\/eauchauffage.com\/it\/wp-json\/wp\/v2\/types\/product"}],"replies":[{"embeddable":true,"href":"https:\/\/eauchauffage.com\/it\/wp-json\/wp\/v2\/comments?post=11602"}],"version-history":[{"count":5,"href":"https:\/\/eauchauffage.com\/it\/wp-json\/wp\/v2\/product\/11602\/revisions"}],"predecessor-version":[{"id":12068,"href":"https:\/\/eauchauffage.com\/it\/wp-json\/wp\/v2\/product\/11602\/revisions\/12068"}],"wp:featuredmedia":[{"embeddable":true,"href":"https:\/\/eauchauffage.com\/it\/wp-json\/wp\/v2\/media\/11603"}],"wp:attachment":[{"href":"https:\/\/eauchauffage.com\/it\/wp-json\/wp\/v2\/media?parent=11602"}],"wp:term":[{"taxonomy":"product_brand","embeddable":true,"href":"https:\/\/eauchauffage.com\/it\/wp-json\/wp\/v2\/product_brand?post=11602"},{"taxonomy":"product_cat","embeddable":true,"href":"https:\/\/eauchauffage.com\/it\/wp-json\/wp\/v2\/product_cat?post=11602"},{"taxonomy":"product_tag","embeddable":true,"href":"https:\/\/eauchauffage.com\/it\/wp-json\/wp\/v2\/product_tag?post=11602"}],"curies":[{"name":"wp","href":"https:\/\/api.w.org\/{rel}","templated":true}]}}