{"id":11592,"date":"2025-09-23T12:16:40","date_gmt":"2025-09-23T12:16:40","guid":{"rendered":"https:\/\/eauchauffage.com\/?post_type=product&#038;p=11592"},"modified":"2025-09-27T09:54:38","modified_gmt":"2025-09-27T09:54:38","slug":"es8","status":"publish","type":"product","link":"https:\/\/eauchauffage.com\/it\/product\/es8\/","title":{"rendered":"ES8"},"content":{"rendered":"<div data-elementor-type=\"wp-post\" data-elementor-id=\"11592\" class=\"elementor elementor-11592\">\n\t\t\t\t<div class=\"wd-negative-gap elementor-element elementor-element-395c680 e-flex e-con-boxed e-con e-parent\" data-id=\"395c680\" data-element_type=\"container\">\n\t\t\t\t\t<div class=\"e-con-inner\">\n\t\t<div class=\"elementor-element elementor-element-829b1a8 e-con-full e-flex e-con e-child\" data-id=\"829b1a8\" data-element_type=\"container\">\n\t\t\t\t<div class=\"elementor-element elementor-element-e8cd7f3 elementor-widget elementor-widget-wd_text_block\" data-id=\"e8cd7f3\" data-element_type=\"widget\" data-widget_type=\"wd_text_block.default\">\n\t\t\t\t<div class=\"elementor-widget-container\">\n\t\t\t\t\t\t\t<div class=\"wd-text-block reset-last-child text-left\">\n\t\t\t\n\t\t\t<p data-start=\"697\" data-end=\"971\">Il <strong data-start=\"701\" data-end=\"742\">Scaldabagno elettrico \u00c9coS\u00e9r\u00e9nit\u00e9 ES8<\/strong> \u00e8 costruito per garantire affidabilit\u00e0, durata ed efficienza. Con grandi capacit\u00e0 da 80 a 120 litri, \u00e8 la soluzione ideale per le famiglie e le strutture di servizio che richiedono una fornitura stabile e continua di acqua calda.<\/p><h4 data-start=\"973\" data-end=\"991\"><strong data-start=\"977\" data-end=\"989\">Caratteristiche:<\/strong><\/h4><ul data-start=\"992\" data-end=\"1535\"><li data-start=\"992\" data-end=\"1076\"><p data-start=\"994\" data-end=\"1076\"><strong data-start=\"994\" data-end=\"1022\">Serbatoio interno smaltato<\/strong> garantisce igiene e resistenza alla corrosione a lungo termine.<\/p><\/li><li data-start=\"1077\" data-end=\"1166\"><p data-start=\"1079\" data-end=\"1166\"><strong data-start=\"1079\" data-end=\"1098\">Anodo di magnesio<\/strong> per una maggiore protezione dalla ruggine, prolungando la durata del serbatoio.<\/p><\/li><li data-start=\"1167\" data-end=\"1252\"><p data-start=\"1169\" data-end=\"1252\"><strong data-start=\"1169\" data-end=\"1202\">Isolamento in poliuretano (PUF)<\/strong> riduce al minimo la perdita di calore e mantiene l'acqua calda pi\u00f9 a lungo.<\/p><\/li><li data-start=\"1253\" data-end=\"1326\"><p data-start=\"1255\" data-end=\"1326\"><strong data-start=\"1255\" data-end=\"1295\">Termostato di alta precisione fino a 75\u00b0C<\/strong> con protezione dal surriscaldamento.<\/p><\/li><li data-start=\"1327\" data-end=\"1398\"><p data-start=\"1329\" data-end=\"1398\"><strong data-start=\"1329\" data-end=\"1347\">Sistema di sicurezza:<\/strong> taglio termico automatico + protezione di messa a terra.<\/p><\/li><li data-start=\"1399\" data-end=\"1471\"><p data-start=\"1401\" data-end=\"1471\"><strong data-start=\"1401\" data-end=\"1426\">Grado di impermeabilit\u00e0 IPX4<\/strong> per un'installazione sicura in ambienti umidi.<\/p><\/li><li data-start=\"1472\" data-end=\"1535\"><p data-start=\"1474\" data-end=\"1535\"><strong data-start=\"1474\" data-end=\"1509\">Serbatoio in acciaio inox SUS316\/304<\/strong> per la massima durata.<\/p><\/li><\/ul><h4 data-start=\"1537\" data-end=\"1564\"><strong data-start=\"1541\" data-end=\"1562\">Dettagli tecnici:<\/strong><\/h4><ul data-start=\"1565\" data-end=\"1911\"><li data-start=\"1565\" data-end=\"1606\"><p data-start=\"1567\" data-end=\"1606\"><strong data-start=\"1567\" data-end=\"1588\">Opzioni di capacit\u00e0:<\/strong> 80L, 100L, 120L<\/p><\/li><li data-start=\"1607\" data-end=\"1635\"><p data-start=\"1609\" data-end=\"1635\"><strong data-start=\"1609\" data-end=\"1627\">Potenza di riscaldamento:<\/strong> 1200W<\/p><\/li><li data-start=\"1636\" data-end=\"1661\"><p data-start=\"1638\" data-end=\"1661\"><strong data-start=\"1638\" data-end=\"1650\">Tensione:<\/strong> 220-240V<\/p><\/li><li data-start=\"1662\" data-end=\"1690\"><p data-start=\"1664\" data-end=\"1690\"><strong data-start=\"1664\" data-end=\"1678\">Frequenza:<\/strong> 50Hz\/60Hz<\/p><\/li><li data-start=\"1691\" data-end=\"1726\"><p data-start=\"1693\" data-end=\"1726\"><strong data-start=\"1693\" data-end=\"1716\">Pressione di esercizio:<\/strong> 0,7 MPa<\/p><\/li><li data-start=\"1727\" data-end=\"1761\"><p data-start=\"1729\" data-end=\"1761\"><strong data-start=\"1729\" data-end=\"1751\">Intervallo di temperatura:<\/strong> 30-75\u00b0C<\/p><\/li><li data-start=\"1762\" data-end=\"1871\"><strong data-start=\"1874\" data-end=\"1885\">Peso:<\/strong> da 20,7 kg a 27,2 kg<\/li><\/ul><h4 data-start=\"1913\" data-end=\"1941\"><strong data-start=\"1917\" data-end=\"1939\">Applicazioni ideali:<\/strong><\/h4><ul data-start=\"1942\" data-end=\"2063\"><li data-start=\"1942\" data-end=\"1976\"><p data-start=\"1944\" data-end=\"1976\">Case (bagni e cucine)<\/p><\/li><li data-start=\"1977\" data-end=\"2002\"><p data-start=\"1979\" data-end=\"2002\">Appartamenti e ville<\/p><\/li><li data-start=\"2003\" data-end=\"2029\"><p data-start=\"2005\" data-end=\"2029\">Hotel e pensioni<\/p><\/li><li data-start=\"2030\" data-end=\"2063\"><p data-start=\"2032\" data-end=\"2063\">Saloni e strutture di servizio<\/p><\/li><\/ul>\n\t\t\t\t\t<\/div>\n\t\t\t\t\t\t<\/div>\n\t\t\t\t<\/div>\n\t\t\t\t<\/div>\n\t\t<div class=\"elementor-element elementor-element-ce7734e e-con-full e-flex e-con e-child\" data-id=\"ce7734e\" data-element_type=\"container\">\n\t\t\t\t<div class=\"elementor-element elementor-element-3045f04 elementor-widget elementor-widget-wd_image_or_svg\" data-id=\"3045f04\" data-element_type=\"widget\" data-widget_type=\"wd_image_or_svg.default\">\n\t\t\t\t<div class=\"elementor-widget-container\">\n\t\t\t\t\t\n\t\t<div class=\"wd-image text-center photoswipe-images\">\n\t\t\t\t\t\t\t<a  href=\"https:\/\/eauchauffage.com\/wp-content\/uploads\/2025\/09\/ES8-1.jpg\"data-width=\"594\" data-height=\"774\" data-elementor-open-lightbox=\"no\" aria-label=\"Image link\">\n\t\t\t\t\t\t\t\t<img fetchpriority=\"high\" decoding=\"async\" width=\"594\" height=\"774\" src=\"https:\/\/eauchauffage.com\/wp-content\/uploads\/2025\/09\/ES8-1.jpg\" class=\"attachment-full size-full\" alt=\"\" srcset=\"https:\/\/eauchauffage.com\/wp-content\/uploads\/2025\/09\/ES8-1.jpg 594w, https:\/\/eauchauffage.com\/wp-content\/uploads\/2025\/09\/ES8-1-230x300.jpg 230w, https:\/\/eauchauffage.com\/wp-content\/uploads\/2025\/09\/ES8-1-150x195.jpg 150w\" sizes=\"(max-width: 594px) 100vw, 594px\" \/>\t\t\t\t\t\t\t<\/a>\n\t\t\t\t\t<\/div>\n\n\t\t\t\t\t\t<\/div>\n\t\t\t\t<\/div>\n\t\t\t\t<\/div>\n\t\t\t\t\t<\/div>\n\t\t\t\t<\/div>\n\t\t\t\t<\/div>","protected":false},"excerpt":{"rendered":"<h4 data-start=\"509\" data-end=\"552\">Scaldabagno elettrico \u00c9coS\u00e9r\u00e9nit\u00e9 ES8<\/h4>\n<ul data-start=\"148\" data-end=\"544\">\n<li data-start=\"148\" data-end=\"210\">\n<p data-start=\"150\" data-end=\"210\">Scaldabagno verticale di grande capacit\u00e0 <strong data-start=\"194\" data-end=\"208\">80L - 120L<\/strong><\/p>\n<\/li>\n<li data-start=\"211\" data-end=\"270\">\n<p data-start=\"213\" data-end=\"270\"><strong data-start=\"213\" data-end=\"236\">Potenza di riscaldamento 1200W<\/strong> con controllo preciso fino a 75\u00b0C<\/p>\n<\/li>\n<li data-start=\"271\" data-end=\"333\">\n<p data-start=\"273\" data-end=\"333\"><strong data-start=\"273\" data-end=\"291\">Isolamento in PUF<\/strong> mantiene l'acqua calda pi\u00f9 a lungo e risparmia energia<\/p>\n<\/li>\n<li data-start=\"334\" data-end=\"412\">\n<p data-start=\"336\" data-end=\"412\"><strong data-start=\"336\" data-end=\"364\">Serbatoio interno smaltato<\/strong> con anodo di magnesio per la protezione antiruggine<\/p>\n<\/li>\n<li data-start=\"413\" data-end=\"492\">\n<p data-start=\"415\" data-end=\"492\"><strong data-start=\"415\" data-end=\"440\">Sicurezza completa:<\/strong> termostato + taglio termico + protezione contro le perdite<\/p>\n<\/li>\n<li data-start=\"493\" data-end=\"544\">\n<p data-start=\"495\" data-end=\"544\"><strong data-start=\"495\" data-end=\"520\">Grado di impermeabilit\u00e0 IPX4<\/strong> per un'installazione sicura<\/p>\n<\/li>\n<\/ul>\n<p data-start=\"546\" data-end=\"624\"><strong data-start=\"546\" data-end=\"622\">Perfetto per case, appartamenti, hotel e strutture commerciali di medie dimensioni.<\/strong><\/p>","protected":false},"featured_media":11593,"comment_status":"open","ping_status":"closed","template":"","meta":[],"product_brand":[],"product_cat":[236,210],"product_tag":[],"class_list":{"0":"post-11592","1":"product","2":"type-product","3":"status-publish","4":"has-post-thumbnail","6":"product_cat-ecoserenite","7":"product_cat-residential","9":"first","10":"instock","11":"shipping-taxable","12":"product-type-simple"},"_links":{"self":[{"href":"https:\/\/eauchauffage.com\/it\/wp-json\/wp\/v2\/product\/11592","targetHints":{"allow":["GET"]}}],"collection":[{"href":"https:\/\/eauchauffage.com\/it\/wp-json\/wp\/v2\/product"}],"about":[{"href":"https:\/\/eauchauffage.com\/it\/wp-json\/wp\/v2\/types\/product"}],"replies":[{"embeddable":true,"href":"https:\/\/eauchauffage.com\/it\/wp-json\/wp\/v2\/comments?post=11592"}],"version-history":[{"count":8,"href":"https:\/\/eauchauffage.com\/it\/wp-json\/wp\/v2\/product\/11592\/revisions"}],"predecessor-version":[{"id":12069,"href":"https:\/\/eauchauffage.com\/it\/wp-json\/wp\/v2\/product\/11592\/revisions\/12069"}],"wp:featuredmedia":[{"embeddable":true,"href":"https:\/\/eauchauffage.com\/it\/wp-json\/wp\/v2\/media\/11593"}],"wp:attachment":[{"href":"https:\/\/eauchauffage.com\/it\/wp-json\/wp\/v2\/media?parent=11592"}],"wp:term":[{"taxonomy":"product_brand","embeddable":true,"href":"https:\/\/eauchauffage.com\/it\/wp-json\/wp\/v2\/product_brand?post=11592"},{"taxonomy":"product_cat","embeddable":true,"href":"https:\/\/eauchauffage.com\/it\/wp-json\/wp\/v2\/product_cat?post=11592"},{"taxonomy":"product_tag","embeddable":true,"href":"https:\/\/eauchauffage.com\/it\/wp-json\/wp\/v2\/product_tag?post=11592"}],"curies":[{"name":"wp","href":"https:\/\/api.w.org\/{rel}","templated":true}]}}