{"id":11581,"date":"2025-09-23T12:11:51","date_gmt":"2025-09-23T12:11:51","guid":{"rendered":"https:\/\/eauchauffage.com\/?post_type=product&#038;p=11581"},"modified":"2025-09-27T09:54:54","modified_gmt":"2025-09-27T09:54:54","slug":"es7","status":"publish","type":"product","link":"https:\/\/eauchauffage.com\/it\/product\/es7\/","title":{"rendered":"ES7"},"content":{"rendered":"<div data-elementor-type=\"wp-post\" data-elementor-id=\"11581\" class=\"elementor elementor-11581\">\n\t\t\t\t<div class=\"wd-negative-gap elementor-element elementor-element-395c680 e-flex e-con-boxed e-con e-parent\" data-id=\"395c680\" data-element_type=\"container\">\n\t\t\t\t\t<div class=\"e-con-inner\">\n\t\t<div class=\"elementor-element elementor-element-829b1a8 e-con-full e-flex e-con e-child\" data-id=\"829b1a8\" data-element_type=\"container\">\n\t\t\t\t<div class=\"elementor-element elementor-element-e8cd7f3 elementor-widget elementor-widget-wd_text_block\" data-id=\"e8cd7f3\" data-element_type=\"widget\" data-widget_type=\"wd_text_block.default\">\n\t\t\t\t<div class=\"elementor-widget-container\">\n\t\t\t\t\t\t\t<div class=\"wd-text-block reset-last-child text-left\">\n\t\t\t\n\t\t\t<p data-start=\"632\" data-end=\"945\">Il <strong data-start=\"636\" data-end=\"677\">Scaldabagno elettrico \u00c9coS\u00e9r\u00e9nit\u00e9 ES7<\/strong> \u00e8 stato progettato per fornire acqua calda sicura, efficiente e di lunga durata a famiglie e strutture commerciali. Grazie al suo design orizzontale e alle opzioni di grande capacit\u00e0, \u00e8 la soluzione ideale per gli spazi che richiedono un'elevata richiesta di acqua calda unita all'efficienza energetica.<\/p><h4 data-start=\"947\" data-end=\"965\"><strong data-start=\"951\" data-end=\"963\">Caratteristiche:<\/strong><\/h4><ul data-start=\"966\" data-end=\"1533\"><li data-start=\"966\" data-end=\"1038\"><p data-start=\"968\" data-end=\"1038\"><strong data-start=\"968\" data-end=\"996\">Serbatoio interno smaltato<\/strong> garantisce l'igiene e previene la corrosione.<\/p><\/li><li data-start=\"1039\" data-end=\"1124\"><p data-start=\"1041\" data-end=\"1124\"><strong data-start=\"1041\" data-end=\"1060\">Anodo di magnesio<\/strong> fornisce una protezione antiruggine, prolungando la durata di vita del serbatoio.<\/p><\/li><li data-start=\"1125\" data-end=\"1212\"><p data-start=\"1127\" data-end=\"1212\"><strong data-start=\"1127\" data-end=\"1160\">Isolamento in poliuretano (PUF)<\/strong> riduce la dispersione di calore e mantiene l'acqua calda pi\u00f9 a lungo.<\/p><\/li><li data-start=\"1213\" data-end=\"1286\"><p data-start=\"1215\" data-end=\"1286\"><strong data-start=\"1215\" data-end=\"1255\">Termostato di alta precisione fino a 75\u00b0C<\/strong> con protezione dal surriscaldamento.<\/p><\/li><li data-start=\"1287\" data-end=\"1372\"><p data-start=\"1289\" data-end=\"1372\"><strong data-start=\"1289\" data-end=\"1321\">Sistema di sicurezza completo:<\/strong> taglio termico automatico + protezione di messa a terra.<\/p><\/li><li data-start=\"1373\" data-end=\"1425\"><p data-start=\"1375\" data-end=\"1425\"><strong data-start=\"1375\" data-end=\"1400\">Grado di impermeabilit\u00e0 IPX4<\/strong> per la resistenza agli spruzzi.<\/p><\/li><li data-start=\"1426\" data-end=\"1533\"><p data-start=\"1428\" data-end=\"1533\"><strong data-start=\"1428\" data-end=\"1449\">Design orizzontale<\/strong> ideale per l'installazione in spazi con soffitti bassi o spazi verticali limitati.<\/p><\/li><\/ul><h4 data-start=\"1535\" data-end=\"1562\"><strong data-start=\"1539\" data-end=\"1560\">Dettagli tecnici:<\/strong><\/h4><ul data-start=\"1563\" data-end=\"1837\"><li data-start=\"1563\" data-end=\"1609\"><p data-start=\"1565\" data-end=\"1609\"><strong data-start=\"1565\" data-end=\"1586\">Opzioni di capacit\u00e0:<\/strong> 40L, 70L, 100L<\/p><\/li><li data-start=\"1610\" data-end=\"1646\"><p data-start=\"1612\" data-end=\"1646\"><strong data-start=\"1612\" data-end=\"1630\">Potenza di riscaldamento:<\/strong> 1500W - 2000W<\/p><\/li><li data-start=\"1647\" data-end=\"1672\"><p data-start=\"1649\" data-end=\"1672\"><strong data-start=\"1649\" data-end=\"1661\">Tensione:<\/strong> 220-240V<\/p><\/li><li data-start=\"1673\" data-end=\"1701\"><p data-start=\"1675\" data-end=\"1701\"><strong data-start=\"1675\" data-end=\"1689\">Frequenza:<\/strong> 50Hz\/60Hz<\/p><\/li><li data-start=\"1702\" data-end=\"1737\"><p data-start=\"1704\" data-end=\"1737\"><strong data-start=\"1704\" data-end=\"1727\">Pressione di esercizio:<\/strong> 0,7 MPa<\/p><\/li><li data-start=\"1738\" data-end=\"1772\"><p data-start=\"1740\" data-end=\"1772\"><strong data-start=\"1740\" data-end=\"1762\">Intervallo di temperatura:<\/strong> 30-75\u00b0C<\/p><\/li><li data-start=\"1773\" data-end=\"1837\"><p data-start=\"1775\" data-end=\"1837\"><strong data-start=\"1775\" data-end=\"1808\">Design cilindrico orizzontale<\/strong> per un'installazione versatile<\/p><\/li><\/ul><h4 data-start=\"1839\" data-end=\"1867\"><strong data-start=\"1843\" data-end=\"1865\">Applicazioni ideali:<\/strong><\/h4><ul data-start=\"1868\" data-end=\"1992\"><li data-start=\"1868\" data-end=\"1892\"><p data-start=\"1870\" data-end=\"1892\">Case e appartamenti<\/p><\/li><li data-start=\"1893\" data-end=\"1927\"><p data-start=\"1895\" data-end=\"1927\">Hotel e appartamenti serviti<\/p><\/li><li data-start=\"1928\" data-end=\"1957\"><p data-start=\"1930\" data-end=\"1957\">Saloni e centri di bellezza<\/p><\/li><li data-start=\"1958\" data-end=\"1992\"><p data-start=\"1960\" data-end=\"1992\">Uffici e strutture di servizio<\/p><\/li><\/ul>\n\t\t\t\t\t<\/div>\n\t\t\t\t\t\t<\/div>\n\t\t\t\t<\/div>\n\t\t\t\t<\/div>\n\t\t<div class=\"elementor-element elementor-element-ce7734e e-con-full e-flex e-con e-child\" data-id=\"ce7734e\" data-element_type=\"container\">\n\t\t\t\t<div class=\"elementor-element elementor-element-3045f04 elementor-widget elementor-widget-wd_image_or_svg\" data-id=\"3045f04\" data-element_type=\"widget\" data-widget_type=\"wd_image_or_svg.default\">\n\t\t\t\t<div class=\"elementor-widget-container\">\n\t\t\t\t\t\n\t\t<div class=\"wd-image text-center photoswipe-images\">\n\t\t\t\t\t\t\t<a  href=\"https:\/\/eauchauffage.com\/wp-content\/uploads\/2025\/09\/ES7-1.jpg\"data-width=\"594\" data-height=\"770\" data-elementor-open-lightbox=\"no\" aria-label=\"Image link\">\n\t\t\t\t\t\t\t\t<img fetchpriority=\"high\" decoding=\"async\" width=\"594\" height=\"770\" src=\"https:\/\/eauchauffage.com\/wp-content\/uploads\/2025\/09\/ES7-1.jpg\" class=\"attachment-full size-full\" alt=\"\" srcset=\"https:\/\/eauchauffage.com\/wp-content\/uploads\/2025\/09\/ES7-1.jpg 594w, https:\/\/eauchauffage.com\/wp-content\/uploads\/2025\/09\/ES7-1-231x300.jpg 231w, https:\/\/eauchauffage.com\/wp-content\/uploads\/2025\/09\/ES7-1-150x194.jpg 150w\" sizes=\"(max-width: 594px) 100vw, 594px\" \/>\t\t\t\t\t\t\t<\/a>\n\t\t\t\t\t<\/div>\n\n\t\t\t\t\t\t<\/div>\n\t\t\t\t<\/div>\n\t\t\t\t<\/div>\n\t\t\t\t\t<\/div>\n\t\t\t\t<\/div>\n\t\t\t\t<\/div>","protected":false},"excerpt":{"rendered":"<h4 data-start=\"509\" data-end=\"552\">Scaldabagno elettrico \u00c9coS\u00e9r\u00e9nit\u00e9 ES7<\/h4>\n<ul data-start=\"141\" data-end=\"489\">\n<li data-start=\"141\" data-end=\"199\">\n<p data-start=\"143\" data-end=\"199\">Scaldabagno orizzontale con <strong data-start=\"172\" data-end=\"186\">40L - 100L<\/strong> capacit\u00e0<\/p>\n<\/li>\n<li data-start=\"200\" data-end=\"243\">\n<p data-start=\"202\" data-end=\"243\">Riscaldamento rapido con efficienza fino a 75\u00b0C<\/p>\n<\/li>\n<li data-start=\"244\" data-end=\"297\">\n<p data-start=\"246\" data-end=\"297\">Serbatoio interno rivestito di smalto per igiene e durata<\/p>\n<\/li>\n<li data-start=\"298\" data-end=\"361\">\n<p data-start=\"300\" data-end=\"361\">L'isolamento in PUF riduce la perdita di calore e mantiene l'acqua calda pi\u00f9 a lungo<\/p>\n<\/li>\n<li data-start=\"362\" data-end=\"430\">\n<p data-start=\"364\" data-end=\"430\">Sistema di sicurezza: termostato + taglio termico + protezione contro le perdite<\/p>\n<\/li>\n<li data-start=\"431\" data-end=\"489\">\n<p data-start=\"433\" data-end=\"489\">Serbatoio in acciaio inox (SUS316\/304) per un uso duraturo<\/p>\n<\/li>\n<\/ul>\n<p data-start=\"491\" data-end=\"559\"><strong data-start=\"491\" data-end=\"557\">Perfetto per case, appartamenti, hotel e strutture di servizio.<\/strong><\/p>","protected":false},"featured_media":11582,"comment_status":"open","ping_status":"closed","template":"","meta":[],"product_brand":[],"product_cat":[236,210],"product_tag":[],"class_list":{"0":"post-11581","1":"product","2":"type-product","3":"status-publish","4":"has-post-thumbnail","6":"product_cat-ecoserenite","7":"product_cat-residential","9":"first","10":"instock","11":"shipping-taxable","12":"product-type-simple"},"_links":{"self":[{"href":"https:\/\/eauchauffage.com\/it\/wp-json\/wp\/v2\/product\/11581","targetHints":{"allow":["GET"]}}],"collection":[{"href":"https:\/\/eauchauffage.com\/it\/wp-json\/wp\/v2\/product"}],"about":[{"href":"https:\/\/eauchauffage.com\/it\/wp-json\/wp\/v2\/types\/product"}],"replies":[{"embeddable":true,"href":"https:\/\/eauchauffage.com\/it\/wp-json\/wp\/v2\/comments?post=11581"}],"version-history":[{"count":9,"href":"https:\/\/eauchauffage.com\/it\/wp-json\/wp\/v2\/product\/11581\/revisions"}],"predecessor-version":[{"id":12070,"href":"https:\/\/eauchauffage.com\/it\/wp-json\/wp\/v2\/product\/11581\/revisions\/12070"}],"wp:featuredmedia":[{"embeddable":true,"href":"https:\/\/eauchauffage.com\/it\/wp-json\/wp\/v2\/media\/11582"}],"wp:attachment":[{"href":"https:\/\/eauchauffage.com\/it\/wp-json\/wp\/v2\/media?parent=11581"}],"wp:term":[{"taxonomy":"product_brand","embeddable":true,"href":"https:\/\/eauchauffage.com\/it\/wp-json\/wp\/v2\/product_brand?post=11581"},{"taxonomy":"product_cat","embeddable":true,"href":"https:\/\/eauchauffage.com\/it\/wp-json\/wp\/v2\/product_cat?post=11581"},{"taxonomy":"product_tag","embeddable":true,"href":"https:\/\/eauchauffage.com\/it\/wp-json\/wp\/v2\/product_tag?post=11581"}],"curies":[{"name":"wp","href":"https:\/\/api.w.org\/{rel}","templated":true}]}}