{"id":11546,"date":"2025-09-23T12:05:17","date_gmt":"2025-09-23T12:05:17","guid":{"rendered":"https:\/\/eauchauffage.com\/?post_type=product&#038;p=11546"},"modified":"2025-09-27T09:56:13","modified_gmt":"2025-09-27T09:56:13","slug":"es2","status":"publish","type":"product","link":"https:\/\/eauchauffage.com\/it\/product\/es2\/","title":{"rendered":"ES2"},"content":{"rendered":"<div data-elementor-type=\"wp-post\" data-elementor-id=\"11546\" class=\"elementor elementor-11546\">\n\t\t\t\t<div class=\"wd-negative-gap elementor-element elementor-element-395c680 e-flex e-con-boxed e-con e-parent\" data-id=\"395c680\" data-element_type=\"container\">\n\t\t\t\t\t<div class=\"e-con-inner\">\n\t\t<div class=\"elementor-element elementor-element-829b1a8 e-con-full e-flex e-con e-child\" data-id=\"829b1a8\" data-element_type=\"container\">\n\t\t\t\t<div class=\"elementor-element elementor-element-e8cd7f3 elementor-widget elementor-widget-wd_text_block\" data-id=\"e8cd7f3\" data-element_type=\"widget\" data-widget_type=\"wd_text_block.default\">\n\t\t\t\t<div class=\"elementor-widget-container\">\n\t\t\t\t\t\t\t<div class=\"wd-text-block reset-last-child text-left\">\n\t\t\t\n\t\t\t<p data-start=\"583\" data-end=\"890\">Il <strong data-start=\"587\" data-end=\"628\">Scaldabagno elettrico \u00c9coS\u00e9r\u00e9nit\u00e9 ES2<\/strong> \u00e8 progettato per fornire acqua calda affidabile ed efficiente in spazi compatti. Grazie al suo design circolare verticale e alle opzioni di piccola capacit\u00e0, \u00e8 una scelta eccellente per le famiglie e le strutture di servizio che richiedono acqua calda rapida e sicura in volumi ridotti.<\/p><h4 data-start=\"892\" data-end=\"910\"><strong data-start=\"896\" data-end=\"908\">Caratteristiche:<\/strong><\/h4><ul data-start=\"911\" data-end=\"1429\"><li data-start=\"911\" data-end=\"983\"><p data-start=\"913\" data-end=\"983\"><strong data-start=\"913\" data-end=\"941\">Serbatoio interno smaltato<\/strong> garantisce l'igiene e previene la corrosione.<\/p><\/li><li data-start=\"984\" data-end=\"1063\"><p data-start=\"986\" data-end=\"1063\"><strong data-start=\"986\" data-end=\"1005\">Anodo di magnesio<\/strong> fornisce una protezione antiruggine, prolungando la durata del serbatoio.<\/p><\/li><li data-start=\"1064\" data-end=\"1151\"><p data-start=\"1066\" data-end=\"1151\"><strong data-start=\"1066\" data-end=\"1099\">Isolamento in poliuretano (PUF)<\/strong> riduce la dispersione di calore e mantiene l'acqua calda pi\u00f9 a lungo.<\/p><\/li><li data-start=\"1152\" data-end=\"1225\"><p data-start=\"1154\" data-end=\"1225\"><strong data-start=\"1154\" data-end=\"1194\">Termostato di alta precisione fino a 75\u00b0C<\/strong> con protezione dal surriscaldamento.<\/p><\/li><li data-start=\"1226\" data-end=\"1311\"><p data-start=\"1228\" data-end=\"1311\"><strong data-start=\"1228\" data-end=\"1260\">Sistema di sicurezza completo:<\/strong> taglio termico automatico + protezione di messa a terra.<\/p><\/li><li data-start=\"1312\" data-end=\"1364\"><p data-start=\"1314\" data-end=\"1364\"><strong data-start=\"1314\" data-end=\"1339\">Grado di impermeabilit\u00e0 IPX4<\/strong> per la resistenza agli spruzzi.<\/p><\/li><li data-start=\"1365\" data-end=\"1429\"><p data-start=\"1367\" data-end=\"1429\"><strong data-start=\"1367\" data-end=\"1403\">Design circolare verticale compatto<\/strong> ideale per i piccoli spazi.<\/p><\/li><\/ul><h4 data-start=\"1431\" data-end=\"1458\"><strong data-start=\"1435\" data-end=\"1456\">Dettagli tecnici:<\/strong><\/h4><ul data-start=\"1459\" data-end=\"1717\"><li data-start=\"1459\" data-end=\"1493\"><p data-start=\"1461\" data-end=\"1493\"><strong data-start=\"1461\" data-end=\"1482\">Opzioni di capacit\u00e0:<\/strong> 10L, 15L<\/p><\/li><li data-start=\"1494\" data-end=\"1522\"><p data-start=\"1496\" data-end=\"1522\"><strong data-start=\"1496\" data-end=\"1514\">Potenza di riscaldamento:<\/strong> 1200W<\/p><\/li><li data-start=\"1523\" data-end=\"1548\"><p data-start=\"1525\" data-end=\"1548\"><strong data-start=\"1525\" data-end=\"1537\">Tensione:<\/strong> 220-240V<\/p><\/li><li data-start=\"1549\" data-end=\"1577\"><p data-start=\"1551\" data-end=\"1577\"><strong data-start=\"1551\" data-end=\"1565\">Frequenza:<\/strong> 50Hz\/60Hz<\/p><\/li><li data-start=\"1578\" data-end=\"1613\"><p data-start=\"1580\" data-end=\"1613\"><strong data-start=\"1580\" data-end=\"1603\">Pressione di esercizio:<\/strong> 0,7 MPa<\/p><\/li><li data-start=\"1614\" data-end=\"1648\"><p data-start=\"1616\" data-end=\"1648\"><strong data-start=\"1616\" data-end=\"1638\">Intervallo di temperatura:<\/strong> 30-75\u00b0C<\/p><\/li><li data-start=\"1649\" data-end=\"1717\"><p data-start=\"1651\" data-end=\"1717\"><strong data-start=\"1651\" data-end=\"1673\">Dimensioni compatte<\/strong> Facile da installare in cucina e in bagno<\/p><\/li><\/ul><h4 data-start=\"1719\" data-end=\"1747\"><strong data-start=\"1723\" data-end=\"1745\">Applicazioni ideali:<\/strong><\/h4><ul data-start=\"1748\" data-end=\"1858\"><li data-start=\"1748\" data-end=\"1774\"><p data-start=\"1750\" data-end=\"1774\">Cucine e bagni<\/p><\/li><li data-start=\"1775\" data-end=\"1795\"><p data-start=\"1777\" data-end=\"1795\">Piccoli appartamenti<\/p><\/li><li data-start=\"1796\" data-end=\"1825\"><p data-start=\"1798\" data-end=\"1825\">Saloni e centri di bellezza<\/p><\/li><li data-start=\"1826\" data-end=\"1858\"><p data-start=\"1828\" data-end=\"1858\">Uffici e piccole strutture<\/p><\/li><\/ul>\n\t\t\t\t\t<\/div>\n\t\t\t\t\t\t<\/div>\n\t\t\t\t<\/div>\n\t\t\t\t<\/div>\n\t\t<div class=\"elementor-element elementor-element-ce7734e e-con-full e-flex e-con e-child\" data-id=\"ce7734e\" data-element_type=\"container\">\n\t\t\t\t<div class=\"elementor-element elementor-element-3045f04 elementor-widget elementor-widget-wd_image_or_svg\" data-id=\"3045f04\" data-element_type=\"widget\" data-widget_type=\"wd_image_or_svg.default\">\n\t\t\t\t<div class=\"elementor-widget-container\">\n\t\t\t\t\t\n\t\t<div class=\"wd-image text-center photoswipe-images\">\n\t\t\t\t\t\t\t<a  href=\"https:\/\/eauchauffage.com\/wp-content\/uploads\/2025\/09\/ES2-1.jpg\"data-width=\"594\" data-height=\"774\" data-elementor-open-lightbox=\"no\" aria-label=\"Image link\">\n\t\t\t\t\t\t\t\t<img fetchpriority=\"high\" decoding=\"async\" width=\"594\" height=\"774\" src=\"https:\/\/eauchauffage.com\/wp-content\/uploads\/2025\/09\/ES2-1.jpg\" class=\"attachment-full size-full\" alt=\"\" srcset=\"https:\/\/eauchauffage.com\/wp-content\/uploads\/2025\/09\/ES2-1.jpg 594w, https:\/\/eauchauffage.com\/wp-content\/uploads\/2025\/09\/ES2-1-230x300.jpg 230w, https:\/\/eauchauffage.com\/wp-content\/uploads\/2025\/09\/ES2-1-150x195.jpg 150w\" sizes=\"(max-width: 594px) 100vw, 594px\" \/>\t\t\t\t\t\t\t<\/a>\n\t\t\t\t\t<\/div>\n\n\t\t\t\t\t\t<\/div>\n\t\t\t\t<\/div>\n\t\t\t\t<\/div>\n\t\t\t\t\t<\/div>\n\t\t\t\t<\/div>\n\t\t\t\t<\/div>","protected":false},"excerpt":{"rendered":"<h4 data-start=\"509\" data-end=\"552\">Scaldabagno elettrico \u00c9coS\u00e9r\u00e9nit\u00e9 ES2<\/h4>\n<ul data-start=\"141\" data-end=\"443\">\n<li data-start=\"141\" data-end=\"186\">\n<p data-start=\"143\" data-end=\"186\">Scaldabagno di piccola capacit\u00e0 <strong data-start=\"171\" data-end=\"184\">10L - 15L<\/strong><\/p>\n<\/li>\n<li data-start=\"187\" data-end=\"230\">\n<p data-start=\"189\" data-end=\"230\">Riscaldamento rapido con efficienza fino a 75\u00b0C<\/p>\n<\/li>\n<li data-start=\"231\" data-end=\"284\">\n<p data-start=\"233\" data-end=\"284\">Serbatoio interno rivestito di smalto per igiene e durata<\/p>\n<\/li>\n<li data-start=\"285\" data-end=\"326\">\n<p data-start=\"287\" data-end=\"326\">L'isolamento in PUF mantiene l'acqua calda pi\u00f9 a lungo<\/p>\n<\/li>\n<li data-start=\"327\" data-end=\"387\">\n<p data-start=\"329\" data-end=\"387\">Sistema di sicurezza: termostato + cut-off + protezione contro le perdite<\/p>\n<\/li>\n<li data-start=\"388\" data-end=\"443\">\n<p data-start=\"390\" data-end=\"443\">Design circolare verticale compatto per spazi limitati<\/p>\n<\/li>\n<\/ul>\n<p data-start=\"445\" data-end=\"510\"><strong data-start=\"445\" data-end=\"508\">Perfetto per cucine, bagni, saloni e piccoli uffici.<\/strong><\/p>","protected":false},"featured_media":11547,"comment_status":"open","ping_status":"closed","template":"","meta":[],"product_brand":[],"product_cat":[236,210],"product_tag":[],"class_list":{"0":"post-11546","1":"product","2":"type-product","3":"status-publish","4":"has-post-thumbnail","6":"product_cat-ecoserenite","7":"product_cat-residential","9":"first","10":"instock","11":"shipping-taxable","12":"product-type-simple"},"_links":{"self":[{"href":"https:\/\/eauchauffage.com\/it\/wp-json\/wp\/v2\/product\/11546","targetHints":{"allow":["GET"]}}],"collection":[{"href":"https:\/\/eauchauffage.com\/it\/wp-json\/wp\/v2\/product"}],"about":[{"href":"https:\/\/eauchauffage.com\/it\/wp-json\/wp\/v2\/types\/product"}],"replies":[{"embeddable":true,"href":"https:\/\/eauchauffage.com\/it\/wp-json\/wp\/v2\/comments?post=11546"}],"version-history":[{"count":5,"href":"https:\/\/eauchauffage.com\/it\/wp-json\/wp\/v2\/product\/11546\/revisions"}],"predecessor-version":[{"id":12075,"href":"https:\/\/eauchauffage.com\/it\/wp-json\/wp\/v2\/product\/11546\/revisions\/12075"}],"wp:featuredmedia":[{"embeddable":true,"href":"https:\/\/eauchauffage.com\/it\/wp-json\/wp\/v2\/media\/11547"}],"wp:attachment":[{"href":"https:\/\/eauchauffage.com\/it\/wp-json\/wp\/v2\/media?parent=11546"}],"wp:term":[{"taxonomy":"product_brand","embeddable":true,"href":"https:\/\/eauchauffage.com\/it\/wp-json\/wp\/v2\/product_brand?post=11546"},{"taxonomy":"product_cat","embeddable":true,"href":"https:\/\/eauchauffage.com\/it\/wp-json\/wp\/v2\/product_cat?post=11546"},{"taxonomy":"product_tag","embeddable":true,"href":"https:\/\/eauchauffage.com\/it\/wp-json\/wp\/v2\/product_tag?post=11546"}],"curies":[{"name":"wp","href":"https:\/\/api.w.org\/{rel}","templated":true}]}}