{"id":949,"date":"2022-12-07T13:14:15","date_gmt":"2022-12-07T13:14:15","guid":{"rendered":"http:\/\/dummy.xtemos.com\/woodmart2\/mega-electronics-elementor\/?post_type=product&#038;p=949"},"modified":"2025-09-27T10:13:32","modified_gmt":"2025-09-27T10:13:32","slug":"hp-victus-16-e0174nw","status":"publish","type":"product","link":"https:\/\/eauchauffage.com\/fr\/product\/hp-victus-16-e0174nw\/","title":{"rendered":"SWH"},"content":{"rendered":"<div data-elementor-type=\"wp-post\" data-elementor-id=\"949\" class=\"elementor elementor-949\">\n\t\t\t\t<div class=\"wd-negative-gap elementor-element elementor-element-1cd3bcc3 e-flex e-con-boxed e-con e-parent\" data-id=\"1cd3bcc3\" data-element_type=\"container\">\n\t\t\t\t\t<div class=\"e-con-inner\">\n\t\t\t\t<div class=\"elementor-element elementor-element-4fb9b73 elementor-widget elementor-widget-wd_text_block\" data-id=\"4fb9b73\" data-element_type=\"widget\" data-widget_type=\"wd_text_block.default\">\n\t\t\t\t<div class=\"elementor-widget-container\">\n\t\t\t\t\t\t\t<div class=\"wd-text-block reset-last-child text-left\">\n\t\t\t\n\t\t\t<p data-start=\"97\" data-end=\"320\">Un chauffe-eau solaire \u00e9cologique con\u00e7u pour fournir de l'eau chaude tout au long de l'ann\u00e9e gr\u00e2ce \u00e0 l'\u00e9nergie solaire renouvelable. Il allie haute efficacit\u00e9 et \u00e9conomies d'\u00e9nergie, ce qui en fait un choix id\u00e9al pour les habitations et les installations commerciales.<\/p>\n\t\t\t\t\t<\/div>\n\t\t\t\t\t\t<\/div>\n\t\t\t\t<\/div>\n\t\t\t\t<div class=\"elementor-element elementor-element-a963752 elementor-widget elementor-widget-wd_image_or_svg\" data-id=\"a963752\" data-element_type=\"widget\" data-widget_type=\"wd_image_or_svg.default\">\n\t\t\t\t<div class=\"elementor-widget-container\">\n\t\t\t\t\t\n\t\t<div class=\"wd-image text-center photoswipe-images\">\n\t\t\t\t\t\t\t<a  href=\"https:\/\/eauchauffage.com\/wp-content\/uploads\/2022\/12\/Artboard-2.jpg\"data-width=\"1191\" data-height=\"842\" data-elementor-open-lightbox=\"no\" aria-label=\"Image link\">\n\t\t\t\t\t\t\t\t<img fetchpriority=\"high\" decoding=\"async\" width=\"1191\" height=\"842\" src=\"https:\/\/eauchauffage.com\/wp-content\/uploads\/2022\/12\/Artboard-2.jpg\" class=\"attachment-full size-full\" alt=\"\" srcset=\"https:\/\/eauchauffage.com\/wp-content\/uploads\/2022\/12\/Artboard-2.jpg 1191w, https:\/\/eauchauffage.com\/wp-content\/uploads\/2022\/12\/Artboard-2-300x212.jpg 300w, https:\/\/eauchauffage.com\/wp-content\/uploads\/2022\/12\/Artboard-2-1024x724.jpg 1024w, https:\/\/eauchauffage.com\/wp-content\/uploads\/2022\/12\/Artboard-2-768x543.jpg 768w, https:\/\/eauchauffage.com\/wp-content\/uploads\/2022\/12\/Artboard-2-150x106.jpg 150w\" sizes=\"(max-width: 1191px) 100vw, 1191px\" \/>\t\t\t\t\t\t\t<\/a>\n\t\t\t\t\t<\/div>\n\n\t\t\t\t\t\t<\/div>\n\t\t\t\t<\/div>\n\t\t\t\t<div class=\"elementor-element elementor-element-664b0da3 elementor-widget elementor-widget-wd_text_block\" data-id=\"664b0da3\" data-element_type=\"widget\" data-widget_type=\"wd_text_block.default\">\n\t\t\t\t<div class=\"elementor-widget-container\">\n\t\t\t\t\t\t\t<div class=\"wd-text-block reset-last-child text-left\">\n\t\t\t\n\t\t\t<h4 data-start=\"327\" data-end=\"344\">Caract\u00e9ristiques :<\/h4><ul data-start=\"345\" data-end=\"818\"><li data-start=\"345\" data-end=\"434\"><p data-start=\"347\" data-end=\"434\"><strong data-start=\"347\" data-end=\"365\">\u00c9conomie d'\u00e9nergie :<\/strong> Aliment\u00e9 par l'\u00e9nergie solaire, il r\u00e9duit consid\u00e9rablement les co\u00fbts d'\u00e9lectricit\u00e9.<\/p><\/li><li data-start=\"435\" data-end=\"516\"><p data-start=\"437\" data-end=\"516\"><strong data-start=\"437\" data-end=\"464\">Performance continue :<\/strong> Fournit de l'eau chaude stable au fil des saisons.<\/p><\/li><li data-start=\"517\" data-end=\"618\"><p data-start=\"519\" data-end=\"618\"><strong data-start=\"519\" data-end=\"538\">Conception durable :<\/strong> Fabriqu\u00e9 en mat\u00e9riaux de haute qualit\u00e9 r\u00e9sistant \u00e0 la corrosion et aux intemp\u00e9ries.<\/p><\/li><li data-start=\"619\" data-end=\"706\"><p data-start=\"621\" data-end=\"706\"><strong data-start=\"621\" data-end=\"641\">S\u00fbr et fiable :<\/strong> \u00c9quip\u00e9 de syst\u00e8mes de protection pour garantir une utilisation s\u00fbre \u00e0 long terme.<\/p><\/li><li data-start=\"707\" data-end=\"818\"><p data-start=\"709\" data-end=\"818\"><strong data-start=\"709\" data-end=\"739\">Investissement rentable :<\/strong> Une solution intelligente qui r\u00e9duit les factures mensuelles tout en pr\u00e9servant l'environnement.<\/p><\/li><\/ul>\n\t\t\t\t\t<\/div>\n\t\t\t\t\t\t<\/div>\n\t\t\t\t<\/div>\n\t\t\t\t<div class=\"elementor-element elementor-element-d806cee elementor-widget elementor-widget-wd_image_or_svg\" data-id=\"d806cee\" data-element_type=\"widget\" data-widget_type=\"wd_image_or_svg.default\">\n\t\t\t\t<div class=\"elementor-widget-container\">\n\t\t\t\t\t\n\t\t<div class=\"wd-image text-center photoswipe-images\">\n\t\t\t\t\t\t\t<a  href=\"https:\/\/eauchauffage.com\/wp-content\/uploads\/2022\/12\/Artboard-3.jpg\"data-width=\"1192\" data-height=\"842\" data-elementor-open-lightbox=\"no\" aria-label=\"Image link\">\n\t\t\t\t\t\t\t\t<img decoding=\"async\" width=\"1192\" height=\"842\" src=\"https:\/\/eauchauffage.com\/wp-content\/uploads\/2022\/12\/Artboard-3.jpg\" class=\"attachment-full size-full\" alt=\"\" srcset=\"https:\/\/eauchauffage.com\/wp-content\/uploads\/2022\/12\/Artboard-3.jpg 1192w, https:\/\/eauchauffage.com\/wp-content\/uploads\/2022\/12\/Artboard-3-300x212.jpg 300w, https:\/\/eauchauffage.com\/wp-content\/uploads\/2022\/12\/Artboard-3-1024x723.jpg 1024w, https:\/\/eauchauffage.com\/wp-content\/uploads\/2022\/12\/Artboard-3-768x542.jpg 768w, https:\/\/eauchauffage.com\/wp-content\/uploads\/2022\/12\/Artboard-3-150x106.jpg 150w\" sizes=\"(max-width: 1192px) 100vw, 1192px\" \/>\t\t\t\t\t\t\t<\/a>\n\t\t\t\t\t<\/div>\n\n\t\t\t\t\t\t<\/div>\n\t\t\t\t<\/div>\n\t\t\t\t\t<\/div>\n\t\t\t\t<\/div>\n\t\t<div class=\"wd-negative-gap elementor-element elementor-element-5224d97 e-flex e-con-boxed e-con e-parent\" data-id=\"5224d97\" data-element_type=\"container\">\n\t\t\t\t\t<div class=\"e-con-inner\">\n\t\t\t\t<div class=\"elementor-element elementor-element-9a57c62 elementor-widget elementor-widget-wd_text_block\" data-id=\"9a57c62\" data-element_type=\"widget\" data-widget_type=\"wd_text_block.default\">\n\t\t\t\t<div class=\"elementor-widget-container\">\n\t\t\t\t\t\t\t<div class=\"wd-text-block reset-last-child text-left\">\n\t\t\t\n\t\t\t<h4 data-start=\"825\" data-end=\"848\">Applications id\u00e9ales :<\/h4><ul data-start=\"849\" data-end=\"969\"><li data-start=\"849\" data-end=\"869\"><p data-start=\"851\" data-end=\"869\">Maisons et villas<\/p><\/li><li data-start=\"870\" data-end=\"892\"><p data-start=\"872\" data-end=\"892\">H\u00f4tels et centres de vill\u00e9giature<\/p><\/li><li data-start=\"893\" data-end=\"928\"><p data-start=\"895\" data-end=\"928\">\u00c9coles et centres \u00e9ducatifs<\/p><\/li><li data-start=\"929\" data-end=\"969\"><p data-start=\"931\" data-end=\"969\">Restaurants et blanchisseries commerciales<\/p><\/li><\/ul>\n\t\t\t\t\t<\/div>\n\t\t\t\t\t\t<\/div>\n\t\t\t\t<\/div>\n\t\t\t\t<div class=\"elementor-element elementor-element-d61973a elementor-widget elementor-widget-wd_image_or_svg\" data-id=\"d61973a\" data-element_type=\"widget\" data-widget_type=\"wd_image_or_svg.default\">\n\t\t\t\t<div class=\"elementor-widget-container\">\n\t\t\t\t\t\n\t\t<div class=\"wd-image text-center photoswipe-images\">\n\t\t\t\t\t\t\t<a  href=\"https:\/\/eauchauffage.com\/wp-content\/uploads\/2022\/12\/Artboard-4.jpg\"data-width=\"1191\" data-height=\"842\" data-elementor-open-lightbox=\"no\" aria-label=\"Image link\">\n\t\t\t\t\t\t\t\t<img decoding=\"async\" width=\"1191\" height=\"842\" src=\"https:\/\/eauchauffage.com\/wp-content\/uploads\/2022\/12\/Artboard-4.jpg\" class=\"attachment-full size-full\" alt=\"\" srcset=\"https:\/\/eauchauffage.com\/wp-content\/uploads\/2022\/12\/Artboard-4.jpg 1191w, https:\/\/eauchauffage.com\/wp-content\/uploads\/2022\/12\/Artboard-4-300x212.jpg 300w, https:\/\/eauchauffage.com\/wp-content\/uploads\/2022\/12\/Artboard-4-1024x724.jpg 1024w, https:\/\/eauchauffage.com\/wp-content\/uploads\/2022\/12\/Artboard-4-768x543.jpg 768w, https:\/\/eauchauffage.com\/wp-content\/uploads\/2022\/12\/Artboard-4-150x106.jpg 150w\" sizes=\"(max-width: 1191px) 100vw, 1191px\" \/>\t\t\t\t\t\t\t<\/a>\n\t\t\t\t\t<\/div>\n\n\t\t\t\t\t\t<\/div>\n\t\t\t\t<\/div>\n\t\t\t\t\t<\/div>\n\t\t\t\t<\/div>\n\t\t<div class=\"wd-negative-gap elementor-element elementor-element-d369dd6 e-flex e-con-boxed e-con e-parent\" data-id=\"d369dd6\" data-element_type=\"container\">\n\t\t\t\t\t<div class=\"e-con-inner\">\n\t\t\t\t<div class=\"elementor-element elementor-element-073222b elementor-widget elementor-widget-wd_text_block\" data-id=\"073222b\" data-element_type=\"widget\" data-widget_type=\"wd_text_block.default\">\n\t\t\t\t<div class=\"elementor-widget-container\">\n\t\t\t\t\t\t\t<div class=\"wd-text-block reset-last-child text-left\">\n\t\t\t\n\t\t\t<h4 data-start=\"976\" data-end=\"998\">D\u00e9tails techniques :<\/h4><ul data-start=\"999\" data-end=\"1202\"><li data-start=\"999\" data-end=\"1076\"><p data-start=\"1001\" data-end=\"1076\">Disponible en diff\u00e9rentes capacit\u00e9s pour r\u00e9pondre aux besoins des individus et des groupes.<\/p><\/li><li data-start=\"1077\" data-end=\"1141\"><p data-start=\"1079\" data-end=\"1141\">Le syst\u00e8me d'isolation thermique maintient l'eau chaude pendant de longues heures<\/p><\/li><li data-start=\"1142\" data-end=\"1202\"><p data-start=\"1144\" data-end=\"1202\">Conforme aux normes internationales de qualit\u00e9 et de s\u00e9curit\u00e9<\/p><\/li><\/ul>\n\t\t\t\t\t<\/div>\n\t\t\t\t\t\t<\/div>\n\t\t\t\t<\/div>\n\t\t\t\t<div class=\"elementor-element elementor-element-bcfa77b elementor-widget elementor-widget-wd_image_or_svg\" data-id=\"bcfa77b\" data-element_type=\"widget\" data-widget_type=\"wd_image_or_svg.default\">\n\t\t\t\t<div class=\"elementor-widget-container\">\n\t\t\t\t\t\n\t\t<div class=\"wd-image text-center photoswipe-images\">\n\t\t\t\t\t\t\t<a  href=\"https:\/\/eauchauffage.com\/wp-content\/uploads\/2022\/12\/Artboard-5.jpg\"data-width=\"1191\" data-height=\"842\" data-elementor-open-lightbox=\"no\" aria-label=\"Image link\">\n\t\t\t\t\t\t\t\t<img loading=\"lazy\" decoding=\"async\" width=\"1191\" height=\"842\" src=\"https:\/\/eauchauffage.com\/wp-content\/uploads\/2022\/12\/Artboard-5.jpg\" class=\"attachment-full size-full\" alt=\"\" srcset=\"https:\/\/eauchauffage.com\/wp-content\/uploads\/2022\/12\/Artboard-5.jpg 1191w, https:\/\/eauchauffage.com\/wp-content\/uploads\/2022\/12\/Artboard-5-300x212.jpg 300w, https:\/\/eauchauffage.com\/wp-content\/uploads\/2022\/12\/Artboard-5-1024x724.jpg 1024w, https:\/\/eauchauffage.com\/wp-content\/uploads\/2022\/12\/Artboard-5-768x543.jpg 768w, https:\/\/eauchauffage.com\/wp-content\/uploads\/2022\/12\/Artboard-5-150x106.jpg 150w\" sizes=\"(max-width: 1191px) 100vw, 1191px\" \/>\t\t\t\t\t\t\t<\/a>\n\t\t\t\t\t<\/div>\n\n\t\t\t\t\t\t<\/div>\n\t\t\t\t<\/div>\n\t\t\t\t\t<\/div>\n\t\t\t\t<\/div>\n\t\t\t\t<\/div>","protected":false},"excerpt":{"rendered":"<h4 data-start=\"102\" data-end=\"131\">Chauffe-eau solaire - SWH<\/h4>\n<p data-start=\"133\" data-end=\"197\">Solution efficace et \u00e9cologique de production d'eau chaude aliment\u00e9e par le soleil.<\/p>\n<ul data-start=\"199\" data-end=\"357\">\n<li data-start=\"199\" data-end=\"236\">\n<p data-start=\"201\" data-end=\"236\">De l'eau chaude fiable tout au long de l'ann\u00e9e<\/p>\n<\/li>\n<li data-start=\"237\" data-end=\"281\">\n<p data-start=\"239\" data-end=\"281\">Des \u00e9conomies significatives sur les factures d'\u00e9lectricit\u00e9<\/p>\n<\/li>\n<li data-start=\"282\" data-end=\"319\">\n<p data-start=\"284\" data-end=\"319\">Conception durable et r\u00e9sistante aux intemp\u00e9ries<\/p>\n<\/li>\n<li data-start=\"320\" data-end=\"357\">\n<p data-start=\"322\" data-end=\"357\">Des performances s\u00fbres et durables<\/p>\n<\/li>\n<\/ul>\n<p data-start=\"359\" data-end=\"442\"><strong data-start=\"359\" data-end=\"440\">Le choix id\u00e9al pour les maisons, les h\u00f4tels, les restaurants et les installations commerciales.<\/strong><\/p>","protected":false},"featured_media":11102,"comment_status":"open","ping_status":"closed","template":"","meta":[],"product_brand":[],"product_cat":[205,242],"product_tag":[],"class_list":{"0":"post-949","1":"product","2":"type-product","3":"status-publish","4":"has-post-thumbnail","6":"product_cat-renewable-energy","7":"product_cat-solar-water-heater","9":"first","10":"instock","11":"shipping-taxable","12":"product-type-simple"},"_links":{"self":[{"href":"https:\/\/eauchauffage.com\/fr\/wp-json\/wp\/v2\/product\/949","targetHints":{"allow":["GET"]}}],"collection":[{"href":"https:\/\/eauchauffage.com\/fr\/wp-json\/wp\/v2\/product"}],"about":[{"href":"https:\/\/eauchauffage.com\/fr\/wp-json\/wp\/v2\/types\/product"}],"replies":[{"embeddable":true,"href":"https:\/\/eauchauffage.com\/fr\/wp-json\/wp\/v2\/comments?post=949"}],"version-history":[{"count":9,"href":"https:\/\/eauchauffage.com\/fr\/wp-json\/wp\/v2\/product\/949\/revisions"}],"predecessor-version":[{"id":12120,"href":"https:\/\/eauchauffage.com\/fr\/wp-json\/wp\/v2\/product\/949\/revisions\/12120"}],"wp:featuredmedia":[{"embeddable":true,"href":"https:\/\/eauchauffage.com\/fr\/wp-json\/wp\/v2\/media\/11102"}],"wp:attachment":[{"href":"https:\/\/eauchauffage.com\/fr\/wp-json\/wp\/v2\/media?parent=949"}],"wp:term":[{"taxonomy":"product_brand","embeddable":true,"href":"https:\/\/eauchauffage.com\/fr\/wp-json\/wp\/v2\/product_brand?post=949"},{"taxonomy":"product_cat","embeddable":true,"href":"https:\/\/eauchauffage.com\/fr\/wp-json\/wp\/v2\/product_cat?post=949"},{"taxonomy":"product_tag","embeddable":true,"href":"https:\/\/eauchauffage.com\/fr\/wp-json\/wp\/v2\/product_tag?post=949"}],"curies":[{"name":"wp","href":"https:\/\/api.w.org\/{rel}","templated":true}]}}