{"id":1567,"date":"2022-12-09T15:43:10","date_gmt":"2022-12-09T15:43:10","guid":{"rendered":"http:\/\/dummy.xtemos.com\/woodmart2\/mega-electronics-elementor\/?post_type=product&#038;p=1567"},"modified":"2025-09-27T10:12:56","modified_gmt":"2025-09-27T10:12:56","slug":"szs","status":"publish","type":"product","link":"https:\/\/eauchauffage.com\/fr\/product\/szs\/","title":{"rendered":"Chaudi\u00e8re \u00e0 huile\/gaz de la s\u00e9rie SZS"},"content":{"rendered":"<div data-elementor-type=\"wp-post\" data-elementor-id=\"1567\" class=\"elementor elementor-1567\">\n\t\t\t\t<div class=\"wd-negative-gap elementor-element elementor-element-f6d760f e-flex e-con-boxed e-con e-parent\" data-id=\"f6d760f\" data-element_type=\"container\">\n\t\t\t\t\t<div class=\"e-con-inner\">\n\t\t\t\t<div class=\"elementor-element elementor-element-687095e2 elementor-widget elementor-widget-wd_text_block\" data-id=\"687095e2\" data-element_type=\"widget\" data-widget_type=\"wd_text_block.default\">\n\t\t\t\t<div class=\"elementor-widget-container\">\n\t\t\t\t\t\t\t<div class=\"wd-text-block reset-last-child text-left\">\n\t\t\t\n\t\t\t<ol data-start=\"582\" data-end=\"1266\"><li data-start=\"582\" data-end=\"688\"><p data-start=\"585\" data-end=\"688\">Structure en \u201cD\u201d \u00e0 double tambour avec une structure compacte, un faible encombrement et d'excellentes performances de combustion.<\/p><\/li><li data-start=\"689\" data-end=\"777\"><p data-start=\"692\" data-end=\"777\">La structure du mur d'eau en membrane assure une isolation thermique \u00e9lev\u00e9e et une \u00e9tanch\u00e9it\u00e9 fiable.<\/p><\/li><li data-start=\"778\" data-end=\"881\"><p data-start=\"781\" data-end=\"881\">Grande surface de chauffe avec un design spacieux pour une alimentation en vapeur stable et un fonctionnement efficace.<\/p><\/li><li data-start=\"882\" data-end=\"994\"><p data-start=\"885\" data-end=\"994\">\u00c9quip\u00e9 d'un dispositif de r\u00e9cup\u00e9ration de la condensation des gaz de combustion afin de r\u00e9duire la temp\u00e9rature des gaz d'\u00e9chappement et d'am\u00e9liorer l'efficacit\u00e9.<\/p><\/li><li data-start=\"995\" data-end=\"1078\"><p data-start=\"998\" data-end=\"1078\">Couche d'isolation haute performance avec un design ext\u00e9rieur \u00e9l\u00e9gant et durable.<\/p><\/li><li data-start=\"1079\" data-end=\"1162\"><p data-start=\"1082\" data-end=\"1162\">Structure de base en acier solide, installation facile et transport ais\u00e9.<\/p><\/li><li data-start=\"1163\" data-end=\"1266\"><p data-start=\"1166\" data-end=\"1266\">\u00c9quip\u00e9 de trous d'inspection et de portes antid\u00e9flagrantes pour une maintenance et un fonctionnement s\u00fbrs et faciles.<\/p><\/li><\/ol>\n\t\t\t\t\t<\/div>\n\t\t\t\t\t\t<\/div>\n\t\t\t\t<\/div>\n\t\t\t\t<div class=\"elementor-element elementor-element-736b2281 elementor-widget elementor-widget-wd_image_or_svg\" data-id=\"736b2281\" data-element_type=\"widget\" data-widget_type=\"wd_image_or_svg.default\">\n\t\t\t\t<div class=\"elementor-widget-container\">\n\t\t\t\t\t\n\t\t<div class=\"wd-image text-center photoswipe-images\">\n\t\t\t\t\t\t\t<a  href=\"https:\/\/eauchauffage.com\/wp-content\/uploads\/2022\/12\/SZS-1.jpg\"data-width=\"1208\" data-height=\"825\" data-elementor-open-lightbox=\"no\" aria-label=\"Image link\">\n\t\t\t\t\t\t\t\t<img fetchpriority=\"high\" decoding=\"async\" width=\"1208\" height=\"825\" src=\"https:\/\/eauchauffage.com\/wp-content\/uploads\/2022\/12\/SZS-1.jpg\" class=\"attachment-full size-full\" alt=\"\" srcset=\"https:\/\/eauchauffage.com\/wp-content\/uploads\/2022\/12\/SZS-1.jpg 1208w, https:\/\/eauchauffage.com\/wp-content\/uploads\/2022\/12\/SZS-1-300x205.jpg 300w, https:\/\/eauchauffage.com\/wp-content\/uploads\/2022\/12\/SZS-1-1024x699.jpg 1024w, https:\/\/eauchauffage.com\/wp-content\/uploads\/2022\/12\/SZS-1-768x525.jpg 768w, https:\/\/eauchauffage.com\/wp-content\/uploads\/2022\/12\/SZS-1-1200x820.jpg 1200w, https:\/\/eauchauffage.com\/wp-content\/uploads\/2022\/12\/SZS-1-150x102.jpg 150w\" sizes=\"(max-width: 1208px) 100vw, 1208px\" \/>\t\t\t\t\t\t\t<\/a>\n\t\t\t\t\t<\/div>\n\n\t\t\t\t\t\t<\/div>\n\t\t\t\t<\/div>\n\t\t\t\t<div class=\"elementor-element elementor-element-33166c1f elementor-widget elementor-widget-wd_text_block\" data-id=\"33166c1f\" data-element_type=\"widget\" data-widget_type=\"wd_text_block.default\">\n\t\t\t\t<div class=\"elementor-widget-container\">\n\t\t\t\t\t\t\t<div class=\"wd-text-block reset-last-child text-left\">\n\t\t\t\n\t\t\t<h4 data-start=\"1273\" data-end=\"1313\"><strong data-start=\"1276\" data-end=\"1311\">Faits saillants techniques :<\/strong><\/h4><ul data-start=\"1314\" data-end=\"1731\"><li data-start=\"1314\" data-end=\"1380\"><p data-start=\"1316\" data-end=\"1380\"><strong data-start=\"1316\" data-end=\"1334\">Capacit\u00e9 de vapeur<\/strong>Capacit\u00e9 de transport : 2,5 t\/h \u00e0 130 t\/h (selon le mod\u00e8le)<\/p><\/li><li data-start=\"1381\" data-end=\"1420\"><p data-start=\"1383\" data-end=\"1420\"><strong data-start=\"1383\" data-end=\"1403\">Pression de service<\/strong>jusqu'\u00e0 2,5 MPa<\/p><\/li><li data-start=\"1421\" data-end=\"1461\"><p data-start=\"1423\" data-end=\"1461\"><strong data-start=\"1423\" data-end=\"1444\">Temp\u00e9rature de la vapeur<\/strong>TEMP\u00c9RATURE D'UTILISATION : 226\u00b0C - 350\u00b0C<\/p><\/li><li data-start=\"1462\" data-end=\"1499\"><p data-start=\"1464\" data-end=\"1499\"><strong data-start=\"1464\" data-end=\"1486\">Efficacit\u00e9 thermique<\/strong>jusqu'\u00e0 93%<\/p><\/li><li data-start=\"1500\" data-end=\"1570\"><p data-start=\"1502\" data-end=\"1570\"><strong data-start=\"1502\" data-end=\"1518\">Options de carburant<\/strong>gaz naturel, gaz liqu\u00e9fi\u00e9, p\u00e9trole l\u00e9ger, p\u00e9trole lourd<\/p><\/li><li data-start=\"1571\" data-end=\"1651\"><p data-start=\"1573\" data-end=\"1651\"><strong data-start=\"1573\" data-end=\"1592\">Consommation de gaz<\/strong>: de 151 \u00e0 plus de 7440 Nm\u00b3\/h (selon le mod\u00e8le)<\/p><\/li><li data-start=\"1652\" data-end=\"1731\"><p data-start=\"1654\" data-end=\"1731\"><strong data-start=\"1654\" data-end=\"1675\">Dimensions de la chaudi\u00e8re<\/strong>: d'environ 8,6m \u00d7 3,4m \u00d7 4,5m \u00e0 plus de 18,5m \u00d7 8,9m<\/p><\/li><\/ul>\n\t\t\t\t\t<\/div>\n\t\t\t\t\t\t<\/div>\n\t\t\t\t<\/div>\n\t\t<div class=\"elementor-element elementor-element-5f5dc6e e-con-full elementor-hidden-desktop elementor-hidden-tablet elementor-hidden-mobile e-flex e-con e-child\" data-id=\"5f5dc6e\" data-element_type=\"container\">\n\t\t\t\t<div class=\"elementor-element elementor-element-b87436a elementor-widget__width-initial elementor-widget elementor-widget-wd_infobox\" data-id=\"b87436a\" data-element_type=\"widget\" data-widget_type=\"wd_infobox.default\">\n\t\t\t\t<div class=\"elementor-widget-container\">\n\t\t\t\t\t\t\t<div class=\"info-box-wrapper\">\n\t\t\t<div class=\"wd-info-box text-center box-icon-align-top box-style-base color-scheme-\">\n\t\t\t\t\t\t\t\t\t<div class=\"box-icon-wrapper  box-with-text text-size-small box-icon-simple\">\n\t\t\t\t\t\t<div class=\"info-box-icon\">\n\t\t\t\t\t\t\t\t\t\t\t\t\t\t\tX2\t\t\t\t\t\t\t\t\t\t\t\t\t<\/div>\n\t\t\t\t\t<\/div>\n\t\t\t\t\n\t\t\t\t<div class=\"info-box-content\">\n\t\t\t\t\t\n\t\t\t\t\t\t\t\t\t\t\t<h4\t\t\t\t\t\tclass=\"info-box-title title box-title-style-default wd-fontsize-m\" data-elementor-setting-key=\"title\">\n\t\t\t\t\t\t\t\tPlus rapide\t\t\t\t\t\t<\/h4>\n\t\t\t\t\t\n\t\t\t\t\t<div class=\"info-box-inner reset-last-child\"data-elementor-setting-key=\"content\"><\/div>\n\n\t\t\t\t\t\t\t\t\t<\/div>\n\n\t\t\t\t\t\t\t<\/div>\n\t\t<\/div>\n\t\t\t\t\t\t<\/div>\n\t\t\t\t<\/div>\n\t\t\t\t<div class=\"elementor-element elementor-element-1b874fcd elementor-widget__width-initial elementor-widget elementor-widget-wd_infobox\" data-id=\"1b874fcd\" data-element_type=\"widget\" data-widget_type=\"wd_infobox.default\">\n\t\t\t\t<div class=\"elementor-widget-container\">\n\t\t\t\t\t\t\t<div class=\"info-box-wrapper\">\n\t\t\t<div class=\"wd-info-box text-center box-icon-align-top box-style-base color-scheme-\">\n\t\t\t\t\t\t\t\t\t<div class=\"box-icon-wrapper  box-with-text text-size-small box-icon-simple\">\n\t\t\t\t\t\t<div class=\"info-box-icon\">\n\t\t\t\t\t\t\t\t\t\t\t\t\t\t\t4K\t\t\t\t\t\t\t\t\t\t\t\t\t<\/div>\n\t\t\t\t\t<\/div>\n\t\t\t\t\n\t\t\t\t<div class=\"info-box-content\">\n\t\t\t\t\t\n\t\t\t\t\t\t\t\t\t\t\t<h4\t\t\t\t\t\tclass=\"info-box-title title box-title-style-default wd-fontsize-m\" data-elementor-setting-key=\"title\">\n\t\t\t\t\t\t\t\tExcellente performance\t\t\t\t\t\t<\/h4>\n\t\t\t\t\t\n\t\t\t\t\t<div class=\"info-box-inner reset-last-child\"data-elementor-setting-key=\"content\"><\/div>\n\n\t\t\t\t\t\t\t\t\t<\/div>\n\n\t\t\t\t\t\t\t<\/div>\n\t\t<\/div>\n\t\t\t\t\t\t<\/div>\n\t\t\t\t<\/div>\n\t\t\t\t<\/div>\n\t\t\t\t<div class=\"elementor-element elementor-element-d36feb6 elementor-widget elementor-widget-wd_image_or_svg\" data-id=\"d36feb6\" data-element_type=\"widget\" data-widget_type=\"wd_image_or_svg.default\">\n\t\t\t\t<div class=\"elementor-widget-container\">\n\t\t\t\t\t\n\t\t<div class=\"wd-image text-center photoswipe-images\">\n\t\t\t\t\t\t\t<a  href=\"https:\/\/eauchauffage.com\/wp-content\/uploads\/2022\/12\/SZS2.jpg\"data-width=\"1208\" data-height=\"825\" data-elementor-open-lightbox=\"no\" aria-label=\"Image link\">\n\t\t\t\t\t\t\t\t<img decoding=\"async\" width=\"1208\" height=\"825\" src=\"https:\/\/eauchauffage.com\/wp-content\/uploads\/2022\/12\/SZS2.jpg\" class=\"attachment-full size-full\" alt=\"\" srcset=\"https:\/\/eauchauffage.com\/wp-content\/uploads\/2022\/12\/SZS2.jpg 1208w, https:\/\/eauchauffage.com\/wp-content\/uploads\/2022\/12\/SZS2-300x205.jpg 300w, https:\/\/eauchauffage.com\/wp-content\/uploads\/2022\/12\/SZS2-1024x699.jpg 1024w, https:\/\/eauchauffage.com\/wp-content\/uploads\/2022\/12\/SZS2-768x525.jpg 768w, https:\/\/eauchauffage.com\/wp-content\/uploads\/2022\/12\/SZS2-1200x820.jpg 1200w, https:\/\/eauchauffage.com\/wp-content\/uploads\/2022\/12\/SZS2-150x102.jpg 150w\" sizes=\"(max-width: 1208px) 100vw, 1208px\" \/>\t\t\t\t\t\t\t<\/a>\n\t\t\t\t\t<\/div>\n\n\t\t\t\t\t\t<\/div>\n\t\t\t\t<\/div>\n\t\t\t\t\t<\/div>\n\t\t\t\t<\/div>\n\t\t<div class=\"wd-negative-gap elementor-element elementor-element-167a201 elementor-hidden-desktop elementor-hidden-tablet elementor-hidden-mobile e-flex e-con-boxed e-con e-parent\" data-id=\"167a201\" data-element_type=\"container\">\n\t\t\t\t\t<div class=\"e-con-inner\">\n\t\t\t\t<div class=\"elementor-element elementor-element-439e37a elementor-widget elementor-widget-wd_image_or_svg\" data-id=\"439e37a\" data-element_type=\"widget\" data-widget_type=\"wd_image_or_svg.default\">\n\t\t\t\t<div class=\"elementor-widget-container\">\n\t\t\t\t\t\n\t\t<div class=\"wd-image text-center\">\n\t\t\t\t\t\t\t\t<img decoding=\"async\" width=\"780\" height=\"440\" src=\"https:\/\/eauchauffage.com\/wp-content\/uploads\/2022\/12\/rtx-4090-1-opt.jpg\" class=\"attachment-full size-full\" alt=\"\" srcset=\"https:\/\/eauchauffage.com\/wp-content\/uploads\/2022\/12\/rtx-4090-1-opt.jpg 780w, https:\/\/eauchauffage.com\/wp-content\/uploads\/2022\/12\/rtx-4090-1-opt-150x85.jpg 150w\" sizes=\"(max-width: 780px) 100vw, 780px\" \/>\t\t\t\t\t<\/div>\n\n\t\t\t\t\t\t<\/div>\n\t\t\t\t<\/div>\n\t\t\t\t<div class=\"elementor-element elementor-element-b9fed7d elementor-widget elementor-widget-wd_text_block\" data-id=\"b9fed7d\" data-element_type=\"widget\" data-widget_type=\"wd_text_block.default\">\n\t\t\t\t<div class=\"elementor-widget-container\">\n\t\t\t\t\t\t\t<div class=\"wd-text-block reset-last-child text-left\">\n\t\t\t\n\t\t\t<p>Le Grand Oxmox lui conseilla de ne pas le faire, car il y avait des milliers de mauvaises virgules, de points d'interrogation sauvages et de s\u00e9mikoli sournois, mais le Petit Texte Aveugle ne l'\u00e9couta pas. Elle pr\u00e9para ses sept versalia, mit son initiale \u00e0 la ceinture et se mit en route. Lorsqu'elle atteignit les premi\u00e8res collines des montagnes italiques, elle eut une derni\u00e8re vue sur la ligne d'horizon de sa ville natale, Bookmarksgrove, la ligne de t\u00eate du village Alphabet et la ligne de fond de sa propre route, la Line Lane. Une question piteuse et rh\u00e9torique a couru sur sa joue, puis<\/p>\n\t\t\t\t\t<\/div>\n\t\t\t\t\t\t<\/div>\n\t\t\t\t<\/div>\n\t\t<div class=\"elementor-element elementor-element-f0e8521 e-con-full e-flex e-con e-child\" data-id=\"f0e8521\" data-element_type=\"container\">\n\t\t\t\t<div class=\"elementor-element elementor-element-600c105 elementor-widget__width-initial elementor-widget elementor-widget-wd_infobox\" data-id=\"600c105\" data-element_type=\"widget\" data-widget_type=\"wd_infobox.default\">\n\t\t\t\t<div class=\"elementor-widget-container\">\n\t\t\t\t\t\t\t<div class=\"info-box-wrapper\">\n\t\t\t<div class=\"wd-info-box text-center box-icon-align-top box-style-base color-scheme-\">\n\t\t\t\t\t\t\t\t\t<div class=\"box-icon-wrapper  box-with-text text-size-small box-icon-simple\">\n\t\t\t\t\t\t<div class=\"info-box-icon\">\n\t\t\t\t\t\t\t\t\t\t\t\t\t\t\tX2\t\t\t\t\t\t\t\t\t\t\t\t\t<\/div>\n\t\t\t\t\t<\/div>\n\t\t\t\t\n\t\t\t\t<div class=\"info-box-content\">\n\t\t\t\t\t\n\t\t\t\t\t\t\t\t\t\t\t<h4\t\t\t\t\t\tclass=\"info-box-title title box-title-style-default wd-fontsize-m\" data-elementor-setting-key=\"title\">\n\t\t\t\t\t\t\t\tPlus rapide\t\t\t\t\t\t<\/h4>\n\t\t\t\t\t\n\t\t\t\t\t<div class=\"info-box-inner reset-last-child\"data-elementor-setting-key=\"content\"><\/div>\n\n\t\t\t\t\t\t\t\t\t<\/div>\n\n\t\t\t\t\t\t\t<\/div>\n\t\t<\/div>\n\t\t\t\t\t\t<\/div>\n\t\t\t\t<\/div>\n\t\t\t\t<div class=\"elementor-element elementor-element-0df2fd3 elementor-widget__width-initial elementor-widget elementor-widget-wd_infobox\" data-id=\"0df2fd3\" data-element_type=\"widget\" data-widget_type=\"wd_infobox.default\">\n\t\t\t\t<div class=\"elementor-widget-container\">\n\t\t\t\t\t\t\t<div class=\"info-box-wrapper\">\n\t\t\t<div class=\"wd-info-box text-center box-icon-align-top box-style-base color-scheme-\">\n\t\t\t\t\t\t\t\t\t<div class=\"box-icon-wrapper  box-with-text text-size-small box-icon-simple\">\n\t\t\t\t\t\t<div class=\"info-box-icon\">\n\t\t\t\t\t\t\t\t\t\t\t\t\t\t\t4K\t\t\t\t\t\t\t\t\t\t\t\t\t<\/div>\n\t\t\t\t\t<\/div>\n\t\t\t\t\n\t\t\t\t<div class=\"info-box-content\">\n\t\t\t\t\t\n\t\t\t\t\t\t\t\t\t\t\t<h4\t\t\t\t\t\tclass=\"info-box-title title box-title-style-default wd-fontsize-m\" data-elementor-setting-key=\"title\">\n\t\t\t\t\t\t\t\tExcellente performance\t\t\t\t\t\t<\/h4>\n\t\t\t\t\t\n\t\t\t\t\t<div class=\"info-box-inner reset-last-child\"data-elementor-setting-key=\"content\"><\/div>\n\n\t\t\t\t\t\t\t\t\t<\/div>\n\n\t\t\t\t\t\t\t<\/div>\n\t\t<\/div>\n\t\t\t\t\t\t<\/div>\n\t\t\t\t<\/div>\n\t\t\t\t<\/div>\n\t\t\t\t<div class=\"elementor-element elementor-element-eadda70 elementor-widget elementor-widget-wd_image_or_svg\" data-id=\"eadda70\" data-element_type=\"widget\" data-widget_type=\"wd_image_or_svg.default\">\n\t\t\t\t<div class=\"elementor-widget-container\">\n\t\t\t\t\t\n\t\t<div class=\"wd-image text-center\">\n\t\t\t\t\t\t\t\t<img loading=\"lazy\" decoding=\"async\" width=\"780\" height=\"220\" src=\"https:\/\/eauchauffage.com\/wp-content\/uploads\/2022\/12\/rtx-4090-2.jpg\" class=\"attachment-full size-full\" alt=\"\" srcset=\"https:\/\/eauchauffage.com\/wp-content\/uploads\/2022\/12\/rtx-4090-2.jpg 780w, https:\/\/eauchauffage.com\/wp-content\/uploads\/2022\/12\/rtx-4090-2-150x42.jpg 150w\" sizes=\"(max-width: 780px) 100vw, 780px\" \/>\t\t\t\t\t<\/div>\n\n\t\t\t\t\t\t<\/div>\n\t\t\t\t<\/div>\n\t\t\t\t<div class=\"elementor-element elementor-element-b4d970a elementor-widget elementor-widget-wd_text_block\" data-id=\"b4d970a\" data-element_type=\"widget\" data-widget_type=\"wd_text_block.default\">\n\t\t\t\t<div class=\"elementor-widget-container\">\n\t\t\t\t\t\t\t<div class=\"wd-text-block reset-last-child text-left\">\n\t\t\t\n\t\t\t<p>Le Grand Oxmox lui conseilla de ne pas le faire, car il y avait des milliers de mauvaises virgules, de points d'interrogation sauvages et de s\u00e9mikoli sournois, mais le Petit Texte Aveugle ne l'\u00e9couta pas. Elle pr\u00e9para ses sept versalia, mit son initiale \u00e0 la ceinture et se mit en route. Lorsqu'elle atteignit les premi\u00e8res collines des montagnes italiques, elle eut une derni\u00e8re vue sur la ligne d'horizon de sa ville natale, Bookmarksgrove, la ligne de t\u00eate du village Alphabet et la ligne de fond de sa propre route, la Line Lane. Une question piteuse et rh\u00e9torique a couru sur sa joue, puis<\/p>\n\t\t\t\t\t<\/div>\n\t\t\t\t\t\t<\/div>\n\t\t\t\t<\/div>\n\t\t\t\t\t<\/div>\n\t\t\t\t<\/div>\n\t\t<div class=\"wd-negative-gap elementor-element elementor-element-6c1db471 elementor-hidden-desktop elementor-hidden-tablet elementor-hidden-mobile e-flex e-con-boxed e-con e-parent\" data-id=\"6c1db471\" data-element_type=\"container\" data-settings=\"{&quot;background_background&quot;:&quot;classic&quot;}\">\n\t\t\t\t\t<div class=\"e-con-inner\">\n\t\t<div class=\"wd-negative-gap elementor-element elementor-element-317fd04b e-flex e-con-boxed e-con e-child\" data-id=\"317fd04b\" data-element_type=\"container\">\n\t\t\t\t\t<div class=\"e-con-inner\">\n\t\t<div class=\"elementor-element elementor-element-42f55fe2 e-con-full e-flex e-con e-child\" data-id=\"42f55fe2\" data-element_type=\"container\">\n\t\t\t\t<div class=\"elementor-element elementor-element-6f3d31fb elementor-widget elementor-widget-wd_infobox\" data-id=\"6f3d31fb\" data-element_type=\"widget\" data-widget_type=\"wd_infobox.default\">\n\t\t\t\t<div class=\"elementor-widget-container\">\n\t\t\t\t\t\t\t<div class=\"info-box-wrapper\">\n\t\t\t<div class=\"wd-info-box text-left box-icon-align-left box-style-base color-scheme-light wd-items-top\">\n\t\t\t\t\t\t\t\t\t<div class=\"box-icon-wrapper  box-with-icon box-icon-simple\">\n\t\t\t\t\t\t<div class=\"info-box-icon\">\n\t\t\t\t\t\t\t\t\t\t\t\t\t\t\t<div class=\"info-svg-wrapper\" style=\"width:32px; height:32px;\"><img loading=\"lazy\" decoding=\"async\"  src=\"https:\/\/eauchauffage.com\/wp-content\/uploads\/2022\/12\/rtx-4090-icon-1.svg\" title=\"rtx-4090-icon-1\" width=\"32\" height=\"32\"><\/div>\t\t\t\t\t\t\t\t\t\t\t\t\t<\/div>\n\t\t\t\t\t<\/div>\n\t\t\t\t\n\t\t\t\t<div class=\"info-box-content\">\n\t\t\t\t\t\n\t\t\t\t\t\t\t\t\t\t\t<h4\t\t\t\t\t\tclass=\"info-box-title title box-title-style-default wd-fontsize-m\" data-elementor-setting-key=\"title\">\n\t\t\t\t\t\t\t\tGPU de pointe\t\t\t\t\t\t<\/h4>\n\t\t\t\t\t\n\t\t\t\t\t<div class=\"info-box-inner reset-last-child\"data-elementor-setting-key=\"content\"><p>Architecture NVIDIA Ada Lovelace<\/p>\n<\/div>\n\n\t\t\t\t\t\t\t\t\t<\/div>\n\n\t\t\t\t\t\t\t<\/div>\n\t\t<\/div>\n\t\t\t\t\t\t<\/div>\n\t\t\t\t<\/div>\n\t\t\t\t<div class=\"elementor-element elementor-element-12b04ccd elementor-widget elementor-widget-wd_infobox\" data-id=\"12b04ccd\" data-element_type=\"widget\" data-widget_type=\"wd_infobox.default\">\n\t\t\t\t<div class=\"elementor-widget-container\">\n\t\t\t\t\t\t\t<div class=\"info-box-wrapper\">\n\t\t\t<div class=\"wd-info-box text-left box-icon-align-left box-style-base color-scheme-light wd-items-top\">\n\t\t\t\t\t\t\t\t\t<div class=\"box-icon-wrapper  box-with-icon box-icon-simple\">\n\t\t\t\t\t\t<div class=\"info-box-icon\">\n\t\t\t\t\t\t\t\t\t\t\t\t\t\t\t<div class=\"info-svg-wrapper\" style=\"width:32px; height:32px;\"><img loading=\"lazy\" decoding=\"async\"  src=\"https:\/\/eauchauffage.com\/wp-content\/uploads\/2022\/12\/rtx-4090-icon-2.svg\" title=\"rtx-4090-icon-2\" width=\"32\" height=\"32\"><\/div>\t\t\t\t\t\t\t\t\t\t\t\t\t<\/div>\n\t\t\t\t\t<\/div>\n\t\t\t\t\n\t\t\t\t<div class=\"info-box-content\">\n\t\t\t\t\t\n\t\t\t\t\t\t\t\t\t\t\t<h4\t\t\t\t\t\tclass=\"info-box-title title box-title-style-default wd-fontsize-m\" data-elementor-setting-key=\"title\">\n\t\t\t\t\t\t\t\tGraphiques immersifs\t\t\t\t\t\t<\/h4>\n\t\t\t\t\t\n\t\t\t\t\t<div class=\"info-box-inner reset-last-child\"data-elementor-setting-key=\"content\"><p>C\u0153urs d\u00e9di\u00e9s au ray tracing<\/p>\n<\/div>\n\n\t\t\t\t\t\t\t\t\t<\/div>\n\n\t\t\t\t\t\t\t<\/div>\n\t\t<\/div>\n\t\t\t\t\t\t<\/div>\n\t\t\t\t<\/div>\n\t\t\t\t<div class=\"elementor-element elementor-element-35fd2c24 elementor-widget elementor-widget-wd_infobox\" data-id=\"35fd2c24\" data-element_type=\"widget\" data-widget_type=\"wd_infobox.default\">\n\t\t\t\t<div class=\"elementor-widget-container\">\n\t\t\t\t\t\t\t<div class=\"info-box-wrapper\">\n\t\t\t<div class=\"wd-info-box text-left box-icon-align-left box-style-base color-scheme-light wd-items-top\">\n\t\t\t\t\t\t\t\t\t<div class=\"box-icon-wrapper  box-with-icon box-icon-simple\">\n\t\t\t\t\t\t<div class=\"info-box-icon\">\n\t\t\t\t\t\t\t\t\t\t\t\t\t\t\t<div class=\"info-svg-wrapper\" style=\"width:32px; height:32px;\"><img loading=\"lazy\" decoding=\"async\"  src=\"https:\/\/eauchauffage.com\/wp-content\/uploads\/2022\/12\/rtx-4090-icon-3.svg\" title=\"rtx-4090-icon-3\" width=\"32\" height=\"32\"><\/div>\t\t\t\t\t\t\t\t\t\t\t\t\t<\/div>\n\t\t\t\t\t<\/div>\n\t\t\t\t\n\t\t\t\t<div class=\"info-box-content\">\n\t\t\t\t\t\n\t\t\t\t\t\t\t\t\t\t\t<h4\t\t\t\t\t\tclass=\"info-box-title title box-title-style-default wd-fontsize-m\" data-elementor-setting-key=\"title\">\n\t\t\t\t\t\t\t\tPerformances acc\u00e9l\u00e9r\u00e9es par l'IA\t\t\t\t\t\t<\/h4>\n\t\t\t\t\t\n\t\t\t\t\t<div class=\"info-box-inner reset-last-child\"data-elementor-setting-key=\"content\"><p>NVIDIA DLSS 3<\/p>\n<\/div>\n\n\t\t\t\t\t\t\t\t\t<\/div>\n\n\t\t\t\t\t\t\t<\/div>\n\t\t<\/div>\n\t\t\t\t\t\t<\/div>\n\t\t\t\t<\/div>\n\t\t\t\t<\/div>\n\t\t<div class=\"elementor-element elementor-element-110952c2 e-con-full e-flex e-con e-child\" data-id=\"110952c2\" data-element_type=\"container\">\n\t\t\t\t<div class=\"elementor-element elementor-element-69a5e4c4 elementor-widget elementor-widget-wd_image_or_svg\" data-id=\"69a5e4c4\" data-element_type=\"widget\" data-widget_type=\"wd_image_or_svg.default\">\n\t\t\t\t<div class=\"elementor-widget-container\">\n\t\t\t\t\t\n\t\t<div class=\"wd-image text-center\">\n\t\t\t\t\t\t\t\t<img loading=\"lazy\" decoding=\"async\" width=\"440\" height=\"275\" src=\"https:\/\/eauchauffage.com\/wp-content\/uploads\/2022\/12\/rtx-4090-3.jpg\" class=\"attachment-full size-full\" alt=\"\" srcset=\"https:\/\/eauchauffage.com\/wp-content\/uploads\/2022\/12\/rtx-4090-3.jpg 440w, https:\/\/eauchauffage.com\/wp-content\/uploads\/2022\/12\/rtx-4090-3-150x94.jpg 150w\" sizes=\"(max-width: 440px) 100vw, 440px\" \/>\t\t\t\t\t<\/div>\n\n\t\t\t\t\t\t<\/div>\n\t\t\t\t<\/div>\n\t\t\t\t<\/div>\n\t\t\t\t\t<\/div>\n\t\t\t\t<\/div>\n\t\t\t\t<div class=\"elementor-element elementor-element-459d99d5 elementor-widget__width-auto wd-width-100 elementor-widget elementor-widget-wd_title\" data-id=\"459d99d5\" data-element_type=\"widget\" data-widget_type=\"wd_title.default\">\n\t\t\t\t<div class=\"elementor-widget-container\">\n\t\t\t\t\t\t\t<div class=\"title-wrapper wd-set-mb reset-last-child wd-title-color-white wd-title-style-default wd-title-size-default text-center\">\n\n\t\t\t\n\t\t\t<div class=\"liner-continer\">\n\t\t\t\t<h4 class=\"woodmart-title-container title wd-fontsize-l\">Performance<\/h4> \n\t\t\t\t\t\t\t<\/div>\n\n\t\t\t\t\t<\/div>\n\t\t\t\t\t\t<\/div>\n\t\t\t\t<\/div>\n\t\t\t\t<div class=\"elementor-element elementor-element-582a3f9e elementor-widget elementor-widget-wd_image_or_svg\" data-id=\"582a3f9e\" data-element_type=\"widget\" data-widget_type=\"wd_image_or_svg.default\">\n\t\t\t\t<div class=\"elementor-widget-container\">\n\t\t\t\t\t\n\t\t<div class=\"wd-image text-center\">\n\t\t\t\t\t\t\t\t<img loading=\"lazy\" decoding=\"async\" width=\"780\" height=\"240\" src=\"https:\/\/eauchauffage.com\/wp-content\/uploads\/2022\/12\/rtx-4090-4.jpg\" class=\"attachment-full size-full\" alt=\"\" srcset=\"https:\/\/eauchauffage.com\/wp-content\/uploads\/2022\/12\/rtx-4090-4.jpg 780w, https:\/\/eauchauffage.com\/wp-content\/uploads\/2022\/12\/rtx-4090-4-150x46.jpg 150w\" sizes=\"(max-width: 780px) 100vw, 780px\" \/>\t\t\t\t\t<\/div>\n\n\t\t\t\t\t\t<\/div>\n\t\t\t\t<\/div>\n\t\t\t\t\t<\/div>\n\t\t\t\t<\/div>\n\t\t\t\t<\/div>","protected":false},"excerpt":{"rendered":"<p>Chaudi\u00e8re \u00e0 vapeur \u00e0 haut rendement con\u00e7ue pour une utilisation industrielle et commerciale. Elle offre des performances fiables, une grande capacit\u00e9 de chauffage et des \u00e9conomies d'\u00e9nergie, et convient aux applications alimentaires, textiles, chimiques et de chauffage. S\u00fbre, durable et facile \u00e0 installer, elle offre des options de combustible flexibles comme le gaz naturel ou le p\u00e9trole.<\/p>\n<p data-start=\"110\" data-end=\"187\"><strong>La chaudi\u00e8re \u00e0 vapeur \u00e0 huile\/gaz de la s\u00e9rie SZS est tr\u00e8s polyvalente et largement utilis\u00e9e dans.. :<\/strong><\/p>\n<ul data-start=\"188\" data-end=\"555\">\n<li data-start=\"188\" data-end=\"225\">\n<p data-start=\"190\" data-end=\"225\">Industries p\u00e9troli\u00e8res et chimiques<\/p>\n<\/li>\n<li data-start=\"226\" data-end=\"260\">\n<p data-start=\"228\" data-end=\"260\">Transformation et production de denr\u00e9es alimentaires<\/p>\n<\/li>\n<li data-start=\"261\" data-end=\"305\">\n<p data-start=\"263\" data-end=\"305\">Industries du textile, de l'imprimerie et de la teinture<\/p>\n<\/li>\n<li data-start=\"306\" data-end=\"344\">\n<p data-start=\"308\" data-end=\"344\">Secteurs du tabac et de la pharmacie<\/p>\n<\/li>\n<li data-start=\"345\" data-end=\"402\">\n<p data-start=\"347\" data-end=\"402\">Traitement des aliments pour animaux, bois, caoutchouc et mat\u00e9riaux de construction<\/p>\n<\/li>\n<li data-start=\"403\" data-end=\"445\">\n<p data-start=\"405\" data-end=\"445\">H\u00f4pitaux et installations de st\u00e9rilisation<\/p>\n<\/li>\n<li data-start=\"446\" data-end=\"506\">\n<p data-start=\"448\" data-end=\"506\">M\u00e9tallurgie des m\u00e9taux non ferreux, industrie du papier, production de c\u00e2bles<\/p>\n<\/li>\n<li data-start=\"507\" data-end=\"555\">\n<p data-start=\"509\" data-end=\"555\">Syst\u00e8mes de chauffage central et chauffage domestique<\/p>\n<\/li>\n<\/ul>","protected":false},"featured_media":11093,"comment_status":"open","ping_status":"closed","template":"","meta":[],"product_brand":[],"product_cat":[168,241],"product_tag":[],"class_list":{"0":"post-1567","1":"product","2":"type-product","3":"status-publish","4":"has-post-thumbnail","6":"product_cat-industrial","7":"product_cat-steam-boiler","9":"first","10":"instock","11":"shipping-taxable","12":"product-type-simple"},"_links":{"self":[{"href":"https:\/\/eauchauffage.com\/fr\/wp-json\/wp\/v2\/product\/1567","targetHints":{"allow":["GET"]}}],"collection":[{"href":"https:\/\/eauchauffage.com\/fr\/wp-json\/wp\/v2\/product"}],"about":[{"href":"https:\/\/eauchauffage.com\/fr\/wp-json\/wp\/v2\/types\/product"}],"replies":[{"embeddable":true,"href":"https:\/\/eauchauffage.com\/fr\/wp-json\/wp\/v2\/comments?post=1567"}],"version-history":[{"count":10,"href":"https:\/\/eauchauffage.com\/fr\/wp-json\/wp\/v2\/product\/1567\/revisions"}],"predecessor-version":[{"id":12118,"href":"https:\/\/eauchauffage.com\/fr\/wp-json\/wp\/v2\/product\/1567\/revisions\/12118"}],"wp:featuredmedia":[{"embeddable":true,"href":"https:\/\/eauchauffage.com\/fr\/wp-json\/wp\/v2\/media\/11093"}],"wp:attachment":[{"href":"https:\/\/eauchauffage.com\/fr\/wp-json\/wp\/v2\/media?parent=1567"}],"wp:term":[{"taxonomy":"product_brand","embeddable":true,"href":"https:\/\/eauchauffage.com\/fr\/wp-json\/wp\/v2\/product_brand?post=1567"},{"taxonomy":"product_cat","embeddable":true,"href":"https:\/\/eauchauffage.com\/fr\/wp-json\/wp\/v2\/product_cat?post=1567"},{"taxonomy":"product_tag","embeddable":true,"href":"https:\/\/eauchauffage.com\/fr\/wp-json\/wp\/v2\/product_tag?post=1567"}],"curies":[{"name":"wp","href":"https:\/\/api.w.org\/{rel}","templated":true}]}}