{"id":1408,"date":"2022-12-09T14:34:58","date_gmt":"2022-12-09T14:34:58","guid":{"rendered":"http:\/\/dummy.xtemos.com\/woodmart2\/mega-electronics-elementor\/?post_type=product&#038;p=1408"},"modified":"2025-09-27T10:13:11","modified_gmt":"2025-09-27T10:13:11","slug":"ec0880e","status":"publish","type":"product","link":"https:\/\/eauchauffage.com\/fr\/product\/ec0880e\/","title":{"rendered":"EC0880E"},"content":{"rendered":"<div data-elementor-type=\"wp-post\" data-elementor-id=\"1408\" class=\"elementor elementor-1408\">\n\t\t\t\t<div class=\"wd-negative-gap elementor-element elementor-element-7963147d e-flex e-con-boxed e-con e-parent\" data-id=\"7963147d\" data-element_type=\"container\">\n\t\t\t\t\t<div class=\"e-con-inner\">\n\t\t\t\t<div class=\"elementor-element elementor-element-569b8cc8 elementor-widget elementor-widget-wd_text_block\" data-id=\"569b8cc8\" data-element_type=\"widget\" data-widget_type=\"wd_text_block.default\">\n\t\t\t\t<div class=\"elementor-widget-container\">\n\t\t\t\t\t\t\t<div class=\"wd-text-block reset-last-child text-left\">\n\t\t\t\n\t\t\t<p data-start=\"135\" data-end=\"392\">Un chauffe-eau \u00e9lectrique \u00e0 haut rendement con\u00e7u pour r\u00e9pondre aux besoins des foyers, des h\u00f4tels, des \u00e9coles, des restaurants et des blanchisseries commerciales. Il est dot\u00e9 d'une technologie avanc\u00e9e qui garantit un chauffage rapide et fiable de l'eau tout en maintenant une consommation d'\u00e9nergie \u00e9conomique.<\/p>\n\t\t\t\t\t<\/div>\n\t\t\t\t\t\t<\/div>\n\t\t\t\t<\/div>\n\t\t\t\t<div class=\"elementor-element elementor-element-29c2306 wd-width-100 elementor-widget elementor-widget-wd_images_gallery\" data-id=\"29c2306\" data-element_type=\"widget\" data-widget_type=\"wd_images_gallery.default\">\n\t\t\t\t<div class=\"elementor-widget-container\">\n\t\t\t\t\t\t\t<div class=\"wd-images-gallery photoswipe-images\" style=\"--wd-align-items:center; --wd-justify-content:center;\">\n\t\t\t\t\t\t<div class=\"wd-grid-g\" style=\"--wd-col-lg:2;--wd-col-md:2;--wd-col-sm:1;--wd-gap-lg:0px;\" >\n\t\t\t\t\t\t\t\t\t\t\t\t\t\t\t\t\t\t<div class=\"wd-gallery-item wd-col\">\n\t\t\t\t\t\t\t\t\t\t\t\t\t<a  href=\"https:\/\/eauchauffage.com\/wp-content\/uploads\/2025\/09\/\u753b\u677f-12-copy-8.jpg\" data-width=\"459\" data-height=\"613\" data-index=\"1\" data-elementor-open-lightbox=\"no\">\n\t\t\t\t\t\t\n\t\t\t\t\t\t<img fetchpriority=\"high\" decoding=\"async\" width=\"459\" height=\"613\" src=\"https:\/\/eauchauffage.com\/wp-content\/uploads\/2025\/09\/\u753b\u677f-12-copy-8.jpg\" class=\"attachment-full size-full\" alt=\"\u753b\u677f 12 exemplaire 8\" srcset=\"https:\/\/eauchauffage.com\/wp-content\/uploads\/2025\/09\/\u753b\u677f-12-copy-8.jpg 459w, https:\/\/eauchauffage.com\/wp-content\/uploads\/2025\/09\/\u753b\u677f-12-copy-8-225x300.jpg 225w, https:\/\/eauchauffage.com\/wp-content\/uploads\/2025\/09\/\u753b\u677f-12-copy-8-150x200.jpg 150w\" sizes=\"(max-width: 459px) 100vw, 459px\" \/>\n\t\t\t\t\t\t\t\t\t\t\t\t\t<\/a>\n\t\t\t\t\t\t\t\t\t\t\t<\/div>\n\t\t\t\t\t\t\t\t\t\t\t\t\t\t\t<div class=\"wd-gallery-item wd-col\">\n\t\t\t\t\t\t\t\t\t\t\t\t\t<a  href=\"https:\/\/eauchauffage.com\/wp-content\/uploads\/2025\/09\/\u753b\u677f-12-copy-4.jpg\" data-width=\"460\" data-height=\"613\" data-index=\"2\" data-elementor-open-lightbox=\"no\">\n\t\t\t\t\t\t\n\t\t\t\t\t\t<img decoding=\"async\" width=\"460\" height=\"613\" src=\"https:\/\/eauchauffage.com\/wp-content\/uploads\/2025\/09\/\u753b\u677f-12-copy-4.jpg\" class=\"attachment-full size-full\" alt=\"\u753b\u677f 12 exemplaire 4\" srcset=\"https:\/\/eauchauffage.com\/wp-content\/uploads\/2025\/09\/\u753b\u677f-12-copy-4.jpg 460w, https:\/\/eauchauffage.com\/wp-content\/uploads\/2025\/09\/\u753b\u677f-12-copy-4-225x300.jpg 225w, https:\/\/eauchauffage.com\/wp-content\/uploads\/2025\/09\/\u753b\u677f-12-copy-4-150x200.jpg 150w\" sizes=\"(max-width: 460px) 100vw, 460px\" \/>\n\t\t\t\t\t\t\t\t\t\t\t\t\t<\/a>\n\t\t\t\t\t\t\t\t\t\t\t<\/div>\n\t\t\t\t\t\t\t\t\t\t\t\t\t<\/div>\n\t\t\t\t\t<\/div>\n\t\t\t\t\t\t<\/div>\n\t\t\t\t<\/div>\n\t\t\t\t<div class=\"elementor-element elementor-element-09cdb09 elementor-widget elementor-widget-wd_text_block\" data-id=\"09cdb09\" data-element_type=\"widget\" data-widget_type=\"wd_text_block.default\">\n\t\t\t\t<div class=\"elementor-widget-container\">\n\t\t\t\t\t\t\t<div class=\"wd-text-block reset-last-child text-left\">\n\t\t\t\n\t\t\t<h4 data-start=\"399\" data-end=\"416\">Caract\u00e9ristiques :<\/h4><ul data-start=\"417\" data-end=\"903\"><li data-start=\"417\" data-end=\"490\"><p data-start=\"419\" data-end=\"490\"><strong data-start=\"419\" data-end=\"439\">Haute efficacit\u00e9 :<\/strong> Chauffe l'eau rapidement avec une faible consommation d'\u00e9nergie.<\/p><\/li><li data-start=\"491\" data-end=\"590\"><p data-start=\"493\" data-end=\"590\"><strong data-start=\"493\" data-end=\"511\">Utilisation polyvalente :<\/strong> Convient pour les cuisines, les salles de bains, les salons, les h\u00f4tels et les installations commerciales.<\/p><\/li><li data-start=\"591\" data-end=\"700\"><p data-start=\"593\" data-end=\"700\"><strong data-start=\"593\" data-end=\"618\">S\u00e9curit\u00e9 globale :<\/strong> \u00c9quip\u00e9 de syst\u00e8mes de protection contre la surchauffe et la surpression de l'eau.<\/p><\/li><li data-start=\"701\" data-end=\"796\"><p data-start=\"703\" data-end=\"796\"><strong data-start=\"703\" data-end=\"722\">Conception compacte :<\/strong> N\u00e9cessite un espace minimal, ce qui le rend pratique pour diff\u00e9rents environnements.<\/p><\/li><li data-start=\"797\" data-end=\"903\"><p data-start=\"799\" data-end=\"903\"><strong data-start=\"799\" data-end=\"827\">Durabilit\u00e9 \u00e0 long terme :<\/strong> Fabriqu\u00e9 \u00e0 partir de mat\u00e9riaux r\u00e9sistants \u00e0 la corrosion et \u00e0 la rouille pour une dur\u00e9e de vie prolong\u00e9e.<\/p><\/li><\/ul>\n\t\t\t\t\t<\/div>\n\t\t\t\t\t\t<\/div>\n\t\t\t\t<\/div>\n\t\t\t\t<div class=\"elementor-element elementor-element-6a81a51 wd-width-100 elementor-widget elementor-widget-wd_images_gallery\" data-id=\"6a81a51\" data-element_type=\"widget\" data-widget_type=\"wd_images_gallery.default\">\n\t\t\t\t<div class=\"elementor-widget-container\">\n\t\t\t\t\t\t\t<div class=\"wd-images-gallery photoswipe-images\" style=\"--wd-align-items:center; --wd-justify-content:center;\">\n\t\t\t\t\t\t<div class=\"wd-grid-g\" style=\"--wd-col-lg:2;--wd-col-md:2;--wd-col-sm:1;--wd-gap-lg:0px;\" >\n\t\t\t\t\t\t\t\t\t\t\t\t\t\t\t\t\t\t<div class=\"wd-gallery-item wd-col\">\n\t\t\t\t\t\t\t\t\t\t\t\t\t<a  href=\"https:\/\/eauchauffage.com\/wp-content\/uploads\/2025\/09\/\u753b\u677f-12-copy-9.jpg\" data-width=\"459\" data-height=\"614\" data-index=\"1\" data-elementor-open-lightbox=\"no\">\n\t\t\t\t\t\t\n\t\t\t\t\t\t<img decoding=\"async\" width=\"459\" height=\"614\" src=\"https:\/\/eauchauffage.com\/wp-content\/uploads\/2025\/09\/\u753b\u677f-12-copy-9.jpg\" class=\"attachment-full size-full\" alt=\"\u753b\u677f 12 exemplaire 9\" srcset=\"https:\/\/eauchauffage.com\/wp-content\/uploads\/2025\/09\/\u753b\u677f-12-copy-9.jpg 459w, https:\/\/eauchauffage.com\/wp-content\/uploads\/2025\/09\/\u753b\u677f-12-copy-9-224x300.jpg 224w, https:\/\/eauchauffage.com\/wp-content\/uploads\/2025\/09\/\u753b\u677f-12-copy-9-150x201.jpg 150w\" sizes=\"(max-width: 459px) 100vw, 459px\" \/>\n\t\t\t\t\t\t\t\t\t\t\t\t\t<\/a>\n\t\t\t\t\t\t\t\t\t\t\t<\/div>\n\t\t\t\t\t\t\t\t\t\t\t\t\t\t\t<div class=\"wd-gallery-item wd-col\">\n\t\t\t\t\t\t\t\t\t\t\t\t\t<a  href=\"https:\/\/eauchauffage.com\/wp-content\/uploads\/2025\/09\/\u753b\u677f-12-copy-7.jpg\" data-width=\"460\" data-height=\"614\" data-index=\"2\" data-elementor-open-lightbox=\"no\">\n\t\t\t\t\t\t\n\t\t\t\t\t\t<img loading=\"lazy\" decoding=\"async\" width=\"460\" height=\"614\" src=\"https:\/\/eauchauffage.com\/wp-content\/uploads\/2025\/09\/\u753b\u677f-12-copy-7.jpg\" class=\"attachment-full size-full\" alt=\"\u753b\u677f 12 exemplaire 7\" srcset=\"https:\/\/eauchauffage.com\/wp-content\/uploads\/2025\/09\/\u753b\u677f-12-copy-7.jpg 460w, https:\/\/eauchauffage.com\/wp-content\/uploads\/2025\/09\/\u753b\u677f-12-copy-7-225x300.jpg 225w, https:\/\/eauchauffage.com\/wp-content\/uploads\/2025\/09\/\u753b\u677f-12-copy-7-150x200.jpg 150w\" sizes=\"(max-width: 460px) 100vw, 460px\" \/>\n\t\t\t\t\t\t\t\t\t\t\t\t\t<\/a>\n\t\t\t\t\t\t\t\t\t\t\t<\/div>\n\t\t\t\t\t\t\t\t\t\t\t\t\t<\/div>\n\t\t\t\t\t<\/div>\n\t\t\t\t\t\t<\/div>\n\t\t\t\t<\/div>\n\t\t\t\t<div class=\"elementor-element elementor-element-ebbfac2 elementor-widget elementor-widget-wd_text_block\" data-id=\"ebbfac2\" data-element_type=\"widget\" data-widget_type=\"wd_text_block.default\">\n\t\t\t\t<div class=\"elementor-widget-container\">\n\t\t\t\t\t\t\t<div class=\"wd-text-block reset-last-child text-left\">\n\t\t\t\n\t\t\t<h4 data-start=\"910\" data-end=\"933\">Applications id\u00e9ales<\/h4><ul data-start=\"934\" data-end=\"1061\"><li data-start=\"934\" data-end=\"965\"><p data-start=\"936\" data-end=\"965\">Cuisines et salles de bains domestiques<\/p><\/li><li data-start=\"966\" data-end=\"992\"><p data-start=\"968\" data-end=\"992\">H\u00f4tels et restaurants<\/p><\/li><li data-start=\"993\" data-end=\"1029\"><p data-start=\"995\" data-end=\"1029\">\u00c9coles et blanchisseries commerciales<\/p><\/li><li data-start=\"1030\" data-end=\"1061\"><p data-start=\"1032\" data-end=\"1061\">Salons et centres de bien-\u00eatre<\/p><\/li><\/ul>\n\t\t\t\t\t<\/div>\n\t\t\t\t\t\t<\/div>\n\t\t\t\t<\/div>\n\t\t\t\t<div class=\"elementor-element elementor-element-45461c6 wd-width-100 elementor-widget elementor-widget-wd_images_gallery\" data-id=\"45461c6\" data-element_type=\"widget\" data-widget_type=\"wd_images_gallery.default\">\n\t\t\t\t<div class=\"elementor-widget-container\">\n\t\t\t\t\t\t\t<div class=\"wd-images-gallery photoswipe-images\" style=\"--wd-align-items:center; --wd-justify-content:center;\">\n\t\t\t\t\t\t<div class=\"wd-grid-g\" style=\"--wd-col-lg:2;--wd-col-md:2;--wd-col-sm:1;--wd-gap-lg:0px;\" >\n\t\t\t\t\t\t\t\t\t\t\t\t\t\t\t\t\t\t<div class=\"wd-gallery-item wd-col\">\n\t\t\t\t\t\t\t\t\t\t\t\t\t<a  href=\"https:\/\/eauchauffage.com\/wp-content\/uploads\/2025\/09\/\u753b\u677f-12-copy-5.jpg\" data-width=\"460\" data-height=\"613\" data-index=\"1\" data-elementor-open-lightbox=\"no\">\n\t\t\t\t\t\t\n\t\t\t\t\t\t<img loading=\"lazy\" decoding=\"async\" width=\"460\" height=\"613\" src=\"https:\/\/eauchauffage.com\/wp-content\/uploads\/2025\/09\/\u753b\u677f-12-copy-5.jpg\" class=\"attachment-full size-full\" alt=\"\u753b\u677f 12 exemplaire 5\" srcset=\"https:\/\/eauchauffage.com\/wp-content\/uploads\/2025\/09\/\u753b\u677f-12-copy-5.jpg 460w, https:\/\/eauchauffage.com\/wp-content\/uploads\/2025\/09\/\u753b\u677f-12-copy-5-225x300.jpg 225w, https:\/\/eauchauffage.com\/wp-content\/uploads\/2025\/09\/\u753b\u677f-12-copy-5-150x200.jpg 150w\" sizes=\"(max-width: 460px) 100vw, 460px\" \/>\n\t\t\t\t\t\t\t\t\t\t\t\t\t<\/a>\n\t\t\t\t\t\t\t\t\t\t\t<\/div>\n\t\t\t\t\t\t\t\t\t\t\t\t\t\t\t<div class=\"wd-gallery-item wd-col\">\n\t\t\t\t\t\t\t\t\t\t\t\t\t<a  href=\"https:\/\/eauchauffage.com\/wp-content\/uploads\/2025\/09\/\u753b\u677f-12-copy-6.jpg\" data-width=\"460\" data-height=\"613\" data-index=\"2\" data-elementor-open-lightbox=\"no\">\n\t\t\t\t\t\t\n\t\t\t\t\t\t<img loading=\"lazy\" decoding=\"async\" width=\"460\" height=\"613\" src=\"https:\/\/eauchauffage.com\/wp-content\/uploads\/2025\/09\/\u753b\u677f-12-copy-6.jpg\" class=\"attachment-full size-full\" alt=\"\u753b\u677f 12 exemplaire 6\" srcset=\"https:\/\/eauchauffage.com\/wp-content\/uploads\/2025\/09\/\u753b\u677f-12-copy-6.jpg 460w, https:\/\/eauchauffage.com\/wp-content\/uploads\/2025\/09\/\u753b\u677f-12-copy-6-225x300.jpg 225w, https:\/\/eauchauffage.com\/wp-content\/uploads\/2025\/09\/\u753b\u677f-12-copy-6-150x200.jpg 150w\" sizes=\"(max-width: 460px) 100vw, 460px\" \/>\n\t\t\t\t\t\t\t\t\t\t\t\t\t<\/a>\n\t\t\t\t\t\t\t\t\t\t\t<\/div>\n\t\t\t\t\t\t\t\t\t\t\t\t\t<\/div>\n\t\t\t\t\t<\/div>\n\t\t\t\t\t\t<\/div>\n\t\t\t\t<\/div>\n\t\t\t\t<div class=\"elementor-element elementor-element-a9810b5 elementor-widget elementor-widget-wd_text_block\" data-id=\"a9810b5\" data-element_type=\"widget\" data-widget_type=\"wd_text_block.default\">\n\t\t\t\t<div class=\"elementor-widget-container\">\n\t\t\t\t\t\t\t<div class=\"wd-text-block reset-last-child text-left\">\n\t\t\t\n\t\t\t<h4 data-start=\"1068\" data-end=\"1090\">D\u00e9tails techniques<\/h4><ul data-start=\"1091\" data-end=\"1273\"><li data-start=\"1091\" data-end=\"1145\"><p data-start=\"1093\" data-end=\"1145\">Capacit\u00e9 suffisante pour r\u00e9pondre aux demandes d'utilisation continue<\/p><\/li><li data-start=\"1146\" data-end=\"1207\"><p data-start=\"1148\" data-end=\"1207\">Conforme aux normes internationales de qualit\u00e9 et de s\u00e9curit\u00e9<\/p><\/li><li data-start=\"1208\" data-end=\"1273\"><p data-start=\"1210\" data-end=\"1273\">Fonctionnement continu avec contr\u00f4le stable de la temp\u00e9rature<\/p><\/li><\/ul>\n\t\t\t\t\t<\/div>\n\t\t\t\t\t\t<\/div>\n\t\t\t\t<\/div>\n\t\t\t\t<div class=\"elementor-element elementor-element-61d6618 wd-width-100 elementor-widget elementor-widget-wd_images_gallery\" data-id=\"61d6618\" data-element_type=\"widget\" data-widget_type=\"wd_images_gallery.default\">\n\t\t\t\t<div class=\"elementor-widget-container\">\n\t\t\t\t\t\t\t<div class=\"wd-images-gallery photoswipe-images\" style=\"--wd-align-items:center; --wd-justify-content:center;\">\n\t\t\t\t\t\t<div class=\"wd-grid-g\" style=\"--wd-col-lg:2;--wd-col-md:2;--wd-col-sm:1;--wd-gap-lg:0px;\" >\n\t\t\t\t\t\t\t\t\t\t\t\t\t\t\t\t\t\t<div class=\"wd-gallery-item wd-col\">\n\t\t\t\t\t\t\t\t\t\t\t\t\t<a  href=\"https:\/\/eauchauffage.com\/wp-content\/uploads\/2025\/09\/\u753b\u677f-12-copy-10.jpg\" data-width=\"459\" data-height=\"613\" data-index=\"1\" data-elementor-open-lightbox=\"no\">\n\t\t\t\t\t\t\n\t\t\t\t\t\t<img loading=\"lazy\" decoding=\"async\" width=\"459\" height=\"613\" src=\"https:\/\/eauchauffage.com\/wp-content\/uploads\/2025\/09\/\u753b\u677f-12-copy-10.jpg\" class=\"attachment-full size-full\" alt=\"\u753b\u677f 12 exemplaire 10\" srcset=\"https:\/\/eauchauffage.com\/wp-content\/uploads\/2025\/09\/\u753b\u677f-12-copy-10.jpg 459w, https:\/\/eauchauffage.com\/wp-content\/uploads\/2025\/09\/\u753b\u677f-12-copy-10-225x300.jpg 225w, https:\/\/eauchauffage.com\/wp-content\/uploads\/2025\/09\/\u753b\u677f-12-copy-10-150x200.jpg 150w\" sizes=\"(max-width: 459px) 100vw, 459px\" \/>\n\t\t\t\t\t\t\t\t\t\t\t\t\t<\/a>\n\t\t\t\t\t\t\t\t\t\t\t<\/div>\n\t\t\t\t\t\t\t\t\t\t\t\t\t\t\t<div class=\"wd-gallery-item wd-col\">\n\t\t\t\t\t\t\t\t\t\t\t\t\t<a  href=\"https:\/\/eauchauffage.com\/wp-content\/uploads\/2025\/09\/\u753b\u677f-12-copy-11.jpg\" data-width=\"459\" data-height=\"614\" data-index=\"2\" data-elementor-open-lightbox=\"no\">\n\t\t\t\t\t\t\n\t\t\t\t\t\t<img loading=\"lazy\" decoding=\"async\" width=\"459\" height=\"614\" src=\"https:\/\/eauchauffage.com\/wp-content\/uploads\/2025\/09\/\u753b\u677f-12-copy-11.jpg\" class=\"attachment-full size-full\" alt=\"\u753b\u677f 12 exemplaire 11\" srcset=\"https:\/\/eauchauffage.com\/wp-content\/uploads\/2025\/09\/\u753b\u677f-12-copy-11.jpg 459w, https:\/\/eauchauffage.com\/wp-content\/uploads\/2025\/09\/\u753b\u677f-12-copy-11-224x300.jpg 224w, https:\/\/eauchauffage.com\/wp-content\/uploads\/2025\/09\/\u753b\u677f-12-copy-11-150x201.jpg 150w\" sizes=\"(max-width: 459px) 100vw, 459px\" \/>\n\t\t\t\t\t\t\t\t\t\t\t\t\t<\/a>\n\t\t\t\t\t\t\t\t\t\t\t<\/div>\n\t\t\t\t\t\t\t\t\t\t\t\t\t<\/div>\n\t\t\t\t\t<\/div>\n\t\t\t\t\t\t<\/div>\n\t\t\t\t<\/div>\n\t\t\t\t\t<\/div>\n\t\t\t\t<\/div>\n\t\t\t\t<\/div>","protected":false},"excerpt":{"rendered":"<p data-start=\"77\" data-end=\"111\"><strong>EC0880E Chauffe-eau \u00e9lectrique<\/strong><\/p>\n<p data-start=\"113\" data-end=\"174\">La solution parfaite pour obtenir de l'eau chaude rapidement et efficacement \u00e0 tout moment.<\/p>\n<ul data-start=\"176\" data-end=\"410\">\n<li data-start=\"176\" data-end=\"228\">\n<p data-start=\"178\" data-end=\"228\">Chauffage rapide avec une consommation d'\u00e9nergie \u00e9conomique<\/p>\n<\/li>\n<li data-start=\"229\" data-end=\"292\">\n<p data-start=\"231\" data-end=\"292\">Conception compacte adapt\u00e9e aux habitations et aux installations commerciales<\/p>\n<\/li>\n<li data-start=\"293\" data-end=\"352\">\n<p data-start=\"295\" data-end=\"352\">Protection compl\u00e8te contre la surchauffe et la surpression<\/p>\n<\/li>\n<li data-start=\"353\" data-end=\"410\">\n<p data-start=\"355\" data-end=\"410\">Durabilit\u00e9 \u00e0 long terme gr\u00e2ce \u00e0 des mat\u00e9riaux r\u00e9sistants \u00e0 la rouille<\/p>\n<\/li>\n<\/ul>\n<p data-start=\"412\" data-end=\"484\"><strong data-start=\"412\" data-end=\"482\">Le choix id\u00e9al pour les cuisines, les salles de bains, les h\u00f4tels et les restaurants.<\/strong><\/p>","protected":false},"featured_media":11069,"comment_status":"open","ping_status":"closed","template":"","meta":[],"product_brand":[],"product_cat":[166],"product_tag":[],"class_list":{"0":"post-1408","1":"product","2":"type-product","3":"status-publish","4":"has-post-thumbnail","6":"product_cat-instantaneous","8":"first","9":"instock","10":"shipping-taxable","11":"product-type-simple"},"_links":{"self":[{"href":"https:\/\/eauchauffage.com\/fr\/wp-json\/wp\/v2\/product\/1408","targetHints":{"allow":["GET"]}}],"collection":[{"href":"https:\/\/eauchauffage.com\/fr\/wp-json\/wp\/v2\/product"}],"about":[{"href":"https:\/\/eauchauffage.com\/fr\/wp-json\/wp\/v2\/types\/product"}],"replies":[{"embeddable":true,"href":"https:\/\/eauchauffage.com\/fr\/wp-json\/wp\/v2\/comments?post=1408"}],"version-history":[{"count":16,"href":"https:\/\/eauchauffage.com\/fr\/wp-json\/wp\/v2\/product\/1408\/revisions"}],"predecessor-version":[{"id":12119,"href":"https:\/\/eauchauffage.com\/fr\/wp-json\/wp\/v2\/product\/1408\/revisions\/12119"}],"wp:featuredmedia":[{"embeddable":true,"href":"https:\/\/eauchauffage.com\/fr\/wp-json\/wp\/v2\/media\/11069"}],"wp:attachment":[{"href":"https:\/\/eauchauffage.com\/fr\/wp-json\/wp\/v2\/media?parent=1408"}],"wp:term":[{"taxonomy":"product_brand","embeddable":true,"href":"https:\/\/eauchauffage.com\/fr\/wp-json\/wp\/v2\/product_brand?post=1408"},{"taxonomy":"product_cat","embeddable":true,"href":"https:\/\/eauchauffage.com\/fr\/wp-json\/wp\/v2\/product_cat?post=1408"},{"taxonomy":"product_tag","embeddable":true,"href":"https:\/\/eauchauffage.com\/fr\/wp-json\/wp\/v2\/product_tag?post=1408"}],"curies":[{"name":"wp","href":"https:\/\/api.w.org\/{rel}","templated":true}]}}