{"id":11866,"date":"2025-09-23T16:49:51","date_gmt":"2025-09-23T16:49:51","guid":{"rendered":"https:\/\/eauchauffage.com\/?post_type=product&#038;p=11866"},"modified":"2025-09-27T09:45:50","modified_gmt":"2025-09-27T09:45:50","slug":"swh-chauffe-eau-solaire-en-acier-inoxydable-a-haute-pression","status":"publish","type":"product","link":"https:\/\/eauchauffage.com\/fr\/product\/swh-high-pressurized-stainless-steel-solar-water-heater\/","title":{"rendered":"SWH Chauffe-eau solaire haute pression en acier inoxydable"},"content":{"rendered":"<div data-elementor-type=\"wp-post\" data-elementor-id=\"11866\" class=\"elementor elementor-11866\">\n\t\t\t\t<div class=\"wd-negative-gap elementor-element elementor-element-faf21d6 e-grid e-con-boxed e-con e-parent\" data-id=\"faf21d6\" data-element_type=\"container\">\n\t\t\t\t\t<div class=\"e-con-inner\">\n\t\t\t\t<div class=\"elementor-element elementor-element-335b0a9 elementor-widget elementor-widget-wd_text_block\" data-id=\"335b0a9\" data-element_type=\"widget\" data-widget_type=\"wd_text_block.default\">\n\t\t\t\t<div class=\"elementor-widget-container\">\n\t\t\t\t\t\t\t<div class=\"wd-text-block reset-last-child text-left\">\n\t\t\t\n\t\t\t<p data-start=\"727\" data-end=\"1071\">Les <strong data-start=\"731\" data-end=\"786\">Chauffe-eau solaire en acier inoxydable \u00e0 haute pression<\/strong> est con\u00e7u pour fournir une eau chaude efficace, \u00e9cologique et fiable gr\u00e2ce \u00e0 l'\u00e9nergie solaire. Construit avec un r\u00e9servoir en acier inoxydable durable et soutenu par un syst\u00e8me d'alimentation en \u00e9nergie solaire, il est con\u00e7u pour fournir une eau chaude efficace, \u00e9cologique et fiable. <strong data-start=\"939\" data-end=\"972\">Cadre en aluminium renforc\u00e9 de 7 cm<\/strong>, Il garantit la stabilit\u00e9, une grande tol\u00e9rance \u00e0 la pression et des performances \u00e0 long terme dans diff\u00e9rents climats.<\/p><h4 data-start=\"1073\" data-end=\"1091\"><strong data-start=\"1077\" data-end=\"1089\">Caract\u00e9ristiques :<\/strong><\/h4><ul data-start=\"1092\" data-end=\"1581\"><li data-start=\"1092\" data-end=\"1168\"><p data-start=\"1094\" data-end=\"1168\"><strong data-start=\"1094\" data-end=\"1130\">R\u00e9servoir pressuris\u00e9 en acier inoxydable<\/strong> pour une durabilit\u00e9 et une hygi\u00e8ne maximales.<\/p><\/li><li data-start=\"1169\" data-end=\"1237\"><p data-start=\"1171\" data-end=\"1237\"><strong data-start=\"1171\" data-end=\"1193\">Cadre en aluminium de 7 cm<\/strong> offre une r\u00e9sistance et une stabilit\u00e9 sup\u00e9rieures.<\/p><\/li><li data-start=\"1238\" data-end=\"1336\"><p data-start=\"1240\" data-end=\"1336\"><strong data-start=\"1240\" data-end=\"1265\">Une solution \u00e9cologique<\/strong> qui r\u00e9duit les co\u00fbts d'\u00e9lectricit\u00e9 en s'appuyant sur l'\u00e9nergie solaire renouvelable.<\/p><\/li><li data-start=\"1337\" data-end=\"1427\"><p data-start=\"1339\" data-end=\"1427\"><strong data-start=\"1339\" data-end=\"1370\">Approvisionnement continu en eau chaude<\/strong> tout au long de l'ann\u00e9e avec une excellente isolation thermique.<\/p><\/li><li data-start=\"1428\" data-end=\"1518\"><p data-start=\"1430\" data-end=\"1518\"><strong data-start=\"1430\" data-end=\"1454\">Conception haute pression<\/strong> convient aux syst\u00e8mes d'eau modernes, r\u00e9sidentiels et commerciaux.<\/p><\/li><li data-start=\"1519\" data-end=\"1581\"><p data-start=\"1521\" data-end=\"1581\"><strong data-start=\"1521\" data-end=\"1554\">Mat\u00e9riaux r\u00e9sistants \u00e0 la corrosion<\/strong> garantissent une utilisation durable.<\/p><\/li><\/ul><h4 data-start=\"1583\" data-end=\"1610\"><strong data-start=\"1587\" data-end=\"1608\">D\u00e9tails techniques :<\/strong><\/h4><ul data-start=\"1611\" data-end=\"1917\"><li data-start=\"1611\" data-end=\"1660\"><p data-start=\"1613\" data-end=\"1660\"><strong data-start=\"1613\" data-end=\"1631\">Mat\u00e9riau du r\u00e9servoir :<\/strong> Acier inoxydable de haute qualit\u00e9<\/p><\/li><li data-start=\"1661\" data-end=\"1728\"><p data-start=\"1663\" data-end=\"1728\"><strong data-start=\"1663\" data-end=\"1673\">Cadre :<\/strong> Aluminium renforc\u00e9 de 7 cm pour la durabilit\u00e9 et la stabilit\u00e9<\/p><\/li><li data-start=\"1729\" data-end=\"1785\"><p data-start=\"1731\" data-end=\"1785\"><strong data-start=\"1731\" data-end=\"1750\">Type de fonctionnement :<\/strong> Syst\u00e8me de chauffage solaire sous pression<\/p><\/li><li data-start=\"1786\" data-end=\"1845\"><p data-start=\"1788\" data-end=\"1845\"><strong data-start=\"1788\" data-end=\"1805\">Applications :<\/strong> Con\u00e7u pour une utilisation individuelle ou en groupe<\/p><\/li><li data-start=\"1846\" data-end=\"1917\"><p data-start=\"1848\" data-end=\"1917\"><strong data-start=\"1848\" data-end=\"1864\">Performance :<\/strong> Fournit de l'eau chaude stable avec un co\u00fbt \u00e9nerg\u00e9tique minimal<\/p><\/li><\/ul><h4 data-start=\"1919\" data-end=\"1947\"><strong data-start=\"1923\" data-end=\"1945\">Applications id\u00e9ales :<\/strong><\/h4><ul data-start=\"1948\" data-end=\"2092\"><li data-start=\"1948\" data-end=\"1968\"><p data-start=\"1950\" data-end=\"1968\">Maisons et villas<\/p><\/li><li data-start=\"1969\" data-end=\"1999\"><p data-start=\"1971\" data-end=\"1999\">H\u00f4tels et stations touristiques<\/p><\/li><li data-start=\"2000\" data-end=\"2028\"><p data-start=\"2002\" data-end=\"2028\">\u00c9coles et universit\u00e9s<\/p><\/li><li data-start=\"2029\" data-end=\"2067\"><p data-start=\"2031\" data-end=\"2067\">Restaurants et services<\/p><\/li><li data-start=\"2068\" data-end=\"2092\"><p data-start=\"2070\" data-end=\"2092\">B\u00e2timents commerciaux<\/p><\/li><\/ul>\n\t\t\t\t\t<\/div>\n\t\t\t\t\t\t<\/div>\n\t\t\t\t<\/div>\n\t\t\t\t<div class=\"elementor-element elementor-element-8c10d68 elementor-widget elementor-widget-wd_image_or_svg\" data-id=\"8c10d68\" data-element_type=\"widget\" data-widget_type=\"wd_image_or_svg.default\">\n\t\t\t\t<div class=\"elementor-widget-container\">\n\t\t\t\t\t\n\t\t<div class=\"wd-image text-center\">\n\t\t\t\t\t\t\t\t<img fetchpriority=\"high\" decoding=\"async\" width=\"558\" height=\"782\" src=\"https:\/\/eauchauffage.com\/wp-content\/uploads\/2025\/09\/High-pressurized-stainless-steel-with-7cm-frame-solar-water-heaters.jpg\" class=\"attachment-full size-full\" alt=\"\" srcset=\"https:\/\/eauchauffage.com\/wp-content\/uploads\/2025\/09\/High-pressurized-stainless-steel-with-7cm-frame-solar-water-heaters.jpg 558w, https:\/\/eauchauffage.com\/wp-content\/uploads\/2025\/09\/High-pressurized-stainless-steel-with-7cm-frame-solar-water-heaters-214x300.jpg 214w, https:\/\/eauchauffage.com\/wp-content\/uploads\/2025\/09\/High-pressurized-stainless-steel-with-7cm-frame-solar-water-heaters-150x210.jpg 150w\" sizes=\"(max-width: 558px) 100vw, 558px\" \/>\t\t\t\t\t<\/div>\n\n\t\t\t\t\t\t<\/div>\n\t\t\t\t<\/div>\n\t\t\t\t\t<\/div>\n\t\t\t\t<\/div>\n\t\t\t\t<\/div>","protected":false},"excerpt":{"rendered":"<h4 data-start=\"102\" data-end=\"131\">SWH <strong data-start=\"179\" data-end=\"254\">Chauffe-eau solaire en acier inoxydable \u00e0 haute pression<\/strong><\/h4>\n<ul data-start=\"257\" data-end=\"564\">\n<li data-start=\"257\" data-end=\"324\">\n<p data-start=\"259\" data-end=\"324\">Syst\u00e8me avanc\u00e9 de chauffage solaire de l'eau avec <strong data-start=\"300\" data-end=\"322\">Cadre en aluminium de 7 cm<\/strong><\/p>\n<\/li>\n<li data-start=\"325\" data-end=\"398\">\n<p data-start=\"327\" data-end=\"398\"><strong data-start=\"327\" data-end=\"365\">R\u00e9servoir haute pression en acier inoxydable<\/strong> pour la durabilit\u00e9 et la fiabilit\u00e9<\/p>\n<\/li>\n<li data-start=\"399\" data-end=\"460\">\n<p data-start=\"401\" data-end=\"460\">Fournit de l'eau chaude en continu gr\u00e2ce \u00e0 l'\u00e9nergie solaire renouvelable<\/p>\n<\/li>\n<li data-start=\"461\" data-end=\"502\">\n<p data-start=\"463\" data-end=\"502\">Conception \u00e9conome en \u00e9nergie et respectueuse de l'environnement<\/p>\n<\/li>\n<li data-start=\"503\" data-end=\"564\">\n<p data-start=\"505\" data-end=\"564\">Convient aux applications r\u00e9sidentielles et commerciales<\/p>\n<\/li>\n<\/ul>\n<p data-start=\"566\" data-end=\"640\"><strong data-start=\"566\" data-end=\"638\">Parfait pour les maisons, les h\u00f4tels, les centres de vill\u00e9giature, les \u00e9coles et les installations de service.<\/strong><\/p>","protected":false},"featured_media":11867,"comment_status":"open","ping_status":"closed","template":"","meta":[],"product_brand":[],"product_cat":[205,242],"product_tag":[],"class_list":{"0":"post-11866","1":"product","2":"type-product","3":"status-publish","4":"has-post-thumbnail","6":"product_cat-renewable-energy","7":"product_cat-solar-water-heater","9":"first","10":"instock","11":"shipping-taxable","12":"product-type-simple"},"_links":{"self":[{"href":"https:\/\/eauchauffage.com\/fr\/wp-json\/wp\/v2\/product\/11866","targetHints":{"allow":["GET"]}}],"collection":[{"href":"https:\/\/eauchauffage.com\/fr\/wp-json\/wp\/v2\/product"}],"about":[{"href":"https:\/\/eauchauffage.com\/fr\/wp-json\/wp\/v2\/types\/product"}],"replies":[{"embeddable":true,"href":"https:\/\/eauchauffage.com\/fr\/wp-json\/wp\/v2\/comments?post=11866"}],"version-history":[{"count":5,"href":"https:\/\/eauchauffage.com\/fr\/wp-json\/wp\/v2\/product\/11866\/revisions"}],"predecessor-version":[{"id":12036,"href":"https:\/\/eauchauffage.com\/fr\/wp-json\/wp\/v2\/product\/11866\/revisions\/12036"}],"wp:featuredmedia":[{"embeddable":true,"href":"https:\/\/eauchauffage.com\/fr\/wp-json\/wp\/v2\/media\/11867"}],"wp:attachment":[{"href":"https:\/\/eauchauffage.com\/fr\/wp-json\/wp\/v2\/media?parent=11866"}],"wp:term":[{"taxonomy":"product_brand","embeddable":true,"href":"https:\/\/eauchauffage.com\/fr\/wp-json\/wp\/v2\/product_brand?post=11866"},{"taxonomy":"product_cat","embeddable":true,"href":"https:\/\/eauchauffage.com\/fr\/wp-json\/wp\/v2\/product_cat?post=11866"},{"taxonomy":"product_tag","embeddable":true,"href":"https:\/\/eauchauffage.com\/fr\/wp-json\/wp\/v2\/product_tag?post=11866"}],"curies":[{"name":"wp","href":"https:\/\/api.w.org\/{rel}","templated":true}]}}