{"id":11851,"date":"2025-09-23T16:45:20","date_gmt":"2025-09-23T16:45:20","guid":{"rendered":"https:\/\/eauchauffage.com\/?post_type=product&#038;p=11851"},"modified":"2025-09-27T09:46:48","modified_gmt":"2025-09-27T09:46:48","slug":"ec01-60","status":"publish","type":"product","link":"https:\/\/eauchauffage.com\/fr\/product\/ec01-60\/","title":{"rendered":"EC01-60"},"content":{"rendered":"<div data-elementor-type=\"wp-post\" data-elementor-id=\"11851\" class=\"elementor elementor-11851\">\n\t\t\t\t<div class=\"wd-negative-gap elementor-element elementor-element-7963147d e-flex e-con-boxed e-con e-parent\" data-id=\"7963147d\" data-element_type=\"container\">\n\t\t\t\t\t<div class=\"e-con-inner\">\n\t\t\t\t<div class=\"elementor-element elementor-element-569b8cc8 elementor-widget elementor-widget-wd_text_block\" data-id=\"569b8cc8\" data-element_type=\"widget\" data-widget_type=\"wd_text_block.default\">\n\t\t\t\t<div class=\"elementor-widget-container\">\n\t\t\t\t\t\t\t<div class=\"wd-text-block reset-last-child text-left\">\n\t\t\t\n\t\t\t<p data-start=\"573\" data-end=\"990\">Les <strong data-start=\"577\" data-end=\"610\">EC01-60 Chauffe-eau \u00e9lectrique<\/strong> est con\u00e7u pour fournir de l'eau chaude de mani\u00e8re efficace et fiable pour une utilisation r\u00e9sidentielle et commerciale. Gr\u00e2ce \u00e0 sa construction compacte et \u00e0 son syst\u00e8me de chauffage haute performance, il assure un approvisionnement constant en eau chaude dans une plage confortable de 38\u00b0C \u00e0 42\u00b0C. Sa construction durable et ses syst\u00e8mes de s\u00e9curit\u00e9 int\u00e9gr\u00e9s en font un choix fiable pour les cuisines, les salles de bains et les installations de service.<\/p>\n\t\t\t\t\t<\/div>\n\t\t\t\t\t\t<\/div>\n\t\t\t\t<\/div>\n\t\t\t\t<div class=\"elementor-element elementor-element-29c2306 wd-width-100 elementor-widget elementor-widget-wd_images_gallery\" data-id=\"29c2306\" data-element_type=\"widget\" data-widget_type=\"wd_images_gallery.default\">\n\t\t\t\t<div class=\"elementor-widget-container\">\n\t\t\t\t\t\t\t<div class=\"wd-images-gallery photoswipe-images\" style=\"--wd-align-items:center; --wd-justify-content:center;\">\n\t\t\t\t\t\t<div class=\"wd-grid-g\" style=\"--wd-col-lg:2;--wd-col-md:2;--wd-col-sm:1;--wd-gap-lg:0px;\" >\n\t\t\t\t\t\t\t\t\t\t\t\t\t\t\t\t\t\t<div class=\"wd-gallery-item wd-col\">\n\t\t\t\t\t\t\t\t\t\t\t\t\t<a  href=\"https:\/\/eauchauffage.com\/wp-content\/uploads\/2025\/09\/\u753b\u677f-12-copy-4-2.jpg\" data-width=\"460\" data-height=\"613\" data-index=\"1\" data-elementor-open-lightbox=\"no\">\n\t\t\t\t\t\t\n\t\t\t\t\t\t<img fetchpriority=\"high\" decoding=\"async\" width=\"460\" height=\"613\" src=\"https:\/\/eauchauffage.com\/wp-content\/uploads\/2025\/09\/\u753b\u677f-12-copy-4-2.jpg\" class=\"attachment-full size-full\" alt=\"\u753b\u677f 12 exemplaire 4\" srcset=\"https:\/\/eauchauffage.com\/wp-content\/uploads\/2025\/09\/\u753b\u677f-12-copy-4-2.jpg 460w, https:\/\/eauchauffage.com\/wp-content\/uploads\/2025\/09\/\u753b\u677f-12-copy-4-2-225x300.jpg 225w, https:\/\/eauchauffage.com\/wp-content\/uploads\/2025\/09\/\u753b\u677f-12-copy-4-2-150x200.jpg 150w\" sizes=\"(max-width: 460px) 100vw, 460px\" \/>\n\t\t\t\t\t\t\t\t\t\t\t\t\t<\/a>\n\t\t\t\t\t\t\t\t\t\t\t<\/div>\n\t\t\t\t\t\t\t\t\t\t\t\t\t\t\t<div class=\"wd-gallery-item wd-col\">\n\t\t\t\t\t\t\t\t\t\t\t\t\t<a  href=\"https:\/\/eauchauffage.com\/wp-content\/uploads\/2025\/09\/\u753b\u677f-12-copy-5-2.jpg\" data-width=\"460\" data-height=\"613\" data-index=\"2\" data-elementor-open-lightbox=\"no\">\n\t\t\t\t\t\t\n\t\t\t\t\t\t<img decoding=\"async\" width=\"460\" height=\"613\" src=\"https:\/\/eauchauffage.com\/wp-content\/uploads\/2025\/09\/\u753b\u677f-12-copy-5-2.jpg\" class=\"attachment-full size-full\" alt=\"\u753b\u677f 12 exemplaire 5\" srcset=\"https:\/\/eauchauffage.com\/wp-content\/uploads\/2025\/09\/\u753b\u677f-12-copy-5-2.jpg 460w, https:\/\/eauchauffage.com\/wp-content\/uploads\/2025\/09\/\u753b\u677f-12-copy-5-2-225x300.jpg 225w, https:\/\/eauchauffage.com\/wp-content\/uploads\/2025\/09\/\u753b\u677f-12-copy-5-2-150x200.jpg 150w\" sizes=\"(max-width: 460px) 100vw, 460px\" \/>\n\t\t\t\t\t\t\t\t\t\t\t\t\t<\/a>\n\t\t\t\t\t\t\t\t\t\t\t<\/div>\n\t\t\t\t\t\t\t\t\t\t\t\t\t<\/div>\n\t\t\t\t\t<\/div>\n\t\t\t\t\t\t<\/div>\n\t\t\t\t<\/div>\n\t\t\t\t<div class=\"elementor-element elementor-element-09cdb09 elementor-widget elementor-widget-wd_text_block\" data-id=\"09cdb09\" data-element_type=\"widget\" data-widget_type=\"wd_text_block.default\">\n\t\t\t\t<div class=\"elementor-widget-container\">\n\t\t\t\t\t\t\t<div class=\"wd-text-block reset-last-child text-left\">\n\t\t\t\n\t\t\t<h4 data-start=\"992\" data-end=\"1010\"><strong data-start=\"996\" data-end=\"1008\">Caract\u00e9ristiques :<\/strong><\/h4><ul data-start=\"1011\" data-end=\"1430\"><li data-start=\"1011\" data-end=\"1081\"><p data-start=\"1013\" data-end=\"1081\"><strong data-start=\"1013\" data-end=\"1055\">Temp\u00e9rature stable de l'eau (38\u00b0C - 42\u00b0C)<\/strong> pour un confort permanent.<\/p><\/li><li data-start=\"1082\" data-end=\"1143\"><p data-start=\"1084\" data-end=\"1143\"><strong data-start=\"1084\" data-end=\"1112\">Technologie de chauffage rapide<\/strong> avec une grande efficacit\u00e9 \u00e9nerg\u00e9tique.<\/p><\/li><li data-start=\"1144\" data-end=\"1224\"><p data-start=\"1146\" data-end=\"1224\"><strong data-start=\"1146\" data-end=\"1164\">Syst\u00e8me de s\u00e9curit\u00e9 :<\/strong> protection contre la surchauffe et la surpression de l'eau.<\/p><\/li><li data-start=\"1225\" data-end=\"1307\"><p data-start=\"1227\" data-end=\"1307\"><strong data-start=\"1227\" data-end=\"1264\">R\u00e9servoir durable et r\u00e9sistant \u00e0 la corrosion<\/strong> avec rev\u00eatement en \u00e9mail et anode en magn\u00e9sium.<\/p><\/li><li data-start=\"1308\" data-end=\"1366\"><p data-start=\"1310\" data-end=\"1366\"><strong data-start=\"1310\" data-end=\"1328\">Isolation PUF<\/strong> r\u00e9duit les pertes de chaleur et \u00e9conomise l'\u00e9nergie.<\/p><\/li><li data-start=\"1367\" data-end=\"1430\"><p data-start=\"1369\" data-end=\"1430\"><strong data-start=\"1369\" data-end=\"1401\">Conception compacte et pratique<\/strong> pour une installation flexible.<\/p><\/li><\/ul>\n\t\t\t\t\t<\/div>\n\t\t\t\t\t\t<\/div>\n\t\t\t\t<\/div>\n\t\t\t\t<div class=\"elementor-element elementor-element-6a81a51 wd-width-100 elementor-widget elementor-widget-wd_images_gallery\" data-id=\"6a81a51\" data-element_type=\"widget\" data-widget_type=\"wd_images_gallery.default\">\n\t\t\t\t<div class=\"elementor-widget-container\">\n\t\t\t\t\t\t\t<div class=\"wd-images-gallery photoswipe-images\" style=\"--wd-align-items:center; --wd-justify-content:center;\">\n\t\t\t\t\t\t<div class=\"wd-grid-g\" style=\"--wd-col-lg:2;--wd-col-md:2;--wd-col-sm:1;--wd-gap-lg:0px;\" >\n\t\t\t\t\t\t\t\t\t\t\t\t\t\t\t\t\t\t<div class=\"wd-gallery-item wd-col\">\n\t\t\t\t\t\t\t\t\t\t\t\t\t<a  href=\"https:\/\/eauchauffage.com\/wp-content\/uploads\/2025\/09\/\u753b\u677f-12-copy-7-2.jpg\" data-width=\"460\" data-height=\"614\" data-index=\"1\" data-elementor-open-lightbox=\"no\">\n\t\t\t\t\t\t\n\t\t\t\t\t\t<img decoding=\"async\" width=\"460\" height=\"614\" src=\"https:\/\/eauchauffage.com\/wp-content\/uploads\/2025\/09\/\u753b\u677f-12-copy-7-2.jpg\" class=\"attachment-full size-full\" alt=\"\u753b\u677f 12 exemplaire 7\" srcset=\"https:\/\/eauchauffage.com\/wp-content\/uploads\/2025\/09\/\u753b\u677f-12-copy-7-2.jpg 460w, https:\/\/eauchauffage.com\/wp-content\/uploads\/2025\/09\/\u753b\u677f-12-copy-7-2-225x300.jpg 225w, https:\/\/eauchauffage.com\/wp-content\/uploads\/2025\/09\/\u753b\u677f-12-copy-7-2-150x200.jpg 150w\" sizes=\"(max-width: 460px) 100vw, 460px\" \/>\n\t\t\t\t\t\t\t\t\t\t\t\t\t<\/a>\n\t\t\t\t\t\t\t\t\t\t\t<\/div>\n\t\t\t\t\t\t\t\t\t\t\t\t\t\t\t<div class=\"wd-gallery-item wd-col\">\n\t\t\t\t\t\t\t\t\t\t\t\t\t<a  href=\"https:\/\/eauchauffage.com\/wp-content\/uploads\/2025\/09\/\u753b\u677f-12-copy-6-2.jpg\" data-width=\"460\" data-height=\"613\" data-index=\"2\" data-elementor-open-lightbox=\"no\">\n\t\t\t\t\t\t\n\t\t\t\t\t\t<img loading=\"lazy\" decoding=\"async\" width=\"460\" height=\"613\" src=\"https:\/\/eauchauffage.com\/wp-content\/uploads\/2025\/09\/\u753b\u677f-12-copy-6-2.jpg\" class=\"attachment-full size-full\" alt=\"\u753b\u677f 12 exemplaire 6\" srcset=\"https:\/\/eauchauffage.com\/wp-content\/uploads\/2025\/09\/\u753b\u677f-12-copy-6-2.jpg 460w, https:\/\/eauchauffage.com\/wp-content\/uploads\/2025\/09\/\u753b\u677f-12-copy-6-2-225x300.jpg 225w, https:\/\/eauchauffage.com\/wp-content\/uploads\/2025\/09\/\u753b\u677f-12-copy-6-2-150x200.jpg 150w\" sizes=\"(max-width: 460px) 100vw, 460px\" \/>\n\t\t\t\t\t\t\t\t\t\t\t\t\t<\/a>\n\t\t\t\t\t\t\t\t\t\t\t<\/div>\n\t\t\t\t\t\t\t\t\t\t\t\t\t<\/div>\n\t\t\t\t\t<\/div>\n\t\t\t\t\t\t<\/div>\n\t\t\t\t<\/div>\n\t\t\t\t<div class=\"elementor-element elementor-element-ebbfac2 elementor-widget elementor-widget-wd_text_block\" data-id=\"ebbfac2\" data-element_type=\"widget\" data-widget_type=\"wd_text_block.default\">\n\t\t\t\t<div class=\"elementor-widget-container\">\n\t\t\t\t\t\t\t<div class=\"wd-text-block reset-last-child text-left\">\n\t\t\t\n\t\t\t<h4 data-start=\"1432\" data-end=\"1459\"><strong data-start=\"1436\" data-end=\"1457\">D\u00e9tails techniques :<\/strong><\/h4><ul data-start=\"1460\" data-end=\"1721\"><li data-start=\"1460\" data-end=\"1498\"><p data-start=\"1462\" data-end=\"1498\"><strong data-start=\"1462\" data-end=\"1484\">Plage de temp\u00e9rature :<\/strong> 38\u00b0C - 42\u00b0C<\/p><\/li><li data-start=\"1499\" data-end=\"1524\"><p data-start=\"1501\" data-end=\"1524\"><strong data-start=\"1501\" data-end=\"1513\">Tension :<\/strong> 220-240V<\/p><\/li><li data-start=\"1525\" data-end=\"1553\"><p data-start=\"1527\" data-end=\"1553\"><strong data-start=\"1527\" data-end=\"1541\">Fr\u00e9quence :<\/strong> 50Hz\/60Hz<\/p><\/li><li data-start=\"1554\" data-end=\"1589\"><p data-start=\"1556\" data-end=\"1589\"><strong data-start=\"1556\" data-end=\"1579\">Pression de fonctionnement :<\/strong> 0,7 MPa<\/p><\/li><li data-start=\"1590\" data-end=\"1657\"><p data-start=\"1592\" data-end=\"1657\"><strong data-start=\"1592\" data-end=\"1605\">Capacit\u00e9 :<\/strong> convient pour l'ensemble de la maison et les petites entreprises<\/p><\/li><li data-start=\"1658\" data-end=\"1721\"><p data-start=\"1660\" data-end=\"1721\"><strong data-start=\"1660\" data-end=\"1719\">Certifi\u00e9 conforme aux normes internationales de s\u00e9curit\u00e9 et de qualit\u00e9<\/strong><\/p><\/li><\/ul>\n\t\t\t\t\t<\/div>\n\t\t\t\t\t\t<\/div>\n\t\t\t\t<\/div>\n\t\t\t\t<div class=\"elementor-element elementor-element-45461c6 wd-width-100 elementor-widget elementor-widget-wd_images_gallery\" data-id=\"45461c6\" data-element_type=\"widget\" data-widget_type=\"wd_images_gallery.default\">\n\t\t\t\t<div class=\"elementor-widget-container\">\n\t\t\t\t\t\t\t<div class=\"wd-images-gallery photoswipe-images\" style=\"--wd-align-items:center; --wd-justify-content:center;\">\n\t\t\t\t\t\t<div class=\"wd-grid-g\" style=\"--wd-col-lg:2;--wd-col-md:2;--wd-col-sm:1;--wd-gap-lg:0px;\" >\n\t\t\t\t\t\t\t\t\t\t\t\t\t\t\t\t\t\t<div class=\"wd-gallery-item wd-col\">\n\t\t\t\t\t\t\t\t\t\t\t\t\t<a  href=\"https:\/\/eauchauffage.com\/wp-content\/uploads\/2025\/09\/\u753b\u677f-12-copy-9-2.jpg\" data-width=\"459\" data-height=\"614\" data-index=\"1\" data-elementor-open-lightbox=\"no\">\n\t\t\t\t\t\t\n\t\t\t\t\t\t<img loading=\"lazy\" decoding=\"async\" width=\"459\" height=\"614\" src=\"https:\/\/eauchauffage.com\/wp-content\/uploads\/2025\/09\/\u753b\u677f-12-copy-9-2.jpg\" class=\"attachment-full size-full\" alt=\"\u753b\u677f 12 exemplaire 9\" srcset=\"https:\/\/eauchauffage.com\/wp-content\/uploads\/2025\/09\/\u753b\u677f-12-copy-9-2.jpg 459w, https:\/\/eauchauffage.com\/wp-content\/uploads\/2025\/09\/\u753b\u677f-12-copy-9-2-224x300.jpg 224w, https:\/\/eauchauffage.com\/wp-content\/uploads\/2025\/09\/\u753b\u677f-12-copy-9-2-150x201.jpg 150w\" sizes=\"(max-width: 459px) 100vw, 459px\" \/>\n\t\t\t\t\t\t\t\t\t\t\t\t\t<\/a>\n\t\t\t\t\t\t\t\t\t\t\t<\/div>\n\t\t\t\t\t\t\t\t\t\t\t\t\t\t\t<div class=\"wd-gallery-item wd-col\">\n\t\t\t\t\t\t\t\t\t\t\t\t\t<a  href=\"https:\/\/eauchauffage.com\/wp-content\/uploads\/2025\/09\/\u753b\u677f-12-copy-8-2.jpg\" data-width=\"459\" data-height=\"613\" data-index=\"2\" data-elementor-open-lightbox=\"no\">\n\t\t\t\t\t\t\n\t\t\t\t\t\t<img loading=\"lazy\" decoding=\"async\" width=\"459\" height=\"613\" src=\"https:\/\/eauchauffage.com\/wp-content\/uploads\/2025\/09\/\u753b\u677f-12-copy-8-2.jpg\" class=\"attachment-full size-full\" alt=\"\u753b\u677f 12 exemplaire 8\" srcset=\"https:\/\/eauchauffage.com\/wp-content\/uploads\/2025\/09\/\u753b\u677f-12-copy-8-2.jpg 459w, https:\/\/eauchauffage.com\/wp-content\/uploads\/2025\/09\/\u753b\u677f-12-copy-8-2-225x300.jpg 225w, https:\/\/eauchauffage.com\/wp-content\/uploads\/2025\/09\/\u753b\u677f-12-copy-8-2-150x200.jpg 150w\" sizes=\"(max-width: 459px) 100vw, 459px\" \/>\n\t\t\t\t\t\t\t\t\t\t\t\t\t<\/a>\n\t\t\t\t\t\t\t\t\t\t\t<\/div>\n\t\t\t\t\t\t\t\t\t\t\t\t\t<\/div>\n\t\t\t\t\t<\/div>\n\t\t\t\t\t\t<\/div>\n\t\t\t\t<\/div>\n\t\t\t\t<div class=\"elementor-element elementor-element-a9810b5 elementor-widget elementor-widget-wd_text_block\" data-id=\"a9810b5\" data-element_type=\"widget\" data-widget_type=\"wd_text_block.default\">\n\t\t\t\t<div class=\"elementor-widget-container\">\n\t\t\t\t\t\t\t<div class=\"wd-text-block reset-last-child text-left\">\n\t\t\t\n\t\t\t<h4 data-start=\"1723\" data-end=\"1751\"><strong data-start=\"1727\" data-end=\"1749\">Applications id\u00e9ales :<\/strong><\/h4><ul data-start=\"1752\" data-end=\"1902\"><li data-start=\"1752\" data-end=\"1784\"><p data-start=\"1754\" data-end=\"1784\">Maisons (salles de bains et cuisines)<\/p><\/li><li data-start=\"1785\" data-end=\"1811\"><p data-start=\"1787\" data-end=\"1811\">H\u00f4tels et pensions<\/p><\/li><li data-start=\"1812\" data-end=\"1838\"><p data-start=\"1814\" data-end=\"1838\">Restaurants et salons<\/p><\/li><li data-start=\"1839\" data-end=\"1877\"><p data-start=\"1841\" data-end=\"1877\">\u00c9coles et \u00e9tablissements d'enseignement<\/p><\/li><li data-start=\"1878\" data-end=\"1902\"><p data-start=\"1880\" data-end=\"1902\">Blanchisseries commerciales<\/p><\/li><\/ul>\n\t\t\t\t\t<\/div>\n\t\t\t\t\t\t<\/div>\n\t\t\t\t<\/div>\n\t\t\t\t<div class=\"elementor-element elementor-element-61d6618 wd-width-100 elementor-widget elementor-widget-wd_images_gallery\" data-id=\"61d6618\" data-element_type=\"widget\" data-widget_type=\"wd_images_gallery.default\">\n\t\t\t\t<div class=\"elementor-widget-container\">\n\t\t\t\t\t\t\t<div class=\"wd-images-gallery photoswipe-images\" style=\"--wd-align-items:center; --wd-justify-content:center;\">\n\t\t\t\t\t\t<div class=\"wd-grid-g\" style=\"--wd-col-lg:2;--wd-col-md:2;--wd-col-sm:1;--wd-gap-lg:0px;\" >\n\t\t\t\t\t\t\t\t\t\t\t\t\t\t\t\t\t\t<div class=\"wd-gallery-item wd-col\">\n\t\t\t\t\t\t\t\t\t\t\t\t\t<a  href=\"https:\/\/eauchauffage.com\/wp-content\/uploads\/2025\/09\/\u753b\u677f-12-copy-10-2.jpg\" data-width=\"459\" data-height=\"613\" data-index=\"1\" data-elementor-open-lightbox=\"no\">\n\t\t\t\t\t\t\n\t\t\t\t\t\t<img loading=\"lazy\" decoding=\"async\" width=\"459\" height=\"613\" src=\"https:\/\/eauchauffage.com\/wp-content\/uploads\/2025\/09\/\u753b\u677f-12-copy-10-2.jpg\" class=\"attachment-full size-full\" alt=\"\u753b\u677f 12 exemplaire 10\" srcset=\"https:\/\/eauchauffage.com\/wp-content\/uploads\/2025\/09\/\u753b\u677f-12-copy-10-2.jpg 459w, https:\/\/eauchauffage.com\/wp-content\/uploads\/2025\/09\/\u753b\u677f-12-copy-10-2-225x300.jpg 225w, https:\/\/eauchauffage.com\/wp-content\/uploads\/2025\/09\/\u753b\u677f-12-copy-10-2-150x200.jpg 150w\" sizes=\"(max-width: 459px) 100vw, 459px\" \/>\n\t\t\t\t\t\t\t\t\t\t\t\t\t<\/a>\n\t\t\t\t\t\t\t\t\t\t\t<\/div>\n\t\t\t\t\t\t\t\t\t\t\t\t\t\t\t<div class=\"wd-gallery-item wd-col\">\n\t\t\t\t\t\t\t\t\t\t\t\t\t<a  href=\"https:\/\/eauchauffage.com\/wp-content\/uploads\/2025\/09\/\u753b\u677f-12-copy-11-2.jpg\" data-width=\"459\" data-height=\"614\" data-index=\"2\" data-elementor-open-lightbox=\"no\">\n\t\t\t\t\t\t\n\t\t\t\t\t\t<img loading=\"lazy\" decoding=\"async\" width=\"459\" height=\"614\" src=\"https:\/\/eauchauffage.com\/wp-content\/uploads\/2025\/09\/\u753b\u677f-12-copy-11-2.jpg\" class=\"attachment-full size-full\" alt=\"\u753b\u677f 12 exemplaire 11\" srcset=\"https:\/\/eauchauffage.com\/wp-content\/uploads\/2025\/09\/\u753b\u677f-12-copy-11-2.jpg 459w, https:\/\/eauchauffage.com\/wp-content\/uploads\/2025\/09\/\u753b\u677f-12-copy-11-2-224x300.jpg 224w, https:\/\/eauchauffage.com\/wp-content\/uploads\/2025\/09\/\u753b\u677f-12-copy-11-2-150x201.jpg 150w\" sizes=\"(max-width: 459px) 100vw, 459px\" \/>\n\t\t\t\t\t\t\t\t\t\t\t\t\t<\/a>\n\t\t\t\t\t\t\t\t\t\t\t<\/div>\n\t\t\t\t\t\t\t\t\t\t\t\t\t<\/div>\n\t\t\t\t\t<\/div>\n\t\t\t\t\t\t<\/div>\n\t\t\t\t<\/div>\n\t\t\t\t\t<\/div>\n\t\t\t\t<\/div>\n\t\t\t\t<\/div>","protected":false},"excerpt":{"rendered":"<h4 data-start=\"116\" data-end=\"174\"><strong data-start=\"119\" data-end=\"172\">EC01-60 Chauffe-eau \u00e9lectrique<\/strong><\/h4>\n<ul data-start=\"175\" data-end=\"418\">\n<li data-start=\"175\" data-end=\"223\">\n<p data-start=\"177\" data-end=\"223\">Fournit de l'eau chaude stable \u00e0 <strong data-start=\"206\" data-end=\"221\">38\u00b0C - 42\u00b0C<\/strong><\/p>\n<\/li>\n<li data-start=\"224\" data-end=\"271\">\n<p data-start=\"226\" data-end=\"271\">Chauffage rapide et \u00e9conomie d'\u00e9nergie<\/p>\n<\/li>\n<li data-start=\"272\" data-end=\"322\">\n<p data-start=\"274\" data-end=\"322\">S\u00e9curit\u00e9 totale : protection contre la surchauffe et la pression<\/p>\n<\/li>\n<li data-start=\"323\" data-end=\"377\">\n<p data-start=\"325\" data-end=\"377\">Construction durable avec des mat\u00e9riaux anticorrosion<\/p>\n<\/li>\n<li data-start=\"378\" data-end=\"418\">\n<p data-start=\"380\" data-end=\"418\">Conception compacte pour une installation facile<\/p>\n<\/li>\n<\/ul>\n<p data-start=\"420\" data-end=\"508\"><strong data-start=\"420\" data-end=\"506\">Parfait pour les maisons, les h\u00f4tels, les salons, les restaurants, les \u00e9coles et les blanchisseries commerciales.<\/strong><\/p>","protected":false},"featured_media":11852,"comment_status":"open","ping_status":"closed","template":"","meta":[],"product_brand":[],"product_cat":[166],"product_tag":[],"class_list":{"0":"post-11851","1":"product","2":"type-product","3":"status-publish","4":"has-post-thumbnail","6":"product_cat-instantaneous","8":"first","9":"instock","10":"shipping-taxable","11":"product-type-simple"},"_links":{"self":[{"href":"https:\/\/eauchauffage.com\/fr\/wp-json\/wp\/v2\/product\/11851","targetHints":{"allow":["GET"]}}],"collection":[{"href":"https:\/\/eauchauffage.com\/fr\/wp-json\/wp\/v2\/product"}],"about":[{"href":"https:\/\/eauchauffage.com\/fr\/wp-json\/wp\/v2\/types\/product"}],"replies":[{"embeddable":true,"href":"https:\/\/eauchauffage.com\/fr\/wp-json\/wp\/v2\/comments?post=11851"}],"version-history":[{"count":6,"href":"https:\/\/eauchauffage.com\/fr\/wp-json\/wp\/v2\/product\/11851\/revisions"}],"predecessor-version":[{"id":12037,"href":"https:\/\/eauchauffage.com\/fr\/wp-json\/wp\/v2\/product\/11851\/revisions\/12037"}],"wp:featuredmedia":[{"embeddable":true,"href":"https:\/\/eauchauffage.com\/fr\/wp-json\/wp\/v2\/media\/11852"}],"wp:attachment":[{"href":"https:\/\/eauchauffage.com\/fr\/wp-json\/wp\/v2\/media?parent=11851"}],"wp:term":[{"taxonomy":"product_brand","embeddable":true,"href":"https:\/\/eauchauffage.com\/fr\/wp-json\/wp\/v2\/product_brand?post=11851"},{"taxonomy":"product_cat","embeddable":true,"href":"https:\/\/eauchauffage.com\/fr\/wp-json\/wp\/v2\/product_cat?post=11851"},{"taxonomy":"product_tag","embeddable":true,"href":"https:\/\/eauchauffage.com\/fr\/wp-json\/wp\/v2\/product_tag?post=11851"}],"curies":[{"name":"wp","href":"https:\/\/api.w.org\/{rel}","templated":true}]}}