{"id":11837,"date":"2025-09-23T16:41:20","date_gmt":"2025-09-23T16:41:20","guid":{"rendered":"https:\/\/eauchauffage.com\/?post_type=product&#038;p=11837"},"modified":"2025-09-27T09:47:09","modified_gmt":"2025-09-27T09:47:09","slug":"ec0124e","status":"publish","type":"product","link":"https:\/\/eauchauffage.com\/fr\/product\/ec0124e\/","title":{"rendered":"EC0124E"},"content":{"rendered":"<div data-elementor-type=\"wp-post\" data-elementor-id=\"11837\" class=\"elementor elementor-11837\">\n\t\t\t\t<div class=\"wd-negative-gap elementor-element elementor-element-7963147d e-flex e-con-boxed e-con e-parent\" data-id=\"7963147d\" data-element_type=\"container\">\n\t\t\t\t\t<div class=\"e-con-inner\">\n\t\t\t\t<div class=\"elementor-element elementor-element-569b8cc8 elementor-widget elementor-widget-wd_text_block\" data-id=\"569b8cc8\" data-element_type=\"widget\" data-widget_type=\"wd_text_block.default\">\n\t\t\t\t<div class=\"elementor-widget-container\">\n\t\t\t\t\t\t\t<div class=\"wd-text-block reset-last-child text-left\">\n\t\t\t\n\t\t\t<p data-start=\"555\" data-end=\"919\">Les <strong data-start=\"559\" data-end=\"592\">EC0124E Chauffe-eau \u00e9lectrique<\/strong> est con\u00e7u pour fournir de l'eau chaude s\u00fbre, efficace et fiable pour un usage quotidien. Avec une plage de temp\u00e9rature stable de 38\u00b0C \u00e0 42\u00b0C, il offre confort et commodit\u00e9 aux m\u00e9nages et aux petites installations commerciales. Sa construction compacte et durable en fait une solution pratique pour les cuisines, les salles de bains et les zones de service.<\/p>\n\t\t\t\t\t<\/div>\n\t\t\t\t\t\t<\/div>\n\t\t\t\t<\/div>\n\t\t\t\t<div class=\"elementor-element elementor-element-29c2306 wd-width-100 elementor-widget elementor-widget-wd_images_gallery\" data-id=\"29c2306\" data-element_type=\"widget\" data-widget_type=\"wd_images_gallery.default\">\n\t\t\t\t<div class=\"elementor-widget-container\">\n\t\t\t\t\t\t\t<div class=\"wd-images-gallery photoswipe-images\" style=\"--wd-align-items:center; --wd-justify-content:center;\">\n\t\t\t\t\t\t<div class=\"wd-grid-g\" style=\"--wd-col-lg:2;--wd-col-md:2;--wd-col-sm:1;--wd-gap-lg:0px;\" >\n\t\t\t\t\t\t\t\t\t\t\t\t\t\t\t\t\t\t<div class=\"wd-gallery-item wd-col\">\n\t\t\t\t\t\t\t\t\t\t\t\t\t<a  href=\"https:\/\/eauchauffage.com\/wp-content\/uploads\/2025\/09\/Artboard-2.jpg\" data-width=\"460\" data-height=\"613\" data-index=\"1\" data-elementor-open-lightbox=\"no\">\n\t\t\t\t\t\t\n\t\t\t\t\t\t<img fetchpriority=\"high\" decoding=\"async\" width=\"460\" height=\"613\" src=\"https:\/\/eauchauffage.com\/wp-content\/uploads\/2025\/09\/Artboard-2.jpg\" class=\"attachment-full size-full\" alt=\"Artboard 2\" srcset=\"https:\/\/eauchauffage.com\/wp-content\/uploads\/2025\/09\/Artboard-2.jpg 460w, https:\/\/eauchauffage.com\/wp-content\/uploads\/2025\/09\/Artboard-2-225x300.jpg 225w, https:\/\/eauchauffage.com\/wp-content\/uploads\/2025\/09\/Artboard-2-150x200.jpg 150w\" sizes=\"(max-width: 460px) 100vw, 460px\" \/>\n\t\t\t\t\t\t\t\t\t\t\t\t\t<\/a>\n\t\t\t\t\t\t\t\t\t\t\t<\/div>\n\t\t\t\t\t\t\t\t\t\t\t\t\t\t\t<div class=\"wd-gallery-item wd-col\">\n\t\t\t\t\t\t\t\t\t\t\t\t\t<a  href=\"https:\/\/eauchauffage.com\/wp-content\/uploads\/2025\/09\/Artboard-1.jpg\" data-width=\"460\" data-height=\"613\" data-index=\"2\" data-elementor-open-lightbox=\"no\">\n\t\t\t\t\t\t\n\t\t\t\t\t\t<img decoding=\"async\" width=\"460\" height=\"613\" src=\"https:\/\/eauchauffage.com\/wp-content\/uploads\/2025\/09\/Artboard-1.jpg\" class=\"attachment-full size-full\" alt=\"Artboard 1\" srcset=\"https:\/\/eauchauffage.com\/wp-content\/uploads\/2025\/09\/Artboard-1.jpg 460w, https:\/\/eauchauffage.com\/wp-content\/uploads\/2025\/09\/Artboard-1-225x300.jpg 225w, https:\/\/eauchauffage.com\/wp-content\/uploads\/2025\/09\/Artboard-1-150x200.jpg 150w\" sizes=\"(max-width: 460px) 100vw, 460px\" \/>\n\t\t\t\t\t\t\t\t\t\t\t\t\t<\/a>\n\t\t\t\t\t\t\t\t\t\t\t<\/div>\n\t\t\t\t\t\t\t\t\t\t\t\t\t<\/div>\n\t\t\t\t\t<\/div>\n\t\t\t\t\t\t<\/div>\n\t\t\t\t<\/div>\n\t\t\t\t<div class=\"elementor-element elementor-element-09cdb09 elementor-widget elementor-widget-wd_text_block\" data-id=\"09cdb09\" data-element_type=\"widget\" data-widget_type=\"wd_text_block.default\">\n\t\t\t\t<div class=\"elementor-widget-container\">\n\t\t\t\t\t\t\t<div class=\"wd-text-block reset-last-child text-left\">\n\t\t\t\n\t\t\t<h4 data-start=\"921\" data-end=\"939\"><strong data-start=\"925\" data-end=\"937\">Caract\u00e9ristiques :<\/strong><\/h4><ul data-start=\"940\" data-end=\"1354\"><li data-start=\"940\" data-end=\"1010\"><p data-start=\"942\" data-end=\"1010\"><strong data-start=\"942\" data-end=\"984\">Plage de temp\u00e9rature stable (38\u00b0C - 42\u00b0C)<\/strong> pour un confort constant.<\/p><\/li><li data-start=\"1011\" data-end=\"1075\"><p data-start=\"1013\" data-end=\"1075\"><strong data-start=\"1013\" data-end=\"1041\">Technologie de chauffage rapide<\/strong> avec des performances en mati\u00e8re d'\u00e9conomie d'\u00e9nergie.<\/p><\/li><li data-start=\"1076\" data-end=\"1156\"><p data-start=\"1078\" data-end=\"1156\"><strong data-start=\"1078\" data-end=\"1096\">Syst\u00e8me de s\u00e9curit\u00e9 :<\/strong> protection contre la surchauffe et la surpression de l'eau.<\/p><\/li><li data-start=\"1157\" data-end=\"1222\"><p data-start=\"1159\" data-end=\"1222\"><strong data-start=\"1159\" data-end=\"1201\">Mat\u00e9riaux durables et r\u00e9sistants \u00e0 la corrosion<\/strong> pour une utilisation \u00e0 long terme.<\/p><\/li><li data-start=\"1223\" data-end=\"1284\"><p data-start=\"1225\" data-end=\"1284\"><strong data-start=\"1225\" data-end=\"1243\">Isolation PUF<\/strong> pour minimiser les pertes de chaleur et \u00e9conomiser de l'\u00e9nergie.<\/p><\/li><li data-start=\"1285\" data-end=\"1354\"><p data-start=\"1287\" data-end=\"1354\"><strong data-start=\"1287\" data-end=\"1305\">Conception compacte<\/strong> pour une installation flexible dans diff\u00e9rents espaces.<\/p><\/li><\/ul>\n\t\t\t\t\t<\/div>\n\t\t\t\t\t\t<\/div>\n\t\t\t\t<\/div>\n\t\t\t\t<div class=\"elementor-element elementor-element-6a81a51 wd-width-100 elementor-widget elementor-widget-wd_images_gallery\" data-id=\"6a81a51\" data-element_type=\"widget\" data-widget_type=\"wd_images_gallery.default\">\n\t\t\t\t<div class=\"elementor-widget-container\">\n\t\t\t\t\t\t\t<div class=\"wd-images-gallery photoswipe-images\" style=\"--wd-align-items:center; --wd-justify-content:center;\">\n\t\t\t\t\t\t<div class=\"wd-grid-g\" style=\"--wd-col-lg:2;--wd-col-md:2;--wd-col-sm:1;--wd-gap-lg:0px;\" >\n\t\t\t\t\t\t\t\t\t\t\t\t\t\t\t\t\t\t<div class=\"wd-gallery-item wd-col\">\n\t\t\t\t\t\t\t\t\t\t\t\t\t<a  href=\"https:\/\/eauchauffage.com\/wp-content\/uploads\/2025\/09\/Artboard-3.jpg\" data-width=\"459\" data-height=\"613\" data-index=\"1\" data-elementor-open-lightbox=\"no\">\n\t\t\t\t\t\t\n\t\t\t\t\t\t<img decoding=\"async\" width=\"459\" height=\"613\" src=\"https:\/\/eauchauffage.com\/wp-content\/uploads\/2025\/09\/Artboard-3.jpg\" class=\"attachment-full size-full\" alt=\"Artboard 3\" srcset=\"https:\/\/eauchauffage.com\/wp-content\/uploads\/2025\/09\/Artboard-3.jpg 459w, https:\/\/eauchauffage.com\/wp-content\/uploads\/2025\/09\/Artboard-3-225x300.jpg 225w, https:\/\/eauchauffage.com\/wp-content\/uploads\/2025\/09\/Artboard-3-150x200.jpg 150w\" sizes=\"(max-width: 459px) 100vw, 459px\" \/>\n\t\t\t\t\t\t\t\t\t\t\t\t\t<\/a>\n\t\t\t\t\t\t\t\t\t\t\t<\/div>\n\t\t\t\t\t\t\t\t\t\t\t\t\t\t\t<div class=\"wd-gallery-item wd-col\">\n\t\t\t\t\t\t\t\t\t\t\t\t\t<a  href=\"https:\/\/eauchauffage.com\/wp-content\/uploads\/2025\/09\/Artboard-4.jpg\" data-width=\"460\" data-height=\"613\" data-index=\"2\" data-elementor-open-lightbox=\"no\">\n\t\t\t\t\t\t\n\t\t\t\t\t\t<img loading=\"lazy\" decoding=\"async\" width=\"460\" height=\"613\" src=\"https:\/\/eauchauffage.com\/wp-content\/uploads\/2025\/09\/Artboard-4.jpg\" class=\"attachment-full size-full\" alt=\"Artboard 4\" srcset=\"https:\/\/eauchauffage.com\/wp-content\/uploads\/2025\/09\/Artboard-4.jpg 460w, https:\/\/eauchauffage.com\/wp-content\/uploads\/2025\/09\/Artboard-4-225x300.jpg 225w, https:\/\/eauchauffage.com\/wp-content\/uploads\/2025\/09\/Artboard-4-150x200.jpg 150w\" sizes=\"(max-width: 460px) 100vw, 460px\" \/>\n\t\t\t\t\t\t\t\t\t\t\t\t\t<\/a>\n\t\t\t\t\t\t\t\t\t\t\t<\/div>\n\t\t\t\t\t\t\t\t\t\t\t\t\t<\/div>\n\t\t\t\t\t<\/div>\n\t\t\t\t\t\t<\/div>\n\t\t\t\t<\/div>\n\t\t\t\t<div class=\"elementor-element elementor-element-ebbfac2 elementor-widget elementor-widget-wd_text_block\" data-id=\"ebbfac2\" data-element_type=\"widget\" data-widget_type=\"wd_text_block.default\">\n\t\t\t\t<div class=\"elementor-widget-container\">\n\t\t\t\t\t\t\t<div class=\"wd-text-block reset-last-child text-left\">\n\t\t\t\n\t\t\t<h4 data-start=\"1356\" data-end=\"1383\"><strong data-start=\"1360\" data-end=\"1381\">D\u00e9tails techniques :<\/strong><\/h4><ul data-start=\"1384\" data-end=\"1647\"><li data-start=\"1384\" data-end=\"1422\"><p data-start=\"1386\" data-end=\"1422\"><strong data-start=\"1386\" data-end=\"1408\">Plage de temp\u00e9rature :<\/strong> 38\u00b0C - 42\u00b0C<\/p><\/li><li data-start=\"1423\" data-end=\"1448\"><p data-start=\"1425\" data-end=\"1448\"><strong data-start=\"1425\" data-end=\"1437\">Tension :<\/strong> 220-240V<\/p><\/li><li data-start=\"1449\" data-end=\"1477\"><p data-start=\"1451\" data-end=\"1477\"><strong data-start=\"1451\" data-end=\"1465\">Fr\u00e9quence :<\/strong> 50Hz\/60Hz<\/p><\/li><li data-start=\"1478\" data-end=\"1513\"><p data-start=\"1480\" data-end=\"1513\"><strong data-start=\"1480\" data-end=\"1503\">Pression de fonctionnement :<\/strong> 0,7 MPa<\/p><\/li><li data-start=\"1514\" data-end=\"1578\"><p data-start=\"1516\" data-end=\"1578\"><strong data-start=\"1516\" data-end=\"1533\">Applications :<\/strong> convient \u00e0 une utilisation individuelle ou en groupe<\/p><\/li><li data-start=\"1579\" data-end=\"1647\"><p data-start=\"1581\" data-end=\"1647\"><strong data-start=\"1581\" data-end=\"1596\">Conformit\u00e9 :<\/strong> r\u00e9pond aux normes internationales de s\u00e9curit\u00e9 et de qualit\u00e9<\/p><\/li><\/ul>\n\t\t\t\t\t<\/div>\n\t\t\t\t\t\t<\/div>\n\t\t\t\t<\/div>\n\t\t\t\t<div class=\"elementor-element elementor-element-45461c6 wd-width-100 elementor-widget elementor-widget-wd_images_gallery\" data-id=\"45461c6\" data-element_type=\"widget\" data-widget_type=\"wd_images_gallery.default\">\n\t\t\t\t<div class=\"elementor-widget-container\">\n\t\t\t\t\t\t\t<div class=\"wd-images-gallery photoswipe-images\" style=\"--wd-align-items:center; --wd-justify-content:center;\">\n\t\t\t\t\t\t<div class=\"wd-grid-g\" style=\"--wd-col-lg:2;--wd-col-md:2;--wd-col-sm:1;--wd-gap-lg:0px;\" >\n\t\t\t\t\t\t\t\t\t\t\t\t\t\t\t\t\t\t<div class=\"wd-gallery-item wd-col\">\n\t\t\t\t\t\t\t\t\t\t\t\t\t<a  href=\"https:\/\/eauchauffage.com\/wp-content\/uploads\/2025\/09\/Artboard-6.jpg\" data-width=\"460\" data-height=\"613\" data-index=\"1\" data-elementor-open-lightbox=\"no\">\n\t\t\t\t\t\t\n\t\t\t\t\t\t<img loading=\"lazy\" decoding=\"async\" width=\"460\" height=\"613\" src=\"https:\/\/eauchauffage.com\/wp-content\/uploads\/2025\/09\/Artboard-6.jpg\" class=\"attachment-full size-full\" alt=\"Artboard 6\" srcset=\"https:\/\/eauchauffage.com\/wp-content\/uploads\/2025\/09\/Artboard-6.jpg 460w, https:\/\/eauchauffage.com\/wp-content\/uploads\/2025\/09\/Artboard-6-225x300.jpg 225w, https:\/\/eauchauffage.com\/wp-content\/uploads\/2025\/09\/Artboard-6-150x200.jpg 150w\" sizes=\"(max-width: 460px) 100vw, 460px\" \/>\n\t\t\t\t\t\t\t\t\t\t\t\t\t<\/a>\n\t\t\t\t\t\t\t\t\t\t\t<\/div>\n\t\t\t\t\t\t\t\t\t\t\t\t\t\t\t<div class=\"wd-gallery-item wd-col\">\n\t\t\t\t\t\t\t\t\t\t\t\t\t<a  href=\"https:\/\/eauchauffage.com\/wp-content\/uploads\/2025\/09\/Artboard-5.jpg\" data-width=\"460\" data-height=\"613\" data-index=\"2\" data-elementor-open-lightbox=\"no\">\n\t\t\t\t\t\t\n\t\t\t\t\t\t<img loading=\"lazy\" decoding=\"async\" width=\"460\" height=\"613\" src=\"https:\/\/eauchauffage.com\/wp-content\/uploads\/2025\/09\/Artboard-5.jpg\" class=\"attachment-full size-full\" alt=\"Artboard 5\" srcset=\"https:\/\/eauchauffage.com\/wp-content\/uploads\/2025\/09\/Artboard-5.jpg 460w, https:\/\/eauchauffage.com\/wp-content\/uploads\/2025\/09\/Artboard-5-225x300.jpg 225w, https:\/\/eauchauffage.com\/wp-content\/uploads\/2025\/09\/Artboard-5-150x200.jpg 150w\" sizes=\"(max-width: 460px) 100vw, 460px\" \/>\n\t\t\t\t\t\t\t\t\t\t\t\t\t<\/a>\n\t\t\t\t\t\t\t\t\t\t\t<\/div>\n\t\t\t\t\t\t\t\t\t\t\t\t\t<\/div>\n\t\t\t\t\t<\/div>\n\t\t\t\t\t\t<\/div>\n\t\t\t\t<\/div>\n\t\t\t\t<div class=\"elementor-element elementor-element-a9810b5 elementor-widget elementor-widget-wd_text_block\" data-id=\"a9810b5\" data-element_type=\"widget\" data-widget_type=\"wd_text_block.default\">\n\t\t\t\t<div class=\"elementor-widget-container\">\n\t\t\t\t\t\t\t<div class=\"wd-text-block reset-last-child text-left\">\n\t\t\t\n\t\t\t<h4 data-start=\"1649\" data-end=\"1677\"><strong data-start=\"1653\" data-end=\"1675\">Applications id\u00e9ales :<\/strong><\/h4><ul data-start=\"1678\" data-end=\"1799\"><li data-start=\"1678\" data-end=\"1710\"><p data-start=\"1680\" data-end=\"1710\">Maisons (cuisines et salles de bains)<\/p><\/li><li data-start=\"1711\" data-end=\"1737\"><p data-start=\"1713\" data-end=\"1737\">H\u00f4tels et pensions<\/p><\/li><li data-start=\"1738\" data-end=\"1764\"><p data-start=\"1740\" data-end=\"1764\">Restaurants et salons<\/p><\/li><li data-start=\"1765\" data-end=\"1799\"><p data-start=\"1767\" data-end=\"1799\">\u00c9coles et installations de service<\/p><\/li><\/ul>\n\t\t\t\t\t<\/div>\n\t\t\t\t\t\t<\/div>\n\t\t\t\t<\/div>\n\t\t\t\t<div class=\"elementor-element elementor-element-61d6618 wd-width-100 elementor-widget elementor-widget-wd_images_gallery\" data-id=\"61d6618\" data-element_type=\"widget\" data-widget_type=\"wd_images_gallery.default\">\n\t\t\t\t<div class=\"elementor-widget-container\">\n\t\t\t\t\t\t\t<div class=\"wd-images-gallery photoswipe-images\" style=\"--wd-align-items:center; --wd-justify-content:center;\">\n\t\t\t\t\t\t<div class=\"wd-grid-g\" style=\"--wd-col-lg:2;--wd-col-md:2;--wd-col-sm:1;--wd-gap-lg:0px;\" >\n\t\t\t\t\t\t\t\t\t\t\t\t\t\t\t\t\t\t<div class=\"wd-gallery-item wd-col\">\n\t\t\t\t\t\t\t\t\t\t\t\t\t<a  href=\"https:\/\/eauchauffage.com\/wp-content\/uploads\/2025\/09\/Artboard-7.jpg\" data-width=\"459\" data-height=\"613\" data-index=\"1\" data-elementor-open-lightbox=\"no\">\n\t\t\t\t\t\t\n\t\t\t\t\t\t<img loading=\"lazy\" decoding=\"async\" width=\"459\" height=\"613\" src=\"https:\/\/eauchauffage.com\/wp-content\/uploads\/2025\/09\/Artboard-7.jpg\" class=\"attachment-full size-full\" alt=\"Artboard 7\" srcset=\"https:\/\/eauchauffage.com\/wp-content\/uploads\/2025\/09\/Artboard-7.jpg 459w, https:\/\/eauchauffage.com\/wp-content\/uploads\/2025\/09\/Artboard-7-225x300.jpg 225w, https:\/\/eauchauffage.com\/wp-content\/uploads\/2025\/09\/Artboard-7-150x200.jpg 150w\" sizes=\"(max-width: 459px) 100vw, 459px\" \/>\n\t\t\t\t\t\t\t\t\t\t\t\t\t<\/a>\n\t\t\t\t\t\t\t\t\t\t\t<\/div>\n\t\t\t\t\t\t\t\t\t\t\t\t\t\t\t<div class=\"wd-gallery-item wd-col\">\n\t\t\t\t\t\t\t\t\t\t\t\t\t<a  href=\"https:\/\/eauchauffage.com\/wp-content\/uploads\/2025\/09\/Artboard-8.jpg\" data-width=\"459\" data-height=\"613\" data-index=\"2\" data-elementor-open-lightbox=\"no\">\n\t\t\t\t\t\t\n\t\t\t\t\t\t<img loading=\"lazy\" decoding=\"async\" width=\"459\" height=\"613\" src=\"https:\/\/eauchauffage.com\/wp-content\/uploads\/2025\/09\/Artboard-8.jpg\" class=\"attachment-full size-full\" alt=\"Artboard 8\" srcset=\"https:\/\/eauchauffage.com\/wp-content\/uploads\/2025\/09\/Artboard-8.jpg 459w, https:\/\/eauchauffage.com\/wp-content\/uploads\/2025\/09\/Artboard-8-225x300.jpg 225w, https:\/\/eauchauffage.com\/wp-content\/uploads\/2025\/09\/Artboard-8-150x200.jpg 150w\" sizes=\"(max-width: 459px) 100vw, 459px\" \/>\n\t\t\t\t\t\t\t\t\t\t\t\t\t<\/a>\n\t\t\t\t\t\t\t\t\t\t\t<\/div>\n\t\t\t\t\t\t\t\t\t\t\t\t\t<\/div>\n\t\t\t\t\t<\/div>\n\t\t\t\t\t\t<\/div>\n\t\t\t\t<\/div>\n\t\t\t\t\t<\/div>\n\t\t\t\t<\/div>\n\t\t\t\t<\/div>","protected":false},"excerpt":{"rendered":"<h4 data-start=\"117\" data-end=\"175\"><strong data-start=\"120\" data-end=\"173\">EC0124E Chauffe-eau \u00e9lectrique<\/strong><\/h4>\n<ul data-start=\"176\" data-end=\"424\">\n<li data-start=\"176\" data-end=\"217\">\n<p data-start=\"178\" data-end=\"217\">Fournit de l'eau chaude \u00e0 <strong data-start=\"200\" data-end=\"215\">38\u00b0C - 42\u00b0C<\/strong><\/p>\n<\/li>\n<li data-start=\"218\" data-end=\"268\">\n<p data-start=\"220\" data-end=\"268\">Chauffage rapide et efficacit\u00e9 \u00e9nerg\u00e9tique<\/p>\n<\/li>\n<li data-start=\"269\" data-end=\"323\">\n<p data-start=\"271\" data-end=\"323\">Caract\u00e9ristiques de s\u00e9curit\u00e9 : protection contre la surchauffe et la pression<\/p>\n<\/li>\n<li data-start=\"324\" data-end=\"365\">\n<p data-start=\"326\" data-end=\"365\">Compact, durable et facile \u00e0 installer<\/p>\n<\/li>\n<li data-start=\"366\" data-end=\"424\">\n<p data-start=\"368\" data-end=\"424\">Convient \u00e0 une utilisation r\u00e9sidentielle et commerciale l\u00e9g\u00e8re<\/p>\n<\/li>\n<\/ul>\n<p data-start=\"426\" data-end=\"490\"><strong data-start=\"426\" data-end=\"488\">Id\u00e9al pour les maisons, les h\u00f4tels, les restaurants, les salons et les \u00e9coles.<\/strong><\/p>","protected":false},"featured_media":11838,"comment_status":"open","ping_status":"closed","template":"","meta":[],"product_brand":[],"product_cat":[166],"product_tag":[],"class_list":{"0":"post-11837","1":"product","2":"type-product","3":"status-publish","4":"has-post-thumbnail","6":"product_cat-instantaneous","8":"first","9":"instock","10":"shipping-taxable","11":"product-type-simple"},"_links":{"self":[{"href":"https:\/\/eauchauffage.com\/fr\/wp-json\/wp\/v2\/product\/11837","targetHints":{"allow":["GET"]}}],"collection":[{"href":"https:\/\/eauchauffage.com\/fr\/wp-json\/wp\/v2\/product"}],"about":[{"href":"https:\/\/eauchauffage.com\/fr\/wp-json\/wp\/v2\/types\/product"}],"replies":[{"embeddable":true,"href":"https:\/\/eauchauffage.com\/fr\/wp-json\/wp\/v2\/comments?post=11837"}],"version-history":[{"count":5,"href":"https:\/\/eauchauffage.com\/fr\/wp-json\/wp\/v2\/product\/11837\/revisions"}],"predecessor-version":[{"id":12038,"href":"https:\/\/eauchauffage.com\/fr\/wp-json\/wp\/v2\/product\/11837\/revisions\/12038"}],"wp:featuredmedia":[{"embeddable":true,"href":"https:\/\/eauchauffage.com\/fr\/wp-json\/wp\/v2\/media\/11838"}],"wp:attachment":[{"href":"https:\/\/eauchauffage.com\/fr\/wp-json\/wp\/v2\/media?parent=11837"}],"wp:term":[{"taxonomy":"product_brand","embeddable":true,"href":"https:\/\/eauchauffage.com\/fr\/wp-json\/wp\/v2\/product_brand?post=11837"},{"taxonomy":"product_cat","embeddable":true,"href":"https:\/\/eauchauffage.com\/fr\/wp-json\/wp\/v2\/product_cat?post=11837"},{"taxonomy":"product_tag","embeddable":true,"href":"https:\/\/eauchauffage.com\/fr\/wp-json\/wp\/v2\/product_tag?post=11837"}],"curies":[{"name":"wp","href":"https:\/\/api.w.org\/{rel}","templated":true}]}}