{"id":11823,"date":"2025-09-23T16:34:46","date_gmt":"2025-09-23T16:34:46","guid":{"rendered":"https:\/\/eauchauffage.com\/?post_type=product&#038;p=11823"},"modified":"2025-09-27T09:47:27","modified_gmt":"2025-09-27T09:47:27","slug":"ec0260e","status":"publish","type":"product","link":"https:\/\/eauchauffage.com\/fr\/product\/ec0260e\/","title":{"rendered":"EC0260E"},"content":{"rendered":"<div data-elementor-type=\"wp-post\" data-elementor-id=\"11823\" class=\"elementor elementor-11823\">\n\t\t\t\t<div class=\"wd-negative-gap elementor-element elementor-element-7963147d e-flex e-con-boxed e-con e-parent\" data-id=\"7963147d\" data-element_type=\"container\">\n\t\t\t\t\t<div class=\"e-con-inner\">\n\t\t\t\t<div class=\"elementor-element elementor-element-569b8cc8 elementor-widget elementor-widget-wd_text_block\" data-id=\"569b8cc8\" data-element_type=\"widget\" data-widget_type=\"wd_text_block.default\">\n\t\t\t\t<div class=\"elementor-widget-container\">\n\t\t\t\t\t\t\t<div class=\"wd-text-block reset-last-child text-left\">\n\t\t\t\n\t\t\t<p data-start=\"511\" data-end=\"903\">Les <strong data-start=\"515\" data-end=\"548\">EC0260E Chauffe-eau \u00e9lectrique<\/strong> est con\u00e7u pour fournir de l'eau chaude efficace, s\u00fbre et fiable pour une utilisation r\u00e9sidentielle et commerciale. Gr\u00e2ce \u00e0 son syst\u00e8me de chauffage stable et \u00e0 sa plage de temp\u00e9rature de 38\u00b0C \u00e0 42\u00b0C, il assure confort et commodit\u00e9 pour les applications quotidiennes. Sa conception compacte et durable en fait une solution pratique pour les cuisines, les salles de bains, les h\u00f4tels et les \u00e9tablissements de services.<\/p>\n\t\t\t\t\t<\/div>\n\t\t\t\t\t\t<\/div>\n\t\t\t\t<\/div>\n\t\t\t\t<div class=\"elementor-element elementor-element-29c2306 wd-width-100 elementor-widget elementor-widget-wd_images_gallery\" data-id=\"29c2306\" data-element_type=\"widget\" data-widget_type=\"wd_images_gallery.default\">\n\t\t\t\t<div class=\"elementor-widget-container\">\n\t\t\t\t\t\t\t<div class=\"wd-images-gallery photoswipe-images\" style=\"--wd-align-items:center; --wd-justify-content:center;\">\n\t\t\t\t\t\t<div class=\"wd-grid-g\" style=\"--wd-col-lg:2;--wd-col-md:2;--wd-col-sm:1;--wd-gap-lg:0px;\" >\n\t\t\t\t\t\t\t\t\t\t\t\t\t\t\t\t\t\t<div class=\"wd-gallery-item wd-col\">\n\t\t\t\t\t\t\t\t\t\t\t\t\t<a  href=\"https:\/\/eauchauffage.com\/wp-content\/uploads\/2025\/09\/\u753b\u677f-12-copy-5-1.jpg\" data-width=\"460\" data-height=\"613\" data-index=\"1\" data-elementor-open-lightbox=\"no\">\n\t\t\t\t\t\t\n\t\t\t\t\t\t<img fetchpriority=\"high\" decoding=\"async\" width=\"460\" height=\"613\" src=\"https:\/\/eauchauffage.com\/wp-content\/uploads\/2025\/09\/\u753b\u677f-12-copy-5-1.jpg\" class=\"attachment-full size-full\" alt=\"\u753b\u677f 12 exemplaire 5\" srcset=\"https:\/\/eauchauffage.com\/wp-content\/uploads\/2025\/09\/\u753b\u677f-12-copy-5-1.jpg 460w, https:\/\/eauchauffage.com\/wp-content\/uploads\/2025\/09\/\u753b\u677f-12-copy-5-1-225x300.jpg 225w, https:\/\/eauchauffage.com\/wp-content\/uploads\/2025\/09\/\u753b\u677f-12-copy-5-1-150x200.jpg 150w\" sizes=\"(max-width: 460px) 100vw, 460px\" \/>\n\t\t\t\t\t\t\t\t\t\t\t\t\t<\/a>\n\t\t\t\t\t\t\t\t\t\t\t<\/div>\n\t\t\t\t\t\t\t\t\t\t\t\t\t\t\t<div class=\"wd-gallery-item wd-col\">\n\t\t\t\t\t\t\t\t\t\t\t\t\t<a  href=\"https:\/\/eauchauffage.com\/wp-content\/uploads\/2025\/09\/\u753b\u677f-12-copy-4-1.jpg\" data-width=\"460\" data-height=\"613\" data-index=\"2\" data-elementor-open-lightbox=\"no\">\n\t\t\t\t\t\t\n\t\t\t\t\t\t<img decoding=\"async\" width=\"460\" height=\"613\" src=\"https:\/\/eauchauffage.com\/wp-content\/uploads\/2025\/09\/\u753b\u677f-12-copy-4-1.jpg\" class=\"attachment-full size-full\" alt=\"\u753b\u677f 12 exemplaire 4\" srcset=\"https:\/\/eauchauffage.com\/wp-content\/uploads\/2025\/09\/\u753b\u677f-12-copy-4-1.jpg 460w, https:\/\/eauchauffage.com\/wp-content\/uploads\/2025\/09\/\u753b\u677f-12-copy-4-1-225x300.jpg 225w, https:\/\/eauchauffage.com\/wp-content\/uploads\/2025\/09\/\u753b\u677f-12-copy-4-1-150x200.jpg 150w\" sizes=\"(max-width: 460px) 100vw, 460px\" \/>\n\t\t\t\t\t\t\t\t\t\t\t\t\t<\/a>\n\t\t\t\t\t\t\t\t\t\t\t<\/div>\n\t\t\t\t\t\t\t\t\t\t\t\t\t<\/div>\n\t\t\t\t\t<\/div>\n\t\t\t\t\t\t<\/div>\n\t\t\t\t<\/div>\n\t\t\t\t<div class=\"elementor-element elementor-element-09cdb09 elementor-widget elementor-widget-wd_text_block\" data-id=\"09cdb09\" data-element_type=\"widget\" data-widget_type=\"wd_text_block.default\">\n\t\t\t\t<div class=\"elementor-widget-container\">\n\t\t\t\t\t\t\t<div class=\"wd-text-block reset-last-child text-left\">\n\t\t\t\n\t\t\t<h4 data-start=\"905\" data-end=\"923\"><strong data-start=\"909\" data-end=\"921\">Caract\u00e9ristiques :<\/strong><\/h4><ul data-start=\"924\" data-end=\"1369\"><li data-start=\"924\" data-end=\"994\"><p data-start=\"926\" data-end=\"994\"><strong data-start=\"926\" data-end=\"968\">Temp\u00e9rature stable de l'eau (38\u00b0C - 42\u00b0C)<\/strong> pour un confort constant.<\/p><\/li><li data-start=\"995\" data-end=\"1066\"><p data-start=\"997\" data-end=\"1066\"><strong data-start=\"997\" data-end=\"1034\">Chauffage rapide avec une grande efficacit\u00e9<\/strong> pour r\u00e9duire la consommation d'\u00e9nergie.<\/p><\/li><li data-start=\"1067\" data-end=\"1154\"><p data-start=\"1069\" data-end=\"1154\"><strong data-start=\"1069\" data-end=\"1101\">Syst\u00e8me de s\u00e9curit\u00e9 complet :<\/strong> protection contre la surchauffe et la pression de l'eau.<\/p><\/li><li data-start=\"1155\" data-end=\"1231\"><p data-start=\"1157\" data-end=\"1231\"><strong data-start=\"1157\" data-end=\"1178\">Mat\u00e9riaux durables<\/strong> avec rev\u00eatement en \u00e9mail et anode en magn\u00e9sium antirouille.<\/p><\/li><li data-start=\"1232\" data-end=\"1310\"><p data-start=\"1234\" data-end=\"1310\"><strong data-start=\"1234\" data-end=\"1252\">Isolation PUF<\/strong> pour une meilleure efficacit\u00e9 \u00e9nerg\u00e9tique et une meilleure conservation de la chaleur.<\/p><\/li><li data-start=\"1311\" data-end=\"1369\"><p data-start=\"1313\" data-end=\"1369\"><strong data-start=\"1313\" data-end=\"1331\">Conception compacte<\/strong> pour une installation murale ais\u00e9e.<\/p><\/li><\/ul>\n\t\t\t\t\t<\/div>\n\t\t\t\t\t\t<\/div>\n\t\t\t\t<\/div>\n\t\t\t\t<div class=\"elementor-element elementor-element-6a81a51 wd-width-100 elementor-widget elementor-widget-wd_images_gallery\" data-id=\"6a81a51\" data-element_type=\"widget\" data-widget_type=\"wd_images_gallery.default\">\n\t\t\t\t<div class=\"elementor-widget-container\">\n\t\t\t\t\t\t\t<div class=\"wd-images-gallery photoswipe-images\" style=\"--wd-align-items:center; --wd-justify-content:center;\">\n\t\t\t\t\t\t<div class=\"wd-grid-g\" style=\"--wd-col-lg:2;--wd-col-md:2;--wd-col-sm:1;--wd-gap-lg:0px;\" >\n\t\t\t\t\t\t\t\t\t\t\t\t\t\t\t\t\t\t<div class=\"wd-gallery-item wd-col\">\n\t\t\t\t\t\t\t\t\t\t\t\t\t<a  href=\"https:\/\/eauchauffage.com\/wp-content\/uploads\/2025\/09\/\u753b\u677f-12-copy-7-1.jpg\" data-width=\"460\" data-height=\"614\" data-index=\"1\" data-elementor-open-lightbox=\"no\">\n\t\t\t\t\t\t\n\t\t\t\t\t\t<img decoding=\"async\" width=\"460\" height=\"614\" src=\"https:\/\/eauchauffage.com\/wp-content\/uploads\/2025\/09\/\u753b\u677f-12-copy-7-1.jpg\" class=\"attachment-full size-full\" alt=\"\u753b\u677f 12 exemplaire 7\" srcset=\"https:\/\/eauchauffage.com\/wp-content\/uploads\/2025\/09\/\u753b\u677f-12-copy-7-1.jpg 460w, https:\/\/eauchauffage.com\/wp-content\/uploads\/2025\/09\/\u753b\u677f-12-copy-7-1-225x300.jpg 225w, https:\/\/eauchauffage.com\/wp-content\/uploads\/2025\/09\/\u753b\u677f-12-copy-7-1-150x200.jpg 150w\" sizes=\"(max-width: 460px) 100vw, 460px\" \/>\n\t\t\t\t\t\t\t\t\t\t\t\t\t<\/a>\n\t\t\t\t\t\t\t\t\t\t\t<\/div>\n\t\t\t\t\t\t\t\t\t\t\t\t\t\t\t<div class=\"wd-gallery-item wd-col\">\n\t\t\t\t\t\t\t\t\t\t\t\t\t<a  href=\"https:\/\/eauchauffage.com\/wp-content\/uploads\/2025\/09\/\u753b\u677f-12-copy-6-1.jpg\" data-width=\"460\" data-height=\"613\" data-index=\"2\" data-elementor-open-lightbox=\"no\">\n\t\t\t\t\t\t\n\t\t\t\t\t\t<img loading=\"lazy\" decoding=\"async\" width=\"460\" height=\"613\" src=\"https:\/\/eauchauffage.com\/wp-content\/uploads\/2025\/09\/\u753b\u677f-12-copy-6-1.jpg\" class=\"attachment-full size-full\" alt=\"\u753b\u677f 12 exemplaire 6\" srcset=\"https:\/\/eauchauffage.com\/wp-content\/uploads\/2025\/09\/\u753b\u677f-12-copy-6-1.jpg 460w, https:\/\/eauchauffage.com\/wp-content\/uploads\/2025\/09\/\u753b\u677f-12-copy-6-1-225x300.jpg 225w, https:\/\/eauchauffage.com\/wp-content\/uploads\/2025\/09\/\u753b\u677f-12-copy-6-1-150x200.jpg 150w\" sizes=\"(max-width: 460px) 100vw, 460px\" \/>\n\t\t\t\t\t\t\t\t\t\t\t\t\t<\/a>\n\t\t\t\t\t\t\t\t\t\t\t<\/div>\n\t\t\t\t\t\t\t\t\t\t\t\t\t<\/div>\n\t\t\t\t\t<\/div>\n\t\t\t\t\t\t<\/div>\n\t\t\t\t<\/div>\n\t\t\t\t<div class=\"elementor-element elementor-element-ebbfac2 elementor-widget elementor-widget-wd_text_block\" data-id=\"ebbfac2\" data-element_type=\"widget\" data-widget_type=\"wd_text_block.default\">\n\t\t\t\t<div class=\"elementor-widget-container\">\n\t\t\t\t\t\t\t<div class=\"wd-text-block reset-last-child text-left\">\n\t\t\t\n\t\t\t<h4 data-start=\"1371\" data-end=\"1398\"><strong data-start=\"1375\" data-end=\"1396\">D\u00e9tails techniques :<\/strong><\/h4><ul data-start=\"1399\" data-end=\"1658\"><li data-start=\"1399\" data-end=\"1437\"><p data-start=\"1401\" data-end=\"1437\"><strong data-start=\"1401\" data-end=\"1423\">Plage de temp\u00e9rature :<\/strong> 38\u00b0C - 42\u00b0C<\/p><\/li><li data-start=\"1438\" data-end=\"1463\"><p data-start=\"1440\" data-end=\"1463\"><strong data-start=\"1440\" data-end=\"1452\">Tension :<\/strong> 220-240V<\/p><\/li><li data-start=\"1464\" data-end=\"1492\"><p data-start=\"1466\" data-end=\"1492\"><strong data-start=\"1466\" data-end=\"1480\">Fr\u00e9quence :<\/strong> 50Hz\/60Hz<\/p><\/li><li data-start=\"1493\" data-end=\"1528\"><p data-start=\"1495\" data-end=\"1528\"><strong data-start=\"1495\" data-end=\"1518\">Pression de fonctionnement :<\/strong> 0,7 MPa<\/p><\/li><li data-start=\"1529\" data-end=\"1597\"><p data-start=\"1531\" data-end=\"1597\"><strong data-start=\"1531\" data-end=\"1552\">Options de capacit\u00e9 :<\/strong> plusieurs tailles pour une utilisation individuelle ou en groupe<\/p><\/li><li data-start=\"1598\" data-end=\"1658\"><p data-start=\"1600\" data-end=\"1658\"><strong data-start=\"1600\" data-end=\"1656\">Normes internationales de s\u00e9curit\u00e9 et de qualit\u00e9 certifi\u00e9es<\/strong><\/p><\/li><\/ul>\n\t\t\t\t\t<\/div>\n\t\t\t\t\t\t<\/div>\n\t\t\t\t<\/div>\n\t\t\t\t<div class=\"elementor-element elementor-element-45461c6 wd-width-100 elementor-widget elementor-widget-wd_images_gallery\" data-id=\"45461c6\" data-element_type=\"widget\" data-widget_type=\"wd_images_gallery.default\">\n\t\t\t\t<div class=\"elementor-widget-container\">\n\t\t\t\t\t\t\t<div class=\"wd-images-gallery photoswipe-images\" style=\"--wd-align-items:center; --wd-justify-content:center;\">\n\t\t\t\t\t\t<div class=\"wd-grid-g\" style=\"--wd-col-lg:2;--wd-col-md:2;--wd-col-sm:1;--wd-gap-lg:0px;\" >\n\t\t\t\t\t\t\t\t\t\t\t\t\t\t\t\t\t\t<div class=\"wd-gallery-item wd-col\">\n\t\t\t\t\t\t\t\t\t\t\t\t\t<a  href=\"https:\/\/eauchauffage.com\/wp-content\/uploads\/2025\/09\/\u753b\u677f-12-copy-9-1.jpg\" data-width=\"459\" data-height=\"614\" data-index=\"1\" data-elementor-open-lightbox=\"no\">\n\t\t\t\t\t\t\n\t\t\t\t\t\t<img loading=\"lazy\" decoding=\"async\" width=\"459\" height=\"614\" src=\"https:\/\/eauchauffage.com\/wp-content\/uploads\/2025\/09\/\u753b\u677f-12-copy-9-1.jpg\" class=\"attachment-full size-full\" alt=\"\u753b\u677f 12 exemplaire 9\" srcset=\"https:\/\/eauchauffage.com\/wp-content\/uploads\/2025\/09\/\u753b\u677f-12-copy-9-1.jpg 459w, https:\/\/eauchauffage.com\/wp-content\/uploads\/2025\/09\/\u753b\u677f-12-copy-9-1-224x300.jpg 224w, https:\/\/eauchauffage.com\/wp-content\/uploads\/2025\/09\/\u753b\u677f-12-copy-9-1-150x201.jpg 150w\" sizes=\"(max-width: 459px) 100vw, 459px\" \/>\n\t\t\t\t\t\t\t\t\t\t\t\t\t<\/a>\n\t\t\t\t\t\t\t\t\t\t\t<\/div>\n\t\t\t\t\t\t\t\t\t\t\t\t\t\t\t<div class=\"wd-gallery-item wd-col\">\n\t\t\t\t\t\t\t\t\t\t\t\t\t<a  href=\"https:\/\/eauchauffage.com\/wp-content\/uploads\/2025\/09\/\u753b\u677f-12-copy-8-1.jpg\" data-width=\"459\" data-height=\"613\" data-index=\"2\" data-elementor-open-lightbox=\"no\">\n\t\t\t\t\t\t\n\t\t\t\t\t\t<img loading=\"lazy\" decoding=\"async\" width=\"459\" height=\"613\" src=\"https:\/\/eauchauffage.com\/wp-content\/uploads\/2025\/09\/\u753b\u677f-12-copy-8-1.jpg\" class=\"attachment-full size-full\" alt=\"\u753b\u677f 12 exemplaire 8\" srcset=\"https:\/\/eauchauffage.com\/wp-content\/uploads\/2025\/09\/\u753b\u677f-12-copy-8-1.jpg 459w, https:\/\/eauchauffage.com\/wp-content\/uploads\/2025\/09\/\u753b\u677f-12-copy-8-1-225x300.jpg 225w, https:\/\/eauchauffage.com\/wp-content\/uploads\/2025\/09\/\u753b\u677f-12-copy-8-1-150x200.jpg 150w\" sizes=\"(max-width: 459px) 100vw, 459px\" \/>\n\t\t\t\t\t\t\t\t\t\t\t\t\t<\/a>\n\t\t\t\t\t\t\t\t\t\t\t<\/div>\n\t\t\t\t\t\t\t\t\t\t\t\t\t<\/div>\n\t\t\t\t\t<\/div>\n\t\t\t\t\t\t<\/div>\n\t\t\t\t<\/div>\n\t\t\t\t<div class=\"elementor-element elementor-element-a9810b5 elementor-widget elementor-widget-wd_text_block\" data-id=\"a9810b5\" data-element_type=\"widget\" data-widget_type=\"wd_text_block.default\">\n\t\t\t\t<div class=\"elementor-widget-container\">\n\t\t\t\t\t\t\t<div class=\"wd-text-block reset-last-child text-left\">\n\t\t\t\n\t\t\t<h4 data-start=\"1660\" data-end=\"1688\"><strong data-start=\"1664\" data-end=\"1686\">Applications id\u00e9ales :<\/strong><\/h4><ul data-start=\"1689\" data-end=\"1824\"><li data-start=\"1689\" data-end=\"1721\"><p data-start=\"1691\" data-end=\"1721\">Maisons (cuisines et salles de bains)<\/p><\/li><li data-start=\"1722\" data-end=\"1748\"><p data-start=\"1724\" data-end=\"1748\">H\u00f4tels et pensions<\/p><\/li><li data-start=\"1749\" data-end=\"1789\"><p data-start=\"1751\" data-end=\"1789\">Restaurants et blanchisseries commerciales<\/p><\/li><li data-start=\"1790\" data-end=\"1824\"><p data-start=\"1792\" data-end=\"1824\">\u00c9coles et installations de service<\/p><\/li><\/ul>\n\t\t\t\t\t<\/div>\n\t\t\t\t\t\t<\/div>\n\t\t\t\t<\/div>\n\t\t\t\t<div class=\"elementor-element elementor-element-61d6618 wd-width-100 elementor-widget elementor-widget-wd_images_gallery\" data-id=\"61d6618\" data-element_type=\"widget\" data-widget_type=\"wd_images_gallery.default\">\n\t\t\t\t<div class=\"elementor-widget-container\">\n\t\t\t\t\t\t\t<div class=\"wd-images-gallery photoswipe-images\" style=\"--wd-align-items:center; --wd-justify-content:center;\">\n\t\t\t\t\t\t<div class=\"wd-grid-g\" style=\"--wd-col-lg:2;--wd-col-md:2;--wd-col-sm:1;--wd-gap-lg:0px;\" >\n\t\t\t\t\t\t\t\t\t\t\t\t\t\t\t\t\t\t<div class=\"wd-gallery-item wd-col\">\n\t\t\t\t\t\t\t\t\t\t\t\t\t<a  href=\"https:\/\/eauchauffage.com\/wp-content\/uploads\/2025\/09\/\u753b\u677f-12-copy-11-1.jpg\" data-width=\"459\" data-height=\"614\" data-index=\"1\" data-elementor-open-lightbox=\"no\">\n\t\t\t\t\t\t\n\t\t\t\t\t\t<img loading=\"lazy\" decoding=\"async\" width=\"459\" height=\"614\" src=\"https:\/\/eauchauffage.com\/wp-content\/uploads\/2025\/09\/\u753b\u677f-12-copy-11-1.jpg\" class=\"attachment-full size-full\" alt=\"\u753b\u677f 12 exemplaire 11\" srcset=\"https:\/\/eauchauffage.com\/wp-content\/uploads\/2025\/09\/\u753b\u677f-12-copy-11-1.jpg 459w, https:\/\/eauchauffage.com\/wp-content\/uploads\/2025\/09\/\u753b\u677f-12-copy-11-1-224x300.jpg 224w, https:\/\/eauchauffage.com\/wp-content\/uploads\/2025\/09\/\u753b\u677f-12-copy-11-1-150x201.jpg 150w\" sizes=\"(max-width: 459px) 100vw, 459px\" \/>\n\t\t\t\t\t\t\t\t\t\t\t\t\t<\/a>\n\t\t\t\t\t\t\t\t\t\t\t<\/div>\n\t\t\t\t\t\t\t\t\t\t\t\t\t\t\t<div class=\"wd-gallery-item wd-col\">\n\t\t\t\t\t\t\t\t\t\t\t\t\t<a  href=\"https:\/\/eauchauffage.com\/wp-content\/uploads\/2025\/09\/\u753b\u677f-12-copy-10-1.jpg\" data-width=\"459\" data-height=\"613\" data-index=\"2\" data-elementor-open-lightbox=\"no\">\n\t\t\t\t\t\t\n\t\t\t\t\t\t<img loading=\"lazy\" decoding=\"async\" width=\"459\" height=\"613\" src=\"https:\/\/eauchauffage.com\/wp-content\/uploads\/2025\/09\/\u753b\u677f-12-copy-10-1.jpg\" class=\"attachment-full size-full\" alt=\"\u753b\u677f 12 exemplaire 10\" srcset=\"https:\/\/eauchauffage.com\/wp-content\/uploads\/2025\/09\/\u753b\u677f-12-copy-10-1.jpg 459w, https:\/\/eauchauffage.com\/wp-content\/uploads\/2025\/09\/\u753b\u677f-12-copy-10-1-225x300.jpg 225w, https:\/\/eauchauffage.com\/wp-content\/uploads\/2025\/09\/\u753b\u677f-12-copy-10-1-150x200.jpg 150w\" sizes=\"(max-width: 459px) 100vw, 459px\" \/>\n\t\t\t\t\t\t\t\t\t\t\t\t\t<\/a>\n\t\t\t\t\t\t\t\t\t\t\t<\/div>\n\t\t\t\t\t\t\t\t\t\t\t\t\t<\/div>\n\t\t\t\t\t<\/div>\n\t\t\t\t\t\t<\/div>\n\t\t\t\t<\/div>\n\t\t\t\t\t<\/div>\n\t\t\t\t<\/div>\n\t\t\t\t<\/div>","protected":false},"excerpt":{"rendered":"<h4 data-start=\"77\" data-end=\"135\"><strong data-start=\"80\" data-end=\"133\">EC0260E Chauffe-eau \u00e9lectrique<\/strong><\/h4>\n<ul data-start=\"136\" data-end=\"366\">\n<li data-start=\"136\" data-end=\"184\">\n<p data-start=\"138\" data-end=\"184\">Fournit de l'eau chaude stable \u00e0 <strong data-start=\"167\" data-end=\"182\">38\u00b0C - 42\u00b0C<\/strong><\/p>\n<\/li>\n<li data-start=\"185\" data-end=\"224\">\n<p data-start=\"187\" data-end=\"224\">Chauffage rapide avec efficacit\u00e9 \u00e9nerg\u00e9tique<\/p>\n<\/li>\n<li data-start=\"225\" data-end=\"279\">\n<p data-start=\"227\" data-end=\"279\">Conception s\u00fbre avec protection contre la surchauffe et la pression<\/p>\n<\/li>\n<li data-start=\"280\" data-end=\"325\">\n<p data-start=\"282\" data-end=\"325\">Construction durable et r\u00e9sistante \u00e0 la corrosion<\/p>\n<\/li>\n<li data-start=\"326\" data-end=\"366\">\n<p data-start=\"328\" data-end=\"366\">Conception compacte pour une installation facile<\/p>\n<\/li>\n<\/ul>\n<p data-start=\"368\" data-end=\"446\"><strong data-start=\"368\" data-end=\"444\">Id\u00e9al pour les maisons, les h\u00f4tels, les restaurants, les \u00e9coles et les blanchisseries commerciales.<\/strong><\/p>","protected":false},"featured_media":11824,"comment_status":"open","ping_status":"closed","template":"","meta":[],"product_brand":[],"product_cat":[166],"product_tag":[],"class_list":{"0":"post-11823","1":"product","2":"type-product","3":"status-publish","4":"has-post-thumbnail","6":"product_cat-instantaneous","8":"first","9":"instock","10":"shipping-taxable","11":"product-type-simple"},"_links":{"self":[{"href":"https:\/\/eauchauffage.com\/fr\/wp-json\/wp\/v2\/product\/11823","targetHints":{"allow":["GET"]}}],"collection":[{"href":"https:\/\/eauchauffage.com\/fr\/wp-json\/wp\/v2\/product"}],"about":[{"href":"https:\/\/eauchauffage.com\/fr\/wp-json\/wp\/v2\/types\/product"}],"replies":[{"embeddable":true,"href":"https:\/\/eauchauffage.com\/fr\/wp-json\/wp\/v2\/comments?post=11823"}],"version-history":[{"count":5,"href":"https:\/\/eauchauffage.com\/fr\/wp-json\/wp\/v2\/product\/11823\/revisions"}],"predecessor-version":[{"id":12039,"href":"https:\/\/eauchauffage.com\/fr\/wp-json\/wp\/v2\/product\/11823\/revisions\/12039"}],"wp:featuredmedia":[{"embeddable":true,"href":"https:\/\/eauchauffage.com\/fr\/wp-json\/wp\/v2\/media\/11824"}],"wp:attachment":[{"href":"https:\/\/eauchauffage.com\/fr\/wp-json\/wp\/v2\/media?parent=11823"}],"wp:term":[{"taxonomy":"product_brand","embeddable":true,"href":"https:\/\/eauchauffage.com\/fr\/wp-json\/wp\/v2\/product_brand?post=11823"},{"taxonomy":"product_cat","embeddable":true,"href":"https:\/\/eauchauffage.com\/fr\/wp-json\/wp\/v2\/product_cat?post=11823"},{"taxonomy":"product_tag","embeddable":true,"href":"https:\/\/eauchauffage.com\/fr\/wp-json\/wp\/v2\/product_tag?post=11823"}],"curies":[{"name":"wp","href":"https:\/\/api.w.org\/{rel}","templated":true}]}}