{"id":11816,"date":"2025-09-23T14:34:53","date_gmt":"2025-09-23T14:34:53","guid":{"rendered":"https:\/\/eauchauffage.com\/?post_type=product&#038;p=11816"},"modified":"2025-09-27T09:48:08","modified_gmt":"2025-09-27T09:48:08","slug":"chaudiere-a-gaz-a-huile-de-feu-montee-sur-skid","status":"publish","type":"product","link":"https:\/\/eauchauffage.com\/fr\/product\/sm-skid-mounted-fire-oil-gas-boiler\/","title":{"rendered":"SM Chaudi\u00e8re \u00e0 feu (mazout\/gaz) mont\u00e9e sur patins"},"content":{"rendered":"<div data-elementor-type=\"wp-post\" data-elementor-id=\"11816\" class=\"elementor elementor-11816\">\n\t\t\t\t<div class=\"wd-negative-gap elementor-element elementor-element-f6d760f e-flex e-con-boxed e-con e-parent\" data-id=\"f6d760f\" data-element_type=\"container\">\n\t\t\t\t\t<div class=\"e-con-inner\">\n\t\t\t\t<div class=\"elementor-element elementor-element-736b2281 elementor-widget elementor-widget-wd_image_or_svg\" data-id=\"736b2281\" data-element_type=\"widget\" data-widget_type=\"wd_image_or_svg.default\">\n\t\t\t\t<div class=\"elementor-widget-container\">\n\t\t\t\t\t\n\t\t<div class=\"wd-image text-center photoswipe-images\">\n\t\t\t\t\t\t\t<a  href=\"https:\/\/eauchauffage.com\/wp-content\/uploads\/2025\/09\/SM-1.jpg\"data-width=\"1208\" data-height=\"726\" data-elementor-open-lightbox=\"no\" aria-label=\"Image link\">\n\t\t\t\t\t\t\t\t<img fetchpriority=\"high\" decoding=\"async\" width=\"1208\" height=\"726\" src=\"https:\/\/eauchauffage.com\/wp-content\/uploads\/2025\/09\/SM-1.jpg\" class=\"attachment-full size-full\" alt=\"\" srcset=\"https:\/\/eauchauffage.com\/wp-content\/uploads\/2025\/09\/SM-1.jpg 1208w, https:\/\/eauchauffage.com\/wp-content\/uploads\/2025\/09\/SM-1-300x180.jpg 300w, https:\/\/eauchauffage.com\/wp-content\/uploads\/2025\/09\/SM-1-1024x615.jpg 1024w, https:\/\/eauchauffage.com\/wp-content\/uploads\/2025\/09\/SM-1-768x462.jpg 768w, https:\/\/eauchauffage.com\/wp-content\/uploads\/2025\/09\/SM-1-1200x721.jpg 1200w, https:\/\/eauchauffage.com\/wp-content\/uploads\/2025\/09\/SM-1-150x90.jpg 150w\" sizes=\"(max-width: 1208px) 100vw, 1208px\" \/>\t\t\t\t\t\t\t<\/a>\n\t\t\t\t\t<\/div>\n\n\t\t\t\t\t\t<\/div>\n\t\t\t\t<\/div>\n\t\t\t\t<div class=\"elementor-element elementor-element-33166c1f elementor-widget elementor-widget-wd_text_block\" data-id=\"33166c1f\" data-element_type=\"widget\" data-widget_type=\"wd_text_block.default\">\n\t\t\t\t<div class=\"elementor-widget-container\">\n\t\t\t\t\t\t\t<div class=\"wd-text-block reset-last-child text-left\">\n\t\t\t\n\t\t\t<p data-start=\"119\" data-end=\"549\">Les <strong data-start=\"123\" data-end=\"161\">Chaudi\u00e8re \u00e0 feu (mazout\/gaz) mont\u00e9e sur patins<\/strong> est une solution int\u00e9gr\u00e9e, mobile et enti\u00e8rement automatique pour la vapeur et l'eau chaude, con\u00e7ue pour les industries qui ont besoin d'un chauffage flexible et efficace. Contrairement aux chaudi\u00e8res traditionnelles qui n\u00e9cessitent une chaufferie s\u00e9par\u00e9e, cette unit\u00e9 combine le corps de la chaudi\u00e8re, le syst\u00e8me de contr\u00f4le, le traitement de l'eau, la pompe d'alimentation, le r\u00e9servoir d'eau douce, le cylindre divis\u00e9 et tous les \u00e9quipements auxiliaires en un seul syst\u00e8me compact mont\u00e9 sur patins.<\/p><p data-start=\"551\" data-end=\"849\">Cette conception permet <strong data-start=\"574\" data-end=\"614\">installation rapide et mobilit\u00e9 ais\u00e9e<\/strong>, Le syst\u00e8me est donc tout \u00e0 fait adapt\u00e9 aux besoins des <strong data-start=\"646\" data-end=\"735\">les chantiers de construction, les champs p\u00e9trolif\u00e8res, les zones mini\u00e8res et les projets de chauffage temporaire ou mobile<\/strong>. La chaudi\u00e8re peut \u00eatre transport\u00e9e et install\u00e9e selon les besoins, ce qui r\u00e9duit consid\u00e9rablement les co\u00fbts d'installation et permet de gagner du temps.<\/p><p data-start=\"851\" data-end=\"1122\">Les principaux avantages sont les suivants <strong data-start=\"872\" data-end=\"999\">performances en mati\u00e8re d'\u00e9conomie d'\u00e9nergie, syst\u00e8mes de s\u00e9curit\u00e9 fiables, respect des normes de protection de l'environnement et fonctionnement simple \"plug-and-play\".<\/strong>. Les utilisateurs n'ont qu'\u00e0 raccorder l'eau, l'\u00e9lectricit\u00e9 et le carburant pour une utilisation imm\u00e9diate, ce qui \u00e9limine le besoin d'infrastructures permanentes.<\/p><p data-start=\"1124\" data-end=\"1317\">Gr\u00e2ce \u00e0 sa grande adaptabilit\u00e9 et \u00e0 son fonctionnement rentable, la chaudi\u00e8re mont\u00e9e sur patins est un outil de choix pour les entreprises. <strong data-start=\"1209\" data-end=\"1314\">choix id\u00e9al pour les entreprises qui ont besoin d'un chauffage temporaire, d'un d\u00e9ploiement rapide ou de solutions \u00e9nerg\u00e9tiques mobiles<\/strong>.<\/p><p data-start=\"1319\" data-end=\"1566\"><strong data-start=\"1319\" data-end=\"1336\">Applications :<\/strong> P\u00e9trole, production chimique, industrie alimentaire, textile, tabac, brasserie, st\u00e9rilisation hospitali\u00e8re, traitement m\u00e9canique, traitement des huiles v\u00e9g\u00e9tales, chauffage central, industrie du papier, traitement des c\u00e2bles, h\u00f4tels et chauffage civil.<\/p>\n\t\t\t\t\t<\/div>\n\t\t\t\t\t\t<\/div>\n\t\t\t\t<\/div>\n\t\t\t\t\t<\/div>\n\t\t\t\t<\/div>\n\t\t\t\t<\/div>","protected":false},"excerpt":{"rendered":"<p data-start=\"1612\" data-end=\"1797\">Les <strong>SM Chaudi\u00e8re \u00e0 feu (mazout\/gaz) mont\u00e9e sur patins<\/strong> est une solution de chauffage compacte, mobile et enti\u00e8rement automatique, facile \u00e0 installer, \u00e9conome en \u00e9nergie et id\u00e9ale pour la fourniture de chaleur temporaire ou mobile.<\/p>","protected":false},"featured_media":11817,"comment_status":"open","ping_status":"closed","template":"","meta":[],"product_brand":[],"product_cat":[168,241],"product_tag":[],"class_list":{"0":"post-11816","1":"product","2":"type-product","3":"status-publish","4":"has-post-thumbnail","6":"product_cat-industrial","7":"product_cat-steam-boiler","9":"first","10":"instock","11":"shipping-taxable","12":"product-type-simple"},"_links":{"self":[{"href":"https:\/\/eauchauffage.com\/fr\/wp-json\/wp\/v2\/product\/11816","targetHints":{"allow":["GET"]}}],"collection":[{"href":"https:\/\/eauchauffage.com\/fr\/wp-json\/wp\/v2\/product"}],"about":[{"href":"https:\/\/eauchauffage.com\/fr\/wp-json\/wp\/v2\/types\/product"}],"replies":[{"embeddable":true,"href":"https:\/\/eauchauffage.com\/fr\/wp-json\/wp\/v2\/comments?post=11816"}],"version-history":[{"count":5,"href":"https:\/\/eauchauffage.com\/fr\/wp-json\/wp\/v2\/product\/11816\/revisions"}],"predecessor-version":[{"id":12040,"href":"https:\/\/eauchauffage.com\/fr\/wp-json\/wp\/v2\/product\/11816\/revisions\/12040"}],"wp:featuredmedia":[{"embeddable":true,"href":"https:\/\/eauchauffage.com\/fr\/wp-json\/wp\/v2\/media\/11817"}],"wp:attachment":[{"href":"https:\/\/eauchauffage.com\/fr\/wp-json\/wp\/v2\/media?parent=11816"}],"wp:term":[{"taxonomy":"product_brand","embeddable":true,"href":"https:\/\/eauchauffage.com\/fr\/wp-json\/wp\/v2\/product_brand?post=11816"},{"taxonomy":"product_cat","embeddable":true,"href":"https:\/\/eauchauffage.com\/fr\/wp-json\/wp\/v2\/product_cat?post=11816"},{"taxonomy":"product_tag","embeddable":true,"href":"https:\/\/eauchauffage.com\/fr\/wp-json\/wp\/v2\/product_tag?post=11816"}],"curies":[{"name":"wp","href":"https:\/\/api.w.org\/{rel}","templated":true}]}}