{"id":11809,"date":"2025-09-23T14:33:35","date_gmt":"2025-09-23T14:33:35","guid":{"rendered":"https:\/\/eauchauffage.com\/?post_type=product&#038;p=11809"},"modified":"2025-09-27T09:48:19","modified_gmt":"2025-09-27T09:48:19","slug":"chaudiere-a-vapeur-de-chauffage-electrique-wdr","status":"publish","type":"product","link":"https:\/\/eauchauffage.com\/fr\/product\/wdr-electric-heating-steam-boiler\/","title":{"rendered":"Chaudi\u00e8re \u00e0 vapeur pour chauffage \u00e9lectrique WDR"},"content":{"rendered":"<div data-elementor-type=\"wp-post\" data-elementor-id=\"11809\" class=\"elementor elementor-11809\">\n\t\t\t\t<div class=\"wd-negative-gap elementor-element elementor-element-f6d760f e-flex e-con-boxed e-con e-parent\" data-id=\"f6d760f\" data-element_type=\"container\">\n\t\t\t\t\t<div class=\"e-con-inner\">\n\t\t\t\t<div class=\"elementor-element elementor-element-736b2281 elementor-widget elementor-widget-wd_image_or_svg\" data-id=\"736b2281\" data-element_type=\"widget\" data-widget_type=\"wd_image_or_svg.default\">\n\t\t\t\t<div class=\"elementor-widget-container\">\n\t\t\t\t\t\n\t\t<div class=\"wd-image text-center photoswipe-images\">\n\t\t\t\t\t\t\t<a  href=\"https:\/\/eauchauffage.com\/wp-content\/uploads\/2025\/09\/WDR-1.jpg\"data-width=\"1208\" data-height=\"726\" data-elementor-open-lightbox=\"no\" aria-label=\"Image link\">\n\t\t\t\t\t\t\t\t<img fetchpriority=\"high\" decoding=\"async\" width=\"1208\" height=\"726\" src=\"https:\/\/eauchauffage.com\/wp-content\/uploads\/2025\/09\/WDR-1.jpg\" class=\"attachment-full size-full\" alt=\"\" srcset=\"https:\/\/eauchauffage.com\/wp-content\/uploads\/2025\/09\/WDR-1.jpg 1208w, https:\/\/eauchauffage.com\/wp-content\/uploads\/2025\/09\/WDR-1-300x180.jpg 300w, https:\/\/eauchauffage.com\/wp-content\/uploads\/2025\/09\/WDR-1-1024x615.jpg 1024w, https:\/\/eauchauffage.com\/wp-content\/uploads\/2025\/09\/WDR-1-768x462.jpg 768w, https:\/\/eauchauffage.com\/wp-content\/uploads\/2025\/09\/WDR-1-1200x721.jpg 1200w, https:\/\/eauchauffage.com\/wp-content\/uploads\/2025\/09\/WDR-1-150x90.jpg 150w\" sizes=\"(max-width: 1208px) 100vw, 1208px\" \/>\t\t\t\t\t\t\t<\/a>\n\t\t\t\t\t<\/div>\n\n\t\t\t\t\t\t<\/div>\n\t\t\t\t<\/div>\n\t\t\t\t<div class=\"elementor-element elementor-element-33166c1f elementor-widget elementor-widget-wd_text_block\" data-id=\"33166c1f\" data-element_type=\"widget\" data-widget_type=\"wd_text_block.default\">\n\t\t\t\t<div class=\"elementor-widget-container\">\n\t\t\t\t\t\t\t<div class=\"wd-text-block reset-last-child text-left\">\n\t\t\t\n\t\t\t<p data-start=\"117\" data-end=\"455\">Les <strong data-start=\"121\" data-end=\"158\">Chaudi\u00e8re \u00e0 vapeur pour chauffage \u00e9lectrique WDR<\/strong> est une solution vapeur moderne et \u00e9cologique qui utilise des tuyaux de chauffage \u00e9lectrique de haute qualit\u00e9 pour g\u00e9n\u00e9rer de la vapeur de mani\u00e8re efficace et s\u00fbre. Con\u00e7u avec une armoire de commande avanc\u00e9e s\u00e9par\u00e9e du corps du four, il emp\u00eache le vieillissement des composants \u00e9lectriques, ce qui garantit une dur\u00e9e de vie plus longue et un fonctionnement fiable.<\/p><p data-start=\"457\" data-end=\"739\">Cette chaudi\u00e8re atteint un <strong data-start=\"480\" data-end=\"516\">rendement thermique de pr\u00e8s de 99%<\/strong>, Elle offre un fonctionnement silencieux, propre et respectueux de l'environnement. Contrairement aux chaudi\u00e8res conventionnelles, elle produit <strong data-start=\"624\" data-end=\"644\">pas d'\u00e9missions de NOx<\/strong>, Il est donc id\u00e9al pour les industries qui doivent se conformer \u00e0 des normes environnementales strictes.<\/p><p data-start=\"741\" data-end=\"1166\">\u00c9quip\u00e9 d'un <strong data-start=\"757\" data-end=\"779\">Syst\u00e8me de contr\u00f4le PLC<\/strong>, La chaudi\u00e8re WDR offre un fonctionnement automatique, une surveillance en temps r\u00e9el et des fonctions de s\u00e9curit\u00e9 intelligentes. Son interface utilisateur comprend un <strong data-start=\"911\" data-end=\"933\">panneau \u00e0 \u00e9cran tactile<\/strong> avec des options d'affichage en chinois et en anglais, un dialogue homme-machine et un enregistrement automatique des donn\u00e9es. Les mesures de s\u00e9curit\u00e9 comprennent de multiples fonctions de protection telles que la surchauffe, le manque d'eau, la surtension et des syst\u00e8mes d'alarme automatiques.<\/p><p data-start=\"1168\" data-end=\"1458\">Construite avec des composants durables certifi\u00e9s CE et CCC, la chaudi\u00e8re garantit <strong data-start=\"1239\" data-end=\"1260\">longue dur\u00e9e de vie<\/strong>, <strong data-start=\"1262\" data-end=\"1282\">entretien facile<\/strong>, et des performances stables. Sa structure compacte permet d'\u00e9conomiser l'espace d'installation, tandis que la <strong data-start=\"1366\" data-end=\"1389\">grande chambre \u00e0 vapeur<\/strong> garantit un d\u00e9bit de vapeur stable avec une s\u00e9cheresse \u00e9lev\u00e9e et une bonne qualit\u00e9.<\/p><p data-start=\"1460\" data-end=\"1718\"><strong data-start=\"1460\" data-end=\"1477\">Applications :<\/strong> La chaudi\u00e8re WDR est largement utilis\u00e9e dans <strong data-start=\"1511\" data-end=\"1651\">industrie pharmaceutique, industrie alimentaire, textiles, produits chimiques, h\u00f4pitaux, industrie du papier, mat\u00e9riaux de construction, caoutchouc, chauffage central et h\u00f4tels<\/strong>, o\u00f9 une production de vapeur fiable et non polluante est n\u00e9cessaire.<\/p>\n\t\t\t\t\t<\/div>\n\t\t\t\t\t\t<\/div>\n\t\t\t\t<\/div>\n\t\t\t\t\t<\/div>\n\t\t\t\t<\/div>\n\t\t\t\t<\/div>","protected":false},"excerpt":{"rendered":"<p data-start=\"1764\" data-end=\"1999\">Les <strong data-start=\"1768\" data-end=\"1805\">Chaudi\u00e8re \u00e0 vapeur pour chauffage \u00e9lectrique WDR<\/strong> fournit une vapeur propre, efficace et s\u00fbre avec un rendement thermique de 99%, des \u00e9missions nulles et des commandes PLC intelligentes - parfait pour les industries qui exigent des solutions de vapeur fiables et respectueuses de l'environnement.<\/p>","protected":false},"featured_media":11810,"comment_status":"open","ping_status":"closed","template":"","meta":[],"product_brand":[],"product_cat":[168,241],"product_tag":[],"class_list":{"0":"post-11809","1":"product","2":"type-product","3":"status-publish","4":"has-post-thumbnail","6":"product_cat-industrial","7":"product_cat-steam-boiler","9":"first","10":"instock","11":"shipping-taxable","12":"product-type-simple"},"_links":{"self":[{"href":"https:\/\/eauchauffage.com\/fr\/wp-json\/wp\/v2\/product\/11809","targetHints":{"allow":["GET"]}}],"collection":[{"href":"https:\/\/eauchauffage.com\/fr\/wp-json\/wp\/v2\/product"}],"about":[{"href":"https:\/\/eauchauffage.com\/fr\/wp-json\/wp\/v2\/types\/product"}],"replies":[{"embeddable":true,"href":"https:\/\/eauchauffage.com\/fr\/wp-json\/wp\/v2\/comments?post=11809"}],"version-history":[{"count":5,"href":"https:\/\/eauchauffage.com\/fr\/wp-json\/wp\/v2\/product\/11809\/revisions"}],"predecessor-version":[{"id":12041,"href":"https:\/\/eauchauffage.com\/fr\/wp-json\/wp\/v2\/product\/11809\/revisions\/12041"}],"wp:featuredmedia":[{"embeddable":true,"href":"https:\/\/eauchauffage.com\/fr\/wp-json\/wp\/v2\/media\/11810"}],"wp:attachment":[{"href":"https:\/\/eauchauffage.com\/fr\/wp-json\/wp\/v2\/media?parent=11809"}],"wp:term":[{"taxonomy":"product_brand","embeddable":true,"href":"https:\/\/eauchauffage.com\/fr\/wp-json\/wp\/v2\/product_brand?post=11809"},{"taxonomy":"product_cat","embeddable":true,"href":"https:\/\/eauchauffage.com\/fr\/wp-json\/wp\/v2\/product_cat?post=11809"},{"taxonomy":"product_tag","embeddable":true,"href":"https:\/\/eauchauffage.com\/fr\/wp-json\/wp\/v2\/product_tag?post=11809"}],"curies":[{"name":"wp","href":"https:\/\/api.w.org\/{rel}","templated":true}]}}