{"id":11802,"date":"2025-09-23T14:32:15","date_gmt":"2025-09-23T14:32:15","guid":{"rendered":"https:\/\/eauchauffage.com\/?post_type=product&#038;p=11802"},"modified":"2025-09-27T09:48:30","modified_gmt":"2025-09-27T09:48:30","slug":"chaudiere-a-eau-chaude-sous-vide","status":"publish","type":"product","link":"https:\/\/eauchauffage.com\/fr\/product\/vacuum-hot-water-boiler\/","title":{"rendered":"Chaudi\u00e8re \u00e0 eau chaude sous vide"},"content":{"rendered":"<div data-elementor-type=\"wp-post\" data-elementor-id=\"11802\" class=\"elementor elementor-11802\">\n\t\t\t\t<div class=\"wd-negative-gap elementor-element elementor-element-f6d760f e-flex e-con-boxed e-con e-parent\" data-id=\"f6d760f\" data-element_type=\"container\">\n\t\t\t\t\t<div class=\"e-con-inner\">\n\t\t\t\t<div class=\"elementor-element elementor-element-736b2281 elementor-widget elementor-widget-wd_image_or_svg\" data-id=\"736b2281\" data-element_type=\"widget\" data-widget_type=\"wd_image_or_svg.default\">\n\t\t\t\t<div class=\"elementor-widget-container\">\n\t\t\t\t\t\n\t\t<div class=\"wd-image text-center photoswipe-images\">\n\t\t\t\t\t\t\t<a  href=\"https:\/\/eauchauffage.com\/wp-content\/uploads\/2025\/09\/VACUUM.jpg\"data-width=\"1208\" data-height=\"726\" data-elementor-open-lightbox=\"no\" aria-label=\"Image link\">\n\t\t\t\t\t\t\t\t<img fetchpriority=\"high\" decoding=\"async\" width=\"1208\" height=\"726\" src=\"https:\/\/eauchauffage.com\/wp-content\/uploads\/2025\/09\/VACUUM.jpg\" class=\"attachment-full size-full\" alt=\"\" srcset=\"https:\/\/eauchauffage.com\/wp-content\/uploads\/2025\/09\/VACUUM.jpg 1208w, https:\/\/eauchauffage.com\/wp-content\/uploads\/2025\/09\/VACUUM-300x180.jpg 300w, https:\/\/eauchauffage.com\/wp-content\/uploads\/2025\/09\/VACUUM-1024x615.jpg 1024w, https:\/\/eauchauffage.com\/wp-content\/uploads\/2025\/09\/VACUUM-768x462.jpg 768w, https:\/\/eauchauffage.com\/wp-content\/uploads\/2025\/09\/VACUUM-1200x721.jpg 1200w, https:\/\/eauchauffage.com\/wp-content\/uploads\/2025\/09\/VACUUM-150x90.jpg 150w\" sizes=\"(max-width: 1208px) 100vw, 1208px\" \/>\t\t\t\t\t\t\t<\/a>\n\t\t\t\t\t<\/div>\n\n\t\t\t\t\t\t<\/div>\n\t\t\t\t<\/div>\n\t\t\t\t<div class=\"elementor-element elementor-element-33166c1f elementor-widget elementor-widget-wd_text_block\" data-id=\"33166c1f\" data-element_type=\"widget\" data-widget_type=\"wd_text_block.default\">\n\t\t\t\t<div class=\"elementor-widget-container\">\n\t\t\t\t\t\t\t<div class=\"wd-text-block reset-last-child text-left\">\n\t\t\t\n\t\t\t<p data-start=\"111\" data-end=\"418\">Les <strong data-start=\"115\" data-end=\"142\">Chaudi\u00e8re \u00e0 eau chaude sous vide<\/strong> est un syst\u00e8me de chauffage avanc\u00e9 et \u00e9conome en \u00e9nergie, con\u00e7u pour fournir une eau chaude s\u00fbre, fiable et respectueuse de l'environnement. Il fonctionne en circuit ferm\u00e9. <strong data-start=\"302\" data-end=\"324\">environnement sous vide<\/strong>, qui \u00e9limine les risques d'accidents li\u00e9s \u00e0 la pression et assure un transfert de chaleur stable.<\/p><p data-start=\"420\" data-end=\"817\">A l'int\u00e9rieur de l'unit\u00e9, l'eau froide est chauff\u00e9e par <strong data-start=\"466\" data-end=\"506\">condensation de vapeur \u00e0 pression n\u00e9gative<\/strong>, L'eau est un fluide caloporteur qui circule pour produire de la vapeur. Cette vapeur se condense et fournit continuellement de l'eau chaude sans augmentation ou diminution de la pression interne. La conception du syst\u00e8me garantit <strong data-start=\"697\" data-end=\"751\">pas d'entartrage, pas de corrosion, pas de risque d'explosion<\/strong>, ce qui en fait l'une des technologies de chaudi\u00e8re les plus s\u00fbres du march\u00e9.<\/p><p data-start=\"819\" data-end=\"1251\">Construit avec <strong data-start=\"830\" data-end=\"878\">\u00e9changeurs de chaleur en acier inoxydable de haute qualit\u00e9<\/strong>, La chaudi\u00e8re est r\u00e9sistante \u00e0 la corrosion et tr\u00e8s durable. Elle prend en charge plusieurs \u00e9changeurs de chaleur, ce qui lui permet de fournir simultan\u00e9ment de l'eau chaude \u00e0 diff\u00e9rentes temp\u00e9ratures. La conception compacte r\u00e9duit l'espace n\u00e9cessaire \u00e0 l'installation, tandis que la <strong data-start=\"1116\" data-end=\"1156\">structure unique de combustion humide \u00e0 contre-courant<\/strong> et un syst\u00e8me avanc\u00e9 de circulation de l'eau garantissent une absorption efficace de la chaleur et un fonctionnement stable.<\/p><p data-start=\"1253\" data-end=\"1278\">Les principaux avantages sont les suivants :<\/p><ul data-start=\"1279\" data-end=\"1685\"><li data-start=\"1279\" data-end=\"1337\"><p data-start=\"1281\" data-end=\"1337\"><strong data-start=\"1281\" data-end=\"1299\">Fonctionnement s\u00fbr<\/strong> sans risque d'explosion de pression.<\/p><\/li><li data-start=\"1338\" data-end=\"1407\"><p data-start=\"1340\" data-end=\"1407\"><strong data-start=\"1340\" data-end=\"1382\">\u00c9changeur de chaleur durable en acier inoxydable<\/strong> pour une longue dur\u00e9e de vie.<\/p><\/li><li data-start=\"1408\" data-end=\"1481\"><p data-start=\"1410\" data-end=\"1481\"><strong data-start=\"1410\" data-end=\"1441\">Plusieurs temp\u00e9ratures de l'eau<\/strong> pour diff\u00e9rentes applications.<\/p><\/li><li data-start=\"1482\" data-end=\"1551\"><p data-start=\"1484\" data-end=\"1551\"><strong data-start=\"1484\" data-end=\"1502\">Conception compacte<\/strong> \u00e9conomise l'espace au sol et simplifie l'installation.<\/p><\/li><li data-start=\"1552\" data-end=\"1623\"><p data-start=\"1554\" data-end=\"1623\"><strong data-start=\"1554\" data-end=\"1582\">Respect de l'environnement<\/strong>, sans fum\u00e9e, ni pollution, ni d\u00e9tartrage.<\/p><\/li><li data-start=\"1624\" data-end=\"1685\"><p data-start=\"1626\" data-end=\"1685\"><strong data-start=\"1626\" data-end=\"1654\">Technologie d'\u00e9conomie d'\u00e9nergie<\/strong>, r\u00e9duisant ainsi les co\u00fbts op\u00e9rationnels.<\/p><\/li><\/ul><p data-start=\"1687\" data-end=\"1869\">La chaudi\u00e8re \u00e0 eau chaude sous vide est donc id\u00e9ale pour <strong data-start=\"1736\" data-end=\"1816\">les h\u00f4tels, les h\u00f4pitaux, les b\u00e2timents r\u00e9sidentiels, les \u00e9coles et les installations industrielles<\/strong>, o\u00f9 il est essentiel d'avoir de l'eau chaude en permanence et en toute s\u00e9curit\u00e9.<\/p>\n\t\t\t\t\t<\/div>\n\t\t\t\t\t\t<\/div>\n\t\t\t\t<\/div>\n\t\t\t\t\t<\/div>\n\t\t\t\t<\/div>\n\t\t\t\t<\/div>","protected":false},"excerpt":{"rendered":"<p data-start=\"1915\" data-end=\"2139\">Les <strong data-start=\"1919\" data-end=\"1946\">Chaudi\u00e8re \u00e0 eau chaude sous vide<\/strong> fournit de l'eau chaude s\u00fbre, efficace et \u00e9cologique, sans risque d'explosion, avec des \u00e9changeurs de chaleur en acier inoxydable et une longue dur\u00e9e de vie - id\u00e9al pour les h\u00f4tels, les h\u00f4pitaux et le chauffage r\u00e9sidentiel.<\/p>","protected":false},"featured_media":11803,"comment_status":"open","ping_status":"closed","template":"","meta":[],"product_brand":[],"product_cat":[168,241],"product_tag":[],"class_list":{"0":"post-11802","1":"product","2":"type-product","3":"status-publish","4":"has-post-thumbnail","6":"product_cat-industrial","7":"product_cat-steam-boiler","9":"first","10":"instock","11":"shipping-taxable","12":"product-type-simple"},"_links":{"self":[{"href":"https:\/\/eauchauffage.com\/fr\/wp-json\/wp\/v2\/product\/11802","targetHints":{"allow":["GET"]}}],"collection":[{"href":"https:\/\/eauchauffage.com\/fr\/wp-json\/wp\/v2\/product"}],"about":[{"href":"https:\/\/eauchauffage.com\/fr\/wp-json\/wp\/v2\/types\/product"}],"replies":[{"embeddable":true,"href":"https:\/\/eauchauffage.com\/fr\/wp-json\/wp\/v2\/comments?post=11802"}],"version-history":[{"count":5,"href":"https:\/\/eauchauffage.com\/fr\/wp-json\/wp\/v2\/product\/11802\/revisions"}],"predecessor-version":[{"id":12042,"href":"https:\/\/eauchauffage.com\/fr\/wp-json\/wp\/v2\/product\/11802\/revisions\/12042"}],"wp:featuredmedia":[{"embeddable":true,"href":"https:\/\/eauchauffage.com\/fr\/wp-json\/wp\/v2\/media\/11803"}],"wp:attachment":[{"href":"https:\/\/eauchauffage.com\/fr\/wp-json\/wp\/v2\/media?parent=11802"}],"wp:term":[{"taxonomy":"product_brand","embeddable":true,"href":"https:\/\/eauchauffage.com\/fr\/wp-json\/wp\/v2\/product_brand?post=11802"},{"taxonomy":"product_cat","embeddable":true,"href":"https:\/\/eauchauffage.com\/fr\/wp-json\/wp\/v2\/product_cat?post=11802"},{"taxonomy":"product_tag","embeddable":true,"href":"https:\/\/eauchauffage.com\/fr\/wp-json\/wp\/v2\/product_tag?post=11802"}],"curies":[{"name":"wp","href":"https:\/\/api.w.org\/{rel}","templated":true}]}}