{"id":11795,"date":"2025-09-23T14:31:03","date_gmt":"2025-09-23T14:31:03","guid":{"rendered":"https:\/\/eauchauffage.com\/?post_type=product&#038;p=11795"},"modified":"2025-09-27T09:48:47","modified_gmt":"2025-09-27T09:48:47","slug":"hy-fuel-oil-gas-hot-blast-stove","status":"publish","type":"product","link":"https:\/\/eauchauffage.com\/fr\/product\/hy-fuel-oil-gas-hot-blast-stove\/","title":{"rendered":"HY Fuel (Oil) Gas Hot Blast Stove (Po\u00eale \u00e0 gaz)"},"content":{"rendered":"<div data-elementor-type=\"wp-post\" data-elementor-id=\"11795\" class=\"elementor elementor-11795\">\n\t\t\t\t<div class=\"wd-negative-gap elementor-element elementor-element-f6d760f e-flex e-con-boxed e-con e-parent\" data-id=\"f6d760f\" data-element_type=\"container\">\n\t\t\t\t\t<div class=\"e-con-inner\">\n\t\t\t\t<div class=\"elementor-element elementor-element-736b2281 elementor-widget elementor-widget-wd_image_or_svg\" data-id=\"736b2281\" data-element_type=\"widget\" data-widget_type=\"wd_image_or_svg.default\">\n\t\t\t\t<div class=\"elementor-widget-container\">\n\t\t\t\t\t\n\t\t<div class=\"wd-image text-center photoswipe-images\">\n\t\t\t\t\t\t\t<a  href=\"https:\/\/eauchauffage.com\/wp-content\/uploads\/2025\/09\/HY-1.jpg\"data-width=\"1208\" data-height=\"726\" data-elementor-open-lightbox=\"no\" aria-label=\"Image link\">\n\t\t\t\t\t\t\t\t<img fetchpriority=\"high\" decoding=\"async\" width=\"1208\" height=\"726\" src=\"https:\/\/eauchauffage.com\/wp-content\/uploads\/2025\/09\/HY-1.jpg\" class=\"attachment-full size-full\" alt=\"\" srcset=\"https:\/\/eauchauffage.com\/wp-content\/uploads\/2025\/09\/HY-1.jpg 1208w, https:\/\/eauchauffage.com\/wp-content\/uploads\/2025\/09\/HY-1-300x180.jpg 300w, https:\/\/eauchauffage.com\/wp-content\/uploads\/2025\/09\/HY-1-1024x615.jpg 1024w, https:\/\/eauchauffage.com\/wp-content\/uploads\/2025\/09\/HY-1-768x462.jpg 768w, https:\/\/eauchauffage.com\/wp-content\/uploads\/2025\/09\/HY-1-1200x721.jpg 1200w, https:\/\/eauchauffage.com\/wp-content\/uploads\/2025\/09\/HY-1-150x90.jpg 150w\" sizes=\"(max-width: 1208px) 100vw, 1208px\" \/>\t\t\t\t\t\t\t<\/a>\n\t\t\t\t\t<\/div>\n\n\t\t\t\t\t\t<\/div>\n\t\t\t\t<\/div>\n\t\t\t\t<div class=\"elementor-element elementor-element-33166c1f elementor-widget elementor-widget-wd_text_block\" data-id=\"33166c1f\" data-element_type=\"widget\" data-widget_type=\"wd_text_block.default\">\n\t\t\t\t<div class=\"elementor-widget-container\">\n\t\t\t\t\t\t\t<div class=\"wd-text-block reset-last-child text-left\">\n\t\t\t\n\t\t\t<p data-start=\"120\" data-end=\"549\">Les <strong data-start=\"124\" data-end=\"161\">HY Fuel (Oil) Gas Hot Blast Stove (Po\u00eale \u00e0 gaz)<\/strong> est un syst\u00e8me d'\u00e9change thermique moderne, \u00e9conome en \u00e9nergie et efficace, con\u00e7u pour fournir une temp\u00e9rature constante, une pression r\u00e9guli\u00e8re et un air chaud propre dans une large gamme de temp\u00e9ratures (de la temp\u00e9rature ambiante \u00e0 350\u00b0C). Il est largement utilis\u00e9 dans les secteurs du p\u00e9trole, de la production chimique, de l'agroalimentaire, du textile, de l'imprimerie, de la teinture, des produits pharmaceutiques, des mat\u00e9riaux de construction, de la m\u00e9tallurgie, du chauffage central, etc.<\/p><p data-start=\"551\" data-end=\"980\">Le syst\u00e8me int\u00e8gre le <strong data-start=\"577\" data-end=\"618\">chambre de combustion et \u00e9changeur de chaleur<\/strong> en une seule unit\u00e9 compacte, avec une structure de manchon multicouche pour une durabilit\u00e9 et des performances accrues. La partie inf\u00e9rieure sert de chambre de combustion, tandis que la partie sup\u00e9rieure et les parties environnantes servent d'\u00e9changeur de chaleur. Cette conception permet \u00e0 l'air chaud et aux gaz de combustion de circuler efficacement par des voies distinctes, assurant ainsi un transfert de chaleur maximal.<\/p><p data-start=\"982\" data-end=\"1365\">Pour am\u00e9liorer encore l'efficacit\u00e9, le po\u00eale est \u00e9quip\u00e9 d'un syst\u00e8me d'alimentation en eau. <strong data-start=\"1038\" data-end=\"1071\">conception d'un flux de spirales \u00e0 t\u00eates multiples<\/strong>, qui augmente la surface d'\u00e9change thermique, r\u00e9duit les turbulences du gaz et am\u00e9liore l'utilisation globale de l'\u00e9nergie. Construite avec des mat\u00e9riaux r\u00e9sistant aux temp\u00e9ratures \u00e9lev\u00e9es et \u00e0 l'usure, notamment de l'acier moul\u00e9 r\u00e9sistant \u00e0 la chaleur et de l'acier inoxydable, l'unit\u00e9 garantit une durabilit\u00e9 \u00e0 long terme et un fonctionnement s\u00fbr.<\/p><p data-start=\"1367\" data-end=\"1582\">Gr\u00e2ce \u00e0 son <strong data-start=\"1381\" data-end=\"1409\">syst\u00e8me de contr\u00f4le automatis\u00e9<\/strong>, Le po\u00eale \u00e0 air chaud HY garantit un fonctionnement pr\u00e9cis, une s\u00e9curit\u00e9 fiable et des co\u00fbts d'exploitation r\u00e9duits, ce qui en fait un choix solide pour les industries n\u00e9cessitant un chauffage \u00e0 grande \u00e9chelle.<\/p>\n\t\t\t\t\t<\/div>\n\t\t\t\t\t\t<\/div>\n\t\t\t\t<\/div>\n\t\t\t\t\t<\/div>\n\t\t\t\t<\/div>\n\t\t\t\t<\/div>","protected":false},"excerpt":{"rendered":"<p data-start=\"1628\" data-end=\"1845\">Les <strong data-start=\"1632\" data-end=\"1662\">HY Po\u00eale \u00e0 bois \u00e0 huile\/gaz<\/strong> fournit un air chaud efficace, stable et propre jusqu'\u00e0 350\u00b0C gr\u00e2ce \u00e0 une conception avanc\u00e9e de l'\u00e9change thermique, une construction durable et un contr\u00f4le automatis\u00e9 - id\u00e9al pour les applications de chauffage industriel.<\/p>","protected":false},"featured_media":11796,"comment_status":"open","ping_status":"closed","template":"","meta":[],"product_brand":[],"product_cat":[168,241],"product_tag":[],"class_list":{"0":"post-11795","1":"product","2":"type-product","3":"status-publish","4":"has-post-thumbnail","6":"product_cat-industrial","7":"product_cat-steam-boiler","9":"first","10":"instock","11":"shipping-taxable","12":"product-type-simple"},"_links":{"self":[{"href":"https:\/\/eauchauffage.com\/fr\/wp-json\/wp\/v2\/product\/11795","targetHints":{"allow":["GET"]}}],"collection":[{"href":"https:\/\/eauchauffage.com\/fr\/wp-json\/wp\/v2\/product"}],"about":[{"href":"https:\/\/eauchauffage.com\/fr\/wp-json\/wp\/v2\/types\/product"}],"replies":[{"embeddable":true,"href":"https:\/\/eauchauffage.com\/fr\/wp-json\/wp\/v2\/comments?post=11795"}],"version-history":[{"count":5,"href":"https:\/\/eauchauffage.com\/fr\/wp-json\/wp\/v2\/product\/11795\/revisions"}],"predecessor-version":[{"id":12043,"href":"https:\/\/eauchauffage.com\/fr\/wp-json\/wp\/v2\/product\/11795\/revisions\/12043"}],"wp:featuredmedia":[{"embeddable":true,"href":"https:\/\/eauchauffage.com\/fr\/wp-json\/wp\/v2\/media\/11796"}],"wp:attachment":[{"href":"https:\/\/eauchauffage.com\/fr\/wp-json\/wp\/v2\/media?parent=11795"}],"wp:term":[{"taxonomy":"product_brand","embeddable":true,"href":"https:\/\/eauchauffage.com\/fr\/wp-json\/wp\/v2\/product_brand?post=11795"},{"taxonomy":"product_cat","embeddable":true,"href":"https:\/\/eauchauffage.com\/fr\/wp-json\/wp\/v2\/product_cat?post=11795"},{"taxonomy":"product_tag","embeddable":true,"href":"https:\/\/eauchauffage.com\/fr\/wp-json\/wp\/v2\/product_tag?post=11795"}],"curies":[{"name":"wp","href":"https:\/\/api.w.org\/{rel}","templated":true}]}}