{"id":11788,"date":"2025-09-23T14:29:41","date_gmt":"2025-09-23T14:29:41","guid":{"rendered":"https:\/\/eauchauffage.com\/?post_type=product&#038;p=11788"},"modified":"2025-09-27T09:49:00","modified_gmt":"2025-09-27T09:49:00","slug":"chauffage-organique-thermique-au-charbon-ylw","status":"publish","type":"product","link":"https:\/\/eauchauffage.com\/fr\/product\/ylw-coal-fired-thermal-organic-heater\/","title":{"rendered":"Chauffage organique thermique au charbon YLW"},"content":{"rendered":"<div data-elementor-type=\"wp-post\" data-elementor-id=\"11788\" class=\"elementor elementor-11788\">\n\t\t\t\t<div class=\"wd-negative-gap elementor-element elementor-element-f6d760f e-flex e-con-boxed e-con e-parent\" data-id=\"f6d760f\" data-element_type=\"container\">\n\t\t\t\t\t<div class=\"e-con-inner\">\n\t\t\t\t<div class=\"elementor-element elementor-element-736b2281 elementor-widget elementor-widget-wd_image_or_svg\" data-id=\"736b2281\" data-element_type=\"widget\" data-widget_type=\"wd_image_or_svg.default\">\n\t\t\t\t<div class=\"elementor-widget-container\">\n\t\t\t\t\t\n\t\t<div class=\"wd-image text-center photoswipe-images\">\n\t\t\t\t\t\t\t<a  href=\"https:\/\/eauchauffage.com\/wp-content\/uploads\/2025\/09\/YLW.jpg\"data-width=\"1208\" data-height=\"726\" data-elementor-open-lightbox=\"no\" aria-label=\"Image link\">\n\t\t\t\t\t\t\t\t<img fetchpriority=\"high\" decoding=\"async\" width=\"1208\" height=\"726\" src=\"https:\/\/eauchauffage.com\/wp-content\/uploads\/2025\/09\/YLW.jpg\" class=\"attachment-full size-full\" alt=\"\" srcset=\"https:\/\/eauchauffage.com\/wp-content\/uploads\/2025\/09\/YLW.jpg 1208w, https:\/\/eauchauffage.com\/wp-content\/uploads\/2025\/09\/YLW-300x180.jpg 300w, https:\/\/eauchauffage.com\/wp-content\/uploads\/2025\/09\/YLW-1024x615.jpg 1024w, https:\/\/eauchauffage.com\/wp-content\/uploads\/2025\/09\/YLW-768x462.jpg 768w, https:\/\/eauchauffage.com\/wp-content\/uploads\/2025\/09\/YLW-1200x721.jpg 1200w, https:\/\/eauchauffage.com\/wp-content\/uploads\/2025\/09\/YLW-150x90.jpg 150w\" sizes=\"(max-width: 1208px) 100vw, 1208px\" \/>\t\t\t\t\t\t\t<\/a>\n\t\t\t\t\t<\/div>\n\n\t\t\t\t\t\t<\/div>\n\t\t\t\t<\/div>\n\t\t\t\t<div class=\"elementor-element elementor-element-33166c1f elementor-widget elementor-widget-wd_text_block\" data-id=\"33166c1f\" data-element_type=\"widget\" data-widget_type=\"wd_text_block.default\">\n\t\t\t\t<div class=\"elementor-widget-container\">\n\t\t\t\t\t\t\t<div class=\"wd-text-block reset-last-child text-left\">\n\t\t\t\n\t\t\t<p data-start=\"125\" data-end=\"553\">Les <strong data-start=\"129\" data-end=\"170\">Chauffage organique thermique au charbon YLW<\/strong> est con\u00e7u pour fournir un chauffage fiable \u00e0 haute temp\u00e9rature sous une faible pression, ce qui en fait une solution efficace et rentable pour les applications industrielles. Utilisant l'huile thermique comme vecteur de chaleur, il permet d'atteindre des temp\u00e9ratures de fonctionnement allant jusqu'\u00e0 <strong data-start=\"423\" data-end=\"432\">300\u00b0C<\/strong> tout en maintenant une faible pression, ce qui r\u00e9duit consid\u00e9rablement les contraintes subies par l'\u00e9quipement et les risques d'exploitation par rapport aux syst\u00e8mes \u00e0 vapeur.<\/p><p data-start=\"555\" data-end=\"857\">Avec son <strong data-start=\"564\" data-end=\"628\">une structure raisonnable, un encombrement r\u00e9duit et une conception avanc\u00e9e<\/strong>, La s\u00e9rie YLW allie s\u00e9curit\u00e9, durabilit\u00e9 et efficacit\u00e9 \u00e9nerg\u00e9tique. La surface chauffante est scientifiquement dispos\u00e9e pour maximiser l'absorption de la chaleur, ce qui prolonge la dur\u00e9e de vie de l'huile thermique et garantit des performances constantes.<\/p><p data-start=\"859\" data-end=\"1106\">L'appareil de chauffage comprend <strong data-start=\"883\" data-end=\"918\">r\u00e9gulation pr\u00e9cise de la temp\u00e9rature<\/strong> avec un fonctionnement automatique et de multiples syst\u00e8mes de surveillance de la s\u00e9curit\u00e9, y compris le contr\u00f4le de la pression et de la temp\u00e9rature. Cela garantit un fonctionnement stable, des performances fiables et une utilisation s\u00fbre \u00e0 long terme.<\/p><p data-start=\"1108\" data-end=\"1332\">Un autre avantage cl\u00e9 est son <strong data-start=\"1137\" data-end=\"1161\">conception \u00e9conome en \u00e9nergie<\/strong>-Le syst\u00e8me offre un rendement de 0,8 \u00e0 1,5 fois sup\u00e9rieur \u00e0 celui du chauffage \u00e9lectrique, ce qui aide les entreprises \u00e0 r\u00e9duire leur consommation de carburant et \u00e0 diminuer consid\u00e9rablement leurs co\u00fbts d'exploitation.<\/p><p data-start=\"1334\" data-end=\"1618\">La s\u00e9rie YLW est id\u00e9ale pour les applications dans les domaines suivants <strong data-start=\"1378\" data-end=\"1524\">p\u00e9trochimie, textiles, transformation des aliments, plastiques, caoutchouc, peintures, rev\u00eatements, fabrication d'\u00e9quipements \u00e9lectriques, papier, d\u00e9tergents, etc.<\/strong>, Le syst\u00e8me de chauffage de l'air ambiant est une solution flexible pour les industries qui ont besoin d'un chauffage continu \u00e0 haute temp\u00e9rature.<\/p>\n\t\t\t\t\t<\/div>\n\t\t\t\t\t\t<\/div>\n\t\t\t\t<\/div>\n\t\t\t\t\t<\/div>\n\t\t\t\t<\/div>\n\t\t\t\t<\/div>","protected":false},"excerpt":{"rendered":"<p data-start=\"1664\" data-end=\"1930\">Les <strong data-start=\"1668\" data-end=\"1709\">Chauffage organique thermique au charbon YLW<\/strong> offre un chauffage \u00e0 haute temp\u00e9rature jusqu'\u00e0 300\u00b0C \u00e0 basse pression, avec un contr\u00f4le de s\u00e9curit\u00e9 avanc\u00e9, une longue dur\u00e9e de vie et des \u00e9conomies d'\u00e9nergie jusqu'\u00e0 1,5 fois par rapport au chauffage \u00e9lectrique, ce qui est id\u00e9al pour diverses applications industrielles.<\/p>","protected":false},"featured_media":11789,"comment_status":"open","ping_status":"closed","template":"","meta":[],"product_brand":[],"product_cat":[168,241],"product_tag":[],"class_list":{"0":"post-11788","1":"product","2":"type-product","3":"status-publish","4":"has-post-thumbnail","6":"product_cat-industrial","7":"product_cat-steam-boiler","9":"first","10":"instock","11":"shipping-taxable","12":"product-type-simple"},"_links":{"self":[{"href":"https:\/\/eauchauffage.com\/fr\/wp-json\/wp\/v2\/product\/11788","targetHints":{"allow":["GET"]}}],"collection":[{"href":"https:\/\/eauchauffage.com\/fr\/wp-json\/wp\/v2\/product"}],"about":[{"href":"https:\/\/eauchauffage.com\/fr\/wp-json\/wp\/v2\/types\/product"}],"replies":[{"embeddable":true,"href":"https:\/\/eauchauffage.com\/fr\/wp-json\/wp\/v2\/comments?post=11788"}],"version-history":[{"count":5,"href":"https:\/\/eauchauffage.com\/fr\/wp-json\/wp\/v2\/product\/11788\/revisions"}],"predecessor-version":[{"id":12044,"href":"https:\/\/eauchauffage.com\/fr\/wp-json\/wp\/v2\/product\/11788\/revisions\/12044"}],"wp:featuredmedia":[{"embeddable":true,"href":"https:\/\/eauchauffage.com\/fr\/wp-json\/wp\/v2\/media\/11789"}],"wp:attachment":[{"href":"https:\/\/eauchauffage.com\/fr\/wp-json\/wp\/v2\/media?parent=11788"}],"wp:term":[{"taxonomy":"product_brand","embeddable":true,"href":"https:\/\/eauchauffage.com\/fr\/wp-json\/wp\/v2\/product_brand?post=11788"},{"taxonomy":"product_cat","embeddable":true,"href":"https:\/\/eauchauffage.com\/fr\/wp-json\/wp\/v2\/product_cat?post=11788"},{"taxonomy":"product_tag","embeddable":true,"href":"https:\/\/eauchauffage.com\/fr\/wp-json\/wp\/v2\/product_tag?post=11788"}],"curies":[{"name":"wp","href":"https:\/\/api.w.org\/{rel}","templated":true}]}}