{"id":11781,"date":"2025-09-23T14:28:04","date_gmt":"2025-09-23T14:28:04","guid":{"rendered":"https:\/\/eauchauffage.com\/?post_type=product&#038;p=11781"},"modified":"2025-09-27T09:49:14","modified_gmt":"2025-09-27T09:49:14","slug":"chaudiere-a-eau-chaude-pour-le-chauffage-au-gaz-et-a-lhuile","status":"publish","type":"product","link":"https:\/\/eauchauffage.com\/fr\/product\/cwns-oil-gas-heating-hot-water-boiler\/","title":{"rendered":"Chaudi\u00e8re \u00e0 eau chaude CWNS pour le chauffage au mazout et au gaz"},"content":{"rendered":"<div data-elementor-type=\"wp-post\" data-elementor-id=\"11781\" class=\"elementor elementor-11781\">\n\t\t\t\t<div class=\"wd-negative-gap elementor-element elementor-element-f6d760f e-flex e-con-boxed e-con e-parent\" data-id=\"f6d760f\" data-element_type=\"container\">\n\t\t\t\t\t<div class=\"e-con-inner\">\n\t\t\t\t<div class=\"elementor-element elementor-element-736b2281 elementor-widget elementor-widget-wd_image_or_svg\" data-id=\"736b2281\" data-element_type=\"widget\" data-widget_type=\"wd_image_or_svg.default\">\n\t\t\t\t<div class=\"elementor-widget-container\">\n\t\t\t\t\t\n\t\t<div class=\"wd-image text-center photoswipe-images\">\n\t\t\t\t\t\t\t<a  href=\"https:\/\/eauchauffage.com\/wp-content\/uploads\/2025\/09\/CWNS.jpg\"data-width=\"1208\" data-height=\"726\" data-elementor-open-lightbox=\"no\" aria-label=\"Image link\">\n\t\t\t\t\t\t\t\t<img fetchpriority=\"high\" decoding=\"async\" width=\"1208\" height=\"726\" src=\"https:\/\/eauchauffage.com\/wp-content\/uploads\/2025\/09\/CWNS.jpg\" class=\"attachment-full size-full\" alt=\"\" srcset=\"https:\/\/eauchauffage.com\/wp-content\/uploads\/2025\/09\/CWNS.jpg 1208w, https:\/\/eauchauffage.com\/wp-content\/uploads\/2025\/09\/CWNS-300x180.jpg 300w, https:\/\/eauchauffage.com\/wp-content\/uploads\/2025\/09\/CWNS-1024x615.jpg 1024w, https:\/\/eauchauffage.com\/wp-content\/uploads\/2025\/09\/CWNS-768x462.jpg 768w, https:\/\/eauchauffage.com\/wp-content\/uploads\/2025\/09\/CWNS-1200x721.jpg 1200w, https:\/\/eauchauffage.com\/wp-content\/uploads\/2025\/09\/CWNS-150x90.jpg 150w\" sizes=\"(max-width: 1208px) 100vw, 1208px\" \/>\t\t\t\t\t\t\t<\/a>\n\t\t\t\t\t<\/div>\n\n\t\t\t\t\t\t<\/div>\n\t\t\t\t<\/div>\n\t\t\t\t<div class=\"elementor-element elementor-element-33166c1f elementor-widget elementor-widget-wd_text_block\" data-id=\"33166c1f\" data-element_type=\"widget\" data-widget_type=\"wd_text_block.default\">\n\t\t\t\t<div class=\"elementor-widget-container\">\n\t\t\t\t\t\t\t<div class=\"wd-text-block reset-last-child text-left\">\n\t\t\t\n\t\t\t<p data-start=\"125\" data-end=\"443\">Les <strong data-start=\"129\" data-end=\"170\">Chaudi\u00e8re \u00e0 eau chaude CWNS pour le chauffage au mazout et au gaz<\/strong> est con\u00e7u pour fournir une alimentation en eau chaude fiable et efficace aux entreprises, aux h\u00f4tels, aux immeubles r\u00e9sidentiels et \u00e0 diverses installations. Il int\u00e8gre des caract\u00e9ristiques de conception et des syst\u00e8mes de s\u00e9curit\u00e9 avanc\u00e9s pour garantir un fonctionnement stable, un rendement thermique \u00e9lev\u00e9 et une longue dur\u00e9e de vie.<\/p><p data-start=\"445\" data-end=\"842\">La chaudi\u00e8re utilise un <strong data-start=\"463\" data-end=\"497\">structure du dos mouill\u00e9 soud\u00e9e bout \u00e0 bout<\/strong> avec un four ondul\u00e9 de grand diam\u00e8tre, offrant une chambre de combustion spacieuse pour une combustion compl\u00e8te du combustible, une absorption efficace de la dilatation thermique et une r\u00e9duction des contraintes sur la structure. Avec son <strong data-start=\"692\" data-end=\"727\">une surface de chauffe suffisante<\/strong>, Gr\u00e2ce \u00e0 la technologie de l'hydrog\u00e8ne, il permet une utilisation \u00e9lev\u00e9e de la chaleur, une faible temp\u00e9rature des gaz d'\u00e9chappement et un rendement \u00e9lev\u00e9 tout en r\u00e9duisant au minimum les pertes de chaleur.<\/p><p data-start=\"844\" data-end=\"1297\">Les principaux avantages sont les suivants <strong data-start=\"874\" data-end=\"909\">capacit\u00e9 de r\u00e9gulation de la charge thermique<\/strong>, La conception de la chaudi\u00e8re r\u00e9sout le probl\u00e8me de l'\u00e9bullition des chaudi\u00e8res \u00e0 eau chaude lorsqu'elles sont trop froides en \u00e9vitant une surchauffe localis\u00e9e. La chaudi\u00e8re est \u00e9galement \u00e9quip\u00e9e d'un <strong data-start=\"1109\" data-end=\"1157\">dispositif de s\u00e9curit\u00e9 antid\u00e9flagrant multifonctionnel<\/strong>, Le syst\u00e8me est \u00e9quip\u00e9 d'un syst\u00e8me d'allumage automatique, de fen\u00eatres d'inspection incendie et de dispositifs d'entretien pratiques tels que des trous d'homme et des trous de poing pour faciliter le nettoyage.<\/p><p data-start=\"1299\" data-end=\"1574\">Les <strong data-start=\"1303\" data-end=\"1341\">la bo\u00eete \u00e0 fum\u00e9e adopte des portes \u00e0 double ouverture<\/strong> avec des joints labyrinthes et des mat\u00e9riaux d'\u00e9tanch\u00e9it\u00e9 sp\u00e9ciaux, emp\u00eachant les fuites et garantissant la r\u00e9utilisation. Avanc\u00e9es <strong data-start=\"1446\" data-end=\"1486\">Composants \u00e9lectriques Siemens\/Delixi<\/strong> assurent un contr\u00f4le automatique fiable de la pression, du niveau d'eau et de la temp\u00e9rature des fum\u00e9es.<\/p><p data-start=\"1576\" data-end=\"1738\">Dans l'ensemble, la s\u00e9rie CWNS est une solution s\u00fbre, \u00e9conomique et durable pour l'approvisionnement continu en eau chaude dans un large \u00e9ventail d'applications industrielles et r\u00e9sidentielles.<\/p>\n\t\t\t\t\t<\/div>\n\t\t\t\t\t\t<\/div>\n\t\t\t\t<\/div>\n\t\t\t\t\t<\/div>\n\t\t\t\t<\/div>\n\t\t\t\t<\/div>","protected":false},"excerpt":{"rendered":"<p data-start=\"1784\" data-end=\"1997\">Les <strong data-start=\"1788\" data-end=\"1821\">Chaudi\u00e8re \u00e0 eau chaude \u00e0 huile\/gaz CWNS<\/strong> fournit de l'eau chaude s\u00fbre, efficace et stable gr\u00e2ce \u00e0 une conception de combustion avanc\u00e9e, une s\u00e9curit\u00e9 antid\u00e9flagrante et un entretien facile - id\u00e9al pour les h\u00f4tels, les r\u00e9sidences et les organisations.<\/p>","protected":false},"featured_media":11782,"comment_status":"open","ping_status":"closed","template":"","meta":[],"product_brand":[],"product_cat":[168,241],"product_tag":[],"class_list":{"0":"post-11781","1":"product","2":"type-product","3":"status-publish","4":"has-post-thumbnail","6":"product_cat-industrial","7":"product_cat-steam-boiler","9":"first","10":"instock","11":"shipping-taxable","12":"product-type-simple"},"_links":{"self":[{"href":"https:\/\/eauchauffage.com\/fr\/wp-json\/wp\/v2\/product\/11781","targetHints":{"allow":["GET"]}}],"collection":[{"href":"https:\/\/eauchauffage.com\/fr\/wp-json\/wp\/v2\/product"}],"about":[{"href":"https:\/\/eauchauffage.com\/fr\/wp-json\/wp\/v2\/types\/product"}],"replies":[{"embeddable":true,"href":"https:\/\/eauchauffage.com\/fr\/wp-json\/wp\/v2\/comments?post=11781"}],"version-history":[{"count":5,"href":"https:\/\/eauchauffage.com\/fr\/wp-json\/wp\/v2\/product\/11781\/revisions"}],"predecessor-version":[{"id":12045,"href":"https:\/\/eauchauffage.com\/fr\/wp-json\/wp\/v2\/product\/11781\/revisions\/12045"}],"wp:featuredmedia":[{"embeddable":true,"href":"https:\/\/eauchauffage.com\/fr\/wp-json\/wp\/v2\/media\/11782"}],"wp:attachment":[{"href":"https:\/\/eauchauffage.com\/fr\/wp-json\/wp\/v2\/media?parent=11781"}],"wp:term":[{"taxonomy":"product_brand","embeddable":true,"href":"https:\/\/eauchauffage.com\/fr\/wp-json\/wp\/v2\/product_brand?post=11781"},{"taxonomy":"product_cat","embeddable":true,"href":"https:\/\/eauchauffage.com\/fr\/wp-json\/wp\/v2\/product_cat?post=11781"},{"taxonomy":"product_tag","embeddable":true,"href":"https:\/\/eauchauffage.com\/fr\/wp-json\/wp\/v2\/product_tag?post=11781"}],"curies":[{"name":"wp","href":"https:\/\/api.w.org\/{rel}","templated":true}]}}