{"id":11774,"date":"2025-09-23T14:24:51","date_gmt":"2025-09-23T14:24:51","guid":{"rendered":"https:\/\/eauchauffage.com\/?post_type=product&#038;p=11774"},"modified":"2025-09-27T09:49:26","modified_gmt":"2025-09-27T09:49:26","slug":"chaudiere-a-vapeur-horizontale-a-biomasse-dzh","status":"publish","type":"product","link":"https:\/\/eauchauffage.com\/fr\/product\/dzh-horizontal-biomass-steam-boiler\/","title":{"rendered":"Chaudi\u00e8re \u00e0 vapeur horizontale \u00e0 biomasse DZH"},"content":{"rendered":"<div data-elementor-type=\"wp-post\" data-elementor-id=\"11774\" class=\"elementor elementor-11774\">\n\t\t\t\t<div class=\"wd-negative-gap elementor-element elementor-element-f6d760f e-flex e-con-boxed e-con e-parent\" data-id=\"f6d760f\" data-element_type=\"container\">\n\t\t\t\t\t<div class=\"e-con-inner\">\n\t\t\t\t<div class=\"elementor-element elementor-element-736b2281 elementor-widget elementor-widget-wd_image_or_svg\" data-id=\"736b2281\" data-element_type=\"widget\" data-widget_type=\"wd_image_or_svg.default\">\n\t\t\t\t<div class=\"elementor-widget-container\">\n\t\t\t\t\t\n\t\t<div class=\"wd-image text-center photoswipe-images\">\n\t\t\t\t\t\t\t<a  href=\"https:\/\/eauchauffage.com\/wp-content\/uploads\/2025\/09\/DZH2-2.jpg\"data-width=\"1208\" data-height=\"726\" data-elementor-open-lightbox=\"no\" aria-label=\"Image link\">\n\t\t\t\t\t\t\t\t<img fetchpriority=\"high\" decoding=\"async\" width=\"1208\" height=\"726\" src=\"https:\/\/eauchauffage.com\/wp-content\/uploads\/2025\/09\/DZH2-2.jpg\" class=\"attachment-full size-full\" alt=\"\" srcset=\"https:\/\/eauchauffage.com\/wp-content\/uploads\/2025\/09\/DZH2-2.jpg 1208w, https:\/\/eauchauffage.com\/wp-content\/uploads\/2025\/09\/DZH2-2-300x180.jpg 300w, https:\/\/eauchauffage.com\/wp-content\/uploads\/2025\/09\/DZH2-2-1024x615.jpg 1024w, https:\/\/eauchauffage.com\/wp-content\/uploads\/2025\/09\/DZH2-2-768x462.jpg 768w, https:\/\/eauchauffage.com\/wp-content\/uploads\/2025\/09\/DZH2-2-1200x721.jpg 1200w, https:\/\/eauchauffage.com\/wp-content\/uploads\/2025\/09\/DZH2-2-150x90.jpg 150w\" sizes=\"(max-width: 1208px) 100vw, 1208px\" \/>\t\t\t\t\t\t\t<\/a>\n\t\t\t\t\t<\/div>\n\n\t\t\t\t\t\t<\/div>\n\t\t\t\t<\/div>\n\t\t\t\t<div class=\"elementor-element elementor-element-33166c1f elementor-widget elementor-widget-wd_text_block\" data-id=\"33166c1f\" data-element_type=\"widget\" data-widget_type=\"wd_text_block.default\">\n\t\t\t\t<div class=\"elementor-widget-container\">\n\t\t\t\t\t\t\t<div class=\"wd-text-block reset-last-child text-left\">\n\t\t\t\n\t\t\t<p data-start=\"123\" data-end=\"527\">Les <strong data-start=\"127\" data-end=\"166\">Chaudi\u00e8re \u00e0 vapeur horizontale \u00e0 biomasse DZH<\/strong> est une chaudi\u00e8re avanc\u00e9e, respectueuse de l'environnement, con\u00e7ue pour produire de la vapeur de mani\u00e8re efficace et durable. Utilisant des granul\u00e9s de biomasse renouvelable (r\u00e9sidus de culture, copeaux de bois, tiges de riz, coques d'arachide et autres sous-produits agricoles), la chaudi\u00e8re garantit de faibles \u00e9missions et des co\u00fbts d'exploitation r\u00e9duits, ce qui en fait une alternative \u00e9cologique aux chaudi\u00e8res au charbon, au fioul et au gaz.<\/p><p data-start=\"529\" data-end=\"554\">Les principaux avantages sont les suivants :<\/p><ol data-start=\"555\" data-end=\"1451\"><li data-start=\"555\" data-end=\"744\"><p data-start=\"558\" data-end=\"744\"><strong data-start=\"558\" data-end=\"602\">Economies d'\u00e9nergie et respect de l'environnement<\/strong>: Utilise une technologie avanc\u00e9e de combustion gaz\u00e9ifi\u00e9e, permettant d'atteindre un rendement thermique de <strong data-start=\"686\" data-end=\"703\">85% ou sup\u00e9rieur<\/strong> avec de tr\u00e8s faibles \u00e9missions de CO\u2082 et de poussi\u00e8res.<\/p><\/li><li data-start=\"745\" data-end=\"893\"><p data-start=\"748\" data-end=\"893\"><strong data-start=\"748\" data-end=\"772\">Combustion efficace<\/strong>: \u00c9quip\u00e9 de conduits filet\u00e9s et d'une distribution de turbulences en spirale pour un transfert de chaleur sup\u00e9rieur et une combustion compl\u00e8te du combustible.<\/p><\/li><li data-start=\"894\" data-end=\"1056\"><p data-start=\"897\" data-end=\"1056\"><strong data-start=\"897\" data-end=\"919\">Faible co\u00fbt d'exploitation<\/strong>: Les granul\u00e9s de biomasse sont peu co\u00fbteux et facilement accessibles, avec des co\u00fbts de fonctionnement nettement inf\u00e9rieurs \u00e0 ceux des chaudi\u00e8res \u00e9lectriques, \u00e0 mazout ou \u00e0 charbon.<\/p><\/li><li data-start=\"1057\" data-end=\"1193\"><p data-start=\"1060\" data-end=\"1193\"><strong data-start=\"1060\" data-end=\"1074\">Automatisation<\/strong>: Le contr\u00f4leur num\u00e9rique int\u00e9gr\u00e9 permet l'allumage automatique, l'alimentation en mat\u00e9riaux et l'\u00e9limination des cendres, ce qui simplifie l'utilisation.<\/p><\/li><li data-start=\"1194\" data-end=\"1325\"><p data-start=\"1197\" data-end=\"1325\"><strong data-start=\"1197\" data-end=\"1207\">S\u00e9curit\u00e9<\/strong>: Des \u00e9quipements auxiliaires et des syst\u00e8mes de contr\u00f4le automatis\u00e9s de haute qualit\u00e9 garantissent un fonctionnement s\u00fbr, stable et durable.<\/p><\/li><li data-start=\"1326\" data-end=\"1451\"><p data-start=\"1329\" data-end=\"1451\"><strong data-start=\"1329\" data-end=\"1346\">Design moderne<\/strong>: La structure robuste et la finition esth\u00e9tique garantissent la durabilit\u00e9 et l'aspect attrayant du produit.<\/p><\/li><\/ol><p data-start=\"1453\" data-end=\"1693\">Avec une combustion propre, un rendement thermique \u00e9lev\u00e9 et une conformit\u00e9 aux normes strictes de protection de l'environnement, la chaudi\u00e8re \u00e0 vapeur horizontale \u00e0 biomasse DZH est la solution id\u00e9ale pour les industries qui recherchent l'efficacit\u00e9, la durabilit\u00e9 et la r\u00e9duction des co\u00fbts.<\/p>\n\t\t\t\t\t<\/div>\n\t\t\t\t\t\t<\/div>\n\t\t\t\t<\/div>\n\t\t\t\t\t<\/div>\n\t\t\t\t<\/div>\n\t\t\t\t<\/div>","protected":false},"excerpt":{"rendered":"<p data-start=\"1739\" data-end=\"2019\">Les <strong data-start=\"1743\" data-end=\"1782\">Chaudi\u00e8re \u00e0 vapeur horizontale \u00e0 biomasse DZH<\/strong> offre un rendement \u00e9lev\u00e9, de faibles \u00e9missions et un fonctionnement rentable gr\u00e2ce \u00e0 l'utilisation de combustibles renouvelables issus de la biomasse. Avec son contr\u00f4le automatis\u00e9, ses performances s\u00fbres et sa conception respectueuse de l'environnement, il s'agit d'une solution id\u00e9ale pour la production de vapeur industrielle durable.<\/p>","protected":false},"featured_media":11775,"comment_status":"open","ping_status":"closed","template":"","meta":[],"product_brand":[],"product_cat":[168,241],"product_tag":[],"class_list":{"0":"post-11774","1":"product","2":"type-product","3":"status-publish","4":"has-post-thumbnail","6":"product_cat-industrial","7":"product_cat-steam-boiler","9":"first","10":"instock","11":"shipping-taxable","12":"product-type-simple"},"_links":{"self":[{"href":"https:\/\/eauchauffage.com\/fr\/wp-json\/wp\/v2\/product\/11774","targetHints":{"allow":["GET"]}}],"collection":[{"href":"https:\/\/eauchauffage.com\/fr\/wp-json\/wp\/v2\/product"}],"about":[{"href":"https:\/\/eauchauffage.com\/fr\/wp-json\/wp\/v2\/types\/product"}],"replies":[{"embeddable":true,"href":"https:\/\/eauchauffage.com\/fr\/wp-json\/wp\/v2\/comments?post=11774"}],"version-history":[{"count":5,"href":"https:\/\/eauchauffage.com\/fr\/wp-json\/wp\/v2\/product\/11774\/revisions"}],"predecessor-version":[{"id":12046,"href":"https:\/\/eauchauffage.com\/fr\/wp-json\/wp\/v2\/product\/11774\/revisions\/12046"}],"wp:featuredmedia":[{"embeddable":true,"href":"https:\/\/eauchauffage.com\/fr\/wp-json\/wp\/v2\/media\/11775"}],"wp:attachment":[{"href":"https:\/\/eauchauffage.com\/fr\/wp-json\/wp\/v2\/media?parent=11774"}],"wp:term":[{"taxonomy":"product_brand","embeddable":true,"href":"https:\/\/eauchauffage.com\/fr\/wp-json\/wp\/v2\/product_brand?post=11774"},{"taxonomy":"product_cat","embeddable":true,"href":"https:\/\/eauchauffage.com\/fr\/wp-json\/wp\/v2\/product_cat?post=11774"},{"taxonomy":"product_tag","embeddable":true,"href":"https:\/\/eauchauffage.com\/fr\/wp-json\/wp\/v2\/product_tag?post=11774"}],"curies":[{"name":"wp","href":"https:\/\/api.w.org\/{rel}","templated":true}]}}