{"id":11760,"date":"2025-09-23T14:22:16","date_gmt":"2025-09-23T14:22:16","guid":{"rendered":"https:\/\/eauchauffage.com\/?post_type=product&#038;p=11760"},"modified":"2025-09-27T09:49:36","modified_gmt":"2025-09-27T09:49:36","slug":"chaudiere-a-vapeur-a-biomasse-de-la-serie-dzh","status":"publish","type":"product","link":"https:\/\/eauchauffage.com\/fr\/product\/dzh-series-biomass-steam-boiler\/","title":{"rendered":"Chaudi\u00e8re \u00e0 vapeur \u00e0 biomasse de la s\u00e9rie DZH"},"content":{"rendered":"<div data-elementor-type=\"wp-post\" data-elementor-id=\"11760\" class=\"elementor elementor-11760\">\n\t\t\t\t<div class=\"wd-negative-gap elementor-element elementor-element-f6d760f e-flex e-con-boxed e-con e-parent\" data-id=\"f6d760f\" data-element_type=\"container\">\n\t\t\t\t\t<div class=\"e-con-inner\">\n\t\t\t\t<div class=\"elementor-element elementor-element-736b2281 elementor-widget elementor-widget-wd_image_or_svg\" data-id=\"736b2281\" data-element_type=\"widget\" data-widget_type=\"wd_image_or_svg.default\">\n\t\t\t\t<div class=\"elementor-widget-container\">\n\t\t\t\t\t\n\t\t<div class=\"wd-image text-center photoswipe-images\">\n\t\t\t\t\t\t\t<a  href=\"https:\/\/eauchauffage.com\/wp-content\/uploads\/2025\/09\/DZH2.jpg\"data-width=\"1208\" data-height=\"726\" data-elementor-open-lightbox=\"no\" aria-label=\"Image link\">\n\t\t\t\t\t\t\t\t<img fetchpriority=\"high\" decoding=\"async\" width=\"1208\" height=\"726\" src=\"https:\/\/eauchauffage.com\/wp-content\/uploads\/2025\/09\/DZH2.jpg\" class=\"attachment-full size-full\" alt=\"\" srcset=\"https:\/\/eauchauffage.com\/wp-content\/uploads\/2025\/09\/DZH2.jpg 1208w, https:\/\/eauchauffage.com\/wp-content\/uploads\/2025\/09\/DZH2-300x180.jpg 300w, https:\/\/eauchauffage.com\/wp-content\/uploads\/2025\/09\/DZH2-1024x615.jpg 1024w, https:\/\/eauchauffage.com\/wp-content\/uploads\/2025\/09\/DZH2-768x462.jpg 768w, https:\/\/eauchauffage.com\/wp-content\/uploads\/2025\/09\/DZH2-1200x721.jpg 1200w, https:\/\/eauchauffage.com\/wp-content\/uploads\/2025\/09\/DZH2-150x90.jpg 150w\" sizes=\"(max-width: 1208px) 100vw, 1208px\" \/>\t\t\t\t\t\t\t<\/a>\n\t\t\t\t\t<\/div>\n\n\t\t\t\t\t\t<\/div>\n\t\t\t\t<\/div>\n\t\t\t\t<div class=\"elementor-element elementor-element-33166c1f elementor-widget elementor-widget-wd_text_block\" data-id=\"33166c1f\" data-element_type=\"widget\" data-widget_type=\"wd_text_block.default\">\n\t\t\t\t<div class=\"elementor-widget-container\">\n\t\t\t\t\t\t\t<div class=\"wd-text-block reset-last-child text-left\">\n\t\t\t\n\t\t\t<p data-start=\"118\" data-end=\"528\">Les <strong data-start=\"122\" data-end=\"157\">Chaudi\u00e8re \u00e0 vapeur \u00e0 biomasse de la s\u00e9rie DZH<\/strong> est une chaudi\u00e8re \u00e9cologique et efficace con\u00e7ue pour utiliser des combustibles de biomasse renouvelables tels que les copeaux de bois, le bambou, la paille, l'\u00e9corce, les d\u00e9chets agricoles et d'autres mat\u00e9riaux de biomasse combustibles. Elle est largement utilis\u00e9e dans les secteurs du p\u00e9trole, de la production chimique, de l'agroalimentaire, du textile, des produits pharmaceutiques, des mat\u00e9riaux de construction, des h\u00f4pitaux, du chauffage central, de l'industrie du papier, du tabac, etc.<\/p><p data-start=\"530\" data-end=\"845\">Le corps de la chaudi\u00e8re est con\u00e7u avec un <strong data-start=\"566\" data-end=\"612\">plaque tubulaire cintr\u00e9e et tuyaux de fum\u00e9e filet\u00e9s<\/strong>qui am\u00e9liorent le transfert de chaleur, r\u00e9duisent les tensions et pr\u00e9viennent les probl\u00e8mes de fissuration. Ses <strong data-start=\"691\" data-end=\"723\">syst\u00e8me de circulation optimis\u00e9<\/strong> \u00e9limine les zones d'eau morte au fond du tambour, emp\u00eachant l'accumulation de s\u00e9diments et garantissant des performances constantes.<\/p><p data-start=\"847\" data-end=\"870\">Les principales caract\u00e9ristiques sont les suivantes :<\/p><ol data-start=\"871\" data-end=\"1614\"><li data-start=\"871\" data-end=\"1025\"><p data-start=\"874\" data-end=\"1025\"><strong data-start=\"874\" data-end=\"914\">Tuyaux de fum\u00e9e filet\u00e9s \u00e0 haut rendement<\/strong>: Am\u00e9liore le transfert de chaleur, augmente la r\u00e9sistance \u00e0 la pression et assure un auto-nettoyage pour \u00e9viter l'accumulation de cendres.<\/p><\/li><li data-start=\"1026\" data-end=\"1246\"><p data-start=\"1029\" data-end=\"1246\"><strong data-start=\"1029\" data-end=\"1066\">Conception de l'air secondaire \u00e0 double couche<\/strong>: Am\u00e9liore la combustion de la biomasse en assurant une distribution uniforme de l'air, en formant un champ d'\u00e9coulement dynamique dans le four pour une temp\u00e9rature de combustion plus \u00e9lev\u00e9e et un meilleur rendement.<\/p><\/li><li data-start=\"1247\" data-end=\"1416\"><p data-start=\"1250\" data-end=\"1416\"><strong data-start=\"1250\" data-end=\"1278\">Respect de l'environnement<\/strong>: \u00c9quip\u00e9 de parois de four \u00e9vas\u00e9es et de canaux de gaz de combustion optimis\u00e9s, il garantit que les \u00e9missions restent inf\u00e9rieures aux normes environnementales nationales.<\/p><\/li><li data-start=\"1417\" data-end=\"1530\"><p data-start=\"1420\" data-end=\"1530\"><strong data-start=\"1420\" data-end=\"1441\">Structure compacte<\/strong>: Encombrement r\u00e9duit par rapport aux chaudi\u00e8res conventionnelles, ce qui permet d'\u00e9conomiser l'investissement dans l'infrastructure.<\/p><\/li><li data-start=\"1531\" data-end=\"1614\"><p data-start=\"1534\" data-end=\"1614\"><strong data-start=\"1534\" data-end=\"1554\">Fonctionnement stable<\/strong>: R\u00e9glage facile, rendement constant et grande durabilit\u00e9.<\/p><\/li><\/ol><p data-start=\"1616\" data-end=\"1856\">Avec une efficacit\u00e9 thermique d'environ <strong data-start=\"1647\" data-end=\"1657\">78-82%<\/strong> et son adaptabilit\u00e9 \u00e0 divers combustibles de biomasse \u00e0 faible co\u00fbt, la chaudi\u00e8re \u00e0 biomasse DZH offre des avantages \u00e9conomiques et environnementaux, ce qui en fait une solution id\u00e9ale pour la production de vapeur industrielle durable.<\/p>\n\t\t\t\t\t<\/div>\n\t\t\t\t\t\t<\/div>\n\t\t\t\t<\/div>\n\t\t\t\t\t<\/div>\n\t\t\t\t<\/div>\n\t\t\t\t<\/div>","protected":false},"excerpt":{"rendered":"<p data-start=\"1902\" data-end=\"2192\">Les <strong data-start=\"1906\" data-end=\"1934\">Chaudi\u00e8re \u00e0 vapeur \u00e0 biomasse DZH<\/strong> permet de produire de la vapeur de mani\u00e8re efficace et \u00e9cologique en utilisant des combustibles renouvelables tels que les copeaux de bois, le bambou et les d\u00e9chets agricoles. Avec une technologie de combustion avanc\u00e9e, de faibles \u00e9missions et des performances stables, c'est un choix durable pour les applications industrielles.<\/p>","protected":false},"featured_media":11754,"comment_status":"open","ping_status":"closed","template":"","meta":[],"product_brand":[],"product_cat":[168,241],"product_tag":[],"class_list":{"0":"post-11760","1":"product","2":"type-product","3":"status-publish","4":"has-post-thumbnail","6":"product_cat-industrial","7":"product_cat-steam-boiler","9":"first","10":"instock","11":"shipping-taxable","12":"product-type-simple"},"_links":{"self":[{"href":"https:\/\/eauchauffage.com\/fr\/wp-json\/wp\/v2\/product\/11760","targetHints":{"allow":["GET"]}}],"collection":[{"href":"https:\/\/eauchauffage.com\/fr\/wp-json\/wp\/v2\/product"}],"about":[{"href":"https:\/\/eauchauffage.com\/fr\/wp-json\/wp\/v2\/types\/product"}],"replies":[{"embeddable":true,"href":"https:\/\/eauchauffage.com\/fr\/wp-json\/wp\/v2\/comments?post=11760"}],"version-history":[{"count":5,"href":"https:\/\/eauchauffage.com\/fr\/wp-json\/wp\/v2\/product\/11760\/revisions"}],"predecessor-version":[{"id":12047,"href":"https:\/\/eauchauffage.com\/fr\/wp-json\/wp\/v2\/product\/11760\/revisions\/12047"}],"wp:featuredmedia":[{"embeddable":true,"href":"https:\/\/eauchauffage.com\/fr\/wp-json\/wp\/v2\/media\/11754"}],"wp:attachment":[{"href":"https:\/\/eauchauffage.com\/fr\/wp-json\/wp\/v2\/media?parent=11760"}],"wp:term":[{"taxonomy":"product_brand","embeddable":true,"href":"https:\/\/eauchauffage.com\/fr\/wp-json\/wp\/v2\/product_brand?post=11760"},{"taxonomy":"product_cat","embeddable":true,"href":"https:\/\/eauchauffage.com\/fr\/wp-json\/wp\/v2\/product_cat?post=11760"},{"taxonomy":"product_tag","embeddable":true,"href":"https:\/\/eauchauffage.com\/fr\/wp-json\/wp\/v2\/product_tag?post=11760"}],"curies":[{"name":"wp","href":"https:\/\/api.w.org\/{rel}","templated":true}]}}