{"id":11753,"date":"2025-09-23T14:20:59","date_gmt":"2025-09-23T14:20:59","guid":{"rendered":"https:\/\/eauchauffage.com\/?post_type=product&#038;p=11753"},"modified":"2025-09-27T09:49:46","modified_gmt":"2025-09-27T09:49:46","slug":"chaudiere-a-vapeur-a-charbon-de-la-serie-dzh","status":"publish","type":"product","link":"https:\/\/eauchauffage.com\/fr\/product\/dzh-series-coal-fired-steam-boiler\/","title":{"rendered":"Chaudi\u00e8re \u00e0 vapeur au charbon de la s\u00e9rie DZH"},"content":{"rendered":"<div data-elementor-type=\"wp-post\" data-elementor-id=\"11753\" class=\"elementor elementor-11753\">\n\t\t\t\t<div class=\"wd-negative-gap elementor-element elementor-element-f6d760f e-flex e-con-boxed e-con e-parent\" data-id=\"f6d760f\" data-element_type=\"container\">\n\t\t\t\t\t<div class=\"e-con-inner\">\n\t\t\t\t<div class=\"elementor-element elementor-element-736b2281 elementor-widget elementor-widget-wd_image_or_svg\" data-id=\"736b2281\" data-element_type=\"widget\" data-widget_type=\"wd_image_or_svg.default\">\n\t\t\t\t<div class=\"elementor-widget-container\">\n\t\t\t\t\t\n\t\t<div class=\"wd-image text-center photoswipe-images\">\n\t\t\t\t\t\t\t<a  href=\"https:\/\/eauchauffage.com\/wp-content\/uploads\/2025\/09\/DZH-1.jpg\"data-width=\"1208\" data-height=\"726\" data-elementor-open-lightbox=\"no\" aria-label=\"Image link\">\n\t\t\t\t\t\t\t\t<img fetchpriority=\"high\" decoding=\"async\" width=\"1208\" height=\"726\" src=\"https:\/\/eauchauffage.com\/wp-content\/uploads\/2025\/09\/DZH-1.jpg\" class=\"attachment-full size-full\" alt=\"\" srcset=\"https:\/\/eauchauffage.com\/wp-content\/uploads\/2025\/09\/DZH-1.jpg 1208w, https:\/\/eauchauffage.com\/wp-content\/uploads\/2025\/09\/DZH-1-300x180.jpg 300w, https:\/\/eauchauffage.com\/wp-content\/uploads\/2025\/09\/DZH-1-1024x615.jpg 1024w, https:\/\/eauchauffage.com\/wp-content\/uploads\/2025\/09\/DZH-1-768x462.jpg 768w, https:\/\/eauchauffage.com\/wp-content\/uploads\/2025\/09\/DZH-1-1200x721.jpg 1200w, https:\/\/eauchauffage.com\/wp-content\/uploads\/2025\/09\/DZH-1-150x90.jpg 150w\" sizes=\"(max-width: 1208px) 100vw, 1208px\" \/>\t\t\t\t\t\t\t<\/a>\n\t\t\t\t\t<\/div>\n\n\t\t\t\t\t\t<\/div>\n\t\t\t\t<\/div>\n\t\t\t\t<div class=\"elementor-element elementor-element-33166c1f elementor-widget elementor-widget-wd_text_block\" data-id=\"33166c1f\" data-element_type=\"widget\" data-widget_type=\"wd_text_block.default\">\n\t\t\t\t<div class=\"elementor-widget-container\">\n\t\t\t\t\t\t\t<div class=\"wd-text-block reset-last-child text-left\">\n\t\t\t\n\t\t\t<p data-start=\"122\" data-end=\"371\">Les <strong data-start=\"126\" data-end=\"164\">Chaudi\u00e8re \u00e0 vapeur au charbon de la s\u00e9rie DZH<\/strong> est une chaudi\u00e8re fiable et efficace largement utilis\u00e9e dans les industries du p\u00e9trole, de la production chimique, de la transformation alimentaire, du textile, des produits pharmaceutiques, des mat\u00e9riaux de construction, des h\u00f4pitaux, du chauffage central, du papier et du tabac.<\/p><p data-start=\"373\" data-end=\"641\">Il est dot\u00e9 d'un <strong data-start=\"388\" data-end=\"440\">plaque tubulaire cintr\u00e9e et tuyau de fum\u00e9e filet\u00e9<\/strong>, La structure cylindrique quasi-\u00e9lastique r\u00e9duit la concentration des contraintes, ce qui accro\u00eet la durabilit\u00e9 et prolonge la dur\u00e9e de vie de l'appareil. La structure quasi-\u00e9lastique du cylindre r\u00e9duit la concentration des contraintes, ce qui accro\u00eet la durabilit\u00e9 et prolonge la dur\u00e9e de vie.<\/p><p data-start=\"643\" data-end=\"678\">Ses principales caract\u00e9ristiques sont les suivantes<\/p><ol data-start=\"679\" data-end=\"1504\"><li data-start=\"679\" data-end=\"857\"><p data-start=\"682\" data-end=\"857\"><strong data-start=\"682\" data-end=\"713\">Circulation optimis\u00e9e de l'eau<\/strong>: La disposition des rang\u00e9es d'\u00e9l\u00e9vateurs au fond du tambour \u00e9limine les zones d'eau morte, emp\u00eache les d\u00e9p\u00f4ts de boue et maintient une efficacit\u00e9 stable.<\/p><\/li><li data-start=\"858\" data-end=\"994\"><p data-start=\"861\" data-end=\"994\"><strong data-start=\"861\" data-end=\"901\">Tuyaux de fum\u00e9e filet\u00e9s \u00e0 haut rendement<\/strong>: Am\u00e9liorer le transfert de chaleur, les caract\u00e9ristiques de pression et l'efficacit\u00e9 thermique.<\/p><\/li><li data-start=\"995\" data-end=\"1100\"><p data-start=\"998\" data-end=\"1100\"><strong data-start=\"998\" data-end=\"1019\">Structure compacte<\/strong>: Encombrement r\u00e9duit par rapport \u00e0 des chaudi\u00e8res similaires, ce qui permet de r\u00e9duire les co\u00fbts d'infrastructure.<\/p><\/li><li data-start=\"1101\" data-end=\"1201\"><p data-start=\"1104\" data-end=\"1201\"><strong data-start=\"1104\" data-end=\"1124\">Fonctionnement stable<\/strong>: R\u00e9glage pratique, performances fiables et d\u00e9bit de vapeur constant.<\/p><\/li><li data-start=\"1202\" data-end=\"1340\"><p data-start=\"1205\" data-end=\"1340\"><strong data-start=\"1205\" data-end=\"1231\">Am\u00e9lioration du transfert de chaleur<\/strong>: Les tuyaux de fum\u00e9e filet\u00e9s augmentent le coefficient de transfert de chaleur et s'autonettoient en \u00e9vitant les d\u00e9p\u00f4ts de cendres.<\/p><\/li><li data-start=\"1341\" data-end=\"1504\"><p data-start=\"1344\" data-end=\"1504\"><strong data-start=\"1344\" data-end=\"1381\">Une meilleure protection de l'environnement<\/strong>: Le flux optimis\u00e9 des gaz de combustion et la paroi pulv\u00e9ris\u00e9e r\u00e9duisent la concentration de poussi\u00e8res, garantissant ainsi la conformit\u00e9 avec les r\u00e9glementations environnementales.<\/p><\/li><\/ol><p data-start=\"1506\" data-end=\"1671\">La s\u00e9rie DZH offre un \u00e9quilibre entre une conception compacte, une stabilit\u00e9 op\u00e9rationnelle et un rendement \u00e9lev\u00e9, ce qui la rend id\u00e9ale pour les applications de vapeur industrielles et domestiques.<\/p>\n\t\t\t\t\t<\/div>\n\t\t\t\t\t\t<\/div>\n\t\t\t\t<\/div>\n\t\t\t\t\t<\/div>\n\t\t\t\t<\/div>\n\t\t\t\t<\/div>","protected":false},"excerpt":{"rendered":"<p data-start=\"1717\" data-end=\"1971\">Les <strong data-start=\"1721\" data-end=\"1752\">Chaudi\u00e8re \u00e0 vapeur au charbon DZH<\/strong> combine une conception compacte, un transfert de chaleur important et des performances fiables. Gr\u00e2ce \u00e0 la technologie avanc\u00e9e des tuyaux de fum\u00e9e et aux faibles \u00e9missions, il assure une production de vapeur efficace et respectueuse de l'environnement pour les besoins de l'industrie et du chauffage.<\/p>","protected":false},"featured_media":11754,"comment_status":"open","ping_status":"closed","template":"","meta":[],"product_brand":[],"product_cat":[168,241],"product_tag":[],"class_list":{"0":"post-11753","1":"product","2":"type-product","3":"status-publish","4":"has-post-thumbnail","6":"product_cat-industrial","7":"product_cat-steam-boiler","9":"first","10":"instock","11":"shipping-taxable","12":"product-type-simple"},"_links":{"self":[{"href":"https:\/\/eauchauffage.com\/fr\/wp-json\/wp\/v2\/product\/11753","targetHints":{"allow":["GET"]}}],"collection":[{"href":"https:\/\/eauchauffage.com\/fr\/wp-json\/wp\/v2\/product"}],"about":[{"href":"https:\/\/eauchauffage.com\/fr\/wp-json\/wp\/v2\/types\/product"}],"replies":[{"embeddable":true,"href":"https:\/\/eauchauffage.com\/fr\/wp-json\/wp\/v2\/comments?post=11753"}],"version-history":[{"count":5,"href":"https:\/\/eauchauffage.com\/fr\/wp-json\/wp\/v2\/product\/11753\/revisions"}],"predecessor-version":[{"id":12048,"href":"https:\/\/eauchauffage.com\/fr\/wp-json\/wp\/v2\/product\/11753\/revisions\/12048"}],"wp:featuredmedia":[{"embeddable":true,"href":"https:\/\/eauchauffage.com\/fr\/wp-json\/wp\/v2\/media\/11754"}],"wp:attachment":[{"href":"https:\/\/eauchauffage.com\/fr\/wp-json\/wp\/v2\/media?parent=11753"}],"wp:term":[{"taxonomy":"product_brand","embeddable":true,"href":"https:\/\/eauchauffage.com\/fr\/wp-json\/wp\/v2\/product_brand?post=11753"},{"taxonomy":"product_cat","embeddable":true,"href":"https:\/\/eauchauffage.com\/fr\/wp-json\/wp\/v2\/product_cat?post=11753"},{"taxonomy":"product_tag","embeddable":true,"href":"https:\/\/eauchauffage.com\/fr\/wp-json\/wp\/v2\/product_tag?post=11753"}],"curies":[{"name":"wp","href":"https:\/\/api.w.org\/{rel}","templated":true}]}}