{"id":11748,"date":"2025-09-23T14:19:56","date_gmt":"2025-09-23T14:19:56","guid":{"rendered":"https:\/\/eauchauffage.com\/?post_type=product&#038;p=11748"},"modified":"2025-09-27T09:49:56","modified_gmt":"2025-09-27T09:49:56","slug":"chaudiere-a-eau-chaude-a-charbon-de-la-serie-dzl","status":"publish","type":"product","link":"https:\/\/eauchauffage.com\/fr\/product\/dzl-series-coal-fired-hot-water-boiler\/","title":{"rendered":"Chaudi\u00e8re \u00e0 eau chaude au charbon de la s\u00e9rie DZL"},"content":{"rendered":"<div data-elementor-type=\"wp-post\" data-elementor-id=\"11748\" class=\"elementor elementor-11748\">\n\t\t\t\t<div class=\"wd-negative-gap elementor-element elementor-element-f6d760f e-flex e-con-boxed e-con e-parent\" data-id=\"f6d760f\" data-element_type=\"container\">\n\t\t\t\t\t<div class=\"e-con-inner\">\n\t\t\t\t<div class=\"elementor-element elementor-element-736b2281 elementor-widget elementor-widget-wd_image_or_svg\" data-id=\"736b2281\" data-element_type=\"widget\" data-widget_type=\"wd_image_or_svg.default\">\n\t\t\t\t<div class=\"elementor-widget-container\">\n\t\t\t\t\t\n\t\t<div class=\"wd-image text-center photoswipe-images\">\n\t\t\t\t\t\t\t<a  href=\"https:\/\/eauchauffage.com\/wp-content\/uploads\/2025\/09\/DZL-1.jpg\"data-width=\"1208\" data-height=\"726\" data-elementor-open-lightbox=\"no\" aria-label=\"Image link\">\n\t\t\t\t\t\t\t\t<img fetchpriority=\"high\" decoding=\"async\" width=\"1208\" height=\"726\" src=\"https:\/\/eauchauffage.com\/wp-content\/uploads\/2025\/09\/DZL-1.jpg\" class=\"attachment-full size-full\" alt=\"\" srcset=\"https:\/\/eauchauffage.com\/wp-content\/uploads\/2025\/09\/DZL-1.jpg 1208w, https:\/\/eauchauffage.com\/wp-content\/uploads\/2025\/09\/DZL-1-300x180.jpg 300w, https:\/\/eauchauffage.com\/wp-content\/uploads\/2025\/09\/DZL-1-1024x615.jpg 1024w, https:\/\/eauchauffage.com\/wp-content\/uploads\/2025\/09\/DZL-1-768x462.jpg 768w, https:\/\/eauchauffage.com\/wp-content\/uploads\/2025\/09\/DZL-1-1200x721.jpg 1200w, https:\/\/eauchauffage.com\/wp-content\/uploads\/2025\/09\/DZL-1-150x90.jpg 150w\" sizes=\"(max-width: 1208px) 100vw, 1208px\" \/>\t\t\t\t\t\t\t<\/a>\n\t\t\t\t\t<\/div>\n\n\t\t\t\t\t\t<\/div>\n\t\t\t\t<\/div>\n\t\t\t\t<div class=\"elementor-element elementor-element-33166c1f elementor-widget elementor-widget-wd_text_block\" data-id=\"33166c1f\" data-element_type=\"widget\" data-widget_type=\"wd_text_block.default\">\n\t\t\t\t<div class=\"elementor-widget-container\">\n\t\t\t\t\t\t\t<div class=\"wd-text-block reset-last-child text-left\">\n\t\t\t\n\t\t\t<p data-start=\"125\" data-end=\"445\">Les <strong data-start=\"129\" data-end=\"171\">Chaudi\u00e8re \u00e0 eau chaude au charbon de la s\u00e9rie DZL<\/strong> est une solution durable et \u00e0 haut rendement pour les applications de chauffage industriel et domestique. Il est largement utilis\u00e9 dans les secteurs du p\u00e9trole, de la production chimique, de l'agroalimentaire, du textile, des produits pharmaceutiques, des mat\u00e9riaux de construction, des h\u00f4pitaux, de l'industrie du papier, du tabac, du chauffage central, etc.<\/p><p data-start=\"447\" data-end=\"681\">La chaudi\u00e8re adopte une <strong data-start=\"468\" data-end=\"520\">plaque tubulaire cintr\u00e9e et tuyau de fum\u00e9e filet\u00e9<\/strong>, Ce syst\u00e8me am\u00e9liore le transfert de chaleur, r\u00e9duit les contraintes et emp\u00eache la fissuration des plaques tubulaires. La structure innovante du cylindre garantit une durabilit\u00e9 et une dur\u00e9e de vie plus longue.<\/p><p data-start=\"683\" data-end=\"718\">Ses principales caract\u00e9ristiques sont les suivantes<\/p><ol data-start=\"719\" data-end=\"1536\"><li data-start=\"719\" data-end=\"881\"><p data-start=\"722\" data-end=\"881\"><strong data-start=\"722\" data-end=\"752\">Am\u00e9lioration de la circulation de l'eau<\/strong>: Les zones d'eau morte au fond du tambour sont \u00e9limin\u00e9es, ce qui \u00e9vite les d\u00e9p\u00f4ts de boue et garantit des performances stables \u00e0 long terme.<\/p><\/li><li data-start=\"882\" data-end=\"1022\"><p data-start=\"885\" data-end=\"1022\"><strong data-start=\"885\" data-end=\"918\">Transfert de chaleur \u00e0 haut rendement<\/strong>: Les tuyaux de fum\u00e9e filet\u00e9s am\u00e9liorent l'absorption de la chaleur, les performances thermiques et l'autonettoyage.<\/p><\/li><li data-start=\"1023\" data-end=\"1150\"><p data-start=\"1026\" data-end=\"1150\"><strong data-start=\"1026\" data-end=\"1047\">Structure compacte<\/strong>: Encombrement r\u00e9duit par rapport aux chaudi\u00e8res conventionnelles, ce qui permet de r\u00e9duire les co\u00fbts d'infrastructure et d'installation.<\/p><\/li><li data-start=\"1151\" data-end=\"1245\"><p data-start=\"1154\" data-end=\"1245\"><strong data-start=\"1154\" data-end=\"1174\">Fonctionnement stable<\/strong>: R\u00e9glage pratique, rendement fiable et performance constante.<\/p><\/li><li data-start=\"1246\" data-end=\"1403\"><p data-start=\"1249\" data-end=\"1403\"><strong data-start=\"1249\" data-end=\"1268\">S\u00e9curit\u00e9 renforc\u00e9e<\/strong>: Le dispositif d'\u00e9jection de l'eau du collecteur pr\u00e9vient les pannes de chaudi\u00e8re en augmentant la vitesse de l'eau dans la conduite montante et en prot\u00e9geant contre la surchauffe.<\/p><\/li><li data-start=\"1404\" data-end=\"1536\"><p data-start=\"1407\" data-end=\"1536\"><strong data-start=\"1407\" data-end=\"1428\">Des \u00e9missions plus propres<\/strong>: Le flux optimis\u00e9 des gaz de combustion r\u00e9duit la concentration de poussi\u00e8res et r\u00e9pond aux normes nationales de protection de l'environnement.<\/p><\/li><\/ol><p data-start=\"1538\" data-end=\"1691\">Avec un fonctionnement fiable, une taille compacte et un rendement \u00e9lev\u00e9, la chaudi\u00e8re \u00e0 eau chaude DZL est id\u00e9ale pour les installations industrielles et les syst\u00e8mes de chauffage civils.<\/p>\n\t\t\t\t\t<\/div>\n\t\t\t\t\t\t<\/div>\n\t\t\t\t<\/div>\n\t\t\t\t\t<\/div>\n\t\t\t\t<\/div>\n\t\t\t\t<\/div>","protected":false},"excerpt":{"rendered":"<p data-start=\"1737\" data-end=\"1983\">Les <strong data-start=\"1741\" data-end=\"1776\">Chaudi\u00e8re \u00e0 eau chaude au charbon DZL<\/strong> combine une conception compacte, un transfert de chaleur efficace et des performances stables. Avec des caract\u00e9ristiques de s\u00e9curit\u00e9 am\u00e9lior\u00e9es et des \u00e9missions plus propres, c'est une solution rentable pour les besoins de chauffage industriel et r\u00e9sidentiel.<\/p>","protected":false},"featured_media":11742,"comment_status":"open","ping_status":"closed","template":"","meta":[],"product_brand":[],"product_cat":[168,241],"product_tag":[],"class_list":{"0":"post-11748","1":"product","2":"type-product","3":"status-publish","4":"has-post-thumbnail","6":"product_cat-industrial","7":"product_cat-steam-boiler","9":"first","10":"instock","11":"shipping-taxable","12":"product-type-simple"},"_links":{"self":[{"href":"https:\/\/eauchauffage.com\/fr\/wp-json\/wp\/v2\/product\/11748","targetHints":{"allow":["GET"]}}],"collection":[{"href":"https:\/\/eauchauffage.com\/fr\/wp-json\/wp\/v2\/product"}],"about":[{"href":"https:\/\/eauchauffage.com\/fr\/wp-json\/wp\/v2\/types\/product"}],"replies":[{"embeddable":true,"href":"https:\/\/eauchauffage.com\/fr\/wp-json\/wp\/v2\/comments?post=11748"}],"version-history":[{"count":8,"href":"https:\/\/eauchauffage.com\/fr\/wp-json\/wp\/v2\/product\/11748\/revisions"}],"predecessor-version":[{"id":12049,"href":"https:\/\/eauchauffage.com\/fr\/wp-json\/wp\/v2\/product\/11748\/revisions\/12049"}],"wp:featuredmedia":[{"embeddable":true,"href":"https:\/\/eauchauffage.com\/fr\/wp-json\/wp\/v2\/media\/11742"}],"wp:attachment":[{"href":"https:\/\/eauchauffage.com\/fr\/wp-json\/wp\/v2\/media?parent=11748"}],"wp:term":[{"taxonomy":"product_brand","embeddable":true,"href":"https:\/\/eauchauffage.com\/fr\/wp-json\/wp\/v2\/product_brand?post=11748"},{"taxonomy":"product_cat","embeddable":true,"href":"https:\/\/eauchauffage.com\/fr\/wp-json\/wp\/v2\/product_cat?post=11748"},{"taxonomy":"product_tag","embeddable":true,"href":"https:\/\/eauchauffage.com\/fr\/wp-json\/wp\/v2\/product_tag?post=11748"}],"curies":[{"name":"wp","href":"https:\/\/api.w.org\/{rel}","templated":true}]}}