{"id":11741,"date":"2025-09-23T14:17:41","date_gmt":"2025-09-23T14:17:41","guid":{"rendered":"https:\/\/eauchauffage.com\/?post_type=product&#038;p=11741"},"modified":"2025-09-27T09:50:06","modified_gmt":"2025-09-27T09:50:06","slug":"chaudiere-a-vapeur-a-charbon-de-la-serie-dzl","status":"publish","type":"product","link":"https:\/\/eauchauffage.com\/fr\/product\/dzl-series-coal-fired-steam-boiler\/","title":{"rendered":"Chaudi\u00e8re \u00e0 vapeur au charbon de la s\u00e9rie DZL"},"content":{"rendered":"<div data-elementor-type=\"wp-post\" data-elementor-id=\"11741\" class=\"elementor elementor-11741\">\n\t\t\t\t<div class=\"wd-negative-gap elementor-element elementor-element-f6d760f e-flex e-con-boxed e-con e-parent\" data-id=\"f6d760f\" data-element_type=\"container\">\n\t\t\t\t\t<div class=\"e-con-inner\">\n\t\t\t\t<div class=\"elementor-element elementor-element-736b2281 elementor-widget elementor-widget-wd_image_or_svg\" data-id=\"736b2281\" data-element_type=\"widget\" data-widget_type=\"wd_image_or_svg.default\">\n\t\t\t\t<div class=\"elementor-widget-container\">\n\t\t\t\t\t\n\t\t<div class=\"wd-image text-center photoswipe-images\">\n\t\t\t\t\t\t\t<a  href=\"https:\/\/eauchauffage.com\/wp-content\/uploads\/2025\/09\/DZL2.jpg\"data-width=\"1208\" data-height=\"726\" data-elementor-open-lightbox=\"no\" aria-label=\"Image link\">\n\t\t\t\t\t\t\t\t<img fetchpriority=\"high\" decoding=\"async\" width=\"1208\" height=\"726\" src=\"https:\/\/eauchauffage.com\/wp-content\/uploads\/2025\/09\/DZL2.jpg\" class=\"attachment-full size-full\" alt=\"\" srcset=\"https:\/\/eauchauffage.com\/wp-content\/uploads\/2025\/09\/DZL2.jpg 1208w, https:\/\/eauchauffage.com\/wp-content\/uploads\/2025\/09\/DZL2-300x180.jpg 300w, https:\/\/eauchauffage.com\/wp-content\/uploads\/2025\/09\/DZL2-1024x615.jpg 1024w, https:\/\/eauchauffage.com\/wp-content\/uploads\/2025\/09\/DZL2-768x462.jpg 768w, https:\/\/eauchauffage.com\/wp-content\/uploads\/2025\/09\/DZL2-1200x721.jpg 1200w, https:\/\/eauchauffage.com\/wp-content\/uploads\/2025\/09\/DZL2-150x90.jpg 150w\" sizes=\"(max-width: 1208px) 100vw, 1208px\" \/>\t\t\t\t\t\t\t<\/a>\n\t\t\t\t\t<\/div>\n\n\t\t\t\t\t\t<\/div>\n\t\t\t\t<\/div>\n\t\t\t\t<div class=\"elementor-element elementor-element-33166c1f elementor-widget elementor-widget-wd_text_block\" data-id=\"33166c1f\" data-element_type=\"widget\" data-widget_type=\"wd_text_block.default\">\n\t\t\t\t<div class=\"elementor-widget-container\">\n\t\t\t\t\t\t\t<div class=\"wd-text-block reset-last-child text-left\">\n\t\t\t\n\t\t\t<p data-start=\"121\" data-end=\"393\">Les <strong data-start=\"125\" data-end=\"163\">Chaudi\u00e8re \u00e0 vapeur au charbon de la s\u00e9rie DZL<\/strong> est une chaudi\u00e8re \u00e0 haut rendement, compacte et fiable, largement utilis\u00e9e dans les secteurs du p\u00e9trole, de la production chimique, de la transformation des aliments, du textile, des produits pharmaceutiques, des mat\u00e9riaux de construction, des h\u00f4pitaux, du papier, du tabac, du chauffage central et d'autres industries.<\/p><p data-start=\"395\" data-end=\"647\">Il est con\u00e7u avec un <strong data-start=\"418\" data-end=\"464\">plaque tubulaire cintr\u00e9e et tuyaux de fum\u00e9e filet\u00e9s<\/strong>, La conception innovante des tubes r\u00e9sout le probl\u00e8me des fissures dans les plaques tubulaires et am\u00e9liore la dur\u00e9e de vie globale de la chaudi\u00e8re. La conception innovante des tubes r\u00e9sout le probl\u00e8me des fissures des plaques tubulaires et am\u00e9liore la dur\u00e9e de vie globale de la chaudi\u00e8re.<\/p><p data-start=\"649\" data-end=\"672\">Les principales caract\u00e9ristiques sont les suivantes :<\/p><ol data-start=\"673\" data-end=\"1439\"><li data-start=\"673\" data-end=\"808\"><p data-start=\"676\" data-end=\"808\"><strong data-start=\"676\" data-end=\"708\">Structure optimis\u00e9e du cylindre<\/strong>: Structure quasi-\u00e9lastique, r\u00e9duisant la concentration des contraintes et prolongeant la dur\u00e9e de vie.<\/p><\/li><li data-start=\"809\" data-end=\"968\"><p data-start=\"812\" data-end=\"968\"><strong data-start=\"812\" data-end=\"843\">Circulation efficace de l'eau<\/strong>: Les zones d'eau morte sont \u00e9limin\u00e9es pour \u00e9viter les d\u00e9p\u00f4ts de boue ; la zone inf\u00e9rieure du tambour reste froide, ce qui garantit une efficacit\u00e9 \u00e0 long terme.<\/p><\/li><li data-start=\"969\" data-end=\"1106\"><p data-start=\"972\" data-end=\"1106\"><strong data-start=\"972\" data-end=\"994\">Transfert de chaleur \u00e9lev\u00e9<\/strong>: Les tuyaux de fum\u00e9e filet\u00e9s am\u00e9liorent l'absorption de la chaleur, l'efficacit\u00e9 thermique et les effets d'autonettoyage.<\/p><\/li><li data-start=\"1107\" data-end=\"1207\"><p data-start=\"1110\" data-end=\"1207\"><strong data-start=\"1110\" data-end=\"1126\">Taille compacte<\/strong>: Encombrement r\u00e9duit par rapport \u00e0 des chaudi\u00e8res similaires, ce qui permet de r\u00e9duire les co\u00fbts d'infrastructure.<\/p><\/li><li data-start=\"1208\" data-end=\"1305\"><p data-start=\"1211\" data-end=\"1305\"><strong data-start=\"1211\" data-end=\"1231\">Fonctionnement stable<\/strong>: Offre un r\u00e9glage pratique, un rendement r\u00e9gulier et des performances fiables.<\/p><\/li><li data-start=\"1306\" data-end=\"1439\"><p data-start=\"1309\" data-end=\"1439\"><strong data-start=\"1309\" data-end=\"1334\">Am\u00e9lioration du contr\u00f4le de la poussi\u00e8re<\/strong>: La circulation optimis\u00e9e des gaz de combustion r\u00e9duit les niveaux d'\u00e9mission de poussi\u00e8res, ce qui permet de respecter les normes environnementales nationales.<\/p><\/li><\/ol><p data-start=\"1441\" data-end=\"1628\">Cette conception garantit une grande efficacit\u00e9 thermique, une stabilit\u00e9 op\u00e9rationnelle et une longue dur\u00e9e de vie, ce qui rend la s\u00e9rie DZL adapt\u00e9e \u00e0 la fois \u00e0 l'approvisionnement en vapeur industrielle et aux applications de chauffage civil.<\/p>\n\t\t\t\t\t<\/div>\n\t\t\t\t\t\t<\/div>\n\t\t\t\t<\/div>\n\t\t\t\t\t<\/div>\n\t\t\t\t<\/div>\n\t\t\t\t<\/div>","protected":false},"excerpt":{"rendered":"<p data-start=\"1674\" data-end=\"1908\">Les <strong data-start=\"1678\" data-end=\"1709\">Chaudi\u00e8re \u00e0 vapeur au charbon DZL<\/strong> combine une conception compacte, un rendement \u00e9lev\u00e9 et un fonctionnement fiable. Gr\u00e2ce \u00e0 une technologie de pointe en mati\u00e8re de tuyaux de fum\u00e9e, \u00e0 un transfert de chaleur important et \u00e0 de faibles \u00e9missions, il est id\u00e9al pour les applications industrielles et de chauffage.<\/p>","protected":false},"featured_media":11742,"comment_status":"open","ping_status":"closed","template":"","meta":[],"product_brand":[],"product_cat":[168,241],"product_tag":[],"class_list":{"0":"post-11741","1":"product","2":"type-product","3":"status-publish","4":"has-post-thumbnail","6":"product_cat-industrial","7":"product_cat-steam-boiler","9":"first","10":"instock","11":"shipping-taxable","12":"product-type-simple"},"_links":{"self":[{"href":"https:\/\/eauchauffage.com\/fr\/wp-json\/wp\/v2\/product\/11741","targetHints":{"allow":["GET"]}}],"collection":[{"href":"https:\/\/eauchauffage.com\/fr\/wp-json\/wp\/v2\/product"}],"about":[{"href":"https:\/\/eauchauffage.com\/fr\/wp-json\/wp\/v2\/types\/product"}],"replies":[{"embeddable":true,"href":"https:\/\/eauchauffage.com\/fr\/wp-json\/wp\/v2\/comments?post=11741"}],"version-history":[{"count":8,"href":"https:\/\/eauchauffage.com\/fr\/wp-json\/wp\/v2\/product\/11741\/revisions"}],"predecessor-version":[{"id":12050,"href":"https:\/\/eauchauffage.com\/fr\/wp-json\/wp\/v2\/product\/11741\/revisions\/12050"}],"wp:featuredmedia":[{"embeddable":true,"href":"https:\/\/eauchauffage.com\/fr\/wp-json\/wp\/v2\/media\/11742"}],"wp:attachment":[{"href":"https:\/\/eauchauffage.com\/fr\/wp-json\/wp\/v2\/media?parent=11741"}],"wp:term":[{"taxonomy":"product_brand","embeddable":true,"href":"https:\/\/eauchauffage.com\/fr\/wp-json\/wp\/v2\/product_brand?post=11741"},{"taxonomy":"product_cat","embeddable":true,"href":"https:\/\/eauchauffage.com\/fr\/wp-json\/wp\/v2\/product_cat?post=11741"},{"taxonomy":"product_tag","embeddable":true,"href":"https:\/\/eauchauffage.com\/fr\/wp-json\/wp\/v2\/product_tag?post=11741"}],"curies":[{"name":"wp","href":"https:\/\/api.w.org\/{rel}","templated":true}]}}