{"id":11734,"date":"2025-09-23T14:15:25","date_gmt":"2025-09-23T14:15:25","guid":{"rendered":"https:\/\/eauchauffage.com\/?post_type=product&#038;p=11734"},"modified":"2025-09-27T09:50:15","modified_gmt":"2025-09-27T09:50:15","slug":"chaudiere-a-charbon-de-la-serie-szl","status":"publish","type":"product","link":"https:\/\/eauchauffage.com\/fr\/product\/szl-series-coal-fired-boiler\/","title":{"rendered":"Chaudi\u00e8re \u00e0 charbon de la s\u00e9rie SZL"},"content":{"rendered":"<div data-elementor-type=\"wp-post\" data-elementor-id=\"11734\" class=\"elementor elementor-11734\">\n\t\t\t\t<div class=\"wd-negative-gap elementor-element elementor-element-f6d760f e-flex e-con-boxed e-con e-parent\" data-id=\"f6d760f\" data-element_type=\"container\">\n\t\t\t\t\t<div class=\"e-con-inner\">\n\t\t\t\t<div class=\"elementor-element elementor-element-736b2281 elementor-widget elementor-widget-wd_image_or_svg\" data-id=\"736b2281\" data-element_type=\"widget\" data-widget_type=\"wd_image_or_svg.default\">\n\t\t\t\t<div class=\"elementor-widget-container\">\n\t\t\t\t\t\n\t\t<div class=\"wd-image text-center photoswipe-images\">\n\t\t\t\t\t\t\t<a  href=\"https:\/\/eauchauffage.com\/wp-content\/uploads\/2025\/09\/SZL-1.jpg\"data-width=\"1208\" data-height=\"726\" data-elementor-open-lightbox=\"no\" aria-label=\"Image link\">\n\t\t\t\t\t\t\t\t<img fetchpriority=\"high\" decoding=\"async\" width=\"1208\" height=\"726\" src=\"https:\/\/eauchauffage.com\/wp-content\/uploads\/2025\/09\/SZL-1.jpg\" class=\"attachment-full size-full\" alt=\"\" srcset=\"https:\/\/eauchauffage.com\/wp-content\/uploads\/2025\/09\/SZL-1.jpg 1208w, https:\/\/eauchauffage.com\/wp-content\/uploads\/2025\/09\/SZL-1-300x180.jpg 300w, https:\/\/eauchauffage.com\/wp-content\/uploads\/2025\/09\/SZL-1-1024x615.jpg 1024w, https:\/\/eauchauffage.com\/wp-content\/uploads\/2025\/09\/SZL-1-768x462.jpg 768w, https:\/\/eauchauffage.com\/wp-content\/uploads\/2025\/09\/SZL-1-1200x721.jpg 1200w, https:\/\/eauchauffage.com\/wp-content\/uploads\/2025\/09\/SZL-1-150x90.jpg 150w\" sizes=\"(max-width: 1208px) 100vw, 1208px\" \/>\t\t\t\t\t\t\t<\/a>\n\t\t\t\t\t<\/div>\n\n\t\t\t\t\t\t<\/div>\n\t\t\t\t<\/div>\n\t\t\t\t<div class=\"elementor-element elementor-element-33166c1f elementor-widget elementor-widget-wd_text_block\" data-id=\"33166c1f\" data-element_type=\"widget\" data-widget_type=\"wd_text_block.default\">\n\t\t\t\t<div class=\"elementor-widget-container\">\n\t\t\t\t\t\t\t<div class=\"wd-text-block reset-last-child text-left\">\n\t\t\t\n\t\t\t<p data-start=\"115\" data-end=\"415\">Les <strong data-start=\"119\" data-end=\"151\">Chaudi\u00e8re \u00e0 charbon de la s\u00e9rie SZL<\/strong> est une chaudi\u00e8re \u00e0 tubes d'eau \u00e0 haute performance con\u00e7ue pour des applications industrielles et domestiques. Elle est largement utilis\u00e9e dans les secteurs du p\u00e9trole, du traitement chimique, de la production alimentaire, du textile, des produits pharmaceutiques, des mat\u00e9riaux de construction, des h\u00f4pitaux, du papier, du tabac, du chauffage central, etc.<\/p><p data-start=\"417\" data-end=\"480\">Cette chaudi\u00e8re adopte un <strong data-start=\"438\" data-end=\"477\">structure de chargement ou d'assemblage rapide<\/strong>:<\/p><ul data-start=\"481\" data-end=\"729\"><li data-start=\"481\" data-end=\"597\"><p data-start=\"483\" data-end=\"597\">Pour les petites capacit\u00e9s (2-4 t\/h), il utilise une conduite d'eau \u00e0 chargement rapide, enti\u00e8rement pr\u00e9-assembl\u00e9e en usine.<\/p><\/li><li data-start=\"598\" data-end=\"729\"><p data-start=\"600\" data-end=\"729\">Pour les capacit\u00e9s plus importantes (6-25 t\/h), il est compos\u00e9 de deux grandes parties : la surface chauffante sup\u00e9rieure et la chambre de combustion inf\u00e9rieure.<\/p><\/li><\/ul><p data-start=\"731\" data-end=\"758\">Caract\u00e9ristiques principales :<\/p><ol data-start=\"759\" data-end=\"1512\"><li data-start=\"759\" data-end=\"914\"><p data-start=\"762\" data-end=\"914\"><strong data-start=\"762\" data-end=\"785\">Une structure efficace<\/strong>: La partie sup\u00e9rieure sert de surface de chauffe, tandis que la partie inf\u00e9rieure est la chambre de combustion, ce qui garantit un transfert de chaleur optimal.<\/p><\/li><li data-start=\"915\" data-end=\"1130\"><p data-start=\"918\" data-end=\"1130\"><strong data-start=\"918\" data-end=\"941\">Murs refroidis \u00e0 l'eau<\/strong>: L'avant et les c\u00f4t\u00e9s sont dot\u00e9s de parois refroidies \u00e0 l'eau, qui absorbent efficacement la chaleur radiante. Les gaz d'\u00e9chappement sont trait\u00e9s par des \u00e9conomiseurs et des d\u00e9poussi\u00e9reurs, ce qui garantit un fonctionnement propre.<\/p><\/li><li data-start=\"1131\" data-end=\"1281\"><p data-start=\"1134\" data-end=\"1281\"><strong data-start=\"1134\" data-end=\"1152\">Conception modulaire<\/strong>: Le corps de la chaudi\u00e8re comprend des faisceaux de tubes avant, arri\u00e8re et de convection avec des \u00e9conomiseurs int\u00e9gr\u00e9s, assembl\u00e9s en une seule unit\u00e9 compacte.<\/p><\/li><li data-start=\"1282\" data-end=\"1395\"><p data-start=\"1285\" data-end=\"1395\"><strong data-start=\"1285\" data-end=\"1299\">Avantages<\/strong>: Conception compacte, installation facile sur le site, faibles co\u00fbts d'exploitation et efficacit\u00e9 \u00e9lev\u00e9e de la combustion.<\/p><\/li><li data-start=\"1396\" data-end=\"1512\"><p data-start=\"1399\" data-end=\"1512\"><strong data-start=\"1399\" data-end=\"1421\">Large applicabilit\u00e9<\/strong>: Convient pour le chauffage industriel et civil, avec une production stable de vapeur et d'eau chaude.<\/p><\/li><\/ol>\n\t\t\t\t\t<\/div>\n\t\t\t\t\t\t<\/div>\n\t\t\t\t<\/div>\n\t\t\t\t\t<\/div>\n\t\t\t\t<\/div>\n\t\t\t\t<\/div>","protected":false},"excerpt":{"rendered":"<p data-start=\"1558\" data-end=\"1806\">Les <strong data-start=\"1562\" data-end=\"1587\">Chaudi\u00e8re \u00e0 charbon SZL<\/strong> fournit une alimentation en vapeur et en eau chaude efficace, fiable et peu co\u00fbteuse. Avec une conception \u00e0 chargement rapide, une forte absorption de la chaleur et une installation facile, il est id\u00e9al pour la production industrielle et les applications de chauffage civil.<\/p>","protected":false},"featured_media":11735,"comment_status":"open","ping_status":"closed","template":"","meta":[],"product_brand":[],"product_cat":[168,241],"product_tag":[],"class_list":{"0":"post-11734","1":"product","2":"type-product","3":"status-publish","4":"has-post-thumbnail","6":"product_cat-industrial","7":"product_cat-steam-boiler","9":"first","10":"instock","11":"shipping-taxable","12":"product-type-simple"},"_links":{"self":[{"href":"https:\/\/eauchauffage.com\/fr\/wp-json\/wp\/v2\/product\/11734","targetHints":{"allow":["GET"]}}],"collection":[{"href":"https:\/\/eauchauffage.com\/fr\/wp-json\/wp\/v2\/product"}],"about":[{"href":"https:\/\/eauchauffage.com\/fr\/wp-json\/wp\/v2\/types\/product"}],"replies":[{"embeddable":true,"href":"https:\/\/eauchauffage.com\/fr\/wp-json\/wp\/v2\/comments?post=11734"}],"version-history":[{"count":5,"href":"https:\/\/eauchauffage.com\/fr\/wp-json\/wp\/v2\/product\/11734\/revisions"}],"predecessor-version":[{"id":12051,"href":"https:\/\/eauchauffage.com\/fr\/wp-json\/wp\/v2\/product\/11734\/revisions\/12051"}],"wp:featuredmedia":[{"embeddable":true,"href":"https:\/\/eauchauffage.com\/fr\/wp-json\/wp\/v2\/media\/11735"}],"wp:attachment":[{"href":"https:\/\/eauchauffage.com\/fr\/wp-json\/wp\/v2\/media?parent=11734"}],"wp:term":[{"taxonomy":"product_brand","embeddable":true,"href":"https:\/\/eauchauffage.com\/fr\/wp-json\/wp\/v2\/product_brand?post=11734"},{"taxonomy":"product_cat","embeddable":true,"href":"https:\/\/eauchauffage.com\/fr\/wp-json\/wp\/v2\/product_cat?post=11734"},{"taxonomy":"product_tag","embeddable":true,"href":"https:\/\/eauchauffage.com\/fr\/wp-json\/wp\/v2\/product_tag?post=11734"}],"curies":[{"name":"wp","href":"https:\/\/api.w.org\/{rel}","templated":true}]}}