{"id":11727,"date":"2025-09-23T14:12:27","date_gmt":"2025-09-23T14:12:27","guid":{"rendered":"https:\/\/eauchauffage.com\/?post_type=product&#038;p=11727"},"modified":"2025-09-27T09:50:24","modified_gmt":"2025-09-27T09:50:24","slug":"lss-vertical-oil-gas-steam-boiler","status":"publish","type":"product","link":"https:\/\/eauchauffage.com\/fr\/product\/lss-vertical-oil-gas-steam-boiler\/","title":{"rendered":"Chaudi\u00e8re \u00e0 vapeur verticale \u00e0 huile\/gaz LSS"},"content":{"rendered":"<div data-elementor-type=\"wp-post\" data-elementor-id=\"11727\" class=\"elementor elementor-11727\">\n\t\t\t\t<div class=\"wd-negative-gap elementor-element elementor-element-f6d760f e-flex e-con-boxed e-con e-parent\" data-id=\"f6d760f\" data-element_type=\"container\">\n\t\t\t\t\t<div class=\"e-con-inner\">\n\t\t\t\t<div class=\"elementor-element elementor-element-736b2281 elementor-widget elementor-widget-wd_image_or_svg\" data-id=\"736b2281\" data-element_type=\"widget\" data-widget_type=\"wd_image_or_svg.default\">\n\t\t\t\t<div class=\"elementor-widget-container\">\n\t\t\t\t\t\n\t\t<div class=\"wd-image text-center photoswipe-images\">\n\t\t\t\t\t\t\t<a  href=\"https:\/\/eauchauffage.com\/wp-content\/uploads\/2025\/09\/LLS2.jpg\"data-width=\"1208\" data-height=\"726\" data-elementor-open-lightbox=\"no\" aria-label=\"Image link\">\n\t\t\t\t\t\t\t\t<img fetchpriority=\"high\" decoding=\"async\" width=\"1208\" height=\"726\" src=\"https:\/\/eauchauffage.com\/wp-content\/uploads\/2025\/09\/LLS2.jpg\" class=\"attachment-full size-full\" alt=\"\" srcset=\"https:\/\/eauchauffage.com\/wp-content\/uploads\/2025\/09\/LLS2.jpg 1208w, https:\/\/eauchauffage.com\/wp-content\/uploads\/2025\/09\/LLS2-300x180.jpg 300w, https:\/\/eauchauffage.com\/wp-content\/uploads\/2025\/09\/LLS2-1024x615.jpg 1024w, https:\/\/eauchauffage.com\/wp-content\/uploads\/2025\/09\/LLS2-768x462.jpg 768w, https:\/\/eauchauffage.com\/wp-content\/uploads\/2025\/09\/LLS2-1200x721.jpg 1200w, https:\/\/eauchauffage.com\/wp-content\/uploads\/2025\/09\/LLS2-150x90.jpg 150w\" sizes=\"(max-width: 1208px) 100vw, 1208px\" \/>\t\t\t\t\t\t\t<\/a>\n\t\t\t\t\t<\/div>\n\n\t\t\t\t\t\t<\/div>\n\t\t\t\t<\/div>\n\t\t\t\t<div class=\"elementor-element elementor-element-33166c1f elementor-widget elementor-widget-wd_text_block\" data-id=\"33166c1f\" data-element_type=\"widget\" data-widget_type=\"wd_text_block.default\">\n\t\t\t\t<div class=\"elementor-widget-container\">\n\t\t\t\t\t\t\t<div class=\"wd-text-block reset-last-child text-left\">\n\t\t\t\n\t\t\t<p data-start=\"120\" data-end=\"453\">Les <strong data-start=\"124\" data-end=\"161\">Chaudi\u00e8re \u00e0 vapeur verticale \u00e0 huile\/gaz LSS<\/strong> est une chaudi\u00e8re compacte et performante con\u00e7ue pour une production de vapeur fiable et efficace dans un large \u00e9ventail d'industries, notamment le p\u00e9trole, le traitement chimique, la production alimentaire, les textiles, l'impression et la teinture, les produits pharmaceutiques, les mat\u00e9riaux de construction, les h\u00f4pitaux, le chauffage central, et bien d'autres encore.<\/p><p data-start=\"455\" data-end=\"864\">Son <strong data-start=\"459\" data-end=\"481\">structure verticale<\/strong> minimise l'encombrement au sol tout en garantissant une efficacit\u00e9 maximale. La chaudi\u00e8re se caract\u00e9rise par une grande surface de chauffe pour une absorption totale de la chaleur, une faible temp\u00e9rature d'\u00e9chappement, une perte de chaleur minimale et une production de vapeur suffisante. Gr\u00e2ce \u00e0 sa conception, la chaudi\u00e8re peut atteindre sa pleine capacit\u00e9 de production de vapeur en quelques minutes seulement. <strong data-start=\"781\" data-end=\"795\">20 minutes<\/strong> d\u00e8s le d\u00e9marrage \u00e0 froid, ce qui garantit un d\u00e9marrage rapide et une qualit\u00e9 de vapeur stable.<\/p><p data-start=\"866\" data-end=\"1118\">\u00c9quip\u00e9 de <strong data-start=\"880\" data-end=\"919\">syst\u00e8mes automatiques de protection de la s\u00e9curit\u00e9<\/strong>, La chaudi\u00e8re LSS offre une surveillance fiable du niveau d'eau, une protection de la pression de la vapeur et des protections contre les temp\u00e9ratures ultra-fumantes. Le s\u00e9parateur de vapeur interne garantit une production de vapeur s\u00e8che de haute qualit\u00e9.<\/p><p data-start=\"1120\" data-end=\"1145\">Les principaux avantages sont les suivants :<\/p><ul data-start=\"1146\" data-end=\"1463\"><li data-start=\"1146\" data-end=\"1206\"><p data-start=\"1148\" data-end=\"1206\">Structure compacte et faible encombrement pour un gain de place.<\/p><\/li><li data-start=\"1207\" data-end=\"1267\"><p data-start=\"1209\" data-end=\"1267\">Rendement \u00e9lev\u00e9 avec des performances thermiques autour de <strong data-start=\"1257\" data-end=\"1264\">90%<\/strong>.<\/p><\/li><li data-start=\"1268\" data-end=\"1324\"><p data-start=\"1270\" data-end=\"1324\">Production rapide de vapeur avec un excellent s\u00e9chage de la vapeur.<\/p><\/li><li data-start=\"1325\" data-end=\"1389\"><p data-start=\"1327\" data-end=\"1389\">Protection fiable \u00e0 plusieurs niveaux pour un fonctionnement s\u00fbr.<\/p><\/li><li data-start=\"1390\" data-end=\"1463\"><p data-start=\"1392\" data-end=\"1463\">Installation facile et mise en service rapide gr\u00e2ce au pr\u00e9-d\u00e9bogage en usine.<\/p><\/li><\/ul>\n\t\t\t\t\t<\/div>\n\t\t\t\t\t\t<\/div>\n\t\t\t\t<\/div>\n\t\t\t\t\t<\/div>\n\t\t\t\t<\/div>\n\t\t\t\t<\/div>","protected":false},"excerpt":{"rendered":"<p data-start=\"1509\" data-end=\"1764\">Les <strong data-start=\"1513\" data-end=\"1550\">Chaudi\u00e8re \u00e0 vapeur verticale \u00e0 huile\/gaz LSS<\/strong> offre une conception compacte, un rendement \u00e9lev\u00e9 et une production de vapeur rapide en seulement 20 minutes. Avec des protections de s\u00e9curit\u00e9 avanc\u00e9es et des performances fiables, c'est une solution id\u00e9ale pour les besoins en vapeur de l'industrie et du commerce.<\/p>","protected":false},"featured_media":11728,"comment_status":"open","ping_status":"closed","template":"","meta":[],"product_brand":[],"product_cat":[168,241],"product_tag":[],"class_list":{"0":"post-11727","1":"product","2":"type-product","3":"status-publish","4":"has-post-thumbnail","6":"product_cat-industrial","7":"product_cat-steam-boiler","9":"first","10":"instock","11":"shipping-taxable","12":"product-type-simple"},"_links":{"self":[{"href":"https:\/\/eauchauffage.com\/fr\/wp-json\/wp\/v2\/product\/11727","targetHints":{"allow":["GET"]}}],"collection":[{"href":"https:\/\/eauchauffage.com\/fr\/wp-json\/wp\/v2\/product"}],"about":[{"href":"https:\/\/eauchauffage.com\/fr\/wp-json\/wp\/v2\/types\/product"}],"replies":[{"embeddable":true,"href":"https:\/\/eauchauffage.com\/fr\/wp-json\/wp\/v2\/comments?post=11727"}],"version-history":[{"count":5,"href":"https:\/\/eauchauffage.com\/fr\/wp-json\/wp\/v2\/product\/11727\/revisions"}],"predecessor-version":[{"id":12052,"href":"https:\/\/eauchauffage.com\/fr\/wp-json\/wp\/v2\/product\/11727\/revisions\/12052"}],"wp:featuredmedia":[{"embeddable":true,"href":"https:\/\/eauchauffage.com\/fr\/wp-json\/wp\/v2\/media\/11728"}],"wp:attachment":[{"href":"https:\/\/eauchauffage.com\/fr\/wp-json\/wp\/v2\/media?parent=11727"}],"wp:term":[{"taxonomy":"product_brand","embeddable":true,"href":"https:\/\/eauchauffage.com\/fr\/wp-json\/wp\/v2\/product_brand?post=11727"},{"taxonomy":"product_cat","embeddable":true,"href":"https:\/\/eauchauffage.com\/fr\/wp-json\/wp\/v2\/product_cat?post=11727"},{"taxonomy":"product_tag","embeddable":true,"href":"https:\/\/eauchauffage.com\/fr\/wp-json\/wp\/v2\/product_tag?post=11727"}],"curies":[{"name":"wp","href":"https:\/\/api.w.org\/{rel}","templated":true}]}}