{"id":11715,"date":"2025-09-23T14:09:57","date_gmt":"2025-09-23T14:09:57","guid":{"rendered":"https:\/\/eauchauffage.com\/?post_type=product&#038;p=11715"},"modified":"2025-09-27T09:50:37","modified_gmt":"2025-09-27T09:50:37","slug":"lss-vertical-cross-flow-fired-oil-gas-boiler","status":"publish","type":"product","link":"https:\/\/eauchauffage.com\/fr\/product\/lss-vertical-cross-flow-fired-oil-gas-boiler\/","title":{"rendered":"Chaudi\u00e8re \u00e0 flux crois\u00e9 vertical LSS (mazout\/gaz)"},"content":{"rendered":"<div data-elementor-type=\"wp-post\" data-elementor-id=\"11715\" class=\"elementor elementor-11715\">\n\t\t\t\t<div class=\"wd-negative-gap elementor-element elementor-element-f6d760f e-flex e-con-boxed e-con e-parent\" data-id=\"f6d760f\" data-element_type=\"container\">\n\t\t\t\t\t<div class=\"e-con-inner\">\n\t\t\t\t<div class=\"elementor-element elementor-element-736b2281 elementor-widget elementor-widget-wd_image_or_svg\" data-id=\"736b2281\" data-element_type=\"widget\" data-widget_type=\"wd_image_or_svg.default\">\n\t\t\t\t<div class=\"elementor-widget-container\">\n\t\t\t\t\t\n\t\t<div class=\"wd-image text-center photoswipe-images\">\n\t\t\t\t\t\t\t<a  href=\"https:\/\/eauchauffage.com\/wp-content\/uploads\/2025\/09\/WNS8.jpg\"data-width=\"1208\" data-height=\"726\" data-elementor-open-lightbox=\"no\" aria-label=\"Image link\">\n\t\t\t\t\t\t\t\t<img fetchpriority=\"high\" decoding=\"async\" width=\"1208\" height=\"726\" src=\"https:\/\/eauchauffage.com\/wp-content\/uploads\/2025\/09\/WNS8.jpg\" class=\"attachment-full size-full\" alt=\"\" srcset=\"https:\/\/eauchauffage.com\/wp-content\/uploads\/2025\/09\/WNS8.jpg 1208w, https:\/\/eauchauffage.com\/wp-content\/uploads\/2025\/09\/WNS8-300x180.jpg 300w, https:\/\/eauchauffage.com\/wp-content\/uploads\/2025\/09\/WNS8-1024x615.jpg 1024w, https:\/\/eauchauffage.com\/wp-content\/uploads\/2025\/09\/WNS8-768x462.jpg 768w, https:\/\/eauchauffage.com\/wp-content\/uploads\/2025\/09\/WNS8-1200x721.jpg 1200w, https:\/\/eauchauffage.com\/wp-content\/uploads\/2025\/09\/WNS8-150x90.jpg 150w\" sizes=\"(max-width: 1208px) 100vw, 1208px\" \/>\t\t\t\t\t\t\t<\/a>\n\t\t\t\t\t<\/div>\n\n\t\t\t\t\t\t<\/div>\n\t\t\t\t<\/div>\n\t\t\t\t<div class=\"elementor-element elementor-element-33166c1f elementor-widget elementor-widget-wd_text_block\" data-id=\"33166c1f\" data-element_type=\"widget\" data-widget_type=\"wd_text_block.default\">\n\t\t\t\t<div class=\"elementor-widget-container\">\n\t\t\t\t\t\t\t<div class=\"wd-text-block reset-last-child text-left\">\n\t\t\t\n\t\t\t<p data-start=\"133\" data-end=\"495\">Les <strong data-start=\"137\" data-end=\"179\">Chaudi\u00e8re \u00e0 flux crois\u00e9 vertical LSS pour le p\u00e9trole et le gaz<\/strong> est une chaudi\u00e8re \u00e0 vapeur compacte et \u00e0 haut rendement largement utilis\u00e9e dans les secteurs du p\u00e9trole, de la production chimique, de l'agroalimentaire, du textile, de l'imprimerie et de la teinture, des produits pharmaceutiques, du caoutchouc, des h\u00f4pitaux, du chauffage central et d'autres industries. Sa conception verticale permet un transfert de chaleur efficace, une production de vapeur rapide et une installation facile.<\/p><p data-start=\"497\" data-end=\"520\">Les principales caract\u00e9ristiques sont les suivantes :<\/p><ul data-start=\"521\" data-end=\"1326\"><li data-start=\"521\" data-end=\"597\"><p data-start=\"523\" data-end=\"597\"><strong data-start=\"523\" data-end=\"544\">Production de vapeur rapide<\/strong>: Produit de la vapeur \u00e0 pleine pression en seulement 2 \u00e0 4 minutes.<\/p><\/li><li data-start=\"598\" data-end=\"736\"><p data-start=\"600\" data-end=\"736\"><strong data-start=\"600\" data-end=\"627\">Contr\u00f4le de s\u00e9curit\u00e9 avanc\u00e9<\/strong>: Contr\u00f4le enti\u00e8rement automatique de la combustion, de la pression de la vapeur et du niveau d'eau pour un fonctionnement s\u00fbr et \u00e9conomique.<\/p><\/li><li data-start=\"737\" data-end=\"826\"><p data-start=\"739\" data-end=\"826\"><strong data-start=\"739\" data-end=\"772\">Transfert de chaleur \u00e0 haut rendement<\/strong>: Convection rapide de la chaleur avec une efficacit\u00e9 allant jusqu'\u00e0 92-96%.<\/p><\/li><li data-start=\"827\" data-end=\"952\"><p data-start=\"829\" data-end=\"952\"><strong data-start=\"829\" data-end=\"848\">Fonctionnement silencieux<\/strong>: Conception peu bruyante avec un ventilateur et un bruit de combustion r\u00e9duits de 5 \u00e0 6 dB par rapport aux chaudi\u00e8res traditionnelles.<\/p><\/li><li data-start=\"953\" data-end=\"1054\"><p data-start=\"955\" data-end=\"1054\"><strong data-start=\"955\" data-end=\"975\">Technologie intelligente<\/strong>: Soudage CO2 enti\u00e8rement automatique et production constante pour une grande fiabilit\u00e9.<\/p><\/li><li data-start=\"1055\" data-end=\"1212\"><p data-start=\"1057\" data-end=\"1212\"><strong data-start=\"1057\" data-end=\"1077\">Entretien facile<\/strong>: \u00c9quip\u00e9s de syst\u00e8mes de d\u00e9charge et de surveillance automatiques pour pr\u00e9venir l'entartrage, r\u00e9duire la fragilisation du four et am\u00e9liorer la dur\u00e9e de vie de la chaudi\u00e8re.<\/p><\/li><li data-start=\"1213\" data-end=\"1326\"><p data-start=\"1215\" data-end=\"1326\"><strong data-start=\"1215\" data-end=\"1236\">Structure compacte<\/strong>: Le pr\u00e9-d\u00e9bogage en usine r\u00e9duit les co\u00fbts d'installation sur site et garantit un d\u00e9ploiement rapide.<\/p><\/li><\/ul><p data-start=\"1328\" data-end=\"1568\">Gr\u00e2ce \u00e0 des contr\u00f4les avanc\u00e9s tels que des tests de temp\u00e9rature des conduites d'eau, des capteurs de temp\u00e9rature du four et des dispositifs de d\u00e9charge automatique, la chaudi\u00e8re LSS garantit une s\u00e9curit\u00e9 \u00e0 long terme, des \u00e9conomies d'\u00e9nergie et des performances fiables dans divers environnements industriels.<\/p>\n\t\t\t\t\t<\/div>\n\t\t\t\t\t\t<\/div>\n\t\t\t\t<\/div>\n\t\t\t\t\t<\/div>\n\t\t\t\t<\/div>\n\t\t\t\t<\/div>","protected":false},"excerpt":{"rendered":"<p data-start=\"1614\" data-end=\"1876\">Les <strong data-start=\"1618\" data-end=\"1649\">Chaudi\u00e8re verticale \u00e0 mazout\/gaz LSS<\/strong> fournit de la vapeur s\u00fbre et efficace en seulement 2 \u00e0 4 minutes. Avec un rendement thermique de 92-96%, un fonctionnement silencieux et des commandes de s\u00e9curit\u00e9 enti\u00e8rement automatiques, il s'agit d'une solution fiable et compacte pour les applications de chauffage industrielles et commerciales.<\/p>","protected":false},"featured_media":11721,"comment_status":"open","ping_status":"closed","template":"","meta":[],"product_brand":[],"product_cat":[168,241],"product_tag":[],"class_list":{"0":"post-11715","1":"product","2":"type-product","3":"status-publish","4":"has-post-thumbnail","6":"product_cat-industrial","7":"product_cat-steam-boiler","9":"first","10":"instock","11":"shipping-taxable","12":"product-type-simple"},"_links":{"self":[{"href":"https:\/\/eauchauffage.com\/fr\/wp-json\/wp\/v2\/product\/11715","targetHints":{"allow":["GET"]}}],"collection":[{"href":"https:\/\/eauchauffage.com\/fr\/wp-json\/wp\/v2\/product"}],"about":[{"href":"https:\/\/eauchauffage.com\/fr\/wp-json\/wp\/v2\/types\/product"}],"replies":[{"embeddable":true,"href":"https:\/\/eauchauffage.com\/fr\/wp-json\/wp\/v2\/comments?post=11715"}],"version-history":[{"count":5,"href":"https:\/\/eauchauffage.com\/fr\/wp-json\/wp\/v2\/product\/11715\/revisions"}],"predecessor-version":[{"id":12053,"href":"https:\/\/eauchauffage.com\/fr\/wp-json\/wp\/v2\/product\/11715\/revisions\/12053"}],"wp:featuredmedia":[{"embeddable":true,"href":"https:\/\/eauchauffage.com\/fr\/wp-json\/wp\/v2\/media\/11721"}],"wp:attachment":[{"href":"https:\/\/eauchauffage.com\/fr\/wp-json\/wp\/v2\/media?parent=11715"}],"wp:term":[{"taxonomy":"product_brand","embeddable":true,"href":"https:\/\/eauchauffage.com\/fr\/wp-json\/wp\/v2\/product_brand?post=11715"},{"taxonomy":"product_cat","embeddable":true,"href":"https:\/\/eauchauffage.com\/fr\/wp-json\/wp\/v2\/product_cat?post=11715"},{"taxonomy":"product_tag","embeddable":true,"href":"https:\/\/eauchauffage.com\/fr\/wp-json\/wp\/v2\/product_tag?post=11715"}],"curies":[{"name":"wp","href":"https:\/\/api.w.org\/{rel}","templated":true}]}}