{"id":11707,"date":"2025-09-23T14:06:53","date_gmt":"2025-09-23T14:06:53","guid":{"rendered":"https:\/\/eauchauffage.com\/?post_type=product&#038;p=11707"},"modified":"2025-09-27T09:51:02","modified_gmt":"2025-09-27T09:51:02","slug":"rechauffeur-organique-thermique-a-huile-et-a-gaz-mns","status":"publish","type":"product","link":"https:\/\/eauchauffage.com\/fr\/product\/mns-oil-and-gas-fired-thermal-organic-heater\/","title":{"rendered":"MNS Chauffage organique thermique au fioul et au gaz"},"content":{"rendered":"<div data-elementor-type=\"wp-post\" data-elementor-id=\"11707\" class=\"elementor elementor-11707\">\n\t\t\t\t<div class=\"wd-negative-gap elementor-element elementor-element-f6d760f e-flex e-con-boxed e-con e-parent\" data-id=\"f6d760f\" data-element_type=\"container\">\n\t\t\t\t\t<div class=\"e-con-inner\">\n\t\t\t\t<div class=\"elementor-element elementor-element-736b2281 elementor-widget elementor-widget-wd_image_or_svg\" data-id=\"736b2281\" data-element_type=\"widget\" data-widget_type=\"wd_image_or_svg.default\">\n\t\t\t\t<div class=\"elementor-widget-container\">\n\t\t\t\t\t\n\t\t<div class=\"wd-image text-center photoswipe-images\">\n\t\t\t\t\t\t\t<a  href=\"https:\/\/eauchauffage.com\/wp-content\/uploads\/2025\/09\/MNS-1.jpg\"data-width=\"1208\" data-height=\"726\" data-elementor-open-lightbox=\"no\" aria-label=\"Image link\">\n\t\t\t\t\t\t\t\t<img fetchpriority=\"high\" decoding=\"async\" width=\"1208\" height=\"726\" src=\"https:\/\/eauchauffage.com\/wp-content\/uploads\/2025\/09\/MNS-1.jpg\" class=\"attachment-full size-full\" alt=\"\" srcset=\"https:\/\/eauchauffage.com\/wp-content\/uploads\/2025\/09\/MNS-1.jpg 1208w, https:\/\/eauchauffage.com\/wp-content\/uploads\/2025\/09\/MNS-1-300x180.jpg 300w, https:\/\/eauchauffage.com\/wp-content\/uploads\/2025\/09\/MNS-1-1024x615.jpg 1024w, https:\/\/eauchauffage.com\/wp-content\/uploads\/2025\/09\/MNS-1-768x462.jpg 768w, https:\/\/eauchauffage.com\/wp-content\/uploads\/2025\/09\/MNS-1-1200x721.jpg 1200w, https:\/\/eauchauffage.com\/wp-content\/uploads\/2025\/09\/MNS-1-150x90.jpg 150w\" sizes=\"(max-width: 1208px) 100vw, 1208px\" \/>\t\t\t\t\t\t\t<\/a>\n\t\t\t\t\t<\/div>\n\n\t\t\t\t\t\t<\/div>\n\t\t\t\t<\/div>\n\t\t\t\t<div class=\"elementor-element elementor-element-33166c1f elementor-widget elementor-widget-wd_text_block\" data-id=\"33166c1f\" data-element_type=\"widget\" data-widget_type=\"wd_text_block.default\">\n\t\t\t\t<div class=\"elementor-widget-container\">\n\t\t\t\t\t\t\t<div class=\"wd-text-block reset-last-child text-left\">\n\t\t\t\n\t\t\t<p data-start=\"128\" data-end=\"423\">Les <strong>MNS Chauffage organique thermique au fioul et au gaz<\/strong> est un syst\u00e8me de chauffage industriel avanc\u00e9 con\u00e7u pour offrir des performances efficaces, fiables et s\u00fbres. Il utilise du p\u00e9trole ou du gaz comme combustible avec une chambre de combustion et un syst\u00e8me de serpentin sp\u00e9cialement con\u00e7us pour offrir un rendement thermique \u00e9lev\u00e9 et un fonctionnement stable.<\/p><p data-start=\"425\" data-end=\"703\">La chambre de combustion de grand diam\u00e8tre assure une combustion compl\u00e8te du combustible et une utilisation maximale de la chaleur. \u00c0 l'int\u00e9rieur et \u00e0 l'ext\u00e9rieur du four, un serpentin en spirale \u00e0 t\u00eates multiples et \u00e0 petit diam\u00e8tre offre d'excellentes performances en mati\u00e8re de dilatation thermique avec de faibles contraintes, ce qui garantit la durabilit\u00e9 et la fiabilit\u00e9 de l'appareil.<\/p><p data-start=\"705\" data-end=\"730\">Les principaux avantages sont les suivants :<\/p><ul data-start=\"731\" data-end=\"1497\"><li data-start=\"731\" data-end=\"835\"><p data-start=\"733\" data-end=\"835\"><strong data-start=\"733\" data-end=\"774\">Rendement \u00e9lev\u00e9 et combustion compl\u00e8te<\/strong>: La grande chambre assure une combustion compl\u00e8te et un chauffage stable.<\/p><\/li><li data-start=\"836\" data-end=\"960\"><p data-start=\"838\" data-end=\"960\"><strong data-start=\"838\" data-end=\"863\">Conception optimis\u00e9e de la bobine<\/strong>: La structure en spirale offre un excellent transfert de chaleur, une longue dur\u00e9e de vie et une s\u00e9curit\u00e9 accrue.<\/p><\/li><li data-start=\"961\" data-end=\"1078\"><p data-start=\"963\" data-end=\"1078\"><strong data-start=\"963\" data-end=\"987\">Un flux de processus uniforme<\/strong>: Les gaz de combustion passent \u00e0 la fois par les serpentins int\u00e9rieurs et ext\u00e9rieurs, ce qui garantit un fonctionnement stable et s\u00fbr.<\/p><\/li><li data-start=\"1079\" data-end=\"1200\"><p data-start=\"1081\" data-end=\"1200\"><strong data-start=\"1081\" data-end=\"1106\">Grande surface de chauffe<\/strong>: Une vaste zone d'\u00e9change de chaleur am\u00e9liore l'efficacit\u00e9 \u00e9nerg\u00e9tique et garantit un rendement thermique suffisant.<\/p><\/li><li data-start=\"1201\" data-end=\"1356\"><p data-start=\"1203\" data-end=\"1356\"><strong data-start=\"1203\" data-end=\"1236\">Syst\u00e8me de s\u00e9curit\u00e9 antid\u00e9flagrant<\/strong>: \u00c9quip\u00e9 d'un dispositif antid\u00e9flagrant, d'un miroir de visualisation de l'incendie et d'un canal d'inspection pour un fonctionnement s\u00fbr et contr\u00f4l\u00e9.<\/p><\/li><li data-start=\"1357\" data-end=\"1497\"><p data-start=\"1359\" data-end=\"1497\"><strong data-start=\"1359\" data-end=\"1382\">Automatisation avanc\u00e9e<\/strong>: Les contr\u00f4leurs Siemens\/Delixi, avec des options d'affichage LCD ou d'\u00e9cran tactile, permettent une surveillance et un contr\u00f4le pr\u00e9cis.<\/p><\/li><\/ul><p data-start=\"1499\" data-end=\"1733\">Cet appareil de chauffage est largement utilis\u00e9 dans les industries p\u00e9troli\u00e8re, chimique, alimentaire, textile, pharmaceutique, du caoutchouc, du papier et du chauffage central. Il constitue une solution id\u00e9ale pour les installations qui exigent un apport de chaleur constant et de haute qualit\u00e9.<\/p>\n\t\t\t\t\t<\/div>\n\t\t\t\t\t\t<\/div>\n\t\t\t\t<\/div>\n\t\t\t\t<div class=\"elementor-element elementor-element-ce10484 elementor-widget elementor-widget-wd_image_or_svg\" data-id=\"ce10484\" data-element_type=\"widget\" data-widget_type=\"wd_image_or_svg.default\">\n\t\t\t\t<div class=\"elementor-widget-container\">\n\t\t\t\t\t\n\t\t<div class=\"wd-image text-center photoswipe-images\">\n\t\t\t\t\t\t\t<a  href=\"https:\/\/eauchauffage.com\/wp-content\/uploads\/2025\/09\/WNS7.jpg\"data-width=\"1208\" data-height=\"726\" data-elementor-open-lightbox=\"no\" aria-label=\"Image link\">\n\t\t\t\t\t\t\t\t<img decoding=\"async\" width=\"1208\" height=\"726\" src=\"https:\/\/eauchauffage.com\/wp-content\/uploads\/2025\/09\/WNS7.jpg\" class=\"attachment-full size-full\" alt=\"\" srcset=\"https:\/\/eauchauffage.com\/wp-content\/uploads\/2025\/09\/WNS7.jpg 1208w, https:\/\/eauchauffage.com\/wp-content\/uploads\/2025\/09\/WNS7-300x180.jpg 300w, https:\/\/eauchauffage.com\/wp-content\/uploads\/2025\/09\/WNS7-1024x615.jpg 1024w, https:\/\/eauchauffage.com\/wp-content\/uploads\/2025\/09\/WNS7-768x462.jpg 768w, https:\/\/eauchauffage.com\/wp-content\/uploads\/2025\/09\/WNS7-1200x721.jpg 1200w, https:\/\/eauchauffage.com\/wp-content\/uploads\/2025\/09\/WNS7-150x90.jpg 150w\" sizes=\"(max-width: 1208px) 100vw, 1208px\" \/>\t\t\t\t\t\t\t<\/a>\n\t\t\t\t\t<\/div>\n\n\t\t\t\t\t\t<\/div>\n\t\t\t\t<\/div>\n\t\t\t\t\t<\/div>\n\t\t\t\t<\/div>\n\t\t\t\t<\/div>","protected":false},"excerpt":{"rendered":"<p data-start=\"1779\" data-end=\"2032\">Les <strong>MNS Chauffage organique thermique au fioul et au gaz<\/strong> assure une fourniture de chaleur s\u00fbre, efficace et fiable gr\u00e2ce \u00e0 une conception avanc\u00e9e des serpentins en spirale, une s\u00e9curit\u00e9 antid\u00e9flagrante et un contr\u00f4le automatis\u00e9. Id\u00e9al pour les industries qui ont besoin de performances thermiques stables et \u00e9conomes en \u00e9nergie.<\/p>","protected":false},"featured_media":11708,"comment_status":"open","ping_status":"closed","template":"","meta":[],"product_brand":[],"product_cat":[168,241],"product_tag":[],"class_list":{"0":"post-11707","1":"product","2":"type-product","3":"status-publish","4":"has-post-thumbnail","6":"product_cat-industrial","7":"product_cat-steam-boiler","9":"first","10":"instock","11":"shipping-taxable","12":"product-type-simple"},"_links":{"self":[{"href":"https:\/\/eauchauffage.com\/fr\/wp-json\/wp\/v2\/product\/11707","targetHints":{"allow":["GET"]}}],"collection":[{"href":"https:\/\/eauchauffage.com\/fr\/wp-json\/wp\/v2\/product"}],"about":[{"href":"https:\/\/eauchauffage.com\/fr\/wp-json\/wp\/v2\/types\/product"}],"replies":[{"embeddable":true,"href":"https:\/\/eauchauffage.com\/fr\/wp-json\/wp\/v2\/comments?post=11707"}],"version-history":[{"count":10,"href":"https:\/\/eauchauffage.com\/fr\/wp-json\/wp\/v2\/product\/11707\/revisions"}],"predecessor-version":[{"id":12054,"href":"https:\/\/eauchauffage.com\/fr\/wp-json\/wp\/v2\/product\/11707\/revisions\/12054"}],"wp:featuredmedia":[{"embeddable":true,"href":"https:\/\/eauchauffage.com\/fr\/wp-json\/wp\/v2\/media\/11708"}],"wp:attachment":[{"href":"https:\/\/eauchauffage.com\/fr\/wp-json\/wp\/v2\/media?parent=11707"}],"wp:term":[{"taxonomy":"product_brand","embeddable":true,"href":"https:\/\/eauchauffage.com\/fr\/wp-json\/wp\/v2\/product_brand?post=11707"},{"taxonomy":"product_cat","embeddable":true,"href":"https:\/\/eauchauffage.com\/fr\/wp-json\/wp\/v2\/product_cat?post=11707"},{"taxonomy":"product_tag","embeddable":true,"href":"https:\/\/eauchauffage.com\/fr\/wp-json\/wp\/v2\/product_tag?post=11707"}],"curies":[{"name":"wp","href":"https:\/\/api.w.org\/{rel}","templated":true}]}}