{"id":11700,"date":"2025-09-23T14:03:10","date_gmt":"2025-09-23T14:03:10","guid":{"rendered":"https:\/\/eauchauffage.com\/?post_type=product&#038;p=11700"},"modified":"2025-09-27T09:51:14","modified_gmt":"2025-09-27T09:51:14","slug":"yywq-oilgas-skid-mounted-thermal-oil-boiler","status":"publish","type":"product","link":"https:\/\/eauchauffage.com\/fr\/product\/yywq-oilgas-skid-mounted-thermal-oil-boiler\/","title":{"rendered":"Chaudi\u00e8re \u00e0 mazout (gaz) \u00e0 patins YYWQ"},"content":{"rendered":"<div data-elementor-type=\"wp-post\" data-elementor-id=\"11700\" class=\"elementor elementor-11700\">\n\t\t\t\t<div class=\"wd-negative-gap elementor-element elementor-element-f6d760f e-flex e-con-boxed e-con e-parent\" data-id=\"f6d760f\" data-element_type=\"container\">\n\t\t\t\t\t<div class=\"e-con-inner\">\n\t\t\t\t<div class=\"elementor-element elementor-element-736b2281 elementor-widget elementor-widget-wd_image_or_svg\" data-id=\"736b2281\" data-element_type=\"widget\" data-widget_type=\"wd_image_or_svg.default\">\n\t\t\t\t<div class=\"elementor-widget-container\">\n\t\t\t\t\t\n\t\t<div class=\"wd-image text-center photoswipe-images\">\n\t\t\t\t\t\t\t<a  href=\"https:\/\/eauchauffage.com\/wp-content\/uploads\/2025\/09\/YYWQ2.jpg\"data-width=\"1208\" data-height=\"726\" data-elementor-open-lightbox=\"no\" aria-label=\"Image link\">\n\t\t\t\t\t\t\t\t<img fetchpriority=\"high\" decoding=\"async\" width=\"1208\" height=\"726\" src=\"https:\/\/eauchauffage.com\/wp-content\/uploads\/2025\/09\/YYWQ2.jpg\" class=\"attachment-full size-full\" alt=\"\" srcset=\"https:\/\/eauchauffage.com\/wp-content\/uploads\/2025\/09\/YYWQ2.jpg 1208w, https:\/\/eauchauffage.com\/wp-content\/uploads\/2025\/09\/YYWQ2-300x180.jpg 300w, https:\/\/eauchauffage.com\/wp-content\/uploads\/2025\/09\/YYWQ2-1024x615.jpg 1024w, https:\/\/eauchauffage.com\/wp-content\/uploads\/2025\/09\/YYWQ2-768x462.jpg 768w, https:\/\/eauchauffage.com\/wp-content\/uploads\/2025\/09\/YYWQ2-1200x721.jpg 1200w, https:\/\/eauchauffage.com\/wp-content\/uploads\/2025\/09\/YYWQ2-150x90.jpg 150w\" sizes=\"(max-width: 1208px) 100vw, 1208px\" \/>\t\t\t\t\t\t\t<\/a>\n\t\t\t\t\t<\/div>\n\n\t\t\t\t\t\t<\/div>\n\t\t\t\t<\/div>\n\t\t\t\t<div class=\"elementor-element elementor-element-33166c1f elementor-widget elementor-widget-wd_text_block\" data-id=\"33166c1f\" data-element_type=\"widget\" data-widget_type=\"wd_text_block.default\">\n\t\t\t\t<div class=\"elementor-widget-container\">\n\t\t\t\t\t\t\t<div class=\"wd-text-block reset-last-child text-left\">\n\t\t\t\n\t\t\t<p data-start=\"136\" data-end=\"594\">Les <strong>Chaudi\u00e8re \u00e0 mazout (gaz) \u00e0 patins YYWQ<\/strong> est un syst\u00e8me de chauffage avanc\u00e9 qui utilise le p\u00e9trole ou le gaz comme combustible et l'huile thermique comme fluide caloporteur. \u00c9quip\u00e9 d'une pompe de circulation d'huile chaude, il recycle le fluide sous forme liquide, transf\u00e9rant la chaleur \u00e0 l'\u00e9quipement, puis retournant au four pour le r\u00e9chauffer. Cela permet d'obtenir des temp\u00e9ratures de travail \u00e9lev\u00e9es sous faible pression avec un contr\u00f4le pr\u00e9cis, ce qui en fait une solution fiable, efficace et \u00e9conome en \u00e9nergie.<\/p><p data-start=\"596\" data-end=\"964\">Elle se caract\u00e9rise par une utilisation \u00e9lev\u00e9e de la chaleur, une conception modulaire et une installation facile, offrant \u00e0 la fois commodit\u00e9 et s\u00e9curit\u00e9. La chaudi\u00e8re utilise une flamme \u00e0 haute temp\u00e9rature g\u00e9n\u00e9r\u00e9e par l'allumage de l'huile ou du gaz, formant une grande surface de chauffe pour un transfert de chaleur efficace. La conception de la couche interm\u00e9diaire des tuyaux internes et externes permet un chauffage par convection puissant et garantit des performances stables.<\/p><p data-start=\"966\" data-end=\"991\">Les principaux avantages sont les suivants :<\/p><ul data-start=\"992\" data-end=\"1403\"><li data-start=\"992\" data-end=\"1094\"><p data-start=\"994\" data-end=\"1094\">Conception sur patins qui permet un d\u00e9ploiement rapide et une personnalisation en fonction des exigences du site.<\/p><\/li><li data-start=\"1095\" data-end=\"1142\"><p data-start=\"1097\" data-end=\"1142\">D\u00e9molition, d\u00e9placement et transport faciles.<\/p><\/li><li data-start=\"1143\" data-end=\"1229\"><p data-start=\"1145\" data-end=\"1229\">Convient aux op\u00e9rations \u00e0 court et \u00e0 long terme, minimisant ainsi le risque d'investissement.<\/p><\/li><li data-start=\"1230\" data-end=\"1289\"><p data-start=\"1232\" data-end=\"1289\">Encombrement r\u00e9duit qui permet de limiter l'investissement dans la chaufferie.<\/p><\/li><li data-start=\"1290\" data-end=\"1342\"><p data-start=\"1292\" data-end=\"1342\">Installation pr\u00eate \u00e0 l'emploi, ce qui permet d'\u00e9conomiser du temps et de l'argent.<\/p><\/li><li data-start=\"1343\" data-end=\"1403\"><p data-start=\"1345\" data-end=\"1403\">Peut fonctionner aussi bien \u00e0 l'int\u00e9rieur qu'\u00e0 l'ext\u00e9rieur, m\u00eame sur des v\u00e9hicules.<\/p><\/li><\/ul><p data-start=\"1405\" data-end=\"1681\">Le syst\u00e8me est enti\u00e8rement automatis\u00e9 avec des commandes programm\u00e9es, y compris la surveillance du niveau de liquide, de la pression et de la temp\u00e9rature. Il garantit que les param\u00e8tres de fonctionnement restent stables dans les limites autoris\u00e9es, ce qui permet d'obtenir des performances de chauffage s\u00fbres et efficaces dans les applications industrielles.<\/p>\n\t\t\t\t\t<\/div>\n\t\t\t\t\t\t<\/div>\n\t\t\t\t<\/div>\n\t\t\t\t\t<\/div>\n\t\t\t\t<\/div>\n\t\t\t\t<\/div>","protected":false},"excerpt":{"rendered":"<p data-start=\"1727\" data-end=\"2017\">Les <strong data-start=\"1731\" data-end=\"1775\">Chaudi\u00e8re \u00e0 huile (gaz) thermique mont\u00e9e sur patins<\/strong> offre un chauffage efficace \u00e0 basse pression et \u00e0 haute temp\u00e9rature dans une conception compacte et mobile. Facile \u00e0 installer et \u00e0 transporter, il r\u00e9duit les co\u00fbts d'investissement et garantit un fonctionnement fiable et s\u00fbr pour les applications industrielles \u00e0 court et \u00e0 long terme.<\/p>","protected":false},"featured_media":11701,"comment_status":"open","ping_status":"closed","template":"","meta":[],"product_brand":[],"product_cat":[168,241],"product_tag":[],"class_list":{"0":"post-11700","1":"product","2":"type-product","3":"status-publish","4":"has-post-thumbnail","6":"product_cat-industrial","7":"product_cat-steam-boiler","9":"first","10":"instock","11":"shipping-taxable","12":"product-type-simple"},"_links":{"self":[{"href":"https:\/\/eauchauffage.com\/fr\/wp-json\/wp\/v2\/product\/11700","targetHints":{"allow":["GET"]}}],"collection":[{"href":"https:\/\/eauchauffage.com\/fr\/wp-json\/wp\/v2\/product"}],"about":[{"href":"https:\/\/eauchauffage.com\/fr\/wp-json\/wp\/v2\/types\/product"}],"replies":[{"embeddable":true,"href":"https:\/\/eauchauffage.com\/fr\/wp-json\/wp\/v2\/comments?post=11700"}],"version-history":[{"count":5,"href":"https:\/\/eauchauffage.com\/fr\/wp-json\/wp\/v2\/product\/11700\/revisions"}],"predecessor-version":[{"id":12055,"href":"https:\/\/eauchauffage.com\/fr\/wp-json\/wp\/v2\/product\/11700\/revisions\/12055"}],"wp:featuredmedia":[{"embeddable":true,"href":"https:\/\/eauchauffage.com\/fr\/wp-json\/wp\/v2\/media\/11701"}],"wp:attachment":[{"href":"https:\/\/eauchauffage.com\/fr\/wp-json\/wp\/v2\/media?parent=11700"}],"wp:term":[{"taxonomy":"product_brand","embeddable":true,"href":"https:\/\/eauchauffage.com\/fr\/wp-json\/wp\/v2\/product_brand?post=11700"},{"taxonomy":"product_cat","embeddable":true,"href":"https:\/\/eauchauffage.com\/fr\/wp-json\/wp\/v2\/product_cat?post=11700"},{"taxonomy":"product_tag","embeddable":true,"href":"https:\/\/eauchauffage.com\/fr\/wp-json\/wp\/v2\/product_tag?post=11700"}],"curies":[{"name":"wp","href":"https:\/\/api.w.org\/{rel}","templated":true}]}}