{"id":11685,"date":"2025-09-23T13:55:25","date_gmt":"2025-09-23T13:55:25","guid":{"rendered":"https:\/\/eauchauffage.com\/?post_type=product&#038;p=11685"},"modified":"2025-09-27T09:51:35","modified_gmt":"2025-09-27T09:51:35","slug":"chaudiere-a-vapeur-a-huile-et-a-gaz-montee-sur-patins-serie-wns","status":"publish","type":"product","link":"https:\/\/eauchauffage.com\/fr\/product\/wns-series-skid-mounted-oil-gas-steam-boiler\/","title":{"rendered":"Chaudi\u00e8re \u00e0 vapeur fioul\/gaz sur patins de la s\u00e9rie WNS"},"content":{"rendered":"<div data-elementor-type=\"wp-post\" data-elementor-id=\"11685\" class=\"elementor elementor-11685\">\n\t\t\t\t<div class=\"wd-negative-gap elementor-element elementor-element-f6d760f e-flex e-con-boxed e-con e-parent\" data-id=\"f6d760f\" data-element_type=\"container\">\n\t\t\t\t\t<div class=\"e-con-inner\">\n\t\t\t\t<div class=\"elementor-element elementor-element-736b2281 elementor-widget elementor-widget-wd_image_or_svg\" data-id=\"736b2281\" data-element_type=\"widget\" data-widget_type=\"wd_image_or_svg.default\">\n\t\t\t\t<div class=\"elementor-widget-container\">\n\t\t\t\t\t\n\t\t<div class=\"wd-image text-center photoswipe-images\">\n\t\t\t\t\t\t\t<a  href=\"https:\/\/eauchauffage.com\/wp-content\/uploads\/2025\/09\/WNS3.jpg\"data-width=\"1208\" data-height=\"726\" data-elementor-open-lightbox=\"no\" aria-label=\"Image link\">\n\t\t\t\t\t\t\t\t<img fetchpriority=\"high\" decoding=\"async\" width=\"1208\" height=\"726\" src=\"https:\/\/eauchauffage.com\/wp-content\/uploads\/2025\/09\/WNS3.jpg\" class=\"attachment-full size-full\" alt=\"\" srcset=\"https:\/\/eauchauffage.com\/wp-content\/uploads\/2025\/09\/WNS3.jpg 1208w, https:\/\/eauchauffage.com\/wp-content\/uploads\/2025\/09\/WNS3-300x180.jpg 300w, https:\/\/eauchauffage.com\/wp-content\/uploads\/2025\/09\/WNS3-1024x615.jpg 1024w, https:\/\/eauchauffage.com\/wp-content\/uploads\/2025\/09\/WNS3-768x462.jpg 768w, https:\/\/eauchauffage.com\/wp-content\/uploads\/2025\/09\/WNS3-1200x721.jpg 1200w, https:\/\/eauchauffage.com\/wp-content\/uploads\/2025\/09\/WNS3-150x90.jpg 150w\" sizes=\"(max-width: 1208px) 100vw, 1208px\" \/>\t\t\t\t\t\t\t<\/a>\n\t\t\t\t\t<\/div>\n\n\t\t\t\t\t\t<\/div>\n\t\t\t\t<\/div>\n\t\t\t\t<div class=\"elementor-element elementor-element-33166c1f elementor-widget elementor-widget-wd_text_block\" data-id=\"33166c1f\" data-element_type=\"widget\" data-widget_type=\"wd_text_block.default\">\n\t\t\t\t<div class=\"elementor-widget-container\">\n\t\t\t\t\t\t\t<div class=\"wd-text-block reset-last-child text-left\">\n\t\t\t\n\t\t\t<p data-start=\"128\" data-end=\"473\">Les <strong data-start=\"132\" data-end=\"180\">Chaudi\u00e8re \u00e0 vapeur fioul\/gaz sur patins de la s\u00e9rie WNS<\/strong> est une solution de production de vapeur compacte, efficace et polyvalente, con\u00e7ue pour une installation flexible et la mobilit\u00e9. Contrairement aux chaudi\u00e8res conventionnelles, elle se pr\u00e9sente sous la forme d'une unit\u00e9 compl\u00e8te mont\u00e9e sur patins qui peut \u00eatre personnalis\u00e9e en fonction des exigences du site, ce qui r\u00e9duit consid\u00e9rablement le temps et les co\u00fbts d'installation.<\/p><p data-start=\"475\" data-end=\"853\">Cette chaudi\u00e8re est facile \u00e0 d\u00e9molir, \u00e0 transporter et \u00e0 d\u00e9placer, ce qui la rend id\u00e9ale pour les op\u00e9rations \u00e0 court et \u00e0 long terme. Elle r\u00e9duit les risques d'investissement en permettant une utilisation temporaire sans s'engager dans une infrastructure permanente. Sa conception sur patins permet d'\u00e9conomiser de l'espace au sol, de r\u00e9duire l'investissement dans la chaufferie et de simplifier le d\u00e9ploiement dans diff\u00e9rents environnements industriels.<\/p><p data-start=\"855\" data-end=\"1246\">Pouvant fonctionner aussi bien \u00e0 l'int\u00e9rieur qu'\u00e0 l'ext\u00e9rieur, et m\u00eame sur des v\u00e9hicules, il offre une flexibilit\u00e9 in\u00e9gal\u00e9e. Le syst\u00e8me prend en charge plusieurs types de combustibles (p\u00e9trole l\u00e9ger, p\u00e9trole lourd, gaz naturel et gaz de houille) et garantit des performances fiables avec un rendement thermique \u00e9lev\u00e9. Sa conception en fait un choix rentable, s\u00fbr et durable pour les industries qui ont besoin d'un approvisionnement en vapeur portable et de haute qualit\u00e9.<\/p>\n\t\t\t\t\t<\/div>\n\t\t\t\t\t\t<\/div>\n\t\t\t\t<\/div>\n\t\t\t\t\t<\/div>\n\t\t\t\t<\/div>\n\t\t\t\t<\/div>","protected":false},"excerpt":{"rendered":"<p data-start=\"1292\" data-end=\"1609\">Les <strong data-start=\"1296\" data-end=\"1329\">Chaudi\u00e8re \u00e0 vapeur sur patins WNS<\/strong> est une solution pr\u00eate \u00e0 l'emploi, peu encombrante, qui \u00e9limine les co\u00fbts d'installation et offre une flexibilit\u00e9 maximale. Facile \u00e0 transporter, il convient \u00e0 une utilisation \u00e0 court et \u00e0 long terme et peut fonctionner \u00e0 l'int\u00e9rieur, \u00e0 l'ext\u00e9rieur ou de mani\u00e8re mobile, avec un rendement \u00e9lev\u00e9 et une compatibilit\u00e9 multi-combustibles.<\/p>","protected":false},"featured_media":11686,"comment_status":"open","ping_status":"closed","template":"","meta":[],"product_brand":[],"product_cat":[168,241],"product_tag":[],"class_list":{"0":"post-11685","1":"product","2":"type-product","3":"status-publish","4":"has-post-thumbnail","6":"product_cat-industrial","7":"product_cat-steam-boiler","9":"first","10":"instock","11":"shipping-taxable","12":"product-type-simple"},"_links":{"self":[{"href":"https:\/\/eauchauffage.com\/fr\/wp-json\/wp\/v2\/product\/11685","targetHints":{"allow":["GET"]}}],"collection":[{"href":"https:\/\/eauchauffage.com\/fr\/wp-json\/wp\/v2\/product"}],"about":[{"href":"https:\/\/eauchauffage.com\/fr\/wp-json\/wp\/v2\/types\/product"}],"replies":[{"embeddable":true,"href":"https:\/\/eauchauffage.com\/fr\/wp-json\/wp\/v2\/comments?post=11685"}],"version-history":[{"count":5,"href":"https:\/\/eauchauffage.com\/fr\/wp-json\/wp\/v2\/product\/11685\/revisions"}],"predecessor-version":[{"id":12057,"href":"https:\/\/eauchauffage.com\/fr\/wp-json\/wp\/v2\/product\/11685\/revisions\/12057"}],"wp:featuredmedia":[{"embeddable":true,"href":"https:\/\/eauchauffage.com\/fr\/wp-json\/wp\/v2\/media\/11686"}],"wp:attachment":[{"href":"https:\/\/eauchauffage.com\/fr\/wp-json\/wp\/v2\/media?parent=11685"}],"wp:term":[{"taxonomy":"product_brand","embeddable":true,"href":"https:\/\/eauchauffage.com\/fr\/wp-json\/wp\/v2\/product_brand?post=11685"},{"taxonomy":"product_cat","embeddable":true,"href":"https:\/\/eauchauffage.com\/fr\/wp-json\/wp\/v2\/product_cat?post=11685"},{"taxonomy":"product_tag","embeddable":true,"href":"https:\/\/eauchauffage.com\/fr\/wp-json\/wp\/v2\/product_tag?post=11685"}],"curies":[{"name":"wp","href":"https:\/\/api.w.org\/{rel}","templated":true}]}}