{"id":11671,"date":"2025-09-23T13:35:00","date_gmt":"2025-09-23T13:35:00","guid":{"rendered":"https:\/\/eauchauffage.com\/?post_type=product&#038;p=11671"},"modified":"2025-09-27T09:51:59","modified_gmt":"2025-09-27T09:51:59","slug":"chaudiere-a-eau-chaude-a-huile-et-a-gaz-wns","status":"publish","type":"product","link":"https:\/\/eauchauffage.com\/fr\/product\/wns-oil-gas-hot-water-boiler\/","title":{"rendered":"Chaudi\u00e8re \u00e0 eau chaude WNS \u00e0 huile\/gaz"},"content":{"rendered":"<div data-elementor-type=\"wp-post\" data-elementor-id=\"11671\" class=\"elementor elementor-11671\">\n\t\t\t\t<div class=\"wd-negative-gap elementor-element elementor-element-f6d760f e-flex e-con-boxed e-con e-parent\" data-id=\"f6d760f\" data-element_type=\"container\">\n\t\t\t\t\t<div class=\"e-con-inner\">\n\t\t\t\t<div class=\"elementor-element elementor-element-736b2281 elementor-widget elementor-widget-wd_image_or_svg\" data-id=\"736b2281\" data-element_type=\"widget\" data-widget_type=\"wd_image_or_svg.default\">\n\t\t\t\t<div class=\"elementor-widget-container\">\n\t\t\t\t\t\n\t\t<div class=\"wd-image text-center photoswipe-images\">\n\t\t\t\t\t\t\t<a  href=\"https:\/\/eauchauffage.com\/wp-content\/uploads\/2025\/09\/WNS323.jpg\"data-width=\"1209\" data-height=\"726\" data-elementor-open-lightbox=\"no\" aria-label=\"Image link\">\n\t\t\t\t\t\t\t\t<img fetchpriority=\"high\" decoding=\"async\" width=\"1209\" height=\"726\" src=\"https:\/\/eauchauffage.com\/wp-content\/uploads\/2025\/09\/WNS323.jpg\" class=\"attachment-full size-full\" alt=\"\" srcset=\"https:\/\/eauchauffage.com\/wp-content\/uploads\/2025\/09\/WNS323.jpg 1209w, https:\/\/eauchauffage.com\/wp-content\/uploads\/2025\/09\/WNS323-300x180.jpg 300w, https:\/\/eauchauffage.com\/wp-content\/uploads\/2025\/09\/WNS323-1024x615.jpg 1024w, https:\/\/eauchauffage.com\/wp-content\/uploads\/2025\/09\/WNS323-768x461.jpg 768w, https:\/\/eauchauffage.com\/wp-content\/uploads\/2025\/09\/WNS323-1200x721.jpg 1200w, https:\/\/eauchauffage.com\/wp-content\/uploads\/2025\/09\/WNS323-150x90.jpg 150w\" sizes=\"(max-width: 1209px) 100vw, 1209px\" \/>\t\t\t\t\t\t\t<\/a>\n\t\t\t\t\t<\/div>\n\n\t\t\t\t\t\t<\/div>\n\t\t\t\t<\/div>\n\t\t\t\t<div class=\"elementor-element elementor-element-33166c1f elementor-widget elementor-widget-wd_text_block\" data-id=\"33166c1f\" data-element_type=\"widget\" data-widget_type=\"wd_text_block.default\">\n\t\t\t\t<div class=\"elementor-widget-container\">\n\t\t\t\t\t\t\t<div class=\"wd-text-block reset-last-child text-left\">\n\t\t\t\n\t\t\t<p data-start=\"125\" data-end=\"448\">Les <strong data-start=\"129\" data-end=\"161\">Chaudi\u00e8re \u00e0 eau chaude WNS \u00e0 huile\/gaz<\/strong> est une chaudi\u00e8re haute performance, enti\u00e8rement automatique, largement utilis\u00e9e dans les secteurs du p\u00e9trole, de la production chimique, de l'agroalimentaire, du textile, de l'imprimerie et de la teinture, des produits pharmaceutiques, de la transformation des aliments pour animaux, des mat\u00e9riaux de construction, des h\u00f4pitaux, des industries m\u00e9caniques, du papier, du tabac, de la production de c\u00e2bles et du chauffage domestique.<\/p><p data-start=\"450\" data-end=\"808\">Il est dot\u00e9 d'une technologie de pointe propre \u00e0 Hanyu, avec une chambre d'allumage par retour d'eau, un four ondul\u00e9 et une plaque de tube arri\u00e8re \u00e0 bride soud\u00e9e bout \u00e0 bout, pour une durabilit\u00e9 et une fiabilit\u00e9 accrues. Le grand espace de combustion assure une combustion compl\u00e8te du combustible, une absorption efficace de la dilatation thermique et une grande surface de chauffage par rayonnement pour un rendement plus \u00e9lev\u00e9 et des performances stables.<\/p><p data-start=\"810\" data-end=\"833\">Les principaux avantages sont les suivants :<\/p><ul data-start=\"834\" data-end=\"1244\"><li data-start=\"834\" data-end=\"935\"><p data-start=\"836\" data-end=\"935\"><strong data-start=\"836\" data-end=\"863\">Surface de chauffe suffisante<\/strong>: Absorbe enti\u00e8rement la chaleur avec une temp\u00e9rature d'\u00e9chappement basse et une faible perte de chaleur.<\/p><\/li><li data-start=\"936\" data-end=\"1045\"><p data-start=\"938\" data-end=\"1045\"><strong data-start=\"938\" data-end=\"961\">Forte capacit\u00e9 d'adaptation<\/strong>: La grande capacit\u00e9 d'eau et la forte capacit\u00e9 d'ajustement de la charge garantissent un fonctionnement stable.<\/p><\/li><li data-start=\"1046\" data-end=\"1244\"><p data-start=\"1048\" data-end=\"1244\"><strong data-start=\"1048\" data-end=\"1068\">Une conception efficace<\/strong>: Le syst\u00e8me de retour d'eau scientifiquement con\u00e7u r\u00e9duit les perturbations de l'eau, r\u00e9sout le probl\u00e8me de l'\u00e9bullition locale sous-refroidie et pr\u00e9vient les fissures dans la plaque tubulaire et les zones d'extr\u00e9mit\u00e9.<\/p><\/li><\/ul><p data-start=\"1246\" data-end=\"1379\">Cette chaudi\u00e8re fournit une alimentation en eau chaude s\u00fbre, fiable et \u00e9conome en \u00e9nergie, adapt\u00e9e aux applications industrielles et domestiques.<\/p>\n\t\t\t\t\t<\/div>\n\t\t\t\t\t\t<\/div>\n\t\t\t\t<\/div>\n\t\t\t\t\t<\/div>\n\t\t\t\t<\/div>\n\t\t\t\t<\/div>","protected":false},"excerpt":{"rendered":"<p data-start=\"1425\" data-end=\"1622\">Les <strong data-start=\"1429\" data-end=\"1461\">Chaudi\u00e8re \u00e0 eau chaude WNS \u00e0 huile\/gaz<\/strong> offre un chauffage fiable et \u00e9conome en \u00e9nergie, avec des fonctions de s\u00e9curit\u00e9 avanc\u00e9es et des performances stables, ce qui en fait la solution id\u00e9ale pour les applications industrielles et r\u00e9sidentielles.<\/p>","protected":false},"featured_media":11658,"comment_status":"open","ping_status":"closed","template":"","meta":[],"product_brand":[],"product_cat":[168,241],"product_tag":[],"class_list":{"0":"post-11671","1":"product","2":"type-product","3":"status-publish","4":"has-post-thumbnail","6":"product_cat-industrial","7":"product_cat-steam-boiler","9":"first","10":"instock","11":"shipping-taxable","12":"product-type-simple"},"_links":{"self":[{"href":"https:\/\/eauchauffage.com\/fr\/wp-json\/wp\/v2\/product\/11671","targetHints":{"allow":["GET"]}}],"collection":[{"href":"https:\/\/eauchauffage.com\/fr\/wp-json\/wp\/v2\/product"}],"about":[{"href":"https:\/\/eauchauffage.com\/fr\/wp-json\/wp\/v2\/types\/product"}],"replies":[{"embeddable":true,"href":"https:\/\/eauchauffage.com\/fr\/wp-json\/wp\/v2\/comments?post=11671"}],"version-history":[{"count":6,"href":"https:\/\/eauchauffage.com\/fr\/wp-json\/wp\/v2\/product\/11671\/revisions"}],"predecessor-version":[{"id":12059,"href":"https:\/\/eauchauffage.com\/fr\/wp-json\/wp\/v2\/product\/11671\/revisions\/12059"}],"wp:featuredmedia":[{"embeddable":true,"href":"https:\/\/eauchauffage.com\/fr\/wp-json\/wp\/v2\/media\/11658"}],"wp:attachment":[{"href":"https:\/\/eauchauffage.com\/fr\/wp-json\/wp\/v2\/media?parent=11671"}],"wp:term":[{"taxonomy":"product_brand","embeddable":true,"href":"https:\/\/eauchauffage.com\/fr\/wp-json\/wp\/v2\/product_brand?post=11671"},{"taxonomy":"product_cat","embeddable":true,"href":"https:\/\/eauchauffage.com\/fr\/wp-json\/wp\/v2\/product_cat?post=11671"},{"taxonomy":"product_tag","embeddable":true,"href":"https:\/\/eauchauffage.com\/fr\/wp-json\/wp\/v2\/product_tag?post=11671"}],"curies":[{"name":"wp","href":"https:\/\/api.w.org\/{rel}","templated":true}]}}