{"id":11664,"date":"2025-09-23T13:32:26","date_gmt":"2025-09-23T13:32:26","guid":{"rendered":"https:\/\/eauchauffage.com\/?post_type=product&#038;p=11664"},"modified":"2025-09-27T09:52:10","modified_gmt":"2025-09-27T09:52:10","slug":"chaudiere-a-vapeur-horizontale-a-huile-et-a-gaz-de-la-serie-wns","status":"publish","type":"product","link":"https:\/\/eauchauffage.com\/fr\/product\/wns-series-horizontal-oil-gas-steam-boiler\/","title":{"rendered":"Chaudi\u00e8re \u00e0 vapeur horizontale \u00e0 huile\/gaz de la s\u00e9rie WNS"},"content":{"rendered":"<div data-elementor-type=\"wp-post\" data-elementor-id=\"11664\" class=\"elementor elementor-11664\">\n\t\t\t\t<div class=\"wd-negative-gap elementor-element elementor-element-f6d760f e-flex e-con-boxed e-con e-parent\" data-id=\"f6d760f\" data-element_type=\"container\">\n\t\t\t\t\t<div class=\"e-con-inner\">\n\t\t\t\t<div class=\"elementor-element elementor-element-736b2281 elementor-widget elementor-widget-wd_image_or_svg\" data-id=\"736b2281\" data-element_type=\"widget\" data-widget_type=\"wd_image_or_svg.default\">\n\t\t\t\t<div class=\"elementor-widget-container\">\n\t\t\t\t\t\n\t\t<div class=\"wd-image text-center photoswipe-images\">\n\t\t\t\t\t\t\t<a  href=\"https:\/\/eauchauffage.com\/wp-content\/uploads\/2025\/09\/WNS2.jpg\"data-width=\"1208\" data-height=\"825\" data-elementor-open-lightbox=\"no\" aria-label=\"Image link\">\n\t\t\t\t\t\t\t\t<img fetchpriority=\"high\" decoding=\"async\" width=\"1208\" height=\"825\" src=\"https:\/\/eauchauffage.com\/wp-content\/uploads\/2025\/09\/WNS2.jpg\" class=\"attachment-full size-full\" alt=\"\" srcset=\"https:\/\/eauchauffage.com\/wp-content\/uploads\/2025\/09\/WNS2.jpg 1208w, https:\/\/eauchauffage.com\/wp-content\/uploads\/2025\/09\/WNS2-300x205.jpg 300w, https:\/\/eauchauffage.com\/wp-content\/uploads\/2025\/09\/WNS2-1024x699.jpg 1024w, https:\/\/eauchauffage.com\/wp-content\/uploads\/2025\/09\/WNS2-768x525.jpg 768w, https:\/\/eauchauffage.com\/wp-content\/uploads\/2025\/09\/WNS2-1200x820.jpg 1200w, https:\/\/eauchauffage.com\/wp-content\/uploads\/2025\/09\/WNS2-150x102.jpg 150w\" sizes=\"(max-width: 1208px) 100vw, 1208px\" \/>\t\t\t\t\t\t\t<\/a>\n\t\t\t\t\t<\/div>\n\n\t\t\t\t\t\t<\/div>\n\t\t\t\t<\/div>\n\t\t\t\t<div class=\"elementor-element elementor-element-33166c1f elementor-widget elementor-widget-wd_text_block\" data-id=\"33166c1f\" data-element_type=\"widget\" data-widget_type=\"wd_text_block.default\">\n\t\t\t\t<div class=\"elementor-widget-container\">\n\t\t\t\t\t\t\t<div class=\"wd-text-block reset-last-child text-left\">\n\t\t\t\n\t\t\t<p data-start=\"175\" data-end=\"559\">Les <strong data-start=\"179\" data-end=\"225\">Chaudi\u00e8re \u00e0 vapeur horizontale \u00e0 huile\/gaz de la s\u00e9rie WNS<\/strong> est une chaudi\u00e8re haute performance, enti\u00e8rement automatique, con\u00e7ue pour un fonctionnement fiable et une utilisation industrielle \u00e9tendue. Elle est largement utilis\u00e9e dans les secteurs du p\u00e9trole, de la production chimique, de l'agroalimentaire, du textile, de l'imprimerie et de la teinture, des produits pharmaceutiques, de la transformation des aliments pour animaux, des mat\u00e9riaux de construction, du caoutchouc, de la st\u00e9rilisation des h\u00f4pitaux, du papier, du chauffage central, et bien d'autres encore.<\/p><p data-start=\"561\" data-end=\"898\">Cette chaudi\u00e8re adopte la technologie propri\u00e9taire de Hanyu Boiler, avec une chambre d'allumage par retour d'eau, un four ondul\u00e9 et une bride de plaque de tube arri\u00e8re soud\u00e9e bout \u00e0 bout pour une meilleure durabilit\u00e9 et un fonctionnement \u00e0 faible contrainte. Le four ondul\u00e9 de grand diam\u00e8tre assure une combustion compl\u00e8te du combustible, une absorption efficace de la dilatation thermique et de faibles \u00e9missions.<\/p><p data-start=\"900\" data-end=\"923\">Les principaux avantages sont les suivants :<\/p><ul data-start=\"924\" data-end=\"1508\"><li data-start=\"924\" data-end=\"1047\"><p data-start=\"926\" data-end=\"1047\"><strong data-start=\"926\" data-end=\"958\">Zone de chauffage \u00e0 haute efficacit\u00e9<\/strong>Les \u00e9missions de gaz \u00e0 effet de serre sont de l'ordre de : \u226525m\u00b2\/tonne, avec une forte absorption de la chaleur, une faible temp\u00e9rature d'\u00e9chappement et une grande efficacit\u00e9.<\/p><\/li><li data-start=\"1048\" data-end=\"1134\"><p data-start=\"1050\" data-end=\"1134\"><strong data-start=\"1050\" data-end=\"1067\">Sortie stable<\/strong>: Forte adaptabilit\u00e9 \u00e0 la charge, qualit\u00e9 \u00e9lev\u00e9e de la vapeur et faible humidit\u00e9.<\/p><\/li><li data-start=\"1135\" data-end=\"1269\"><p data-start=\"1137\" data-end=\"1269\"><strong data-start=\"1137\" data-end=\"1156\">S\u00e9curit\u00e9 avanc\u00e9e<\/strong>: Dispositif antid\u00e9flagrant, protection fiable de la pression et du niveau d'eau, et protection contre les temp\u00e9ratures ultra-fumantes.<\/p><\/li><li data-start=\"1270\" data-end=\"1373\"><p data-start=\"1272\" data-end=\"1373\"><strong data-start=\"1272\" data-end=\"1292\">Entretien facile<\/strong>: \u00c9quip\u00e9 de trous d'homme et de trous de main pour faciliter l'inspection et le nettoyage.<\/p><\/li><li data-start=\"1374\" data-end=\"1508\"><p data-start=\"1376\" data-end=\"1508\"><strong data-start=\"1376\" data-end=\"1397\">Contr\u00f4le automatique<\/strong>: Contr\u00f4leurs Siemens\/Delixi avec de multiples options, y compris des types d'\u00e9crans LCD et tactiles avec t\u00e9l\u00e9commande.<\/p><\/li><\/ul><p data-start=\"1510\" data-end=\"1690\">Avec un espace vapeur suffisant, une conception de pr\u00e9cipitation s\u00fbre et des syst\u00e8mes de protection avanc\u00e9s, la s\u00e9rie WNS garantit un fonctionnement s\u00fbr, efficace et durable dans diverses industries.<\/p>\n\t\t\t\t\t<\/div>\n\t\t\t\t\t\t<\/div>\n\t\t\t\t<\/div>\n\t\t\t\t\t<\/div>\n\t\t\t\t<\/div>\n\t\t\t\t<\/div>","protected":false},"excerpt":{"rendered":"<p data-start=\"1736\" data-end=\"1975\">Les <strong data-start=\"1740\" data-end=\"1786\">Chaudi\u00e8re \u00e0 vapeur horizontale \u00e0 huile\/gaz de la s\u00e9rie WNS<\/strong> fournit une alimentation en vapeur s\u00fbre, efficace et stable avec un contr\u00f4le avanc\u00e9, une maintenance facile et un rendement thermique \u00e9lev\u00e9. Id\u00e9al pour les industries chimiques, alimentaires, textiles et de chauffage central.<\/p>","protected":false},"featured_media":11665,"comment_status":"open","ping_status":"closed","template":"","meta":[],"product_brand":[],"product_cat":[168,241],"product_tag":[],"class_list":{"0":"post-11664","1":"product","2":"type-product","3":"status-publish","4":"has-post-thumbnail","6":"product_cat-industrial","7":"product_cat-steam-boiler","9":"first","10":"instock","11":"shipping-taxable","12":"product-type-simple"},"_links":{"self":[{"href":"https:\/\/eauchauffage.com\/fr\/wp-json\/wp\/v2\/product\/11664","targetHints":{"allow":["GET"]}}],"collection":[{"href":"https:\/\/eauchauffage.com\/fr\/wp-json\/wp\/v2\/product"}],"about":[{"href":"https:\/\/eauchauffage.com\/fr\/wp-json\/wp\/v2\/types\/product"}],"replies":[{"embeddable":true,"href":"https:\/\/eauchauffage.com\/fr\/wp-json\/wp\/v2\/comments?post=11664"}],"version-history":[{"count":5,"href":"https:\/\/eauchauffage.com\/fr\/wp-json\/wp\/v2\/product\/11664\/revisions"}],"predecessor-version":[{"id":12060,"href":"https:\/\/eauchauffage.com\/fr\/wp-json\/wp\/v2\/product\/11664\/revisions\/12060"}],"wp:featuredmedia":[{"embeddable":true,"href":"https:\/\/eauchauffage.com\/fr\/wp-json\/wp\/v2\/media\/11665"}],"wp:attachment":[{"href":"https:\/\/eauchauffage.com\/fr\/wp-json\/wp\/v2\/media?parent=11664"}],"wp:term":[{"taxonomy":"product_brand","embeddable":true,"href":"https:\/\/eauchauffage.com\/fr\/wp-json\/wp\/v2\/product_brand?post=11664"},{"taxonomy":"product_cat","embeddable":true,"href":"https:\/\/eauchauffage.com\/fr\/wp-json\/wp\/v2\/product_cat?post=11664"},{"taxonomy":"product_tag","embeddable":true,"href":"https:\/\/eauchauffage.com\/fr\/wp-json\/wp\/v2\/product_tag?post=11664"}],"curies":[{"name":"wp","href":"https:\/\/api.w.org\/{rel}","templated":true}]}}