{"id":11657,"date":"2025-09-23T13:26:01","date_gmt":"2025-09-23T13:26:01","guid":{"rendered":"https:\/\/eauchauffage.com\/?post_type=product&#038;p=11657"},"modified":"2025-09-27T09:52:21","modified_gmt":"2025-09-27T09:52:21","slug":"chaudiere-a-vapeur-a-condensation-a-faible-teneur-en-azote","status":"publish","type":"product","link":"https:\/\/eauchauffage.com\/fr\/product\/wns-low-nitrogen-condensing-gas-steam-boiler\/","title":{"rendered":"Chaudi\u00e8re \u00e0 vapeur \u00e0 gaz \u00e0 condensation \u00e0 faible teneur en azote WNS"},"content":{"rendered":"<div data-elementor-type=\"wp-post\" data-elementor-id=\"11657\" class=\"elementor elementor-11657\">\n\t\t\t\t<div class=\"wd-negative-gap elementor-element elementor-element-f6d760f e-flex e-con-boxed e-con e-parent\" data-id=\"f6d760f\" data-element_type=\"container\">\n\t\t\t\t\t<div class=\"e-con-inner\">\n\t\t\t\t<div class=\"elementor-element elementor-element-736b2281 elementor-widget elementor-widget-wd_image_or_svg\" data-id=\"736b2281\" data-element_type=\"widget\" data-widget_type=\"wd_image_or_svg.default\">\n\t\t\t\t<div class=\"elementor-widget-container\">\n\t\t\t\t\t\n\t\t<div class=\"wd-image text-center photoswipe-images\">\n\t\t\t\t\t\t\t<a  href=\"https:\/\/eauchauffage.com\/wp-content\/uploads\/2025\/09\/WNS1.jpg\"data-width=\"1208\" data-height=\"825\" data-elementor-open-lightbox=\"no\" aria-label=\"Image link\">\n\t\t\t\t\t\t\t\t<img fetchpriority=\"high\" decoding=\"async\" width=\"1208\" height=\"825\" src=\"https:\/\/eauchauffage.com\/wp-content\/uploads\/2025\/09\/WNS1.jpg\" class=\"attachment-full size-full\" alt=\"\" srcset=\"https:\/\/eauchauffage.com\/wp-content\/uploads\/2025\/09\/WNS1.jpg 1208w, https:\/\/eauchauffage.com\/wp-content\/uploads\/2025\/09\/WNS1-300x205.jpg 300w, https:\/\/eauchauffage.com\/wp-content\/uploads\/2025\/09\/WNS1-1024x699.jpg 1024w, https:\/\/eauchauffage.com\/wp-content\/uploads\/2025\/09\/WNS1-768x525.jpg 768w, https:\/\/eauchauffage.com\/wp-content\/uploads\/2025\/09\/WNS1-1200x820.jpg 1200w, https:\/\/eauchauffage.com\/wp-content\/uploads\/2025\/09\/WNS1-150x102.jpg 150w\" sizes=\"(max-width: 1208px) 100vw, 1208px\" \/>\t\t\t\t\t\t\t<\/a>\n\t\t\t\t\t<\/div>\n\n\t\t\t\t\t\t<\/div>\n\t\t\t\t<\/div>\n\t\t\t\t<div class=\"elementor-element elementor-element-33166c1f elementor-widget elementor-widget-wd_text_block\" data-id=\"33166c1f\" data-element_type=\"widget\" data-widget_type=\"wd_text_block.default\">\n\t\t\t\t<div class=\"elementor-widget-container\">\n\t\t\t\t\t\t\t<div class=\"wd-text-block reset-last-child text-left\">\n\t\t\t\n\t\t\t<p data-start=\"105\" data-end=\"466\">Les <strong data-start=\"109\" data-end=\"157\">Chaudi\u00e8re \u00e0 vapeur \u00e0 gaz \u00e0 condensation \u00e0 faible teneur en azote WNS<\/strong> est con\u00e7u pour offrir une efficacit\u00e9, une s\u00e9curit\u00e9 et une fiabilit\u00e9 \u00e9lev\u00e9es dans de multiples applications industrielles. Il est largement utilis\u00e9 dans les secteurs du p\u00e9trole, de la production chimique, de l'agroalimentaire, du textile, de l'impression et de la teinture, des produits pharmaceutiques, de la transformation des aliments pour animaux, des mat\u00e9riaux de construction, du papier, du tabac, des h\u00f4pitaux, du chauffage central, et bien d'autres encore.<\/p><p data-start=\"468\" data-end=\"750\">Cette chaudi\u00e8re est dot\u00e9e d'un grand foyer ondul\u00e9 offrant un large espace de combustion, garantissant une combustion compl\u00e8te du combustible et un rendement thermique \u00e9lev\u00e9. Un \u00e9conomiseur d'\u00e9nergie int\u00e9gr\u00e9 et un condenseur \u00e0 l'extr\u00e9mit\u00e9 de l'\u00e9chappement r\u00e9duisent consid\u00e9rablement les pertes de chaleur et offrent des performances remarquables en mati\u00e8re d'\u00e9conomie d'\u00e9nergie.<\/p><p data-start=\"752\" data-end=\"826\">Il est \u00e9quip\u00e9 de fonctions de s\u00e9curit\u00e9 et d'automatisation avanc\u00e9es, notamment :<\/p><ul data-start=\"827\" data-end=\"1003\"><li data-start=\"827\" data-end=\"862\"><p data-start=\"829\" data-end=\"862\">Alarmes de niveau d'eau haut et bas<\/p><\/li><li data-start=\"863\" data-end=\"903\"><p data-start=\"865\" data-end=\"903\">Protection contre le verrouillage en cas de faible niveau d'eau<\/p><\/li><li data-start=\"904\" data-end=\"956\"><p data-start=\"906\" data-end=\"956\">Protection contre la surpression de la vapeur<\/p><\/li><li data-start=\"957\" data-end=\"1003\"><p data-start=\"959\" data-end=\"1003\">Allumage automatique et protection contre les flammes<\/p><\/li><\/ul><p data-start=\"1005\" data-end=\"1312\">La chaudi\u00e8re adopte \u00e9galement un joint labyrinthe multicouche pour \u00e9viter les fuites de fum\u00e9e et des dispositifs antid\u00e9flagrants pour une s\u00e9curit\u00e9 accrue. Avec sa coque compacte, sa forte adaptabilit\u00e9 \u00e0 la charge et sa conformit\u00e9 aux normes nationales, la s\u00e9rie WNS offre un fonctionnement stable, une maintenance ais\u00e9e et une longue dur\u00e9e de vie.<\/p>\n\t\t\t\t\t<\/div>\n\t\t\t\t\t\t<\/div>\n\t\t\t\t<\/div>\n\t\t\t\t\t<\/div>\n\t\t\t\t<\/div>\n\t\t\t\t<\/div>","protected":false},"excerpt":{"rendered":"<p data-start=\"1358\" data-end=\"1657\">Les <strong data-start=\"1362\" data-end=\"1410\">Chaudi\u00e8re \u00e0 vapeur \u00e0 gaz \u00e0 condensation \u00e0 faible teneur en azote WNS<\/strong> fournit une alimentation en vapeur s\u00fbre, efficace et fiable gr\u00e2ce \u00e0 des caract\u00e9ristiques avanc\u00e9es en mati\u00e8re d'\u00e9conomie d'\u00e9nergie et de s\u00e9curit\u00e9. Id\u00e9al pour les industries telles que l'alimentation, les textiles, les produits chimiques et le chauffage central, il allie une grande efficacit\u00e9 \u00e0 un fonctionnement facile et \u00e0 de faibles \u00e9missions.<\/p>","protected":false},"featured_media":11658,"comment_status":"open","ping_status":"closed","template":"","meta":[],"product_brand":[],"product_cat":[168,241],"product_tag":[],"class_list":{"0":"post-11657","1":"product","2":"type-product","3":"status-publish","4":"has-post-thumbnail","6":"product_cat-industrial","7":"product_cat-steam-boiler","9":"first","10":"instock","11":"shipping-taxable","12":"product-type-simple"},"_links":{"self":[{"href":"https:\/\/eauchauffage.com\/fr\/wp-json\/wp\/v2\/product\/11657","targetHints":{"allow":["GET"]}}],"collection":[{"href":"https:\/\/eauchauffage.com\/fr\/wp-json\/wp\/v2\/product"}],"about":[{"href":"https:\/\/eauchauffage.com\/fr\/wp-json\/wp\/v2\/types\/product"}],"replies":[{"embeddable":true,"href":"https:\/\/eauchauffage.com\/fr\/wp-json\/wp\/v2\/comments?post=11657"}],"version-history":[{"count":5,"href":"https:\/\/eauchauffage.com\/fr\/wp-json\/wp\/v2\/product\/11657\/revisions"}],"predecessor-version":[{"id":12061,"href":"https:\/\/eauchauffage.com\/fr\/wp-json\/wp\/v2\/product\/11657\/revisions\/12061"}],"wp:featuredmedia":[{"embeddable":true,"href":"https:\/\/eauchauffage.com\/fr\/wp-json\/wp\/v2\/media\/11658"}],"wp:attachment":[{"href":"https:\/\/eauchauffage.com\/fr\/wp-json\/wp\/v2\/media?parent=11657"}],"wp:term":[{"taxonomy":"product_brand","embeddable":true,"href":"https:\/\/eauchauffage.com\/fr\/wp-json\/wp\/v2\/product_brand?post=11657"},{"taxonomy":"product_cat","embeddable":true,"href":"https:\/\/eauchauffage.com\/fr\/wp-json\/wp\/v2\/product_cat?post=11657"},{"taxonomy":"product_tag","embeddable":true,"href":"https:\/\/eauchauffage.com\/fr\/wp-json\/wp\/v2\/product_tag?post=11657"}],"curies":[{"name":"wp","href":"https:\/\/api.w.org\/{rel}","templated":true}]}}