{"id":11641,"date":"2025-09-23T12:43:59","date_gmt":"2025-09-23T12:43:59","guid":{"rendered":"https:\/\/eauchauffage.com\/?post_type=product&#038;p=11641"},"modified":"2025-09-27T09:52:55","modified_gmt":"2025-09-27T09:52:55","slug":"ecr1","status":"publish","type":"product","link":"https:\/\/eauchauffage.com\/fr\/product\/ecr1\/","title":{"rendered":"ECR1"},"content":{"rendered":"<div data-elementor-type=\"wp-post\" data-elementor-id=\"11641\" class=\"elementor elementor-11641\">\n\t\t\t\t<div class=\"wd-negative-gap elementor-element elementor-element-395c680 e-flex e-con-boxed e-con e-parent\" data-id=\"395c680\" data-element_type=\"container\">\n\t\t\t\t\t<div class=\"e-con-inner\">\n\t\t<div class=\"elementor-element elementor-element-829b1a8 e-con-full e-flex e-con e-child\" data-id=\"829b1a8\" data-element_type=\"container\">\n\t\t\t\t<div class=\"elementor-element elementor-element-e8cd7f3 elementor-widget elementor-widget-wd_text_block\" data-id=\"e8cd7f3\" data-element_type=\"widget\" data-widget_type=\"wd_text_block.default\">\n\t\t\t\t<div class=\"elementor-widget-container\">\n\t\t\t\t\t\t\t<div class=\"wd-text-block reset-last-child text-left\">\n\t\t\t\n\t\t\t<p data-start=\"736\" data-end=\"1015\">Les <strong data-start=\"740\" data-end=\"781\">ECR1 Chauffe-eau \u00e9lectrique r\u00e9sidentiel<\/strong> offre fiabilit\u00e9, flexibilit\u00e9 et efficacit\u00e9 pour les besoins quotidiens en eau chaude. Con\u00e7ue avec des options d'installation verticale et horizontale, elle s'adapte facilement \u00e0 diff\u00e9rents espaces tout en garantissant des performances et une s\u00e9curit\u00e9 durables.<\/p><h4 data-start=\"1017\" data-end=\"1035\"><strong data-start=\"1021\" data-end=\"1033\">Caract\u00e9ristiques :<\/strong><\/h4><ul data-start=\"1036\" data-end=\"1580\"><li data-start=\"1036\" data-end=\"1114\"><p data-start=\"1038\" data-end=\"1114\"><strong data-start=\"1038\" data-end=\"1064\">Installation flexible :<\/strong> permet un montage vertical et horizontal.<\/p><\/li><li data-start=\"1115\" data-end=\"1195\"><p data-start=\"1117\" data-end=\"1195\"><strong data-start=\"1117\" data-end=\"1145\">R\u00e9servoir int\u00e9rieur \u00e9maill\u00e9<\/strong> garantit l'hygi\u00e8ne et prot\u00e8ge contre la corrosion.<\/p><\/li><li data-start=\"1196\" data-end=\"1276\"><p data-start=\"1198\" data-end=\"1276\"><strong data-start=\"1198\" data-end=\"1217\">Anode en magn\u00e9sium<\/strong> pour une meilleure protection antirouille et une dur\u00e9e de vie prolong\u00e9e.<\/p><\/li><li data-start=\"1277\" data-end=\"1372\"><p data-start=\"1279\" data-end=\"1372\"><strong data-start=\"1279\" data-end=\"1312\">Isolation en polyur\u00e9thane (PUF)<\/strong> r\u00e9duit les pertes de chaleur et maintient la temp\u00e9rature de l'eau plus longtemps.<\/p><\/li><li data-start=\"1373\" data-end=\"1446\"><p data-start=\"1375\" data-end=\"1446\"><strong data-start=\"1375\" data-end=\"1415\">Thermostat de haute pr\u00e9cision jusqu'\u00e0 75\u00b0C<\/strong> avec protection contre la surchauffe.<\/p><\/li><li data-start=\"1447\" data-end=\"1532\"><p data-start=\"1449\" data-end=\"1532\"><strong data-start=\"1449\" data-end=\"1481\">Syst\u00e8me de s\u00e9curit\u00e9 complet :<\/strong> coupure thermique automatique + protection de la mise \u00e0 la terre.<\/p><\/li><li data-start=\"1533\" data-end=\"1580\"><p data-start=\"1535\" data-end=\"1580\"><strong data-start=\"1535\" data-end=\"1560\">Classe d'\u00e9tanch\u00e9it\u00e9 IPX4<\/strong> pour plus de s\u00e9curit\u00e9.<\/p><\/li><\/ul><h4 data-start=\"1582\" data-end=\"1609\"><strong data-start=\"1586\" data-end=\"1607\">D\u00e9tails techniques :<\/strong><\/h4><ul data-start=\"1610\" data-end=\"1953\"><li data-start=\"1610\" data-end=\"1650\"><p data-start=\"1612\" data-end=\"1650\"><strong data-start=\"1612\" data-end=\"1633\">Options de capacit\u00e9 :<\/strong> 50L, 80L, 100L<\/p><\/li><li data-start=\"1651\" data-end=\"1687\"><p data-start=\"1653\" data-end=\"1687\"><strong data-start=\"1653\" data-end=\"1671\">Puissance de chauffage :<\/strong> 1500W - 2000W<\/p><\/li><li data-start=\"1688\" data-end=\"1713\"><p data-start=\"1690\" data-end=\"1713\"><strong data-start=\"1690\" data-end=\"1702\">Tension :<\/strong> 220-240V<\/p><\/li><li data-start=\"1714\" data-end=\"1742\"><p data-start=\"1716\" data-end=\"1742\"><strong data-start=\"1716\" data-end=\"1730\">Fr\u00e9quence :<\/strong> 50Hz\/60Hz<\/p><\/li><li data-start=\"1743\" data-end=\"1778\"><p data-start=\"1745\" data-end=\"1778\"><strong data-start=\"1745\" data-end=\"1768\">Pression de fonctionnement :<\/strong> 0,7 MPa<\/p><\/li><li data-start=\"1779\" data-end=\"1813\"><p data-start=\"1781\" data-end=\"1813\"><strong data-start=\"1781\" data-end=\"1803\">Plage de temp\u00e9rature :<\/strong> 30-75\u00b0C<\/p><\/li><li data-start=\"1919\" data-end=\"1953\"><p data-start=\"1921\" data-end=\"1953\"><strong data-start=\"1921\" data-end=\"1936\">Poids net :<\/strong> 19,5 - 26,4 kg<\/p><\/li><\/ul><h4 data-start=\"1955\" data-end=\"1983\"><strong data-start=\"1959\" data-end=\"1981\">Applications id\u00e9ales :<\/strong><\/h4><ul data-start=\"1984\" data-end=\"2101\"><li data-start=\"1984\" data-end=\"2031\"><p data-start=\"1986\" data-end=\"2031\">Maisons et appartements (salles de bains et cuisines)<\/p><\/li><li data-start=\"2032\" data-end=\"2067\"><p data-start=\"2034\" data-end=\"2067\">Petits salons et centres de beaut\u00e9<\/p><\/li><li data-start=\"2068\" data-end=\"2101\"><p data-start=\"2070\" data-end=\"2101\">Restaurants et petits bureaux<\/p><\/li><\/ul>\n\t\t\t\t\t<\/div>\n\t\t\t\t\t\t<\/div>\n\t\t\t\t<\/div>\n\t\t\t\t<\/div>\n\t\t<div class=\"elementor-element elementor-element-ce7734e e-con-full e-flex e-con e-child\" data-id=\"ce7734e\" data-element_type=\"container\">\n\t\t\t\t<div class=\"elementor-element elementor-element-3045f04 elementor-widget elementor-widget-wd_image_or_svg\" data-id=\"3045f04\" data-element_type=\"widget\" data-widget_type=\"wd_image_or_svg.default\">\n\t\t\t\t<div class=\"elementor-widget-container\">\n\t\t\t\t\t\n\t\t<div class=\"wd-image text-center photoswipe-images\">\n\t\t\t\t\t\t\t<a  href=\"https:\/\/eauchauffage.com\/wp-content\/uploads\/2025\/09\/ECR1.jpg\"data-width=\"590\" data-height=\"774\" data-elementor-open-lightbox=\"no\" aria-label=\"Image link\">\n\t\t\t\t\t\t\t\t<img fetchpriority=\"high\" decoding=\"async\" width=\"590\" height=\"774\" src=\"https:\/\/eauchauffage.com\/wp-content\/uploads\/2025\/09\/ECR1.jpg\" class=\"attachment-full size-full\" alt=\"\" srcset=\"https:\/\/eauchauffage.com\/wp-content\/uploads\/2025\/09\/ECR1.jpg 590w, https:\/\/eauchauffage.com\/wp-content\/uploads\/2025\/09\/ECR1-229x300.jpg 229w, https:\/\/eauchauffage.com\/wp-content\/uploads\/2025\/09\/ECR1-150x197.jpg 150w\" sizes=\"(max-width: 590px) 100vw, 590px\" \/>\t\t\t\t\t\t\t<\/a>\n\t\t\t\t\t<\/div>\n\n\t\t\t\t\t\t<\/div>\n\t\t\t\t<\/div>\n\t\t\t\t<\/div>\n\t\t\t\t\t<\/div>\n\t\t\t\t<\/div>\n\t\t\t\t<\/div>","protected":false},"excerpt":{"rendered":"<h4 data-start=\"509\" data-end=\"552\">ECR1 Chauffe-eau \u00e9lectrique r\u00e9sidentiel<\/h4>\n<ul data-start=\"183\" data-end=\"588\">\n<li data-start=\"183\" data-end=\"231\">\n<p data-start=\"185\" data-end=\"231\">Disponible en <strong data-start=\"198\" data-end=\"218\">50L - 80L - 100L<\/strong> capacit\u00e9s<\/p>\n<\/li>\n<li data-start=\"232\" data-end=\"291\">\n<p data-start=\"234\" data-end=\"291\">Puissance de chauffage <strong data-start=\"248\" data-end=\"265\">1500W - 2000W<\/strong>, temp\u00e9rature jusqu'\u00e0 75\u00b0C<\/p>\n<\/li>\n<li data-start=\"292\" data-end=\"361\">\n<p data-start=\"294\" data-end=\"361\"><strong data-start=\"294\" data-end=\"340\">Possibilit\u00e9s d'installation verticale et horizontale<\/strong> pour une installation flexible<\/p>\n<\/li>\n<li data-start=\"362\" data-end=\"437\">\n<p data-start=\"364\" data-end=\"437\"><strong data-start=\"364\" data-end=\"382\">Isolation PUF<\/strong> pour l'efficacit\u00e9 \u00e9nerg\u00e9tique et une plus longue conservation de l'eau chaude<\/p>\n<\/li>\n<li data-start=\"438\" data-end=\"513\">\n<p data-start=\"440\" data-end=\"513\"><strong data-start=\"440\" data-end=\"486\">R\u00e9servoir int\u00e9rieur \u00e9maill\u00e9 + anode en magn\u00e9sium<\/strong> pour la r\u00e9sistance \u00e0 la corrosion<\/p>\n<\/li>\n<li data-start=\"514\" data-end=\"588\">\n<p data-start=\"516\" data-end=\"588\">S\u00e9curit\u00e9 compl\u00e8te : thermostat, coupure thermique, protection de la mise \u00e0 la terre<\/p>\n<\/li>\n<\/ul>\n<p data-start=\"590\" data-end=\"663\"><strong data-start=\"590\" data-end=\"661\">Id\u00e9al pour les m\u00e9nages, les appartements, les salons et les petites entreprises.<\/strong><\/p>","protected":false},"featured_media":11642,"comment_status":"open","ping_status":"closed","template":"","meta":[],"product_brand":[],"product_cat":[210,239],"product_tag":[],"class_list":{"0":"post-11641","1":"product","2":"type-product","3":"status-publish","4":"has-post-thumbnail","6":"product_cat-residential","7":"product_cat-residential-eauchauffge","9":"first","10":"instock","11":"shipping-taxable","12":"product-type-simple"},"_links":{"self":[{"href":"https:\/\/eauchauffage.com\/fr\/wp-json\/wp\/v2\/product\/11641","targetHints":{"allow":["GET"]}}],"collection":[{"href":"https:\/\/eauchauffage.com\/fr\/wp-json\/wp\/v2\/product"}],"about":[{"href":"https:\/\/eauchauffage.com\/fr\/wp-json\/wp\/v2\/types\/product"}],"replies":[{"embeddable":true,"href":"https:\/\/eauchauffage.com\/fr\/wp-json\/wp\/v2\/comments?post=11641"}],"version-history":[{"count":5,"href":"https:\/\/eauchauffage.com\/fr\/wp-json\/wp\/v2\/product\/11641\/revisions"}],"predecessor-version":[{"id":12063,"href":"https:\/\/eauchauffage.com\/fr\/wp-json\/wp\/v2\/product\/11641\/revisions\/12063"}],"wp:featuredmedia":[{"embeddable":true,"href":"https:\/\/eauchauffage.com\/fr\/wp-json\/wp\/v2\/media\/11642"}],"wp:attachment":[{"href":"https:\/\/eauchauffage.com\/fr\/wp-json\/wp\/v2\/media?parent=11641"}],"wp:term":[{"taxonomy":"product_brand","embeddable":true,"href":"https:\/\/eauchauffage.com\/fr\/wp-json\/wp\/v2\/product_brand?post=11641"},{"taxonomy":"product_cat","embeddable":true,"href":"https:\/\/eauchauffage.com\/fr\/wp-json\/wp\/v2\/product_cat?post=11641"},{"taxonomy":"product_tag","embeddable":true,"href":"https:\/\/eauchauffage.com\/fr\/wp-json\/wp\/v2\/product_tag?post=11641"}],"curies":[{"name":"wp","href":"https:\/\/api.w.org\/{rel}","templated":true}]}}