{"id":11617,"date":"2025-09-23T12:25:47","date_gmt":"2025-09-23T12:25:47","guid":{"rendered":"https:\/\/eauchauffage.com\/?post_type=product&#038;p=11617"},"modified":"2025-09-27T09:53:47","modified_gmt":"2025-09-27T09:53:47","slug":"hp2","status":"publish","type":"product","link":"https:\/\/eauchauffage.com\/fr\/product\/hp2\/","title":{"rendered":"HP2"},"content":{"rendered":"<div data-elementor-type=\"wp-post\" data-elementor-id=\"11617\" class=\"elementor elementor-11617\">\n\t\t\t\t<div class=\"wd-negative-gap elementor-element elementor-element-395c680 e-flex e-con-boxed e-con e-parent\" data-id=\"395c680\" data-element_type=\"container\">\n\t\t\t\t\t<div class=\"e-con-inner\">\n\t\t<div class=\"elementor-element elementor-element-829b1a8 e-con-full e-flex e-con e-child\" data-id=\"829b1a8\" data-element_type=\"container\">\n\t\t\t\t<div class=\"elementor-element elementor-element-e8cd7f3 elementor-widget elementor-widget-wd_text_block\" data-id=\"e8cd7f3\" data-element_type=\"widget\" data-widget_type=\"wd_text_block.default\">\n\t\t\t\t<div class=\"elementor-widget-container\">\n\t\t\t\t\t\t\t<div class=\"wd-text-block reset-last-child text-left\">\n\t\t\t\n\t\t\t<p data-start=\"727\" data-end=\"1016\">Les <strong data-start=\"731\" data-end=\"769\">HeatPump HP2 Chauffe-eau \u00e9lectrique<\/strong> est con\u00e7u pour r\u00e9pondre aux besoins en eau chaude des installations commerciales et industrielles. Avec des capacit\u00e9s extra-larges et des \u00e9l\u00e9ments chauffants puissants, il assure une fourniture continue et efficace d'eau chaude tout en pr\u00e9servant l'efficacit\u00e9 \u00e9nerg\u00e9tique et la s\u00e9curit\u00e9.<\/p><h4 data-start=\"1018\" data-end=\"1036\"><strong data-start=\"1022\" data-end=\"1034\">Caract\u00e9ristiques :<\/strong><\/h4><ul data-start=\"1037\" data-end=\"1631\"><li data-start=\"1037\" data-end=\"1110\"><p data-start=\"1039\" data-end=\"1110\"><strong data-start=\"1039\" data-end=\"1065\">Options de grande capacit\u00e9<\/strong> con\u00e7us pour r\u00e9pondre \u00e0 des besoins importants en eau chaude.<\/p><\/li><li data-start=\"1111\" data-end=\"1185\"><p data-start=\"1113\" data-end=\"1185\"><strong data-start=\"1113\" data-end=\"1141\">R\u00e9servoir int\u00e9rieur \u00e9maill\u00e9<\/strong> garantit l'hygi\u00e8ne et la r\u00e9sistance \u00e0 la corrosion.<\/p><\/li><li data-start=\"1186\" data-end=\"1260\"><p data-start=\"1188\" data-end=\"1260\"><strong data-start=\"1188\" data-end=\"1207\">Anode en magn\u00e9sium<\/strong> emp\u00eache la rouille et prolonge la dur\u00e9e de vie du r\u00e9servoir.<\/p><\/li><li data-start=\"1261\" data-end=\"1355\"><p data-start=\"1263\" data-end=\"1355\"><strong data-start=\"1263\" data-end=\"1296\">Isolation en polyur\u00e9thane (PUF)<\/strong> minimise la perte de chaleur, ce qui permet de garder l'eau chaude pendant de longues p\u00e9riodes.<\/p><\/li><li data-start=\"1356\" data-end=\"1429\"><p data-start=\"1358\" data-end=\"1429\"><strong data-start=\"1358\" data-end=\"1398\">Thermostat de haute pr\u00e9cision jusqu'\u00e0 75\u00b0C<\/strong> avec protection contre la surchauffe.<\/p><\/li><li data-start=\"1430\" data-end=\"1501\"><p data-start=\"1432\" data-end=\"1501\"><strong data-start=\"1432\" data-end=\"1450\">Syst\u00e8me de s\u00e9curit\u00e9 :<\/strong> coupure thermique automatique + protection de la mise \u00e0 la terre.<\/p><\/li><li data-start=\"1502\" data-end=\"1554\"><p data-start=\"1504\" data-end=\"1554\"><strong data-start=\"1504\" data-end=\"1529\">Classe d'\u00e9tanch\u00e9it\u00e9 IPX4<\/strong> pour la r\u00e9sistance aux \u00e9claboussures.<\/p><\/li><li data-start=\"1555\" data-end=\"1631\"><p data-start=\"1557\" data-end=\"1631\"><strong data-start=\"1557\" data-end=\"1600\">R\u00e9servoir durable en acier inoxydable SUS316\/304<\/strong> pour les applications lourdes.<\/p><\/li><\/ul><h4 data-start=\"1633\" data-end=\"1660\"><strong data-start=\"1637\" data-end=\"1658\">D\u00e9tails techniques :<\/strong><\/h4><ul data-start=\"1661\" data-end=\"2026\"><li data-start=\"1661\" data-end=\"1709\"><p data-start=\"1663\" data-end=\"1709\"><strong data-start=\"1663\" data-end=\"1684\">Options de capacit\u00e9 :<\/strong> 200L, 300L, 400L, 500L, 600L<\/p><\/li><li data-start=\"1710\" data-end=\"1748\"><p data-start=\"1712\" data-end=\"1748\"><strong data-start=\"1712\" data-end=\"1730\">Puissance de chauffage :<\/strong> 7500W - 11 500W<\/p><\/li><li data-start=\"1749\" data-end=\"1774\"><p data-start=\"1751\" data-end=\"1774\"><strong data-start=\"1751\" data-end=\"1763\">Tension :<\/strong> 220-240V<\/p><\/li><li data-start=\"1775\" data-end=\"1803\"><p data-start=\"1777\" data-end=\"1803\"><strong data-start=\"1777\" data-end=\"1791\">Fr\u00e9quence :<\/strong> 50Hz\/60Hz<\/p><\/li><li data-start=\"1804\" data-end=\"1839\"><p data-start=\"1806\" data-end=\"1839\"><strong data-start=\"1806\" data-end=\"1829\">Pression de fonctionnement :<\/strong> 0,7 MPa<\/p><\/li><li data-start=\"1840\" data-end=\"1874\"><p data-start=\"1842\" data-end=\"1874\"><strong data-start=\"1842\" data-end=\"1864\">Plage de temp\u00e9rature :<\/strong> 30-75\u00b0C<\/p><\/li><li data-start=\"1875\" data-end=\"1993\"><strong data-start=\"1996\" data-end=\"2007\">Poids :<\/strong> 54 - 91 kg (net)<\/li><\/ul><h4 data-start=\"2028\" data-end=\"2056\"><strong data-start=\"2032\" data-end=\"2054\">Applications id\u00e9ales :<\/strong><\/h4><ul data-start=\"2057\" data-end=\"2236\"><li data-start=\"2057\" data-end=\"2079\"><p data-start=\"2059\" data-end=\"2079\">H\u00f4tels et centres de vill\u00e9giature<\/p><\/li><li data-start=\"2080\" data-end=\"2116\"><p data-start=\"2082\" data-end=\"2116\">H\u00f4pitaux et centres de soins de sant\u00e9<\/p><\/li><li data-start=\"2117\" data-end=\"2145\"><p data-start=\"2119\" data-end=\"2145\">\u00c9coles et universit\u00e9s<\/p><\/li><li data-start=\"2146\" data-end=\"2185\"><p data-start=\"2148\" data-end=\"2185\">Usines et installations industrielles<\/p><\/li><li data-start=\"2186\" data-end=\"2236\"><p data-start=\"2188\" data-end=\"2236\">Grands b\u00e2timents administratifs et r\u00e9sidentiels<\/p><\/li><\/ul>\n\t\t\t\t\t<\/div>\n\t\t\t\t\t\t<\/div>\n\t\t\t\t<\/div>\n\t\t\t\t<\/div>\n\t\t<div class=\"elementor-element elementor-element-ce7734e e-con-full e-flex e-con e-child\" data-id=\"ce7734e\" data-element_type=\"container\">\n\t\t\t\t<div class=\"elementor-element elementor-element-3045f04 elementor-widget elementor-widget-wd_image_or_svg\" data-id=\"3045f04\" data-element_type=\"widget\" data-widget_type=\"wd_image_or_svg.default\">\n\t\t\t\t<div class=\"elementor-widget-container\">\n\t\t\t\t\t\n\t\t<div class=\"wd-image text-center photoswipe-images\">\n\t\t\t\t\t\t\t<a  href=\"https:\/\/eauchauffage.com\/wp-content\/uploads\/2025\/09\/HP2-1.jpg\"data-width=\"594\" data-height=\"771\" data-elementor-open-lightbox=\"no\" aria-label=\"Image link\">\n\t\t\t\t\t\t\t\t<img fetchpriority=\"high\" decoding=\"async\" width=\"594\" height=\"771\" src=\"https:\/\/eauchauffage.com\/wp-content\/uploads\/2025\/09\/HP2-1.jpg\" class=\"attachment-full size-full\" alt=\"\" srcset=\"https:\/\/eauchauffage.com\/wp-content\/uploads\/2025\/09\/HP2-1.jpg 594w, https:\/\/eauchauffage.com\/wp-content\/uploads\/2025\/09\/HP2-1-231x300.jpg 231w, https:\/\/eauchauffage.com\/wp-content\/uploads\/2025\/09\/HP2-1-150x195.jpg 150w\" sizes=\"(max-width: 594px) 100vw, 594px\" \/>\t\t\t\t\t\t\t<\/a>\n\t\t\t\t\t<\/div>\n\n\t\t\t\t\t\t<\/div>\n\t\t\t\t<\/div>\n\t\t\t\t<\/div>\n\t\t\t\t\t<\/div>\n\t\t\t\t<\/div>\n\t\t\t\t<\/div>","protected":false},"excerpt":{"rendered":"<h4 data-start=\"509\" data-end=\"552\">HeatPump HP2 Chauffe-eau \u00e9lectrique<\/h4>\n<ul data-start=\"164\" data-end=\"578\">\n<li data-start=\"164\" data-end=\"219\">\n<p data-start=\"166\" data-end=\"219\">Chauffe-eau vertical de grande capacit\u00e9 <strong data-start=\"202\" data-end=\"217\">200L - 600L<\/strong><\/p>\n<\/li>\n<li data-start=\"220\" data-end=\"279\">\n<p data-start=\"222\" data-end=\"279\">Puissance de chauffage <strong data-start=\"236\" data-end=\"255\">7500W - 11 500W<\/strong> pour les besoins \u00e0 grande \u00e9chelle<\/p>\n<\/li>\n<li data-start=\"280\" data-end=\"344\">\n<p data-start=\"282\" data-end=\"344\"><strong data-start=\"282\" data-end=\"300\">Isolation PUF<\/strong> r\u00e9duit les pertes de chaleur et am\u00e9liore l'efficacit\u00e9<\/p>\n<\/li>\n<li data-start=\"345\" data-end=\"423\">\n<p data-start=\"347\" data-end=\"423\"><strong data-start=\"347\" data-end=\"393\">R\u00e9servoir int\u00e9rieur \u00e9maill\u00e9 + anode en magn\u00e9sium<\/strong> pour une durabilit\u00e9 \u00e0 long terme<\/p>\n<\/li>\n<li data-start=\"424\" data-end=\"501\">\n<p data-start=\"426\" data-end=\"501\"><strong data-start=\"426\" data-end=\"449\">Syst\u00e8me de s\u00e9curit\u00e9 complet :<\/strong> thermostat + coupure thermique + protection contre les fuites<\/p>\n<\/li>\n<li data-start=\"502\" data-end=\"578\">\n<p data-start=\"504\" data-end=\"578\"><strong data-start=\"504\" data-end=\"539\">R\u00e9servoir en acier inoxydable SUS316\/304<\/strong> pour une r\u00e9sistance sup\u00e9rieure \u00e0 la corrosion<\/p>\n<\/li>\n<\/ul>\n<p data-start=\"580\" data-end=\"657\"><strong data-start=\"580\" data-end=\"655\">Parfait pour les h\u00f4tels, les h\u00f4pitaux, les \u00e9coles, les usines et les grands b\u00e2timents.<\/strong><\/p>","protected":false},"featured_media":11618,"comment_status":"open","ping_status":"closed","template":"","meta":[],"product_brand":[],"product_cat":[237,210],"product_tag":[],"class_list":{"0":"post-11617","1":"product","2":"type-product","3":"status-publish","4":"has-post-thumbnail","6":"product_cat-heatpump","7":"product_cat-residential","9":"first","10":"instock","11":"shipping-taxable","12":"product-type-simple"},"_links":{"self":[{"href":"https:\/\/eauchauffage.com\/fr\/wp-json\/wp\/v2\/product\/11617","targetHints":{"allow":["GET"]}}],"collection":[{"href":"https:\/\/eauchauffage.com\/fr\/wp-json\/wp\/v2\/product"}],"about":[{"href":"https:\/\/eauchauffage.com\/fr\/wp-json\/wp\/v2\/types\/product"}],"replies":[{"embeddable":true,"href":"https:\/\/eauchauffage.com\/fr\/wp-json\/wp\/v2\/comments?post=11617"}],"version-history":[{"count":8,"href":"https:\/\/eauchauffage.com\/fr\/wp-json\/wp\/v2\/product\/11617\/revisions"}],"predecessor-version":[{"id":12066,"href":"https:\/\/eauchauffage.com\/fr\/wp-json\/wp\/v2\/product\/11617\/revisions\/12066"}],"wp:featuredmedia":[{"embeddable":true,"href":"https:\/\/eauchauffage.com\/fr\/wp-json\/wp\/v2\/media\/11618"}],"wp:attachment":[{"href":"https:\/\/eauchauffage.com\/fr\/wp-json\/wp\/v2\/media?parent=11617"}],"wp:term":[{"taxonomy":"product_brand","embeddable":true,"href":"https:\/\/eauchauffage.com\/fr\/wp-json\/wp\/v2\/product_brand?post=11617"},{"taxonomy":"product_cat","embeddable":true,"href":"https:\/\/eauchauffage.com\/fr\/wp-json\/wp\/v2\/product_cat?post=11617"},{"taxonomy":"product_tag","embeddable":true,"href":"https:\/\/eauchauffage.com\/fr\/wp-json\/wp\/v2\/product_tag?post=11617"}],"curies":[{"name":"wp","href":"https:\/\/api.w.org\/{rel}","templated":true}]}}