{"id":11592,"date":"2025-09-23T12:16:40","date_gmt":"2025-09-23T12:16:40","guid":{"rendered":"https:\/\/eauchauffage.com\/?post_type=product&#038;p=11592"},"modified":"2025-09-27T09:54:38","modified_gmt":"2025-09-27T09:54:38","slug":"es8","status":"publish","type":"product","link":"https:\/\/eauchauffage.com\/fr\/product\/es8\/","title":{"rendered":"ES8"},"content":{"rendered":"<div data-elementor-type=\"wp-post\" data-elementor-id=\"11592\" class=\"elementor elementor-11592\">\n\t\t\t\t<div class=\"wd-negative-gap elementor-element elementor-element-395c680 e-flex e-con-boxed e-con e-parent\" data-id=\"395c680\" data-element_type=\"container\">\n\t\t\t\t\t<div class=\"e-con-inner\">\n\t\t<div class=\"elementor-element elementor-element-829b1a8 e-con-full e-flex e-con e-child\" data-id=\"829b1a8\" data-element_type=\"container\">\n\t\t\t\t<div class=\"elementor-element elementor-element-e8cd7f3 elementor-widget elementor-widget-wd_text_block\" data-id=\"e8cd7f3\" data-element_type=\"widget\" data-widget_type=\"wd_text_block.default\">\n\t\t\t\t<div class=\"elementor-widget-container\">\n\t\t\t\t\t\t\t<div class=\"wd-text-block reset-last-child text-left\">\n\t\t\t\n\t\t\t<p data-start=\"697\" data-end=\"971\">Les <strong data-start=\"701\" data-end=\"742\">Chauffe-eau \u00e9lectrique \u00c9coS\u00e9r\u00e9nit\u00e9 ES8<\/strong> est con\u00e7u pour \u00eatre fiable, durable et efficace. Avec de grandes capacit\u00e9s allant de 80 \u00e0 120 litres, c'est une solution id\u00e9ale pour les m\u00e9nages et les installations de service qui ont besoin d'un approvisionnement stable et continu en eau chaude.<\/p><h4 data-start=\"973\" data-end=\"991\"><strong data-start=\"977\" data-end=\"989\">Caract\u00e9ristiques :<\/strong><\/h4><ul data-start=\"992\" data-end=\"1535\"><li data-start=\"992\" data-end=\"1076\"><p data-start=\"994\" data-end=\"1076\"><strong data-start=\"994\" data-end=\"1022\">R\u00e9servoir int\u00e9rieur \u00e9maill\u00e9<\/strong> garantit l'hygi\u00e8ne et la r\u00e9sistance \u00e0 la corrosion \u00e0 long terme.<\/p><\/li><li data-start=\"1077\" data-end=\"1166\"><p data-start=\"1079\" data-end=\"1166\"><strong data-start=\"1079\" data-end=\"1098\">Anode en magn\u00e9sium<\/strong> pour une protection accrue contre la rouille, ce qui prolonge la dur\u00e9e de vie du r\u00e9servoir.<\/p><\/li><li data-start=\"1167\" data-end=\"1252\"><p data-start=\"1169\" data-end=\"1252\"><strong data-start=\"1169\" data-end=\"1202\">Isolation en polyur\u00e9thane (PUF)<\/strong> minimise les pertes de chaleur et garde l'eau chaude plus longtemps.<\/p><\/li><li data-start=\"1253\" data-end=\"1326\"><p data-start=\"1255\" data-end=\"1326\"><strong data-start=\"1255\" data-end=\"1295\">Thermostat de haute pr\u00e9cision jusqu'\u00e0 75\u00b0C<\/strong> avec protection contre la surchauffe.<\/p><\/li><li data-start=\"1327\" data-end=\"1398\"><p data-start=\"1329\" data-end=\"1398\"><strong data-start=\"1329\" data-end=\"1347\">Syst\u00e8me de s\u00e9curit\u00e9 :<\/strong> coupure thermique automatique + protection de la mise \u00e0 la terre.<\/p><\/li><li data-start=\"1399\" data-end=\"1471\"><p data-start=\"1401\" data-end=\"1471\"><strong data-start=\"1401\" data-end=\"1426\">Classe d'\u00e9tanch\u00e9it\u00e9 IPX4<\/strong> pour une installation s\u00fbre dans les environnements humides.<\/p><\/li><li data-start=\"1472\" data-end=\"1535\"><p data-start=\"1474\" data-end=\"1535\"><strong data-start=\"1474\" data-end=\"1509\">R\u00e9servoir en acier inoxydable SUS316\/304<\/strong> pour une durabilit\u00e9 maximale.<\/p><\/li><\/ul><h4 data-start=\"1537\" data-end=\"1564\"><strong data-start=\"1541\" data-end=\"1562\">D\u00e9tails techniques :<\/strong><\/h4><ul data-start=\"1565\" data-end=\"1911\"><li data-start=\"1565\" data-end=\"1606\"><p data-start=\"1567\" data-end=\"1606\"><strong data-start=\"1567\" data-end=\"1588\">Options de capacit\u00e9 :<\/strong> 80L, 100L, 120L<\/p><\/li><li data-start=\"1607\" data-end=\"1635\"><p data-start=\"1609\" data-end=\"1635\"><strong data-start=\"1609\" data-end=\"1627\">Puissance de chauffage :<\/strong> 1200W<\/p><\/li><li data-start=\"1636\" data-end=\"1661\"><p data-start=\"1638\" data-end=\"1661\"><strong data-start=\"1638\" data-end=\"1650\">Tension :<\/strong> 220-240V<\/p><\/li><li data-start=\"1662\" data-end=\"1690\"><p data-start=\"1664\" data-end=\"1690\"><strong data-start=\"1664\" data-end=\"1678\">Fr\u00e9quence :<\/strong> 50Hz\/60Hz<\/p><\/li><li data-start=\"1691\" data-end=\"1726\"><p data-start=\"1693\" data-end=\"1726\"><strong data-start=\"1693\" data-end=\"1716\">Pression de fonctionnement :<\/strong> 0,7 MPa<\/p><\/li><li data-start=\"1727\" data-end=\"1761\"><p data-start=\"1729\" data-end=\"1761\"><strong data-start=\"1729\" data-end=\"1751\">Plage de temp\u00e9rature :<\/strong> 30-75\u00b0C<\/p><\/li><li data-start=\"1762\" data-end=\"1871\"><strong data-start=\"1874\" data-end=\"1885\">Poids :<\/strong> de 20,7 kg \u00e0 27,2 kg<\/li><\/ul><h4 data-start=\"1913\" data-end=\"1941\"><strong data-start=\"1917\" data-end=\"1939\">Applications id\u00e9ales :<\/strong><\/h4><ul data-start=\"1942\" data-end=\"2063\"><li data-start=\"1942\" data-end=\"1976\"><p data-start=\"1944\" data-end=\"1976\">Maisons (salles de bains et cuisines)<\/p><\/li><li data-start=\"1977\" data-end=\"2002\"><p data-start=\"1979\" data-end=\"2002\">Appartements et villas<\/p><\/li><li data-start=\"2003\" data-end=\"2029\"><p data-start=\"2005\" data-end=\"2029\">H\u00f4tels et pensions<\/p><\/li><li data-start=\"2030\" data-end=\"2063\"><p data-start=\"2032\" data-end=\"2063\">Salons et \u00e9tablissements de services<\/p><\/li><\/ul>\n\t\t\t\t\t<\/div>\n\t\t\t\t\t\t<\/div>\n\t\t\t\t<\/div>\n\t\t\t\t<\/div>\n\t\t<div class=\"elementor-element elementor-element-ce7734e e-con-full e-flex e-con e-child\" data-id=\"ce7734e\" data-element_type=\"container\">\n\t\t\t\t<div class=\"elementor-element elementor-element-3045f04 elementor-widget elementor-widget-wd_image_or_svg\" data-id=\"3045f04\" data-element_type=\"widget\" data-widget_type=\"wd_image_or_svg.default\">\n\t\t\t\t<div class=\"elementor-widget-container\">\n\t\t\t\t\t\n\t\t<div class=\"wd-image text-center photoswipe-images\">\n\t\t\t\t\t\t\t<a  href=\"https:\/\/eauchauffage.com\/wp-content\/uploads\/2025\/09\/ES8-1.jpg\"data-width=\"594\" data-height=\"774\" data-elementor-open-lightbox=\"no\" aria-label=\"Image link\">\n\t\t\t\t\t\t\t\t<img fetchpriority=\"high\" decoding=\"async\" width=\"594\" height=\"774\" src=\"https:\/\/eauchauffage.com\/wp-content\/uploads\/2025\/09\/ES8-1.jpg\" class=\"attachment-full size-full\" alt=\"\" srcset=\"https:\/\/eauchauffage.com\/wp-content\/uploads\/2025\/09\/ES8-1.jpg 594w, https:\/\/eauchauffage.com\/wp-content\/uploads\/2025\/09\/ES8-1-230x300.jpg 230w, https:\/\/eauchauffage.com\/wp-content\/uploads\/2025\/09\/ES8-1-150x195.jpg 150w\" sizes=\"(max-width: 594px) 100vw, 594px\" \/>\t\t\t\t\t\t\t<\/a>\n\t\t\t\t\t<\/div>\n\n\t\t\t\t\t\t<\/div>\n\t\t\t\t<\/div>\n\t\t\t\t<\/div>\n\t\t\t\t\t<\/div>\n\t\t\t\t<\/div>\n\t\t\t\t<\/div>","protected":false},"excerpt":{"rendered":"<h4 data-start=\"509\" data-end=\"552\">Chauffe-eau \u00e9lectrique \u00c9coS\u00e9r\u00e9nit\u00e9 ES8<\/h4>\n<ul data-start=\"148\" data-end=\"544\">\n<li data-start=\"148\" data-end=\"210\">\n<p data-start=\"150\" data-end=\"210\">Chauffe-eau vertical de grande capacit\u00e9 <strong data-start=\"194\" data-end=\"208\">80L - 120L<\/strong><\/p>\n<\/li>\n<li data-start=\"211\" data-end=\"270\">\n<p data-start=\"213\" data-end=\"270\"><strong data-start=\"213\" data-end=\"236\">Puissance de chauffage 1200W<\/strong> avec un contr\u00f4le pr\u00e9cis jusqu'\u00e0 75\u00b0C<\/p>\n<\/li>\n<li data-start=\"271\" data-end=\"333\">\n<p data-start=\"273\" data-end=\"333\"><strong data-start=\"273\" data-end=\"291\">Isolation PUF<\/strong> garde l'eau chaude plus longtemps et \u00e9conomise de l'\u00e9nergie<\/p>\n<\/li>\n<li data-start=\"334\" data-end=\"412\">\n<p data-start=\"336\" data-end=\"412\"><strong data-start=\"336\" data-end=\"364\">R\u00e9servoir int\u00e9rieur \u00e9maill\u00e9<\/strong> avec anode en magn\u00e9sium pour la protection antirouille<\/p>\n<\/li>\n<li data-start=\"413\" data-end=\"492\">\n<p data-start=\"415\" data-end=\"492\"><strong data-start=\"415\" data-end=\"440\">S\u00e9curit\u00e9 globale :<\/strong> thermostat + coupure thermique + protection contre les fuites<\/p>\n<\/li>\n<li data-start=\"493\" data-end=\"544\">\n<p data-start=\"495\" data-end=\"544\"><strong data-start=\"495\" data-end=\"520\">Classe d'\u00e9tanch\u00e9it\u00e9 IPX4<\/strong> pour une installation s\u00fbre<\/p>\n<\/li>\n<\/ul>\n<p data-start=\"546\" data-end=\"624\"><strong data-start=\"546\" data-end=\"622\">Parfait pour les maisons, les appartements, les h\u00f4tels et les installations commerciales de taille moyenne.<\/strong><\/p>","protected":false},"featured_media":11593,"comment_status":"open","ping_status":"closed","template":"","meta":[],"product_brand":[],"product_cat":[236,210],"product_tag":[],"class_list":{"0":"post-11592","1":"product","2":"type-product","3":"status-publish","4":"has-post-thumbnail","6":"product_cat-ecoserenite","7":"product_cat-residential","9":"first","10":"instock","11":"shipping-taxable","12":"product-type-simple"},"_links":{"self":[{"href":"https:\/\/eauchauffage.com\/fr\/wp-json\/wp\/v2\/product\/11592","targetHints":{"allow":["GET"]}}],"collection":[{"href":"https:\/\/eauchauffage.com\/fr\/wp-json\/wp\/v2\/product"}],"about":[{"href":"https:\/\/eauchauffage.com\/fr\/wp-json\/wp\/v2\/types\/product"}],"replies":[{"embeddable":true,"href":"https:\/\/eauchauffage.com\/fr\/wp-json\/wp\/v2\/comments?post=11592"}],"version-history":[{"count":8,"href":"https:\/\/eauchauffage.com\/fr\/wp-json\/wp\/v2\/product\/11592\/revisions"}],"predecessor-version":[{"id":12069,"href":"https:\/\/eauchauffage.com\/fr\/wp-json\/wp\/v2\/product\/11592\/revisions\/12069"}],"wp:featuredmedia":[{"embeddable":true,"href":"https:\/\/eauchauffage.com\/fr\/wp-json\/wp\/v2\/media\/11593"}],"wp:attachment":[{"href":"https:\/\/eauchauffage.com\/fr\/wp-json\/wp\/v2\/media?parent=11592"}],"wp:term":[{"taxonomy":"product_brand","embeddable":true,"href":"https:\/\/eauchauffage.com\/fr\/wp-json\/wp\/v2\/product_brand?post=11592"},{"taxonomy":"product_cat","embeddable":true,"href":"https:\/\/eauchauffage.com\/fr\/wp-json\/wp\/v2\/product_cat?post=11592"},{"taxonomy":"product_tag","embeddable":true,"href":"https:\/\/eauchauffage.com\/fr\/wp-json\/wp\/v2\/product_tag?post=11592"}],"curies":[{"name":"wp","href":"https:\/\/api.w.org\/{rel}","templated":true}]}}