{"id":11539,"date":"2025-09-23T12:01:51","date_gmt":"2025-09-23T12:01:51","guid":{"rendered":"https:\/\/eauchauffage.com\/?post_type=product&#038;p=11539"},"modified":"2025-09-27T09:56:29","modified_gmt":"2025-09-27T09:56:29","slug":"es1","status":"publish","type":"product","link":"https:\/\/eauchauffage.com\/fr\/product\/es1\/","title":{"rendered":"ES1"},"content":{"rendered":"<div data-elementor-type=\"wp-post\" data-elementor-id=\"11539\" class=\"elementor elementor-11539\">\n\t\t\t\t<div class=\"wd-negative-gap elementor-element elementor-element-395c680 e-flex e-con-boxed e-con e-parent\" data-id=\"395c680\" data-element_type=\"container\">\n\t\t\t\t\t<div class=\"e-con-inner\">\n\t\t<div class=\"elementor-element elementor-element-829b1a8 e-con-full e-flex e-con e-child\" data-id=\"829b1a8\" data-element_type=\"container\">\n\t\t\t\t<div class=\"elementor-element elementor-element-e8cd7f3 elementor-widget elementor-widget-wd_text_block\" data-id=\"e8cd7f3\" data-element_type=\"widget\" data-widget_type=\"wd_text_block.default\">\n\t\t\t\t<div class=\"elementor-widget-container\">\n\t\t\t\t\t\t\t<div class=\"wd-text-block reset-last-child text-left\">\n\t\t\t\n\t\t\t<p data-start=\"597\" data-end=\"866\">Les <strong data-start=\"601\" data-end=\"642\">\u00c9coS\u00e9r\u00e9nit\u00e9 ES1 Chauffe-eau \u00e9lectrique<\/strong> est con\u00e7u pour fournir de l'eau chaude de mani\u00e8re s\u00fbre et efficace dans des espaces compacts. Avec plusieurs options de petite capacit\u00e9 et une technologie d'isolation avanc\u00e9e, c'est la solution parfaite pour les besoins quotidiens des m\u00e9nages et des installations de service.<\/p><h4 data-start=\"868\" data-end=\"886\"><strong data-start=\"872\" data-end=\"884\">Caract\u00e9ristiques :<\/strong><\/h4><ul data-start=\"887\" data-end=\"1396\"><li data-start=\"887\" data-end=\"959\"><p data-start=\"889\" data-end=\"959\"><strong data-start=\"889\" data-end=\"917\">R\u00e9servoir int\u00e9rieur \u00e9maill\u00e9<\/strong> garantit l'hygi\u00e8ne et pr\u00e9vient la corrosion.<\/p><\/li><li data-start=\"960\" data-end=\"1032\"><p data-start=\"962\" data-end=\"1032\"><strong data-start=\"962\" data-end=\"981\">Anode en magn\u00e9sium<\/strong> prot\u00e8ge contre la rouille et prolonge la dur\u00e9e de vie du r\u00e9servoir.<\/p><\/li><li data-start=\"1033\" data-end=\"1116\"><p data-start=\"1035\" data-end=\"1116\"><strong data-start=\"1035\" data-end=\"1068\">Isolation en polyur\u00e9thane (PUF)<\/strong> r\u00e9duit les pertes de chaleur et garde l'eau chaude plus longtemps.<\/p><\/li><li data-start=\"1117\" data-end=\"1190\"><p data-start=\"1119\" data-end=\"1190\"><strong data-start=\"1119\" data-end=\"1159\">Thermostat de haute pr\u00e9cision jusqu'\u00e0 75\u00b0C<\/strong> avec protection contre la surchauffe.<\/p><\/li><li data-start=\"1191\" data-end=\"1276\"><p data-start=\"1193\" data-end=\"1276\"><strong data-start=\"1193\" data-end=\"1225\">Syst\u00e8me de s\u00e9curit\u00e9 complet :<\/strong> coupure thermique automatique + protection de la mise \u00e0 la terre.<\/p><\/li><li data-start=\"1277\" data-end=\"1329\"><p data-start=\"1279\" data-end=\"1329\"><strong data-start=\"1279\" data-end=\"1304\">Classe d'\u00e9tanch\u00e9it\u00e9 IPX4<\/strong> pour la r\u00e9sistance aux \u00e9claboussures.<\/p><\/li><li data-start=\"1330\" data-end=\"1396\"><p data-start=\"1332\" data-end=\"1396\"><strong data-start=\"1332\" data-end=\"1368\">Conception circulaire verticale compacte<\/strong> id\u00e9al pour les espaces limit\u00e9s.<\/p><\/li><\/ul><h4 data-start=\"1398\" data-end=\"1425\"><strong data-start=\"1402\" data-end=\"1423\">D\u00e9tails techniques :<\/strong><\/h4><ul data-start=\"1426\" data-end=\"1699\"><li data-start=\"1426\" data-end=\"1474\"><p data-start=\"1428\" data-end=\"1474\"><strong data-start=\"1428\" data-end=\"1449\">Options de capacit\u00e9 :<\/strong> 8L, 10L, 15L, 20L, 25L<\/p><\/li><li data-start=\"1475\" data-end=\"1503\"><p data-start=\"1477\" data-end=\"1503\"><strong data-start=\"1477\" data-end=\"1495\">Puissance de chauffage :<\/strong> 1200W<\/p><\/li><li data-start=\"1504\" data-end=\"1529\"><p data-start=\"1506\" data-end=\"1529\"><strong data-start=\"1506\" data-end=\"1518\">Tension :<\/strong> 220-240V<\/p><\/li><li data-start=\"1530\" data-end=\"1558\"><p data-start=\"1532\" data-end=\"1558\"><strong data-start=\"1532\" data-end=\"1546\">Fr\u00e9quence :<\/strong> 50Hz\/60Hz<\/p><\/li><li data-start=\"1559\" data-end=\"1594\"><p data-start=\"1561\" data-end=\"1594\"><strong data-start=\"1561\" data-end=\"1584\">Pression de fonctionnement :<\/strong> 0,7 MPa<\/p><\/li><li data-start=\"1595\" data-end=\"1629\"><p data-start=\"1597\" data-end=\"1629\"><strong data-start=\"1597\" data-end=\"1619\">Plage de temp\u00e9rature :<\/strong> 30-75\u00b0C<\/p><\/li><li data-start=\"1630\" data-end=\"1699\"><p data-start=\"1632\" data-end=\"1699\"><strong data-start=\"1632\" data-end=\"1654\">Dimensions compactes<\/strong> convient aux petites installations domestiques<\/p><\/li><\/ul><h4 data-start=\"1701\" data-end=\"1729\"><strong data-start=\"1705\" data-end=\"1727\">Applications id\u00e9ales :<\/strong><\/h4><ul data-start=\"1730\" data-end=\"1848\"><li data-start=\"1730\" data-end=\"1756\"><p data-start=\"1732\" data-end=\"1756\">Cuisines et salles de bains<\/p><\/li><li data-start=\"1757\" data-end=\"1777\"><p data-start=\"1759\" data-end=\"1777\">Petits appartements<\/p><\/li><li data-start=\"1778\" data-end=\"1807\"><p data-start=\"1780\" data-end=\"1807\">Salons et centres de beaut\u00e9<\/p><\/li><li data-start=\"1808\" data-end=\"1848\"><p data-start=\"1810\" data-end=\"1848\">Bureaux et petits services<\/p><\/li><\/ul>\n\t\t\t\t\t<\/div>\n\t\t\t\t\t\t<\/div>\n\t\t\t\t<\/div>\n\t\t\t\t<\/div>\n\t\t<div class=\"elementor-element elementor-element-ce7734e e-con-full e-flex e-con e-child\" data-id=\"ce7734e\" data-element_type=\"container\">\n\t\t\t\t<div class=\"elementor-element elementor-element-3045f04 elementor-widget elementor-widget-wd_image_or_svg\" data-id=\"3045f04\" data-element_type=\"widget\" data-widget_type=\"wd_image_or_svg.default\">\n\t\t\t\t<div class=\"elementor-widget-container\">\n\t\t\t\t\t\n\t\t<div class=\"wd-image text-center photoswipe-images\">\n\t\t\t\t\t\t\t<a  href=\"https:\/\/eauchauffage.com\/wp-content\/uploads\/2025\/09\/ES1-1.jpg\"data-width=\"594\" data-height=\"774\" data-elementor-open-lightbox=\"no\" aria-label=\"Image link\">\n\t\t\t\t\t\t\t\t<img fetchpriority=\"high\" decoding=\"async\" width=\"594\" height=\"774\" src=\"https:\/\/eauchauffage.com\/wp-content\/uploads\/2025\/09\/ES1-1.jpg\" class=\"attachment-full size-full\" alt=\"\" srcset=\"https:\/\/eauchauffage.com\/wp-content\/uploads\/2025\/09\/ES1-1.jpg 594w, https:\/\/eauchauffage.com\/wp-content\/uploads\/2025\/09\/ES1-1-230x300.jpg 230w, https:\/\/eauchauffage.com\/wp-content\/uploads\/2025\/09\/ES1-1-150x195.jpg 150w\" sizes=\"(max-width: 594px) 100vw, 594px\" \/>\t\t\t\t\t\t\t<\/a>\n\t\t\t\t\t<\/div>\n\n\t\t\t\t\t\t<\/div>\n\t\t\t\t<\/div>\n\t\t\t\t<\/div>\n\t\t\t\t\t<\/div>\n\t\t\t\t<\/div>\n\t\t\t\t<\/div>","protected":false},"excerpt":{"rendered":"<h4 data-start=\"509\" data-end=\"552\">\u00c9coS\u00e9r\u00e9nit\u00e9 ES1 Chauffe-eau \u00e9lectrique<\/h4>\n<ul data-start=\"141\" data-end=\"454\">\n<li data-start=\"141\" data-end=\"194\">\n<p data-start=\"143\" data-end=\"194\">Chauffe-eau compact avec <strong data-start=\"169\" data-end=\"181\">8L - 25L<\/strong> capacit\u00e9s<\/p>\n<\/li>\n<li data-start=\"195\" data-end=\"238\">\n<p data-start=\"197\" data-end=\"238\">Chauffage rapide avec une efficacit\u00e9 allant jusqu'\u00e0 75\u00b0C<\/p>\n<\/li>\n<li data-start=\"239\" data-end=\"292\">\n<p data-start=\"241\" data-end=\"292\">R\u00e9servoir int\u00e9rieur \u00e9maill\u00e9 pour l'hygi\u00e8ne et la durabilit\u00e9<\/p>\n<\/li>\n<li data-start=\"293\" data-end=\"334\">\n<p data-start=\"295\" data-end=\"334\">L'isolation PUF maintient l'eau chaude plus longtemps<\/p>\n<\/li>\n<li data-start=\"335\" data-end=\"403\">\n<p data-start=\"337\" data-end=\"403\">Syst\u00e8me de s\u00e9curit\u00e9 : thermostat + coupure thermique + protection contre les fuites<\/p>\n<\/li>\n<li data-start=\"404\" data-end=\"454\">\n<p data-start=\"406\" data-end=\"454\">Conception circulaire verticale pour une installation facile<\/p>\n<\/li>\n<\/ul>\n<p data-start=\"456\" data-end=\"524\"><strong data-start=\"456\" data-end=\"522\">Parfait pour les cuisines, les salles de bains, les salons et les petites installations.<\/strong><\/p>","protected":false},"featured_media":11540,"comment_status":"open","ping_status":"closed","template":"","meta":[],"product_brand":[],"product_cat":[236,210],"product_tag":[],"class_list":{"0":"post-11539","1":"product","2":"type-product","3":"status-publish","4":"has-post-thumbnail","6":"product_cat-ecoserenite","7":"product_cat-residential","9":"first","10":"instock","11":"shipping-taxable","12":"product-type-simple"},"_links":{"self":[{"href":"https:\/\/eauchauffage.com\/fr\/wp-json\/wp\/v2\/product\/11539","targetHints":{"allow":["GET"]}}],"collection":[{"href":"https:\/\/eauchauffage.com\/fr\/wp-json\/wp\/v2\/product"}],"about":[{"href":"https:\/\/eauchauffage.com\/fr\/wp-json\/wp\/v2\/types\/product"}],"replies":[{"embeddable":true,"href":"https:\/\/eauchauffage.com\/fr\/wp-json\/wp\/v2\/comments?post=11539"}],"version-history":[{"count":5,"href":"https:\/\/eauchauffage.com\/fr\/wp-json\/wp\/v2\/product\/11539\/revisions"}],"predecessor-version":[{"id":12076,"href":"https:\/\/eauchauffage.com\/fr\/wp-json\/wp\/v2\/product\/11539\/revisions\/12076"}],"wp:featuredmedia":[{"embeddable":true,"href":"https:\/\/eauchauffage.com\/fr\/wp-json\/wp\/v2\/media\/11540"}],"wp:attachment":[{"href":"https:\/\/eauchauffage.com\/fr\/wp-json\/wp\/v2\/media?parent=11539"}],"wp:term":[{"taxonomy":"product_brand","embeddable":true,"href":"https:\/\/eauchauffage.com\/fr\/wp-json\/wp\/v2\/product_brand?post=11539"},{"taxonomy":"product_cat","embeddable":true,"href":"https:\/\/eauchauffage.com\/fr\/wp-json\/wp\/v2\/product_cat?post=11539"},{"taxonomy":"product_tag","embeddable":true,"href":"https:\/\/eauchauffage.com\/fr\/wp-json\/wp\/v2\/product_tag?post=11539"}],"curies":[{"name":"wp","href":"https:\/\/api.w.org\/{rel}","templated":true}]}}