{"id":11532,"date":"2025-09-23T11:58:23","date_gmt":"2025-09-23T11:58:23","guid":{"rendered":"https:\/\/eauchauffage.com\/?post_type=product&#038;p=11532"},"modified":"2025-09-27T09:56:45","modified_gmt":"2025-09-27T09:56:45","slug":"ev1","status":"publish","type":"product","link":"https:\/\/eauchauffage.com\/fr\/product\/ev1\/","title":{"rendered":"EV1"},"content":{"rendered":"<div data-elementor-type=\"wp-post\" data-elementor-id=\"11532\" class=\"elementor elementor-11532\">\n\t\t\t\t<div class=\"wd-negative-gap elementor-element elementor-element-395c680 e-flex e-con-boxed e-con e-parent\" data-id=\"395c680\" data-element_type=\"container\">\n\t\t\t\t\t<div class=\"e-con-inner\">\n\t\t<div class=\"elementor-element elementor-element-829b1a8 e-con-full e-flex e-con e-child\" data-id=\"829b1a8\" data-element_type=\"container\">\n\t\t\t\t<div class=\"elementor-element elementor-element-e8cd7f3 elementor-widget elementor-widget-wd_text_block\" data-id=\"e8cd7f3\" data-element_type=\"widget\" data-widget_type=\"wd_text_block.default\">\n\t\t\t\t<div class=\"elementor-widget-container\">\n\t\t\t\t\t\t\t<div class=\"wd-text-block reset-last-child text-left\">\n\t\t\t\n\t\t\t<p data-start=\"587\" data-end=\"891\">Les <strong data-start=\"591\" data-end=\"632\">\u00c9nergieVive EV1 Chauffe-eau \u00e9lectrique<\/strong> offre une solution fiable et efficace pour les espaces compacts. Gr\u00e2ce \u00e0 sa conception verticale et \u00e0 ses multiples options de capacit\u00e9, il fournit une eau chaude constante tout en garantissant la s\u00e9curit\u00e9 et l'efficacit\u00e9 \u00e9nerg\u00e9tique. Parfaitement adapt\u00e9 aux petits m\u00e9nages et aux installations de service.<\/p><h4 data-start=\"893\" data-end=\"911\"><strong data-start=\"897\" data-end=\"909\">Caract\u00e9ristiques :<\/strong><\/h4><ul data-start=\"912\" data-end=\"1415\"><li data-start=\"912\" data-end=\"986\"><p data-start=\"914\" data-end=\"986\"><strong data-start=\"914\" data-end=\"942\">R\u00e9servoir int\u00e9rieur \u00e9maill\u00e9<\/strong> garantit l'hygi\u00e8ne et la r\u00e9sistance \u00e0 la corrosion.<\/p><\/li><li data-start=\"987\" data-end=\"1048\"><p data-start=\"989\" data-end=\"1048\"><strong data-start=\"989\" data-end=\"1008\">Anode en magn\u00e9sium<\/strong> prolonge la dur\u00e9e de vie du r\u00e9servoir en \u00e9vitant la rouille.<\/p><\/li><li data-start=\"1049\" data-end=\"1144\"><p data-start=\"1051\" data-end=\"1144\"><strong data-start=\"1051\" data-end=\"1084\">Isolation en polyur\u00e9thane (PUF)<\/strong> r\u00e9duit les pertes de chaleur et maintient la temp\u00e9rature de l'eau plus longtemps.<\/p><\/li><li data-start=\"1145\" data-end=\"1218\"><p data-start=\"1147\" data-end=\"1218\"><strong data-start=\"1147\" data-end=\"1187\">Thermostat de haute pr\u00e9cision jusqu'\u00e0 75\u00b0C<\/strong> avec protection contre la surchauffe.<\/p><\/li><li data-start=\"1219\" data-end=\"1304\"><p data-start=\"1221\" data-end=\"1304\"><strong data-start=\"1221\" data-end=\"1253\">Syst\u00e8me de s\u00e9curit\u00e9 complet :<\/strong> coupure thermique automatique + protection de la mise \u00e0 la terre.<\/p><\/li><li data-start=\"1305\" data-end=\"1357\"><p data-start=\"1307\" data-end=\"1357\"><strong data-start=\"1307\" data-end=\"1332\">Classe d'\u00e9tanch\u00e9it\u00e9 IPX4<\/strong> pour la protection contre les \u00e9claboussures.<\/p><\/li><li data-start=\"1358\" data-end=\"1415\"><p data-start=\"1360\" data-end=\"1415\"><strong data-start=\"1360\" data-end=\"1387\">Conception verticale compacte<\/strong> id\u00e9al pour les espaces limit\u00e9s.<\/p><\/li><\/ul><h4 data-start=\"1417\" data-end=\"1444\"><strong data-start=\"1421\" data-end=\"1442\">D\u00e9tails techniques :<\/strong><\/h4><ul data-start=\"1445\" data-end=\"1707\"><li data-start=\"1445\" data-end=\"1488\"><p data-start=\"1447\" data-end=\"1488\"><strong data-start=\"1447\" data-end=\"1468\">Options de capacit\u00e9 :<\/strong> 8L, 10L, 15L, 26L<\/p><\/li><li data-start=\"1489\" data-end=\"1517\"><p data-start=\"1491\" data-end=\"1517\"><strong data-start=\"1491\" data-end=\"1509\">Puissance de chauffage :<\/strong> 1200W<\/p><\/li><li data-start=\"1518\" data-end=\"1543\"><p data-start=\"1520\" data-end=\"1543\"><strong data-start=\"1520\" data-end=\"1532\">Tension :<\/strong> 220-240V<\/p><\/li><li data-start=\"1544\" data-end=\"1572\"><p data-start=\"1546\" data-end=\"1572\"><strong data-start=\"1546\" data-end=\"1560\">Fr\u00e9quence :<\/strong> 50Hz\/60Hz<\/p><\/li><li data-start=\"1573\" data-end=\"1608\"><p data-start=\"1575\" data-end=\"1608\"><strong data-start=\"1575\" data-end=\"1598\">Pression de fonctionnement :<\/strong> 0,7 MPa<\/p><\/li><li data-start=\"1609\" data-end=\"1643\"><p data-start=\"1611\" data-end=\"1643\"><strong data-start=\"1611\" data-end=\"1633\">Plage de temp\u00e9rature :<\/strong> 30-75\u00b0C<\/p><\/li><li data-start=\"1644\" data-end=\"1707\"><p data-start=\"1646\" data-end=\"1707\"><strong data-start=\"1646\" data-end=\"1661\">Dimensions :<\/strong> forme verticale compacte pour une installation facile<\/p><\/li><\/ul><h4 data-start=\"1709\" data-end=\"1737\"><strong data-start=\"1713\" data-end=\"1735\">Applications id\u00e9ales :<\/strong><\/h4><ul data-start=\"1738\" data-end=\"1850\"><li data-start=\"1738\" data-end=\"1764\"><p data-start=\"1740\" data-end=\"1764\">Cuisines et salles de bains<\/p><\/li><li data-start=\"1765\" data-end=\"1785\"><p data-start=\"1767\" data-end=\"1785\">Petits appartements<\/p><\/li><li data-start=\"1786\" data-end=\"1815\"><p data-start=\"1788\" data-end=\"1815\">Salons et centres de beaut\u00e9<\/p><\/li><li data-start=\"1816\" data-end=\"1850\"><p data-start=\"1818\" data-end=\"1850\">Bureaux et services<\/p><\/li><\/ul>\n\t\t\t\t\t<\/div>\n\t\t\t\t\t\t<\/div>\n\t\t\t\t<\/div>\n\t\t\t\t<\/div>\n\t\t<div class=\"elementor-element elementor-element-ce7734e e-con-full e-flex e-con e-child\" data-id=\"ce7734e\" data-element_type=\"container\">\n\t\t\t\t<div class=\"elementor-element elementor-element-3045f04 elementor-widget elementor-widget-wd_image_or_svg\" data-id=\"3045f04\" data-element_type=\"widget\" data-widget_type=\"wd_image_or_svg.default\">\n\t\t\t\t<div class=\"elementor-widget-container\">\n\t\t\t\t\t\n\t\t<div class=\"wd-image text-center photoswipe-images\">\n\t\t\t\t\t\t\t<a  href=\"https:\/\/eauchauffage.com\/wp-content\/uploads\/2025\/09\/EV1-1.jpg\"data-width=\"594\" data-height=\"771\" data-elementor-open-lightbox=\"no\" aria-label=\"Image link\">\n\t\t\t\t\t\t\t\t<img fetchpriority=\"high\" decoding=\"async\" width=\"594\" height=\"771\" src=\"https:\/\/eauchauffage.com\/wp-content\/uploads\/2025\/09\/EV1-1.jpg\" class=\"attachment-full size-full\" alt=\"\" srcset=\"https:\/\/eauchauffage.com\/wp-content\/uploads\/2025\/09\/EV1-1.jpg 594w, https:\/\/eauchauffage.com\/wp-content\/uploads\/2025\/09\/EV1-1-231x300.jpg 231w, https:\/\/eauchauffage.com\/wp-content\/uploads\/2025\/09\/EV1-1-150x195.jpg 150w\" sizes=\"(max-width: 594px) 100vw, 594px\" \/>\t\t\t\t\t\t\t<\/a>\n\t\t\t\t\t<\/div>\n\n\t\t\t\t\t\t<\/div>\n\t\t\t\t<\/div>\n\t\t\t\t<\/div>\n\t\t\t\t\t<\/div>\n\t\t\t\t<\/div>\n\t\t\t\t<\/div>","protected":false},"excerpt":{"rendered":"<h4 data-start=\"509\" data-end=\"552\">\u00c9nergieVive EV1 Chauffe-eau \u00e9lectrique<\/h4>\n<ul data-start=\"148\" data-end=\"447\">\n<li data-start=\"148\" data-end=\"201\">\n<p data-start=\"150\" data-end=\"201\">Chauffe-eau compact avec <strong data-start=\"176\" data-end=\"188\">8L - 26L<\/strong> capacit\u00e9s<\/p>\n<\/li>\n<li data-start=\"202\" data-end=\"245\">\n<p data-start=\"204\" data-end=\"245\">Chauffage rapide avec une efficacit\u00e9 allant jusqu'\u00e0 75\u00b0C<\/p>\n<\/li>\n<li data-start=\"246\" data-end=\"299\">\n<p data-start=\"248\" data-end=\"299\">R\u00e9servoir int\u00e9rieur \u00e9maill\u00e9 pour l'hygi\u00e8ne et la durabilit\u00e9<\/p>\n<\/li>\n<li data-start=\"300\" data-end=\"341\">\n<p data-start=\"302\" data-end=\"341\">L'isolation PUF maintient l'eau chaude plus longtemps<\/p>\n<\/li>\n<li data-start=\"342\" data-end=\"402\">\n<p data-start=\"344\" data-end=\"402\">Syst\u00e8me de s\u00e9curit\u00e9 : thermostat + coupure + protection contre les fuites<\/p>\n<\/li>\n<li data-start=\"403\" data-end=\"447\">\n<p data-start=\"405\" data-end=\"447\">Conception verticale compacte pour les petits espaces<\/p>\n<\/li>\n<\/ul>\n<p data-start=\"449\" data-end=\"514\"><strong data-start=\"449\" data-end=\"512\">Parfait pour les cuisines, les salles de bains, les salons et les petits bureaux.<\/strong><\/p>","protected":false},"featured_media":11533,"comment_status":"open","ping_status":"closed","template":"","meta":[],"product_brand":[],"product_cat":[235,210],"product_tag":[],"class_list":{"0":"post-11532","1":"product","2":"type-product","3":"status-publish","4":"has-post-thumbnail","6":"product_cat-energievive","7":"product_cat-residential","9":"first","10":"instock","11":"shipping-taxable","12":"product-type-simple"},"_links":{"self":[{"href":"https:\/\/eauchauffage.com\/fr\/wp-json\/wp\/v2\/product\/11532","targetHints":{"allow":["GET"]}}],"collection":[{"href":"https:\/\/eauchauffage.com\/fr\/wp-json\/wp\/v2\/product"}],"about":[{"href":"https:\/\/eauchauffage.com\/fr\/wp-json\/wp\/v2\/types\/product"}],"replies":[{"embeddable":true,"href":"https:\/\/eauchauffage.com\/fr\/wp-json\/wp\/v2\/comments?post=11532"}],"version-history":[{"count":5,"href":"https:\/\/eauchauffage.com\/fr\/wp-json\/wp\/v2\/product\/11532\/revisions"}],"predecessor-version":[{"id":12077,"href":"https:\/\/eauchauffage.com\/fr\/wp-json\/wp\/v2\/product\/11532\/revisions\/12077"}],"wp:featuredmedia":[{"embeddable":true,"href":"https:\/\/eauchauffage.com\/fr\/wp-json\/wp\/v2\/media\/11533"}],"wp:attachment":[{"href":"https:\/\/eauchauffage.com\/fr\/wp-json\/wp\/v2\/media?parent=11532"}],"wp:term":[{"taxonomy":"product_brand","embeddable":true,"href":"https:\/\/eauchauffage.com\/fr\/wp-json\/wp\/v2\/product_brand?post=11532"},{"taxonomy":"product_cat","embeddable":true,"href":"https:\/\/eauchauffage.com\/fr\/wp-json\/wp\/v2\/product_cat?post=11532"},{"taxonomy":"product_tag","embeddable":true,"href":"https:\/\/eauchauffage.com\/fr\/wp-json\/wp\/v2\/product_tag?post=11532"}],"curies":[{"name":"wp","href":"https:\/\/api.w.org\/{rel}","templated":true}]}}