{"id":11516,"date":"2025-09-23T11:52:55","date_gmt":"2025-09-23T11:52:55","guid":{"rendered":"https:\/\/eauchauffage.com\/?post_type=product&#038;p=11516"},"modified":"2025-09-27T09:57:15","modified_gmt":"2025-09-27T09:57:15","slug":"uc1","status":"publish","type":"product","link":"https:\/\/eauchauffage.com\/fr\/product\/uc1\/","title":{"rendered":"UC1"},"content":{"rendered":"<div data-elementor-type=\"wp-post\" data-elementor-id=\"11516\" class=\"elementor elementor-11516\">\n\t\t\t\t<div class=\"wd-negative-gap elementor-element elementor-element-395c680 e-flex e-con-boxed e-con e-parent\" data-id=\"395c680\" data-element_type=\"container\">\n\t\t\t\t\t<div class=\"e-con-inner\">\n\t\t<div class=\"elementor-element elementor-element-829b1a8 e-con-full e-flex e-con e-child\" data-id=\"829b1a8\" data-element_type=\"container\">\n\t\t\t\t<div class=\"elementor-element elementor-element-e8cd7f3 elementor-widget elementor-widget-wd_text_block\" data-id=\"e8cd7f3\" data-element_type=\"widget\" data-widget_type=\"wd_text_block.default\">\n\t\t\t\t<div class=\"elementor-widget-container\">\n\t\t\t\t\t\t\t<div class=\"wd-text-block reset-last-child text-left\">\n\t\t\t\n\t\t\t<p data-start=\"644\" data-end=\"955\">Les <strong data-start=\"648\" data-end=\"688\">Chauffe-eau \u00e9lectrique UltraChaud UC1<\/strong> combine une technologie de pointe, la s\u00e9curit\u00e9 et un design carr\u00e9 moderne pour fournir des solutions efficaces en mati\u00e8re d'eau chaude pour les maisons et les petites installations. Gr\u00e2ce \u00e0 sa conception verticale compacte et \u00e0 son panneau de commande num\u00e9rique, il garantit la commodit\u00e9, les \u00e9conomies d'\u00e9nergie et la fiabilit\u00e9 \u00e0 long terme.<\/p><h4 data-start=\"957\" data-end=\"975\"><strong data-start=\"961\" data-end=\"973\">Caract\u00e9ristiques :<\/strong><\/h4><ul data-start=\"976\" data-end=\"1561\"><li data-start=\"976\" data-end=\"1046\"><p data-start=\"978\" data-end=\"1046\"><strong data-start=\"978\" data-end=\"1006\">R\u00e9servoir int\u00e9rieur \u00e9maill\u00e9<\/strong> pour l'hygi\u00e8ne et la r\u00e9sistance \u00e0 la corrosion.<\/p><\/li><li data-start=\"1047\" data-end=\"1118\"><p data-start=\"1049\" data-end=\"1118\"><strong data-start=\"1049\" data-end=\"1068\">Anode en magn\u00e9sium<\/strong> prolonge la dur\u00e9e de vie du r\u00e9servoir en \u00e9vitant la rouille.<\/p><\/li><li data-start=\"1119\" data-end=\"1204\"><p data-start=\"1121\" data-end=\"1204\"><strong data-start=\"1121\" data-end=\"1154\">Isolation en polyur\u00e9thane (PUF)<\/strong> minimise les pertes de chaleur et garde l'eau chaude plus longtemps.<\/p><\/li><li data-start=\"1205\" data-end=\"1278\"><p data-start=\"1207\" data-end=\"1278\"><strong data-start=\"1207\" data-end=\"1247\">Thermostat de haute pr\u00e9cision jusqu'\u00e0 75\u00b0C<\/strong> avec protection contre la surchauffe.<\/p><\/li><li data-start=\"1279\" data-end=\"1364\"><p data-start=\"1281\" data-end=\"1364\"><strong data-start=\"1281\" data-end=\"1313\">Syst\u00e8me de s\u00e9curit\u00e9 complet :<\/strong> coupure thermique automatique + protection de la mise \u00e0 la terre.<\/p><\/li><li data-start=\"1365\" data-end=\"1418\"><p data-start=\"1367\" data-end=\"1418\"><strong data-start=\"1367\" data-end=\"1393\">Indice d'\u00e9tanch\u00e9it\u00e9 IPX4<\/strong> pour la protection contre les \u00e9claboussures.<\/p><\/li><li data-start=\"1419\" data-end=\"1483\"><p data-start=\"1421\" data-end=\"1483\"><strong data-start=\"1421\" data-end=\"1452\">Affichage num\u00e9rique de la temp\u00e9rature<\/strong> pour une utilisation conviviale.<\/p><\/li><li data-start=\"1484\" data-end=\"1561\"><p data-start=\"1486\" data-end=\"1561\"><strong data-start=\"1486\" data-end=\"1512\">Design carr\u00e9 vertical<\/strong> id\u00e9al pour les int\u00e9rieurs modernes et les espaces compacts.<\/p><\/li><\/ul><h4 data-start=\"1563\" data-end=\"1590\"><strong data-start=\"1567\" data-end=\"1588\">D\u00e9tails techniques :<\/strong><\/h4><ul data-start=\"1591\" data-end=\"1855\"><li data-start=\"1591\" data-end=\"1636\"><p data-start=\"1593\" data-end=\"1636\"><strong data-start=\"1593\" data-end=\"1614\">Options de capacit\u00e9 :<\/strong> 30L, 50L, 80L, 100L<\/p><\/li><li data-start=\"1637\" data-end=\"1673\"><p data-start=\"1639\" data-end=\"1673\"><strong data-start=\"1639\" data-end=\"1657\">Puissance de chauffage :<\/strong> 1500W - 2000W<\/p><\/li><li data-start=\"1674\" data-end=\"1699\"><p data-start=\"1676\" data-end=\"1699\"><strong data-start=\"1676\" data-end=\"1688\">Tension :<\/strong> 220-240V<\/p><\/li><li data-start=\"1700\" data-end=\"1728\"><p data-start=\"1702\" data-end=\"1728\"><strong data-start=\"1702\" data-end=\"1716\">Fr\u00e9quence :<\/strong> 50Hz\/60Hz<\/p><\/li><li data-start=\"1729\" data-end=\"1764\"><p data-start=\"1731\" data-end=\"1764\"><strong data-start=\"1731\" data-end=\"1754\">Pression de fonctionnement :<\/strong> 0,7 MPa<\/p><\/li><li data-start=\"1765\" data-end=\"1799\"><p data-start=\"1767\" data-end=\"1799\"><strong data-start=\"1767\" data-end=\"1789\">Plage de temp\u00e9rature :<\/strong> 30-75\u00b0C<\/p><\/li><li data-start=\"1800\" data-end=\"1855\"><p data-start=\"1802\" data-end=\"1855\"><strong data-start=\"1802\" data-end=\"1831\">Dimensions carr\u00e9es compactes<\/strong> pour une installation facile<\/p><\/li><\/ul><h4 data-start=\"1857\" data-end=\"1885\"><strong data-start=\"1861\" data-end=\"1883\">Applications id\u00e9ales :<\/strong><\/h4><ul data-start=\"1886\" data-end=\"1996\"><li data-start=\"1886\" data-end=\"1918\"><p data-start=\"1888\" data-end=\"1918\">Maisons (cuisines - salles de bains)<\/p><\/li><li data-start=\"1919\" data-end=\"1933\"><p data-start=\"1921\" data-end=\"1933\">Appartements<\/p><\/li><li data-start=\"1934\" data-end=\"1963\"><p data-start=\"1936\" data-end=\"1963\">Salons et centres de beaut\u00e9<\/p><\/li><li data-start=\"1964\" data-end=\"1996\"><p data-start=\"1966\" data-end=\"1996\">Bureaux et petites installations<\/p><\/li><\/ul>\n\t\t\t\t\t<\/div>\n\t\t\t\t\t\t<\/div>\n\t\t\t\t<\/div>\n\t\t\t\t<\/div>\n\t\t<div class=\"elementor-element elementor-element-ce7734e e-con-full e-flex e-con e-child\" data-id=\"ce7734e\" data-element_type=\"container\">\n\t\t\t\t<div class=\"elementor-element elementor-element-3045f04 elementor-widget elementor-widget-wd_image_or_svg\" data-id=\"3045f04\" data-element_type=\"widget\" data-widget_type=\"wd_image_or_svg.default\">\n\t\t\t\t<div class=\"elementor-widget-container\">\n\t\t\t\t\t\n\t\t<div class=\"wd-image text-center photoswipe-images\">\n\t\t\t\t\t\t\t<a  href=\"https:\/\/eauchauffage.com\/wp-content\/uploads\/2025\/09\/UC1-1.jpg\"data-width=\"594\" data-height=\"774\" data-elementor-open-lightbox=\"no\" aria-label=\"Image link\">\n\t\t\t\t\t\t\t\t<img fetchpriority=\"high\" decoding=\"async\" width=\"594\" height=\"774\" src=\"https:\/\/eauchauffage.com\/wp-content\/uploads\/2025\/09\/UC1-1.jpg\" class=\"attachment-full size-full\" alt=\"\" srcset=\"https:\/\/eauchauffage.com\/wp-content\/uploads\/2025\/09\/UC1-1.jpg 594w, https:\/\/eauchauffage.com\/wp-content\/uploads\/2025\/09\/UC1-1-230x300.jpg 230w, https:\/\/eauchauffage.com\/wp-content\/uploads\/2025\/09\/UC1-1-150x195.jpg 150w\" sizes=\"(max-width: 594px) 100vw, 594px\" \/>\t\t\t\t\t\t\t<\/a>\n\t\t\t\t\t<\/div>\n\n\t\t\t\t\t\t<\/div>\n\t\t\t\t<\/div>\n\t\t\t\t<\/div>\n\t\t\t\t\t<\/div>\n\t\t\t\t<\/div>\n\t\t\t\t<\/div>","protected":false},"excerpt":{"rendered":"<h4 data-start=\"509\" data-end=\"552\">Chauffe-eau \u00e9lectrique UltraChaud UC1<\/h4>\n<ul data-start=\"152\" data-end=\"513\">\n<li data-start=\"152\" data-end=\"194\">\n<p data-start=\"154\" data-end=\"194\">Disponible en <strong data-start=\"167\" data-end=\"181\">30L - 100L<\/strong> capacit\u00e9s<\/p>\n<\/li>\n<li data-start=\"195\" data-end=\"238\">\n<p data-start=\"197\" data-end=\"238\">Chauffage rapide avec une efficacit\u00e9 allant jusqu'\u00e0 75\u00b0C<\/p>\n<\/li>\n<li data-start=\"239\" data-end=\"292\">\n<p data-start=\"241\" data-end=\"292\">R\u00e9servoir int\u00e9rieur \u00e9maill\u00e9 pour l'hygi\u00e8ne et la durabilit\u00e9<\/p>\n<\/li>\n<li data-start=\"293\" data-end=\"356\">\n<p data-start=\"295\" data-end=\"356\">L'isolation PUF r\u00e9duit les pertes de chaleur et maintient l'eau chaude plus longtemps<\/p>\n<\/li>\n<li data-start=\"357\" data-end=\"425\">\n<p data-start=\"359\" data-end=\"425\">Syst\u00e8me de s\u00e9curit\u00e9 : thermostat + coupure thermique + protection contre les fuites<\/p>\n<\/li>\n<li data-start=\"426\" data-end=\"474\">\n<p data-start=\"428\" data-end=\"474\">Affichage num\u00e9rique pour un contr\u00f4le facile de la temp\u00e9rature<\/p>\n<\/li>\n<li data-start=\"475\" data-end=\"513\">\n<p data-start=\"477\" data-end=\"513\">Compact <strong data-start=\"485\" data-end=\"511\">design carr\u00e9 vertical<\/strong><\/p>\n<\/li>\n<\/ul>\n<p data-start=\"515\" data-end=\"572\"><strong data-start=\"515\" data-end=\"570\">Parfait pour les maisons, les appartements, les salons et les bureaux.<\/strong><\/p>","protected":false},"featured_media":11517,"comment_status":"open","ping_status":"closed","template":"","meta":[],"product_brand":[],"product_cat":[210,234],"product_tag":[],"class_list":{"0":"post-11516","1":"product","2":"type-product","3":"status-publish","4":"has-post-thumbnail","6":"product_cat-residential","7":"product_cat-ultrachaud","9":"first","10":"instock","11":"shipping-taxable","12":"product-type-simple"},"_links":{"self":[{"href":"https:\/\/eauchauffage.com\/fr\/wp-json\/wp\/v2\/product\/11516","targetHints":{"allow":["GET"]}}],"collection":[{"href":"https:\/\/eauchauffage.com\/fr\/wp-json\/wp\/v2\/product"}],"about":[{"href":"https:\/\/eauchauffage.com\/fr\/wp-json\/wp\/v2\/types\/product"}],"replies":[{"embeddable":true,"href":"https:\/\/eauchauffage.com\/fr\/wp-json\/wp\/v2\/comments?post=11516"}],"version-history":[{"count":8,"href":"https:\/\/eauchauffage.com\/fr\/wp-json\/wp\/v2\/product\/11516\/revisions"}],"predecessor-version":[{"id":12079,"href":"https:\/\/eauchauffage.com\/fr\/wp-json\/wp\/v2\/product\/11516\/revisions\/12079"}],"wp:featuredmedia":[{"embeddable":true,"href":"https:\/\/eauchauffage.com\/fr\/wp-json\/wp\/v2\/media\/11517"}],"wp:attachment":[{"href":"https:\/\/eauchauffage.com\/fr\/wp-json\/wp\/v2\/media?parent=11516"}],"wp:term":[{"taxonomy":"product_brand","embeddable":true,"href":"https:\/\/eauchauffage.com\/fr\/wp-json\/wp\/v2\/product_brand?post=11516"},{"taxonomy":"product_cat","embeddable":true,"href":"https:\/\/eauchauffage.com\/fr\/wp-json\/wp\/v2\/product_cat?post=11516"},{"taxonomy":"product_tag","embeddable":true,"href":"https:\/\/eauchauffage.com\/fr\/wp-json\/wp\/v2\/product_tag?post=11516"}],"curies":[{"name":"wp","href":"https:\/\/api.w.org\/{rel}","templated":true}]}}