{"id":11502,"date":"2025-09-23T11:51:24","date_gmt":"2025-09-23T11:51:24","guid":{"rendered":"https:\/\/eauchauffage.com\/?post_type=product&#038;p=11502"},"modified":"2025-09-27T10:00:21","modified_gmt":"2025-09-27T10:00:21","slug":"pc6","status":"publish","type":"product","link":"https:\/\/eauchauffage.com\/fr\/product\/pc6\/","title":{"rendered":"PC6"},"content":{"rendered":"<div data-elementor-type=\"wp-post\" data-elementor-id=\"11502\" class=\"elementor elementor-11502\">\n\t\t\t\t<div class=\"wd-negative-gap elementor-element elementor-element-395c680 e-flex e-con-boxed e-con e-parent\" data-id=\"395c680\" data-element_type=\"container\">\n\t\t\t\t\t<div class=\"e-con-inner\">\n\t\t<div class=\"elementor-element elementor-element-829b1a8 e-con-full e-flex e-con e-child\" data-id=\"829b1a8\" data-element_type=\"container\">\n\t\t\t\t<div class=\"elementor-element elementor-element-e8cd7f3 elementor-widget elementor-widget-wd_text_block\" data-id=\"e8cd7f3\" data-element_type=\"widget\" data-widget_type=\"wd_text_block.default\">\n\t\t\t\t<div class=\"elementor-widget-container\">\n\t\t\t\t\t\t\t<div class=\"wd-text-block reset-last-child text-left\">\n\t\t\t\n\t\t\t<p data-start=\"668\" data-end=\"961\">Les <strong data-start=\"672\" data-end=\"713\">PureConfort PC6 Chauffe-eau \u00e9lectrique<\/strong> est con\u00e7u pour fournir de l'eau chaude s\u00fbre, efficace et fiable aux m\u00e9nages et aux petites installations. Avec sa conception compacte verticale et son panneau de commande num\u00e9rique moderne, il offre un confort et une commodit\u00e9 avanc\u00e9s tout en conservant des performances de haut niveau.<\/p><h4 data-start=\"963\" data-end=\"981\"><strong data-start=\"967\" data-end=\"979\">Caract\u00e9ristiques :<\/strong><\/h4><ul data-start=\"982\" data-end=\"1604\"><li data-start=\"982\" data-end=\"1064\"><p data-start=\"984\" data-end=\"1064\"><strong data-start=\"984\" data-end=\"1012\">R\u00e9servoir int\u00e9rieur \u00e9maill\u00e9<\/strong> garantit l'hygi\u00e8ne et la durabilit\u00e9 contre la corrosion.<\/p><\/li><li data-start=\"1065\" data-end=\"1137\"><p data-start=\"1067\" data-end=\"1137\"><strong data-start=\"1067\" data-end=\"1086\">Anode en magn\u00e9sium<\/strong> prot\u00e8ge contre la rouille et prolonge la dur\u00e9e de vie du r\u00e9servoir.<\/p><\/li><li data-start=\"1138\" data-end=\"1237\"><p data-start=\"1140\" data-end=\"1237\"><strong data-start=\"1140\" data-end=\"1173\">Isolation en polyur\u00e9thane (PUF)<\/strong> r\u00e9duit les pertes de chaleur et assure une plus longue conservation de la chaleur de l'eau.<\/p><\/li><li data-start=\"1238\" data-end=\"1311\"><p data-start=\"1240\" data-end=\"1311\"><strong data-start=\"1240\" data-end=\"1280\">Thermostat de haute pr\u00e9cision jusqu'\u00e0 75\u00b0C<\/strong> avec protection contre la surchauffe.<\/p><\/li><li data-start=\"1312\" data-end=\"1397\"><p data-start=\"1314\" data-end=\"1397\"><strong data-start=\"1314\" data-end=\"1346\">Syst\u00e8me de s\u00e9curit\u00e9 complet :<\/strong> coupure thermique automatique + protection de la mise \u00e0 la terre.<\/p><\/li><li data-start=\"1398\" data-end=\"1460\"><p data-start=\"1400\" data-end=\"1460\"><strong data-start=\"1400\" data-end=\"1425\">Classe d'\u00e9tanch\u00e9it\u00e9 IPX4<\/strong> pour la protection contre les \u00e9claboussures.<\/p><\/li><li data-start=\"1461\" data-end=\"1532\"><p data-start=\"1463\" data-end=\"1532\"><strong data-start=\"1463\" data-end=\"1488\">Panneau de contr\u00f4le num\u00e9rique<\/strong> pour un fonctionnement pr\u00e9cis et convivial.<\/p><\/li><li data-start=\"1533\" data-end=\"1604\"><p data-start=\"1535\" data-end=\"1604\"><strong data-start=\"1535\" data-end=\"1562\">Conception verticale compacte<\/strong> qui s'adapte facilement \u00e0 diff\u00e9rents espaces.<\/p><\/li><\/ul><h4 data-start=\"1606\" data-end=\"1633\"><strong data-start=\"1610\" data-end=\"1631\">D\u00e9tails techniques :<\/strong><\/h4><ul data-start=\"1634\" data-end=\"1902\"><li data-start=\"1634\" data-end=\"1679\"><p data-start=\"1636\" data-end=\"1679\"><strong data-start=\"1636\" data-end=\"1657\">Options de capacit\u00e9 :<\/strong> 30L, 60L, 80L, 100L<\/p><\/li><li data-start=\"1680\" data-end=\"1716\"><p data-start=\"1682\" data-end=\"1716\"><strong data-start=\"1682\" data-end=\"1700\">Puissance de chauffage :<\/strong> 1500W - 2000W<\/p><\/li><li data-start=\"1717\" data-end=\"1742\"><p data-start=\"1719\" data-end=\"1742\"><strong data-start=\"1719\" data-end=\"1731\">Tension :<\/strong> 220-240V<\/p><\/li><li data-start=\"1743\" data-end=\"1771\"><p data-start=\"1745\" data-end=\"1771\"><strong data-start=\"1745\" data-end=\"1759\">Fr\u00e9quence :<\/strong> 50Hz\/60Hz<\/p><\/li><li data-start=\"1772\" data-end=\"1807\"><p data-start=\"1774\" data-end=\"1807\"><strong data-start=\"1774\" data-end=\"1797\">Pression de fonctionnement :<\/strong> 0,7 MPa<\/p><\/li><li data-start=\"1808\" data-end=\"1842\"><p data-start=\"1810\" data-end=\"1842\"><strong data-start=\"1810\" data-end=\"1832\">Plage de temp\u00e9rature :<\/strong> 30-75\u00b0C<\/p><\/li><li data-start=\"1843\" data-end=\"1902\"><p data-start=\"1845\" data-end=\"1902\"><strong data-start=\"1845\" data-end=\"1871\">Design vertical moderne<\/strong> avec des dimensions r\u00e9duites<\/p><\/li><\/ul><h4 data-start=\"1904\" data-end=\"1932\"><strong data-start=\"1908\" data-end=\"1930\">Applications id\u00e9ales :<\/strong><\/h4><ul data-start=\"1933\" data-end=\"2045\"><li data-start=\"1933\" data-end=\"1965\"><p data-start=\"1935\" data-end=\"1965\">Maisons (cuisines - salles de bains)<\/p><\/li><li data-start=\"1966\" data-end=\"1980\"><p data-start=\"1968\" data-end=\"1980\">Appartements<\/p><\/li><li data-start=\"1981\" data-end=\"2010\"><p data-start=\"1983\" data-end=\"2010\">Salons et centres de beaut\u00e9<\/p><\/li><li data-start=\"2011\" data-end=\"2045\"><p data-start=\"2013\" data-end=\"2045\">Bureaux et services<\/p><\/li><\/ul>\n\t\t\t\t\t<\/div>\n\t\t\t\t\t\t<\/div>\n\t\t\t\t<\/div>\n\t\t\t\t<\/div>\n\t\t<div class=\"elementor-element elementor-element-ce7734e e-con-full e-flex e-con e-child\" data-id=\"ce7734e\" data-element_type=\"container\">\n\t\t\t\t<div class=\"elementor-element elementor-element-3045f04 elementor-widget elementor-widget-wd_image_or_svg\" data-id=\"3045f04\" data-element_type=\"widget\" data-widget_type=\"wd_image_or_svg.default\">\n\t\t\t\t<div class=\"elementor-widget-container\">\n\t\t\t\t\t\n\t\t<div class=\"wd-image text-center photoswipe-images\">\n\t\t\t\t\t\t\t<a  href=\"https:\/\/eauchauffage.com\/wp-content\/uploads\/2025\/09\/PC6-1.jpg\"data-width=\"594\" data-height=\"770\" data-elementor-open-lightbox=\"no\" aria-label=\"Image link\">\n\t\t\t\t\t\t\t\t<img fetchpriority=\"high\" decoding=\"async\" width=\"594\" height=\"770\" src=\"https:\/\/eauchauffage.com\/wp-content\/uploads\/2025\/09\/PC6-1.jpg\" class=\"attachment-full size-full\" alt=\"\" srcset=\"https:\/\/eauchauffage.com\/wp-content\/uploads\/2025\/09\/PC6-1.jpg 594w, https:\/\/eauchauffage.com\/wp-content\/uploads\/2025\/09\/PC6-1-231x300.jpg 231w, https:\/\/eauchauffage.com\/wp-content\/uploads\/2025\/09\/PC6-1-150x194.jpg 150w\" sizes=\"(max-width: 594px) 100vw, 594px\" \/>\t\t\t\t\t\t\t<\/a>\n\t\t\t\t\t<\/div>\n\n\t\t\t\t\t\t<\/div>\n\t\t\t\t<\/div>\n\t\t\t\t<\/div>\n\t\t\t\t\t<\/div>\n\t\t\t\t<\/div>\n\t\t\t\t<\/div>","protected":false},"excerpt":{"rendered":"<h4 data-start=\"509\" data-end=\"552\">PureConfort PC6 Chauffe-eau \u00e9lectrique<\/h4>\n<ul data-start=\"160\" data-end=\"529\">\n<li data-start=\"160\" data-end=\"202\">\n<p data-start=\"162\" data-end=\"202\">Disponible en <strong data-start=\"175\" data-end=\"189\">30L - 100L<\/strong> capacit\u00e9s<\/p>\n<\/li>\n<li data-start=\"203\" data-end=\"251\">\n<p data-start=\"205\" data-end=\"251\">Chauffage rapide et efficace jusqu'\u00e0 75\u00b0C<\/p>\n<\/li>\n<li data-start=\"252\" data-end=\"315\">\n<p data-start=\"254\" data-end=\"315\">R\u00e9servoir int\u00e9rieur \u00e9maill\u00e9 pour l'hygi\u00e8ne et la r\u00e9sistance \u00e0 la corrosion<\/p>\n<\/li>\n<li data-start=\"316\" data-end=\"359\">\n<p data-start=\"318\" data-end=\"359\">Isolation PUF pour garder l'eau chaude plus longtemps<\/p>\n<\/li>\n<li data-start=\"360\" data-end=\"425\">\n<p data-start=\"362\" data-end=\"425\">Syst\u00e8me de s\u00e9curit\u00e9 complet : thermostat + coupure + protection contre les fuites<\/p>\n<\/li>\n<li data-start=\"426\" data-end=\"483\">\n<p data-start=\"428\" data-end=\"483\">Panneau de contr\u00f4le num\u00e9rique pour un r\u00e9glage facile de la temp\u00e9rature<\/p>\n<\/li>\n<li data-start=\"484\" data-end=\"529\">\n<p data-start=\"486\" data-end=\"529\">Conception verticale compacte avec un style moderne<\/p>\n<\/li>\n<\/ul>\n<p data-start=\"531\" data-end=\"595\"><strong data-start=\"531\" data-end=\"593\">Id\u00e9al pour les maisons, les appartements, les salons et les petites installations.<\/strong><\/p>","protected":false},"featured_media":11503,"comment_status":"open","ping_status":"closed","template":"","meta":[],"product_brand":[],"product_cat":[233,210],"product_tag":[],"class_list":{"0":"post-11502","1":"product","2":"type-product","3":"status-publish","4":"has-post-thumbnail","6":"product_cat-pureconfort","7":"product_cat-residential","9":"first","10":"instock","11":"shipping-taxable","12":"product-type-simple"},"_links":{"self":[{"href":"https:\/\/eauchauffage.com\/fr\/wp-json\/wp\/v2\/product\/11502","targetHints":{"allow":["GET"]}}],"collection":[{"href":"https:\/\/eauchauffage.com\/fr\/wp-json\/wp\/v2\/product"}],"about":[{"href":"https:\/\/eauchauffage.com\/fr\/wp-json\/wp\/v2\/types\/product"}],"replies":[{"embeddable":true,"href":"https:\/\/eauchauffage.com\/fr\/wp-json\/wp\/v2\/comments?post=11502"}],"version-history":[{"count":5,"href":"https:\/\/eauchauffage.com\/fr\/wp-json\/wp\/v2\/product\/11502\/revisions"}],"predecessor-version":[{"id":12081,"href":"https:\/\/eauchauffage.com\/fr\/wp-json\/wp\/v2\/product\/11502\/revisions\/12081"}],"wp:featuredmedia":[{"embeddable":true,"href":"https:\/\/eauchauffage.com\/fr\/wp-json\/wp\/v2\/media\/11503"}],"wp:attachment":[{"href":"https:\/\/eauchauffage.com\/fr\/wp-json\/wp\/v2\/media?parent=11502"}],"wp:term":[{"taxonomy":"product_brand","embeddable":true,"href":"https:\/\/eauchauffage.com\/fr\/wp-json\/wp\/v2\/product_brand?post=11502"},{"taxonomy":"product_cat","embeddable":true,"href":"https:\/\/eauchauffage.com\/fr\/wp-json\/wp\/v2\/product_cat?post=11502"},{"taxonomy":"product_tag","embeddable":true,"href":"https:\/\/eauchauffage.com\/fr\/wp-json\/wp\/v2\/product_tag?post=11502"}],"curies":[{"name":"wp","href":"https:\/\/api.w.org\/{rel}","templated":true}]}}