{"id":11450,"date":"2025-09-23T11:27:59","date_gmt":"2025-09-23T11:27:59","guid":{"rendered":"https:\/\/eauchauffage.com\/?post_type=product&#038;p=11450"},"modified":"2025-09-27T10:03:19","modified_gmt":"2025-09-27T10:03:19","slug":"cr8","status":"publish","type":"product","link":"https:\/\/eauchauffage.com\/fr\/product\/cr8\/","title":{"rendered":"CR8"},"content":{"rendered":"<div data-elementor-type=\"wp-post\" data-elementor-id=\"11450\" class=\"elementor elementor-11450\">\n\t\t\t\t<div class=\"wd-negative-gap elementor-element elementor-element-395c680 e-flex e-con-boxed e-con e-parent\" data-id=\"395c680\" data-element_type=\"container\">\n\t\t\t\t\t<div class=\"e-con-inner\">\n\t\t<div class=\"elementor-element elementor-element-829b1a8 e-con-full e-flex e-con e-child\" data-id=\"829b1a8\" data-element_type=\"container\">\n\t\t\t\t<div class=\"elementor-element elementor-element-e8cd7f3 elementor-widget elementor-widget-wd_text_block\" data-id=\"e8cd7f3\" data-element_type=\"widget\" data-widget_type=\"wd_text_block.default\">\n\t\t\t\t<div class=\"elementor-widget-container\">\n\t\t\t\t\t\t\t<div class=\"wd-text-block reset-last-child text-left\">\n\t\t\t\n\t\t\t<p data-start=\"616\" data-end=\"931\">Les <strong data-start=\"620\" data-end=\"663\">ChaleurRapide CR8 Chauffe-eau \u00e9lectrique<\/strong> est con\u00e7u pour fournir de l'eau chaude de mani\u00e8re fiable, efficace et s\u00fbre aux m\u00e9nages et aux petites installations. Avec sa technologie de chauffage avanc\u00e9e, son contr\u00f4le pr\u00e9cis de la temp\u00e9rature et son affichage num\u00e9rique, il allie performance et commodit\u00e9 moderne dans un design vertical compact.<\/p><h4 data-start=\"933\" data-end=\"951\"><strong data-start=\"937\" data-end=\"949\">Caract\u00e9ristiques :<\/strong><\/h4><ul data-start=\"952\" data-end=\"1556\"><li data-start=\"952\" data-end=\"1025\"><p data-start=\"954\" data-end=\"1025\"><strong data-start=\"954\" data-end=\"982\">R\u00e9servoir int\u00e9rieur \u00e9maill\u00e9<\/strong> pour l'hygi\u00e8ne et la r\u00e9sistance \u00e0 la corrosion.<\/p><\/li><li data-start=\"1026\" data-end=\"1099\"><p data-start=\"1028\" data-end=\"1099\"><strong data-start=\"1028\" data-end=\"1047\">Anode en magn\u00e9sium<\/strong> pour prot\u00e9ger le r\u00e9servoir contre la rouille et prolonger sa dur\u00e9e de vie.<\/p><\/li><li data-start=\"1100\" data-end=\"1202\"><p data-start=\"1102\" data-end=\"1202\"><strong data-start=\"1102\" data-end=\"1135\">Isolation en polyur\u00e9thane (PUF)<\/strong> r\u00e9duit les pertes de chaleur et garantit la disponibilit\u00e9 de l'eau chaude plus longtemps.<\/p><\/li><li data-start=\"1203\" data-end=\"1276\"><p data-start=\"1205\" data-end=\"1276\"><strong data-start=\"1205\" data-end=\"1245\">Thermostat de haute pr\u00e9cision jusqu'\u00e0 75\u00b0C<\/strong> avec protection contre la surchauffe.<\/p><\/li><li data-start=\"1277\" data-end=\"1362\"><p data-start=\"1279\" data-end=\"1362\"><strong data-start=\"1279\" data-end=\"1311\">Syst\u00e8me de s\u00e9curit\u00e9 complet :<\/strong> coupure thermique automatique + protection de la mise \u00e0 la terre.<\/p><\/li><li data-start=\"1363\" data-end=\"1425\"><p data-start=\"1365\" data-end=\"1425\"><strong data-start=\"1365\" data-end=\"1390\">Classe d'\u00e9tanch\u00e9it\u00e9 IPX4<\/strong> pour la protection contre les \u00e9claboussures.<\/p><\/li><li data-start=\"1426\" data-end=\"1482\"><p data-start=\"1428\" data-end=\"1482\"><strong data-start=\"1428\" data-end=\"1459\">Affichage num\u00e9rique de la temp\u00e9rature<\/strong> pour un contr\u00f4le ais\u00e9.<\/p><\/li><li data-start=\"1483\" data-end=\"1556\"><p data-start=\"1485\" data-end=\"1556\"><strong data-start=\"1485\" data-end=\"1512\">Conception verticale compacte<\/strong> s'adaptent \u00e0 diff\u00e9rents espaces d'installation.<\/p><\/li><\/ul><h4 data-start=\"1558\" data-end=\"1585\"><strong data-start=\"1562\" data-end=\"1583\">D\u00e9tails techniques :<\/strong><\/h4><ul data-start=\"1586\" data-end=\"1856\"><li data-start=\"1586\" data-end=\"1631\"><p data-start=\"1588\" data-end=\"1631\"><strong data-start=\"1588\" data-end=\"1609\">Options de capacit\u00e9 :<\/strong> 30L, 60L, 80L, 100L<\/p><\/li><li data-start=\"1632\" data-end=\"1668\"><p data-start=\"1634\" data-end=\"1668\"><strong data-start=\"1634\" data-end=\"1652\">Puissance de chauffage :<\/strong> 1500W - 2000W<\/p><\/li><li data-start=\"1669\" data-end=\"1694\"><p data-start=\"1671\" data-end=\"1694\"><strong data-start=\"1671\" data-end=\"1683\">Tension :<\/strong> 220-240V<\/p><\/li><li data-start=\"1695\" data-end=\"1723\"><p data-start=\"1697\" data-end=\"1723\"><strong data-start=\"1697\" data-end=\"1711\">Fr\u00e9quence :<\/strong> 50Hz\/60Hz<\/p><\/li><li data-start=\"1724\" data-end=\"1759\"><p data-start=\"1726\" data-end=\"1759\"><strong data-start=\"1726\" data-end=\"1749\">Pression de fonctionnement :<\/strong> 0,7 MPa<\/p><\/li><li data-start=\"1760\" data-end=\"1794\"><p data-start=\"1762\" data-end=\"1794\"><strong data-start=\"1762\" data-end=\"1784\">Plage de temp\u00e9rature :<\/strong> 30-75\u00b0C<\/p><\/li><li data-start=\"1795\" data-end=\"1856\"><p data-start=\"1797\" data-end=\"1856\"><strong data-start=\"1797\" data-end=\"1819\">Dimensions du produit<\/strong> con\u00e7u pour une installation verticale<\/p><\/li><\/ul><h4 data-start=\"1858\" data-end=\"1886\"><strong data-start=\"1862\" data-end=\"1884\">Applications id\u00e9ales :<\/strong><\/h4><ul data-start=\"1887\" data-end=\"2005\"><li data-start=\"1887\" data-end=\"1919\"><p data-start=\"1889\" data-end=\"1919\">Maisons (cuisines - salles de bains)<\/p><\/li><li data-start=\"1920\" data-end=\"1934\"><p data-start=\"1922\" data-end=\"1934\">Appartements<\/p><\/li><li data-start=\"1935\" data-end=\"1964\"><p data-start=\"1937\" data-end=\"1964\">Salons et centres de beaut\u00e9<\/p><\/li><li data-start=\"1965\" data-end=\"2005\"><p data-start=\"1967\" data-end=\"2005\">Bureaux et petits services<\/p><\/li><\/ul>\n\t\t\t\t\t<\/div>\n\t\t\t\t\t\t<\/div>\n\t\t\t\t<\/div>\n\t\t\t\t<\/div>\n\t\t<div class=\"elementor-element elementor-element-ce7734e e-con-full e-flex e-con e-child\" data-id=\"ce7734e\" data-element_type=\"container\">\n\t\t\t\t<div class=\"elementor-element elementor-element-3045f04 elementor-widget elementor-widget-wd_image_or_svg\" data-id=\"3045f04\" data-element_type=\"widget\" data-widget_type=\"wd_image_or_svg.default\">\n\t\t\t\t<div class=\"elementor-widget-container\">\n\t\t\t\t\t\n\t\t<div class=\"wd-image text-center photoswipe-images\">\n\t\t\t\t\t\t\t<a  href=\"https:\/\/eauchauffage.com\/wp-content\/uploads\/2025\/09\/CR8-1.jpg\"data-width=\"594\" data-height=\"772\" data-elementor-open-lightbox=\"no\" aria-label=\"Image link\">\n\t\t\t\t\t\t\t\t<img fetchpriority=\"high\" decoding=\"async\" width=\"594\" height=\"772\" src=\"https:\/\/eauchauffage.com\/wp-content\/uploads\/2025\/09\/CR8-1.jpg\" class=\"attachment-full size-full\" alt=\"\" srcset=\"https:\/\/eauchauffage.com\/wp-content\/uploads\/2025\/09\/CR8-1.jpg 594w, https:\/\/eauchauffage.com\/wp-content\/uploads\/2025\/09\/CR8-1-231x300.jpg 231w, https:\/\/eauchauffage.com\/wp-content\/uploads\/2025\/09\/CR8-1-150x195.jpg 150w\" sizes=\"(max-width: 594px) 100vw, 594px\" \/>\t\t\t\t\t\t\t<\/a>\n\t\t\t\t\t<\/div>\n\n\t\t\t\t\t\t<\/div>\n\t\t\t\t<\/div>\n\t\t\t\t<\/div>\n\t\t\t\t\t<\/div>\n\t\t\t\t<\/div>\n\t\t\t\t<\/div>","protected":false},"excerpt":{"rendered":"<h4 data-start=\"509\" data-end=\"552\">ChaleurRapide CR8 Chauffe-eau \u00e9lectrique<\/h4>\n<ul data-start=\"166\" data-end=\"473\">\n<li data-start=\"166\" data-end=\"208\">\n<p data-start=\"168\" data-end=\"208\">Disponible en <strong data-start=\"181\" data-end=\"195\">30L - 100L<\/strong> capacit\u00e9s<\/p>\n<\/li>\n<li data-start=\"209\" data-end=\"257\">\n<p data-start=\"211\" data-end=\"257\">Chauffage rapide et efficace jusqu'\u00e0 75\u00b0C<\/p>\n<\/li>\n<li data-start=\"258\" data-end=\"313\">\n<p data-start=\"260\" data-end=\"313\">R\u00e9servoir int\u00e9rieur \u00e9maill\u00e9 pour la durabilit\u00e9 et l'hygi\u00e8ne<\/p>\n<\/li>\n<li data-start=\"314\" data-end=\"355\">\n<p data-start=\"316\" data-end=\"355\">L'isolation PUF maintient l'eau chaude plus longtemps<\/p>\n<\/li>\n<li data-start=\"356\" data-end=\"416\">\n<p data-start=\"358\" data-end=\"416\">Syst\u00e8me de s\u00e9curit\u00e9 : thermostat + coupure + protection contre les fuites<\/p>\n<\/li>\n<li data-start=\"417\" data-end=\"473\">\n<p data-start=\"419\" data-end=\"473\">Conception verticale compacte avec affichage de la temp\u00e9rature par LED<\/p>\n<\/li>\n<\/ul>\n<p data-start=\"475\" data-end=\"541\"><strong data-start=\"475\" data-end=\"539\">Parfait pour les maisons, les appartements, les salons et les petites installations.<\/strong><\/p>","protected":false},"featured_media":11451,"comment_status":"open","ping_status":"closed","template":"","meta":[],"product_brand":[],"product_cat":[232,210],"product_tag":[],"class_list":{"0":"post-11450","1":"product","2":"type-product","3":"status-publish","4":"has-post-thumbnail","6":"product_cat-chaleurrapide","7":"product_cat-residential","9":"first","10":"instock","11":"shipping-taxable","12":"product-type-simple"},"_links":{"self":[{"href":"https:\/\/eauchauffage.com\/fr\/wp-json\/wp\/v2\/product\/11450","targetHints":{"allow":["GET"]}}],"collection":[{"href":"https:\/\/eauchauffage.com\/fr\/wp-json\/wp\/v2\/product"}],"about":[{"href":"https:\/\/eauchauffage.com\/fr\/wp-json\/wp\/v2\/types\/product"}],"replies":[{"embeddable":true,"href":"https:\/\/eauchauffage.com\/fr\/wp-json\/wp\/v2\/comments?post=11450"}],"version-history":[{"count":5,"href":"https:\/\/eauchauffage.com\/fr\/wp-json\/wp\/v2\/product\/11450\/revisions"}],"predecessor-version":[{"id":12087,"href":"https:\/\/eauchauffage.com\/fr\/wp-json\/wp\/v2\/product\/11450\/revisions\/12087"}],"wp:featuredmedia":[{"embeddable":true,"href":"https:\/\/eauchauffage.com\/fr\/wp-json\/wp\/v2\/media\/11451"}],"wp:attachment":[{"href":"https:\/\/eauchauffage.com\/fr\/wp-json\/wp\/v2\/media?parent=11450"}],"wp:term":[{"taxonomy":"product_brand","embeddable":true,"href":"https:\/\/eauchauffage.com\/fr\/wp-json\/wp\/v2\/product_brand?post=11450"},{"taxonomy":"product_cat","embeddable":true,"href":"https:\/\/eauchauffage.com\/fr\/wp-json\/wp\/v2\/product_cat?post=11450"},{"taxonomy":"product_tag","embeddable":true,"href":"https:\/\/eauchauffage.com\/fr\/wp-json\/wp\/v2\/product_tag?post=11450"}],"curies":[{"name":"wp","href":"https:\/\/api.w.org\/{rel}","templated":true}]}}