{"id":11394,"date":"2025-09-23T11:14:57","date_gmt":"2025-09-23T11:14:57","guid":{"rendered":"https:\/\/eauchauffage.com\/?post_type=product&#038;p=11394"},"modified":"2025-09-27T10:05:19","modified_gmt":"2025-09-27T10:05:19","slug":"ap4","status":"publish","type":"product","link":"https:\/\/eauchauffage.com\/fr\/product\/ap4\/","title":{"rendered":"AP4"},"content":{"rendered":"<div data-elementor-type=\"wp-post\" data-elementor-id=\"11394\" class=\"elementor elementor-11394\">\n\t\t\t\t<div class=\"wd-negative-gap elementor-element elementor-element-395c680 e-flex e-con-boxed e-con e-parent\" data-id=\"395c680\" data-element_type=\"container\">\n\t\t\t\t\t<div class=\"e-con-inner\">\n\t\t<div class=\"elementor-element elementor-element-829b1a8 e-con-full e-flex e-con e-child\" data-id=\"829b1a8\" data-element_type=\"container\">\n\t\t\t\t<div class=\"elementor-element elementor-element-e8cd7f3 elementor-widget elementor-widget-wd_text_block\" data-id=\"e8cd7f3\" data-element_type=\"widget\" data-widget_type=\"wd_text_block.default\">\n\t\t\t\t<div class=\"elementor-widget-container\">\n\t\t\t\t\t\t\t<div class=\"wd-text-block reset-last-child text-left\">\n\t\t\t\n\t\t\t<p data-start=\"683\" data-end=\"997\">Les <strong data-start=\"687\" data-end=\"724\">AquaPro AP4 Chauffe-eau \u00e9lectrique<\/strong> est con\u00e7u avec une qualit\u00e9 sup\u00e9rieure pour fournir de l'eau chaude fiable et s\u00fbre aux m\u00e9nages et aux petites installations. Sa conception carr\u00e9e horizontale la rend id\u00e9ale pour les installations compactes, tandis que les caract\u00e9ristiques d'isolation et de s\u00e9curit\u00e9 avanc\u00e9es garantissent l'efficacit\u00e9 et la performance \u00e0 long terme.<\/p><h4 data-start=\"999\" data-end=\"1017\"><strong data-start=\"1003\" data-end=\"1015\">Caract\u00e9ristiques :<\/strong><\/h4><ul data-start=\"1018\" data-end=\"1571\"><li data-start=\"1018\" data-end=\"1089\"><p data-start=\"1020\" data-end=\"1089\"><strong data-start=\"1020\" data-end=\"1048\">R\u00e9servoir int\u00e9rieur \u00e9maill\u00e9<\/strong> garantit l'hygi\u00e8ne et r\u00e9siste \u00e0 la corrosion.<\/p><\/li><li data-start=\"1090\" data-end=\"1179\"><p data-start=\"1092\" data-end=\"1179\"><strong data-start=\"1092\" data-end=\"1111\">Anode en magn\u00e9sium<\/strong> offre une protection suppl\u00e9mentaire contre la rouille, prolongeant ainsi la dur\u00e9e de vie du r\u00e9servoir.<\/p><\/li><li data-start=\"1180\" data-end=\"1279\"><p data-start=\"1182\" data-end=\"1279\"><strong data-start=\"1182\" data-end=\"1215\">Isolation en polyur\u00e9thane (PUF)<\/strong> minimise les pertes de chaleur et maintient l'eau chaude pendant de longues p\u00e9riodes.<\/p><\/li><li data-start=\"1280\" data-end=\"1353\"><p data-start=\"1282\" data-end=\"1353\"><strong data-start=\"1282\" data-end=\"1322\">Thermostat de haute pr\u00e9cision jusqu'\u00e0 75\u00b0C<\/strong> avec protection contre la surchauffe.<\/p><\/li><li data-start=\"1354\" data-end=\"1439\"><p data-start=\"1356\" data-end=\"1439\"><strong data-start=\"1356\" data-end=\"1388\">Syst\u00e8me de s\u00e9curit\u00e9 complet :<\/strong> coupure thermique automatique + protection de la mise \u00e0 la terre.<\/p><\/li><li data-start=\"1440\" data-end=\"1492\"><p data-start=\"1442\" data-end=\"1492\"><strong data-start=\"1442\" data-end=\"1467\">Classe d'\u00e9tanch\u00e9it\u00e9 IPX4<\/strong> pour la r\u00e9sistance aux \u00e9claboussures.<\/p><\/li><li data-start=\"1493\" data-end=\"1571\"><p data-start=\"1495\" data-end=\"1571\"><strong data-start=\"1495\" data-end=\"1523\">Design carr\u00e9 horizontal<\/strong> pour une installation polyvalente dans des espaces limit\u00e9s.<\/p><\/li><\/ul><h4 data-start=\"1573\" data-end=\"1600\"><strong data-start=\"1577\" data-end=\"1598\">D\u00e9tails techniques :<\/strong><\/h4><ul data-start=\"1601\" data-end=\"1880\"><li data-start=\"1601\" data-end=\"1641\"><p data-start=\"1603\" data-end=\"1641\"><strong data-start=\"1603\" data-end=\"1624\">Options de capacit\u00e9 :<\/strong> 30L, 80L, 100L<\/p><\/li><li data-start=\"1642\" data-end=\"1678\"><p data-start=\"1644\" data-end=\"1678\"><strong data-start=\"1644\" data-end=\"1662\">Puissance de chauffage :<\/strong> 1500W - 2000W<\/p><\/li><li data-start=\"1679\" data-end=\"1704\"><p data-start=\"1681\" data-end=\"1704\"><strong data-start=\"1681\" data-end=\"1693\">Tension :<\/strong> 220-240V<\/p><\/li><li data-start=\"1705\" data-end=\"1733\"><p data-start=\"1707\" data-end=\"1733\"><strong data-start=\"1707\" data-end=\"1721\">Fr\u00e9quence :<\/strong> 50Hz\/60Hz<\/p><\/li><li data-start=\"1734\" data-end=\"1769\"><p data-start=\"1736\" data-end=\"1769\"><strong data-start=\"1736\" data-end=\"1759\">Pression de fonctionnement :<\/strong> 0,7 MPa<\/p><\/li><li data-start=\"1770\" data-end=\"1804\"><p data-start=\"1772\" data-end=\"1804\"><strong data-start=\"1772\" data-end=\"1794\">Plage de temp\u00e9rature :<\/strong> 30-75\u00b0C<\/p><\/li><li data-start=\"1805\" data-end=\"1880\"><p data-start=\"1807\" data-end=\"1880\"><strong data-start=\"1807\" data-end=\"1839\">Dimensions du carr\u00e9 horizontal<\/strong> convient pour une installation murale<\/p><\/li><\/ul><h4 data-start=\"1882\" data-end=\"1910\"><strong data-start=\"1886\" data-end=\"1908\">Applications id\u00e9ales :<\/strong><\/h4><ul data-start=\"1911\" data-end=\"2021\"><li data-start=\"1911\" data-end=\"1943\"><p data-start=\"1913\" data-end=\"1943\">Maisons (cuisines - salles de bains)<\/p><\/li><li data-start=\"1944\" data-end=\"1958\"><p data-start=\"1946\" data-end=\"1958\">Appartements<\/p><\/li><li data-start=\"1959\" data-end=\"1988\"><p data-start=\"1961\" data-end=\"1988\">Salons et centres de beaut\u00e9<\/p><\/li><li data-start=\"1989\" data-end=\"2021\"><p data-start=\"1991\" data-end=\"2021\">Bureaux et petites installations<\/p><\/li><\/ul>\n\t\t\t\t\t<\/div>\n\t\t\t\t\t\t<\/div>\n\t\t\t\t<\/div>\n\t\t\t\t<\/div>\n\t\t<div class=\"elementor-element elementor-element-ce7734e e-con-full e-flex e-con e-child\" data-id=\"ce7734e\" data-element_type=\"container\">\n\t\t\t\t<div class=\"elementor-element elementor-element-3045f04 elementor-widget elementor-widget-wd_image_or_svg\" data-id=\"3045f04\" data-element_type=\"widget\" data-widget_type=\"wd_image_or_svg.default\">\n\t\t\t\t<div class=\"elementor-widget-container\">\n\t\t\t\t\t\n\t\t<div class=\"wd-image text-center photoswipe-images\">\n\t\t\t\t\t\t\t<a  href=\"https:\/\/eauchauffage.com\/wp-content\/uploads\/2025\/09\/AP4-1.jpg\"data-width=\"594\" data-height=\"772\" data-elementor-open-lightbox=\"no\" aria-label=\"Image link\">\n\t\t\t\t\t\t\t\t<img fetchpriority=\"high\" decoding=\"async\" width=\"594\" height=\"772\" src=\"https:\/\/eauchauffage.com\/wp-content\/uploads\/2025\/09\/AP4-1.jpg\" class=\"attachment-full size-full\" alt=\"\" srcset=\"https:\/\/eauchauffage.com\/wp-content\/uploads\/2025\/09\/AP4-1.jpg 594w, https:\/\/eauchauffage.com\/wp-content\/uploads\/2025\/09\/AP4-1-231x300.jpg 231w, https:\/\/eauchauffage.com\/wp-content\/uploads\/2025\/09\/AP4-1-150x195.jpg 150w\" sizes=\"(max-width: 594px) 100vw, 594px\" \/>\t\t\t\t\t\t\t<\/a>\n\t\t\t\t\t<\/div>\n\n\t\t\t\t\t\t<\/div>\n\t\t\t\t<\/div>\n\t\t\t\t<\/div>\n\t\t\t\t\t<\/div>\n\t\t\t\t<\/div>\n\t\t\t\t<\/div>","protected":false},"excerpt":{"rendered":"<h4 data-start=\"509\" data-end=\"552\">AquaPro AP4 Chauffe-eau \u00e9lectrique<\/h4>\n<ul data-start=\"225\" data-end=\"557\">\n<li data-start=\"225\" data-end=\"273\">\n<p data-start=\"227\" data-end=\"273\">Disponible en <strong data-start=\"240\" data-end=\"260\">30L - 80L - 100L<\/strong> capacit\u00e9s<\/p>\n<\/li>\n<li data-start=\"274\" data-end=\"322\">\n<p data-start=\"276\" data-end=\"322\">Chauffage rapide et efficace jusqu'\u00e0 75\u00b0C<\/p>\n<\/li>\n<li data-start=\"323\" data-end=\"376\">\n<p data-start=\"325\" data-end=\"376\">R\u00e9servoir int\u00e9rieur \u00e9maill\u00e9 pour une meilleure r\u00e9sistance \u00e0 la corrosion<\/p>\n<\/li>\n<li data-start=\"377\" data-end=\"433\">\n<p data-start=\"379\" data-end=\"433\">L'isolation en polyur\u00e9thane (PUF) maintient l'eau chaude plus longtemps<\/p>\n<\/li>\n<li data-start=\"434\" data-end=\"499\">\n<p data-start=\"436\" data-end=\"499\">Syst\u00e8me de s\u00e9curit\u00e9 complet : thermostat + coupure + protection contre les fuites<\/p>\n<\/li>\n<li data-start=\"500\" data-end=\"557\">\n<p data-start=\"502\" data-end=\"557\">Compact <strong data-start=\"510\" data-end=\"538\">design carr\u00e9 horizontal<\/strong> qui \u00e9conomise de l'espace<\/p>\n<\/li>\n<\/ul>\n<p data-start=\"559\" data-end=\"614\"><strong data-start=\"559\" data-end=\"612\">Id\u00e9al pour les maisons, les appartements, les salons et les bureaux.<\/strong><\/p>","protected":false},"featured_media":11395,"comment_status":"open","ping_status":"closed","template":"","meta":[],"product_brand":[],"product_cat":[231,210],"product_tag":[],"class_list":{"0":"post-11394","1":"product","2":"type-product","3":"status-publish","4":"has-post-thumbnail","6":"product_cat-aquapro","7":"product_cat-residential","9":"first","10":"instock","11":"shipping-taxable","12":"product-type-simple"},"_links":{"self":[{"href":"https:\/\/eauchauffage.com\/fr\/wp-json\/wp\/v2\/product\/11394","targetHints":{"allow":["GET"]}}],"collection":[{"href":"https:\/\/eauchauffage.com\/fr\/wp-json\/wp\/v2\/product"}],"about":[{"href":"https:\/\/eauchauffage.com\/fr\/wp-json\/wp\/v2\/types\/product"}],"replies":[{"embeddable":true,"href":"https:\/\/eauchauffage.com\/fr\/wp-json\/wp\/v2\/comments?post=11394"}],"version-history":[{"count":5,"href":"https:\/\/eauchauffage.com\/fr\/wp-json\/wp\/v2\/product\/11394\/revisions"}],"predecessor-version":[{"id":12095,"href":"https:\/\/eauchauffage.com\/fr\/wp-json\/wp\/v2\/product\/11394\/revisions\/12095"}],"wp:featuredmedia":[{"embeddable":true,"href":"https:\/\/eauchauffage.com\/fr\/wp-json\/wp\/v2\/media\/11395"}],"wp:attachment":[{"href":"https:\/\/eauchauffage.com\/fr\/wp-json\/wp\/v2\/media?parent=11394"}],"wp:term":[{"taxonomy":"product_brand","embeddable":true,"href":"https:\/\/eauchauffage.com\/fr\/wp-json\/wp\/v2\/product_brand?post=11394"},{"taxonomy":"product_cat","embeddable":true,"href":"https:\/\/eauchauffage.com\/fr\/wp-json\/wp\/v2\/product_cat?post=11394"},{"taxonomy":"product_tag","embeddable":true,"href":"https:\/\/eauchauffage.com\/fr\/wp-json\/wp\/v2\/product_tag?post=11394"}],"curies":[{"name":"wp","href":"https:\/\/api.w.org\/{rel}","templated":true}]}}