{"id":11362,"date":"2025-09-23T10:59:54","date_gmt":"2025-09-23T10:59:54","guid":{"rendered":"https:\/\/eauchauffage.com\/?post_type=product&#038;p=11362"},"modified":"2025-09-27T10:06:25","modified_gmt":"2025-09-27T10:06:25","slug":"ec4","status":"publish","type":"product","link":"https:\/\/eauchauffage.com\/fr\/product\/ec4\/","title":{"rendered":"\u00c9C4"},"content":{"rendered":"<div data-elementor-type=\"wp-post\" data-elementor-id=\"11362\" class=\"elementor elementor-11362\">\n\t\t\t\t<div class=\"wd-negative-gap elementor-element elementor-element-395c680 e-flex e-con-boxed e-con e-parent\" data-id=\"395c680\" data-element_type=\"container\">\n\t\t\t\t\t<div class=\"e-con-inner\">\n\t\t<div class=\"elementor-element elementor-element-829b1a8 e-con-full e-flex e-con e-child\" data-id=\"829b1a8\" data-element_type=\"container\">\n\t\t\t\t<div class=\"elementor-element elementor-element-e8cd7f3 elementor-widget elementor-widget-wd_text_block\" data-id=\"e8cd7f3\" data-element_type=\"widget\" data-widget_type=\"wd_text_block.default\">\n\t\t\t\t<div class=\"elementor-widget-container\">\n\t\t\t\t\t\t\t<div class=\"wd-text-block reset-last-child text-left\">\n\t\t\t\n\t\t\t<p data-start=\"1429\" data-end=\"1734\">Les <strong data-start=\"1433\" data-end=\"1471\">Chauffe-eau \u00e9lectrique \u00c9coChaud EC4<\/strong> est construit avec une qualit\u00e9 sup\u00e9rieure pour fournir de l'eau chaude stable et s\u00fbre pour les maisons, les petits appartements et diverses installations. Gr\u00e2ce \u00e0 une isolation thermique avanc\u00e9e et \u00e0 un contr\u00f4le pr\u00e9cis de la temp\u00e9rature, il constitue une solution pratique et \u00e9conomique pour une utilisation quotidienne \u00e0 long terme.<\/p><h4 data-start=\"1736\" data-end=\"1754\"><strong data-start=\"1740\" data-end=\"1752\">Caract\u00e9ristiques :<\/strong><\/h4><ul data-start=\"1755\" data-end=\"2239\"><li data-start=\"1755\" data-end=\"1825\"><p data-start=\"1757\" data-end=\"1825\"><strong data-start=\"1757\" data-end=\"1785\">R\u00e9servoir int\u00e9rieur \u00e9maill\u00e9<\/strong> pour l'hygi\u00e8ne et la r\u00e9sistance \u00e0 la corrosion.<\/p><\/li><li data-start=\"1826\" data-end=\"1887\"><p data-start=\"1828\" data-end=\"1887\"><strong data-start=\"1828\" data-end=\"1847\">Anode en magn\u00e9sium<\/strong> pour \u00e9viter la rouille et prolonger la dur\u00e9e de vie du r\u00e9servoir.<\/p><\/li><li data-start=\"1888\" data-end=\"1971\"><p data-start=\"1890\" data-end=\"1971\"><strong data-start=\"1890\" data-end=\"1923\">Isolation en polyur\u00e9thane (PUF)<\/strong> r\u00e9duit les pertes de chaleur et garde l'eau chaude plus longtemps.<\/p><\/li><li data-start=\"1972\" data-end=\"2045\"><p data-start=\"1974\" data-end=\"2045\"><strong data-start=\"1974\" data-end=\"2014\">Thermostat de haute pr\u00e9cision jusqu'\u00e0 75\u00b0C<\/strong> avec protection contre la surchauffe.<\/p><\/li><li data-start=\"2046\" data-end=\"2130\"><p data-start=\"2048\" data-end=\"2130\"><strong data-start=\"2048\" data-end=\"2080\">Syst\u00e8me de s\u00e9curit\u00e9 complet :<\/strong> coupure thermique automatique + protection contre les fuites.<\/p><\/li><li data-start=\"2131\" data-end=\"2189\"><p data-start=\"2133\" data-end=\"2189\"><strong data-start=\"2133\" data-end=\"2163\">Protection \u00e9tanche IPX4<\/strong> contre les projections d'eau.<\/p><\/li><li data-start=\"2190\" data-end=\"2239\"><p data-start=\"2192\" data-end=\"2239\"><strong data-start=\"2192\" data-end=\"2219\">Conception verticale compacte<\/strong> qui permet d'\u00e9conomiser de l'espace.<\/p><\/li><\/ul><h3 data-start=\"2241\" data-end=\"2268\"><strong data-start=\"2245\" data-end=\"2266\">D\u00e9tails techniques :<\/strong><\/h3><ul data-start=\"2269\" data-end=\"2548\"><li data-start=\"2269\" data-end=\"2309\"><p data-start=\"2271\" data-end=\"2309\"><strong data-start=\"2271\" data-end=\"2292\">Options de capacit\u00e9 :<\/strong> 30L, 40L, 60L.<\/p><\/li><li data-start=\"2310\" data-end=\"2347\"><p data-start=\"2312\" data-end=\"2347\"><strong data-start=\"2312\" data-end=\"2330\">Puissance de chauffage :<\/strong> 1500W - 1800W.<\/p><\/li><li data-start=\"2348\" data-end=\"2374\"><p data-start=\"2350\" data-end=\"2374\"><strong data-start=\"2350\" data-end=\"2362\">Tension :<\/strong> 220-240V.<\/p><\/li><li data-start=\"2375\" data-end=\"2404\"><p data-start=\"2377\" data-end=\"2404\"><strong data-start=\"2377\" data-end=\"2391\">Fr\u00e9quence :<\/strong> 50Hz\/60Hz.<\/p><\/li><li data-start=\"2405\" data-end=\"2441\"><p data-start=\"2407\" data-end=\"2441\"><strong data-start=\"2407\" data-end=\"2430\">Pression de fonctionnement :<\/strong> 0,7 MPa.<\/p><\/li><li data-start=\"2442\" data-end=\"2477\"><p data-start=\"2444\" data-end=\"2477\"><strong data-start=\"2444\" data-end=\"2466\">Plage de temp\u00e9rature :<\/strong> 30-75\u00b0C.<\/p><\/li><li data-start=\"2478\" data-end=\"2548\"><p data-start=\"2480\" data-end=\"2548\"><strong data-start=\"2480\" data-end=\"2502\">Dimensions compactes<\/strong> id\u00e9al pour les m\u00e9nages et les petites installations.<\/p><\/li><\/ul><h4 data-start=\"2550\" data-end=\"2578\"><strong data-start=\"2554\" data-end=\"2576\">Applications id\u00e9ales :<\/strong><\/h4><ul data-start=\"2579\" data-end=\"2703\"><li data-start=\"2579\" data-end=\"2611\"><p data-start=\"2581\" data-end=\"2611\">Maisons (cuisines - salles de bains)<\/p><\/li><li data-start=\"2612\" data-end=\"2632\"><p data-start=\"2614\" data-end=\"2632\">Petits appartements<\/p><\/li><li data-start=\"2633\" data-end=\"2662\"><p data-start=\"2635\" data-end=\"2662\">Salons et centres de beaut\u00e9<\/p><\/li><li data-start=\"2663\" data-end=\"2703\"><p data-start=\"2665\" data-end=\"2703\">Bureaux et petits services<\/p><\/li><\/ul>\n\t\t\t\t\t<\/div>\n\t\t\t\t\t\t<\/div>\n\t\t\t\t<\/div>\n\t\t\t\t<\/div>\n\t\t<div class=\"elementor-element elementor-element-ce7734e e-con-full e-flex e-con e-child\" data-id=\"ce7734e\" data-element_type=\"container\">\n\t\t\t\t<div class=\"elementor-element elementor-element-3045f04 elementor-widget elementor-widget-wd_image_or_svg\" data-id=\"3045f04\" data-element_type=\"widget\" data-widget_type=\"wd_image_or_svg.default\">\n\t\t\t\t<div class=\"elementor-widget-container\">\n\t\t\t\t\t\n\t\t<div class=\"wd-image text-center photoswipe-images\">\n\t\t\t\t\t\t\t<a  href=\"https:\/\/eauchauffage.com\/wp-content\/uploads\/2025\/09\/EC4-1.jpg\"data-width=\"594\" data-height=\"772\" data-elementor-open-lightbox=\"no\" aria-label=\"Image link\">\n\t\t\t\t\t\t\t\t<img fetchpriority=\"high\" decoding=\"async\" width=\"594\" height=\"772\" src=\"https:\/\/eauchauffage.com\/wp-content\/uploads\/2025\/09\/EC4-1.jpg\" class=\"attachment-full size-full\" alt=\"\" srcset=\"https:\/\/eauchauffage.com\/wp-content\/uploads\/2025\/09\/EC4-1.jpg 594w, https:\/\/eauchauffage.com\/wp-content\/uploads\/2025\/09\/EC4-1-231x300.jpg 231w, https:\/\/eauchauffage.com\/wp-content\/uploads\/2025\/09\/EC4-1-150x195.jpg 150w\" sizes=\"(max-width: 594px) 100vw, 594px\" \/>\t\t\t\t\t\t\t<\/a>\n\t\t\t\t\t<\/div>\n\n\t\t\t\t\t\t<\/div>\n\t\t\t\t<\/div>\n\t\t\t\t<\/div>\n\t\t\t\t\t<\/div>\n\t\t\t\t<\/div>\n\t\t\t\t<\/div>","protected":false},"excerpt":{"rendered":"<h4 data-start=\"509\" data-end=\"552\"><strong data-start=\"512\" data-end=\"550\">Chauffe-eau \u00e9lectrique \u00c9coChaud EC4<\/strong><\/h4>\n<ul data-start=\"553\" data-end=\"924\">\n<li data-start=\"553\" data-end=\"600\">\n<p data-start=\"555\" data-end=\"600\">Disponible en <strong data-start=\"568\" data-end=\"587\">30L - 40L - 60L<\/strong> capacit\u00e9s<\/p>\n<\/li>\n<li data-start=\"601\" data-end=\"652\">\n<p data-start=\"603\" data-end=\"652\"><strong data-start=\"603\" data-end=\"639\">Chauffage rapide et haute efficacit\u00e9<\/strong> jusqu'\u00e0 75\u00b0C<\/p>\n<\/li>\n<li data-start=\"653\" data-end=\"722\">\n<p data-start=\"655\" data-end=\"722\"><strong data-start=\"655\" data-end=\"683\">R\u00e9servoir int\u00e9rieur \u00e9maill\u00e9<\/strong> pour l'hygi\u00e8ne et la r\u00e9sistance \u00e0 la corrosion<\/p>\n<\/li>\n<li data-start=\"723\" data-end=\"787\">\n<p data-start=\"725\" data-end=\"787\"><strong data-start=\"725\" data-end=\"758\">Isolation en polyur\u00e9thane (PUF)<\/strong> garde l'eau chaude plus longtemps<\/p>\n<\/li>\n<li data-start=\"788\" data-end=\"875\">\n<p data-start=\"790\" data-end=\"875\"><strong data-start=\"790\" data-end=\"813\">Syst\u00e8me de s\u00e9curit\u00e9 complet :<\/strong> thermostat de pr\u00e9cision + coupure thermique + protection contre les fuites<\/p>\n<\/li>\n<li data-start=\"876\" data-end=\"924\">\n<p data-start=\"878\" data-end=\"924\"><strong data-start=\"878\" data-end=\"905\">Conception verticale compacte<\/strong> qui \u00e9conomise de l'espace<\/p>\n<\/li>\n<\/ul>\n<p data-start=\"926\" data-end=\"989\"><strong data-start=\"926\" data-end=\"987\">Le choix id\u00e9al pour les maisons, les petits appartements et les salons.<\/strong><\/p>","protected":false},"featured_media":11363,"comment_status":"open","ping_status":"closed","template":"","meta":[],"product_brand":[],"product_cat":[230,210],"product_tag":[],"class_list":{"0":"post-11362","1":"product","2":"type-product","3":"status-publish","4":"has-post-thumbnail","6":"product_cat-ecochaud","7":"product_cat-residential","9":"first","10":"instock","11":"shipping-taxable","12":"product-type-simple"},"_links":{"self":[{"href":"https:\/\/eauchauffage.com\/fr\/wp-json\/wp\/v2\/product\/11362","targetHints":{"allow":["GET"]}}],"collection":[{"href":"https:\/\/eauchauffage.com\/fr\/wp-json\/wp\/v2\/product"}],"about":[{"href":"https:\/\/eauchauffage.com\/fr\/wp-json\/wp\/v2\/types\/product"}],"replies":[{"embeddable":true,"href":"https:\/\/eauchauffage.com\/fr\/wp-json\/wp\/v2\/comments?post=11362"}],"version-history":[{"count":9,"href":"https:\/\/eauchauffage.com\/fr\/wp-json\/wp\/v2\/product\/11362\/revisions"}],"predecessor-version":[{"id":12099,"href":"https:\/\/eauchauffage.com\/fr\/wp-json\/wp\/v2\/product\/11362\/revisions\/12099"}],"wp:featuredmedia":[{"embeddable":true,"href":"https:\/\/eauchauffage.com\/fr\/wp-json\/wp\/v2\/media\/11363"}],"wp:attachment":[{"href":"https:\/\/eauchauffage.com\/fr\/wp-json\/wp\/v2\/media?parent=11362"}],"wp:term":[{"taxonomy":"product_brand","embeddable":true,"href":"https:\/\/eauchauffage.com\/fr\/wp-json\/wp\/v2\/product_brand?post=11362"},{"taxonomy":"product_cat","embeddable":true,"href":"https:\/\/eauchauffage.com\/fr\/wp-json\/wp\/v2\/product_cat?post=11362"},{"taxonomy":"product_tag","embeddable":true,"href":"https:\/\/eauchauffage.com\/fr\/wp-json\/wp\/v2\/product_tag?post=11362"}],"curies":[{"name":"wp","href":"https:\/\/api.w.org\/{rel}","templated":true}]}}