{"id":11232,"date":"2025-09-22T17:58:52","date_gmt":"2025-09-22T17:58:52","guid":{"rendered":"https:\/\/eauchauffage.com\/?post_type=product&#038;p=11232"},"modified":"2025-09-27T10:11:34","modified_gmt":"2025-09-27T10:11:34","slug":"ecc300","status":"publish","type":"product","link":"https:\/\/eauchauffage.com\/fr\/product\/ecc300\/","title":{"rendered":"ECC300"},"content":{"rendered":"<div data-elementor-type=\"wp-post\" data-elementor-id=\"11232\" class=\"elementor elementor-11232\">\n\t\t\t\t<div class=\"wd-negative-gap elementor-element elementor-element-fcfeefa e-flex e-con-boxed e-con e-parent\" data-id=\"fcfeefa\" data-element_type=\"container\">\n\t\t\t\t\t<div class=\"e-con-inner\">\n\t\t\t\t<div class=\"elementor-element elementor-element-fd9e493 elementor-widget elementor-widget-wd_image_or_svg\" data-id=\"fd9e493\" data-element_type=\"widget\" data-widget_type=\"wd_image_or_svg.default\">\n\t\t\t\t<div class=\"elementor-widget-container\">\n\t\t\t\t\t\n\t\t<div class=\"wd-image text-left photoswipe-images\">\n\t\t\t\t\t\t\t<a  href=\"https:\/\/eauchauffage.com\/wp-content\/uploads\/2025\/09\/300lt.png\"data-width=\"1271\" data-height=\"753\" data-elementor-open-lightbox=\"no\" aria-label=\"Image link\">\n\t\t\t\t\t\t\t\t<img fetchpriority=\"high\" decoding=\"async\" width=\"1271\" height=\"753\" src=\"https:\/\/eauchauffage.com\/wp-content\/uploads\/2025\/09\/300lt.png\" class=\"attachment-full size-full\" alt=\"\" srcset=\"https:\/\/eauchauffage.com\/wp-content\/uploads\/2025\/09\/300lt.png 1271w, https:\/\/eauchauffage.com\/wp-content\/uploads\/2025\/09\/300lt-300x178.png 300w, https:\/\/eauchauffage.com\/wp-content\/uploads\/2025\/09\/300lt-1024x607.png 1024w, https:\/\/eauchauffage.com\/wp-content\/uploads\/2025\/09\/300lt-768x455.png 768w, https:\/\/eauchauffage.com\/wp-content\/uploads\/2025\/09\/300lt-1200x711.png 1200w, https:\/\/eauchauffage.com\/wp-content\/uploads\/2025\/09\/300lt-150x89.png 150w\" sizes=\"(max-width: 1271px) 100vw, 1271px\" \/>\t\t\t\t\t\t\t<\/a>\n\t\t\t\t\t<\/div>\n\n\t\t\t\t\t\t<\/div>\n\t\t\t\t<\/div>\n\t\t\t\t\t<\/div>\n\t\t\t\t<\/div>\n\t\t<div class=\"wd-negative-gap elementor-element elementor-element-5f551bb e-grid e-con-boxed e-con e-parent\" data-id=\"5f551bb\" data-element_type=\"container\">\n\t\t\t\t\t<div class=\"e-con-inner\">\n\t\t\t\t<div class=\"elementor-element elementor-element-c9f9b16 elementor-widget elementor-widget-wd_text_block\" data-id=\"c9f9b16\" data-element_type=\"widget\" data-widget_type=\"wd_text_block.default\">\n\t\t\t\t<div class=\"elementor-widget-container\">\n\t\t\t\t\t\t\t<div class=\"wd-text-block reset-last-child text-left\">\n\t\t\t\n\t\t\t<h4 data-start=\"400\" data-end=\"417\">Caract\u00e9ristiques :<\/h4><ul data-start=\"418\" data-end=\"884\"><li data-start=\"418\" data-end=\"495\"><p data-start=\"420\" data-end=\"495\"><strong data-start=\"420\" data-end=\"444\">Capacit\u00e9s multiples :<\/strong> De 100L \u00e0 7500L pour couvrir tous les besoins.<\/p><\/li><li data-start=\"496\" data-end=\"585\"><p data-start=\"498\" data-end=\"585\"><strong data-start=\"498\" data-end=\"523\">Des performances fiables :<\/strong> Fournit un approvisionnement r\u00e9gulier en eau chaude, m\u00eame en cas d'utilisation intensive.<\/p><\/li><li data-start=\"586\" data-end=\"686\"><p data-start=\"588\" data-end=\"686\"><strong data-start=\"588\" data-end=\"618\">Conception industrielle durable :<\/strong> Fabriqu\u00e9 \u00e0 partir de mat\u00e9riaux de haute qualit\u00e9, r\u00e9sistants \u00e0 la corrosion et \u00e0 la rouille.<\/p><\/li><li data-start=\"687\" data-end=\"775\"><p data-start=\"689\" data-end=\"775\"><strong data-start=\"689\" data-end=\"714\">S\u00e9curit\u00e9 globale :<\/strong> Syst\u00e8mes de protection contre la surchauffe et la pression de l'eau.<\/p><\/li><li data-start=\"776\" data-end=\"884\"><p data-start=\"778\" data-end=\"884\"><strong data-start=\"778\" data-end=\"800\">Efficacit\u00e9 \u00e9nerg\u00e9tique :<\/strong> Une isolation thermique efficace permet de maintenir la temp\u00e9rature de l'eau et de r\u00e9duire les pertes d'\u00e9nergie.<\/p><\/li><\/ul>\n\t\t\t\t\t<\/div>\n\t\t\t\t\t\t<\/div>\n\t\t\t\t<\/div>\n\t\t\t\t<div class=\"elementor-element elementor-element-e3e2c2e elementor-widget elementor-widget-wd_text_block\" data-id=\"e3e2c2e\" data-element_type=\"widget\" data-widget_type=\"wd_text_block.default\">\n\t\t\t\t<div class=\"elementor-widget-container\">\n\t\t\t\t\t\t\t<div class=\"wd-text-block reset-last-child text-left\">\n\t\t\t\n\t\t\t<h4 data-start=\"891\" data-end=\"914\">Applications id\u00e9ales :<\/h4><ul data-start=\"915\" data-end=\"1090\"><li data-start=\"915\" data-end=\"937\"><p data-start=\"917\" data-end=\"937\">H\u00f4tels et centres de vill\u00e9giature<\/p><\/li><li data-start=\"938\" data-end=\"971\"><p data-start=\"940\" data-end=\"971\">H\u00f4pitaux et centres m\u00e9dicaux<\/p><\/li><li data-start=\"972\" data-end=\"1000\"><p data-start=\"974\" data-end=\"1000\">\u00c9coles et universit\u00e9s<\/p><\/li><li data-start=\"1001\" data-end=\"1041\"><p data-start=\"1003\" data-end=\"1041\">Restaurants et blanchisseries commerciales<\/p><\/li><li data-start=\"1042\" data-end=\"1090\"><p data-start=\"1044\" data-end=\"1090\">Usines et grands b\u00e2timents administratifs<\/p><\/li><\/ul><h4 data-start=\"1097\" data-end=\"1119\">D\u00e9tails techniques :<\/h4><ul data-start=\"1120\" data-end=\"1356\"><li data-start=\"1120\" data-end=\"1156\"><p data-start=\"1122\" data-end=\"1156\"><strong data-start=\"1122\" data-end=\"1137\">Capacit\u00e9s :<\/strong> 100L \u00e0 7500L<\/p><\/li><li data-start=\"1157\" data-end=\"1215\"><p data-start=\"1159\" data-end=\"1215\"><strong data-start=\"1159\" data-end=\"1184\">Options de puissance de chauffage<\/strong> pour s'adapter \u00e0 diverses applications<\/p><\/li><li data-start=\"1216\" data-end=\"1295\"><p data-start=\"1218\" data-end=\"1295\"><strong data-start=\"1218\" data-end=\"1240\">Conception centralis\u00e9e<\/strong> convient aux salles des machines et aux installations industrielles<\/p><\/li><li data-start=\"1296\" data-end=\"1356\"><p data-start=\"1298\" data-end=\"1356\"><strong data-start=\"1298\" data-end=\"1354\">Normes internationales de qualit\u00e9 et de s\u00e9curit\u00e9 certifi\u00e9es<\/strong><\/p><\/li><\/ul>\n\t\t\t\t\t<\/div>\n\t\t\t\t\t\t<\/div>\n\t\t\t\t<\/div>\n\t\t\t\t\t<\/div>\n\t\t\t\t<\/div>\n\t\t\t\t<\/div>","protected":false},"excerpt":{"rendered":"<h4 data-start=\"59\" data-end=\"97\">Chauffe-eau \u00e9lectriques commerciaux<\/h4>\n<p data-start=\"72\" data-end=\"393\">Grande capacit\u00e9 <strong data-start=\"86\" data-end=\"120\">chauffe-eau \u00e9lectriques centraux<\/strong>, Les chauffe-eau \u00e0 eau chaude sont con\u00e7us pour r\u00e9pondre aux besoins importants des installations commerciales et industrielles. \u00c9quip\u00e9s d'une technologie de pointe pour assurer un d\u00e9bit d'eau chaude continu avec une grande efficacit\u00e9, ils constituent la solution id\u00e9ale pour les h\u00f4tels, les h\u00f4pitaux, les \u00e9coles, les usines et les grands b\u00e2timents.<\/p>\n<ul data-start=\"99\" data-end=\"334\">\n<li data-start=\"99\" data-end=\"139\">\n<p data-start=\"101\" data-end=\"139\">Capacit\u00e9s de <strong data-start=\"117\" data-end=\"137\">100L \u00e0 7500L<\/strong><\/p>\n<\/li>\n<li data-start=\"140\" data-end=\"183\">\n<p data-start=\"142\" data-end=\"183\">Alimentation en eau chaude fiable pour une utilisation intensive<\/p>\n<\/li>\n<li data-start=\"184\" data-end=\"233\">\n<p data-start=\"186\" data-end=\"233\">Construction industrielle r\u00e9sistante \u00e0 la rouille<\/p>\n<\/li>\n<li data-start=\"234\" data-end=\"284\">\n<p data-start=\"236\" data-end=\"284\">Protection compl\u00e8te contre la surchauffe et la pression<\/p>\n<\/li>\n<li data-start=\"285\" data-end=\"334\">\n<p data-start=\"287\" data-end=\"334\">Isolation \u00e0 haut rendement pour des \u00e9conomies d'\u00e9nergie<\/p>\n<\/li>\n<\/ul>\n<p data-start=\"336\" data-end=\"414\"><strong data-start=\"336\" data-end=\"412\">Id\u00e9al pour les h\u00f4tels, les h\u00f4pitaux, les \u00e9coles, les restaurants et les grandes installations.<\/strong><\/p>","protected":false},"featured_media":11233,"comment_status":"open","ping_status":"closed","template":"","meta":[],"product_brand":[],"product_cat":[150],"product_tag":[],"class_list":{"0":"post-11232","1":"product","2":"type-product","3":"status-publish","4":"has-post-thumbnail","6":"product_cat-commercial","8":"first","9":"instock","10":"shipping-taxable","11":"product-type-simple"},"_links":{"self":[{"href":"https:\/\/eauchauffage.com\/fr\/wp-json\/wp\/v2\/product\/11232","targetHints":{"allow":["GET"]}}],"collection":[{"href":"https:\/\/eauchauffage.com\/fr\/wp-json\/wp\/v2\/product"}],"about":[{"href":"https:\/\/eauchauffage.com\/fr\/wp-json\/wp\/v2\/types\/product"}],"replies":[{"embeddable":true,"href":"https:\/\/eauchauffage.com\/fr\/wp-json\/wp\/v2\/comments?post=11232"}],"version-history":[{"count":5,"href":"https:\/\/eauchauffage.com\/fr\/wp-json\/wp\/v2\/product\/11232\/revisions"}],"predecessor-version":[{"id":12113,"href":"https:\/\/eauchauffage.com\/fr\/wp-json\/wp\/v2\/product\/11232\/revisions\/12113"}],"wp:featuredmedia":[{"embeddable":true,"href":"https:\/\/eauchauffage.com\/fr\/wp-json\/wp\/v2\/media\/11233"}],"wp:attachment":[{"href":"https:\/\/eauchauffage.com\/fr\/wp-json\/wp\/v2\/media?parent=11232"}],"wp:term":[{"taxonomy":"product_brand","embeddable":true,"href":"https:\/\/eauchauffage.com\/fr\/wp-json\/wp\/v2\/product_brand?post=11232"},{"taxonomy":"product_cat","embeddable":true,"href":"https:\/\/eauchauffage.com\/fr\/wp-json\/wp\/v2\/product_cat?post=11232"},{"taxonomy":"product_tag","embeddable":true,"href":"https:\/\/eauchauffage.com\/fr\/wp-json\/wp\/v2\/product_tag?post=11232"}],"curies":[{"name":"wp","href":"https:\/\/api.w.org\/{rel}","templated":true}]}}