{"id":11114,"date":"2025-09-21T17:23:16","date_gmt":"2025-09-21T17:23:16","guid":{"rendered":"https:\/\/eauchauffage.com\/?post_type=product&#038;p=11114"},"modified":"2025-09-27T10:12:41","modified_gmt":"2025-09-27T10:12:41","slug":"ec1","status":"publish","type":"product","link":"https:\/\/eauchauffage.com\/fr\/product\/ec1\/","title":{"rendered":"\u00c9C1"},"content":{"rendered":"<div data-elementor-type=\"wp-post\" data-elementor-id=\"11114\" class=\"elementor elementor-11114\">\n\t\t\t\t<div class=\"wd-negative-gap elementor-element elementor-element-395c680 e-flex e-con-boxed e-con e-parent\" data-id=\"395c680\" data-element_type=\"container\">\n\t\t\t\t\t<div class=\"e-con-inner\">\n\t\t<div class=\"elementor-element elementor-element-829b1a8 e-con-full e-flex e-con e-child\" data-id=\"829b1a8\" data-element_type=\"container\">\n\t\t\t\t<div class=\"elementor-element elementor-element-e8cd7f3 elementor-widget elementor-widget-wd_text_block\" data-id=\"e8cd7f3\" data-element_type=\"widget\" data-widget_type=\"wd_text_block.default\">\n\t\t\t\t<div class=\"elementor-widget-container\">\n\t\t\t\t\t\t\t<div class=\"wd-text-block reset-last-child text-left\">\n\t\t\t\n\t\t\t<p data-start=\"92\" data-end=\"378\">Les <strong data-start=\"96\" data-end=\"134\">Chauffe-eau \u00e9lectrique \u00c9coChaud EC1<\/strong> est construit avec une grande qualit\u00e9 pour fournir de l'eau chaude stable et s\u00fbre aux habitations et \u00e0 diverses installations. Dot\u00e9e d'une isolation thermique avanc\u00e9e et d'un contr\u00f4le pr\u00e9cis de la temp\u00e9rature, elle offre une solution pratique et rentable pour une utilisation \u00e0 long terme.<\/p><h4 data-start=\"385\" data-end=\"402\">Caract\u00e9ristiques :<\/h4><ul data-start=\"403\" data-end=\"908\"><li data-start=\"403\" data-end=\"473\"><p data-start=\"405\" data-end=\"473\"><strong data-start=\"405\" data-end=\"433\">R\u00e9servoir int\u00e9rieur \u00e9maill\u00e9<\/strong> pour l'hygi\u00e8ne et la r\u00e9sistance \u00e0 la corrosion.<\/p><\/li><li data-start=\"474\" data-end=\"535\"><p data-start=\"476\" data-end=\"535\"><strong data-start=\"476\" data-end=\"495\">Anode en magn\u00e9sium<\/strong> pour \u00e9viter la rouille et prolonger la dur\u00e9e de vie du r\u00e9servoir.<\/p><\/li><li data-start=\"536\" data-end=\"619\"><p data-start=\"538\" data-end=\"619\"><strong data-start=\"538\" data-end=\"571\">Isolation en polyur\u00e9thane (PUF)<\/strong> r\u00e9duit les pertes de chaleur et garde l'eau chaude plus longtemps.<\/p><\/li><li data-start=\"620\" data-end=\"693\"><p data-start=\"622\" data-end=\"693\"><strong data-start=\"622\" data-end=\"662\">Thermostat de haute pr\u00e9cision jusqu'\u00e0 75\u00b0C<\/strong> avec protection contre la surchauffe.<\/p><\/li><li data-start=\"694\" data-end=\"778\"><p data-start=\"696\" data-end=\"778\"><strong data-start=\"696\" data-end=\"728\">Syst\u00e8me de s\u00e9curit\u00e9 complet :<\/strong> coupure thermique automatique + protection contre les fuites.<\/p><\/li><li data-start=\"779\" data-end=\"837\"><p data-start=\"781\" data-end=\"837\"><strong data-start=\"781\" data-end=\"811\">Protection \u00e9tanche IPX4<\/strong> contre les projections d'eau.<\/p><\/li><li data-start=\"838\" data-end=\"908\"><p data-start=\"840\" data-end=\"908\"><strong data-start=\"840\" data-end=\"877\">R\u00e9servoir en acier inoxydable (SUS316\/304)<\/strong> pour une durabilit\u00e9 \u00e0 long terme.<\/p><\/li><\/ul><h4 data-start=\"915\" data-end=\"937\">D\u00e9tails techniques :<\/h4><ul data-start=\"938\" data-end=\"1204\"><li data-start=\"938\" data-end=\"976\"><p data-start=\"940\" data-end=\"976\"><strong data-start=\"940\" data-end=\"961\">Options de capacit\u00e9 :<\/strong> 30L \u00e0 150L.<\/p><\/li><li data-start=\"977\" data-end=\"1015\"><p data-start=\"979\" data-end=\"1015\"><strong data-start=\"979\" data-end=\"997\">Puissance de chauffage :<\/strong> 1500W \u00e0 6000W.<\/p><\/li><li data-start=\"1016\" data-end=\"1042\"><p data-start=\"1018\" data-end=\"1042\"><strong data-start=\"1018\" data-end=\"1030\">Tension :<\/strong> 220-240V.<\/p><\/li><li data-start=\"1043\" data-end=\"1072\"><p data-start=\"1045\" data-end=\"1072\"><strong data-start=\"1045\" data-end=\"1059\">Fr\u00e9quence :<\/strong> 50Hz\/60Hz.<\/p><\/li><li data-start=\"1073\" data-end=\"1109\"><p data-start=\"1075\" data-end=\"1109\"><strong data-start=\"1075\" data-end=\"1098\">Pression de fonctionnement :<\/strong> 0,7 MPa.<\/p><\/li><li data-start=\"1110\" data-end=\"1145\"><p data-start=\"1112\" data-end=\"1145\"><strong data-start=\"1112\" data-end=\"1134\">Plage de temp\u00e9rature :<\/strong> 30-75\u00b0C.<\/p><\/li><li data-start=\"1146\" data-end=\"1204\"><p data-start=\"1148\" data-end=\"1204\">Conception verticale compacte adapt\u00e9e \u00e0 diff\u00e9rents espaces.<\/p><\/li><\/ul><h4 data-start=\"1211\" data-end=\"1234\">Applications id\u00e9ales :<\/h4><ul data-start=\"1235\" data-end=\"1364\"><li data-start=\"1235\" data-end=\"1267\"><p data-start=\"1237\" data-end=\"1267\">Maisons (cuisines - salles de bains)<\/p><\/li><li data-start=\"1268\" data-end=\"1302\"><p data-start=\"1270\" data-end=\"1302\">H\u00f4tels et appartements avec services<\/p><\/li><li data-start=\"1303\" data-end=\"1336\"><p data-start=\"1305\" data-end=\"1336\">Salons et \u00e9tablissements de services<\/p><\/li><li data-start=\"1337\" data-end=\"1364\"><p data-start=\"1339\" data-end=\"1364\">\u00c9coles et restaurants<\/p><\/li><\/ul>\n\t\t\t\t\t<\/div>\n\t\t\t\t\t\t<\/div>\n\t\t\t\t<\/div>\n\t\t\t\t<\/div>\n\t\t<div class=\"elementor-element elementor-element-ce7734e e-con-full e-flex e-con e-child\" data-id=\"ce7734e\" data-element_type=\"container\">\n\t\t\t\t<div class=\"elementor-element elementor-element-3045f04 elementor-widget elementor-widget-wd_image_or_svg\" data-id=\"3045f04\" data-element_type=\"widget\" data-widget_type=\"wd_image_or_svg.default\">\n\t\t\t\t<div class=\"elementor-widget-container\">\n\t\t\t\t\t\n\t\t<div class=\"wd-image text-left photoswipe-images\">\n\t\t\t\t\t\t\t<a  href=\"https:\/\/eauchauffage.com\/wp-content\/uploads\/2025\/09\/ec1-1.jpg\"data-width=\"701\" data-height=\"913\" data-elementor-open-lightbox=\"no\" aria-label=\"Image link\">\n\t\t\t\t\t\t\t\t<img fetchpriority=\"high\" decoding=\"async\" width=\"701\" height=\"913\" src=\"https:\/\/eauchauffage.com\/wp-content\/uploads\/2025\/09\/ec1-1.jpg\" class=\"attachment-full size-full\" alt=\"\" srcset=\"https:\/\/eauchauffage.com\/wp-content\/uploads\/2025\/09\/ec1-1.jpg 701w, https:\/\/eauchauffage.com\/wp-content\/uploads\/2025\/09\/ec1-1-230x300.jpg 230w, https:\/\/eauchauffage.com\/wp-content\/uploads\/2025\/09\/ec1-1-150x195.jpg 150w\" sizes=\"(max-width: 701px) 100vw, 701px\" \/>\t\t\t\t\t\t\t<\/a>\n\t\t\t\t\t<\/div>\n\n\t\t\t\t\t\t<\/div>\n\t\t\t\t<\/div>\n\t\t\t\t<\/div>\n\t\t\t\t\t<\/div>\n\t\t\t\t<\/div>\n\t\t\t\t<\/div>","protected":false},"excerpt":{"rendered":"<h4 data-start=\"48\" data-end=\"87\">Chauffe-eau \u00e9lectrique \u00c9coChaud EC1<\/h4>\n<ul data-start=\"89\" data-end=\"365\">\n<li data-start=\"89\" data-end=\"137\">\n<p data-start=\"91\" data-end=\"137\">Chauffage rapide et efficace jusqu'\u00e0 75\u00b0C<\/p>\n<\/li>\n<li data-start=\"138\" data-end=\"191\">\n<p data-start=\"140\" data-end=\"191\">R\u00e9servoir int\u00e9rieur \u00e9maill\u00e9 pour une meilleure r\u00e9sistance \u00e0 la corrosion<\/p>\n<\/li>\n<li data-start=\"192\" data-end=\"241\">\n<p data-start=\"194\" data-end=\"241\">L'isolation thermique permet de garder l'eau chaude plus longtemps<\/p>\n<\/li>\n<li data-start=\"242\" data-end=\"304\">\n<p data-start=\"244\" data-end=\"304\">Protection compl\u00e8te contre la surchauffe et les fuites \u00e9lectriques<\/p>\n<\/li>\n<li data-start=\"305\" data-end=\"365\">\n<p data-start=\"307\" data-end=\"365\">Conception verticale compacte avec des capacit\u00e9s de 30L \u00e0 150L<\/p>\n<\/li>\n<\/ul>\n<p data-start=\"367\" data-end=\"435\"><strong data-start=\"367\" data-end=\"433\">Le choix id\u00e9al pour les maisons, les h\u00f4tels et les installations commerciales.<\/strong><\/p>","protected":false},"featured_media":11115,"comment_status":"open","ping_status":"closed","template":"","meta":[],"product_brand":[],"product_cat":[230,210],"product_tag":[],"class_list":{"0":"post-11114","1":"product","2":"type-product","3":"status-publish","4":"has-post-thumbnail","6":"product_cat-ecochaud","7":"product_cat-residential","9":"first","10":"instock","11":"shipping-taxable","12":"product-type-simple"},"_links":{"self":[{"href":"https:\/\/eauchauffage.com\/fr\/wp-json\/wp\/v2\/product\/11114","targetHints":{"allow":["GET"]}}],"collection":[{"href":"https:\/\/eauchauffage.com\/fr\/wp-json\/wp\/v2\/product"}],"about":[{"href":"https:\/\/eauchauffage.com\/fr\/wp-json\/wp\/v2\/types\/product"}],"replies":[{"embeddable":true,"href":"https:\/\/eauchauffage.com\/fr\/wp-json\/wp\/v2\/comments?post=11114"}],"version-history":[{"count":17,"href":"https:\/\/eauchauffage.com\/fr\/wp-json\/wp\/v2\/product\/11114\/revisions"}],"predecessor-version":[{"id":12117,"href":"https:\/\/eauchauffage.com\/fr\/wp-json\/wp\/v2\/product\/11114\/revisions\/12117"}],"wp:featuredmedia":[{"embeddable":true,"href":"https:\/\/eauchauffage.com\/fr\/wp-json\/wp\/v2\/media\/11115"}],"wp:attachment":[{"href":"https:\/\/eauchauffage.com\/fr\/wp-json\/wp\/v2\/media?parent=11114"}],"wp:term":[{"taxonomy":"product_brand","embeddable":true,"href":"https:\/\/eauchauffage.com\/fr\/wp-json\/wp\/v2\/product_brand?post=11114"},{"taxonomy":"product_cat","embeddable":true,"href":"https:\/\/eauchauffage.com\/fr\/wp-json\/wp\/v2\/product_cat?post=11114"},{"taxonomy":"product_tag","embeddable":true,"href":"https:\/\/eauchauffage.com\/fr\/wp-json\/wp\/v2\/product_tag?post=11114"}],"curies":[{"name":"wp","href":"https:\/\/api.w.org\/{rel}","templated":true}]}}