{"id":11602,"date":"2025-09-23T12:19:48","date_gmt":"2025-09-23T12:19:48","guid":{"rendered":"https:\/\/eauchauffage.com\/?post_type=product&#038;p=11602"},"modified":"2025-09-27T09:54:18","modified_gmt":"2025-09-27T09:54:18","slug":"es9","status":"publish","type":"product","link":"https:\/\/eauchauffage.com\/ar\/product\/es9\/","title":{"rendered":"ES9"},"content":{"rendered":"<div data-elementor-type=\"wp-post\" data-elementor-id=\"11602\" class=\"elementor elementor-11602\">\n\t\t\t\t<div class=\"wd-negative-gap elementor-element elementor-element-395c680 e-flex e-con-boxed e-con e-parent\" data-id=\"395c680\" data-element_type=\"container\">\n\t\t\t\t\t<div class=\"e-con-inner\">\n\t\t<div class=\"elementor-element elementor-element-829b1a8 e-con-full e-flex e-con e-child\" data-id=\"829b1a8\" data-element_type=\"container\">\n\t\t\t\t<div class=\"elementor-element elementor-element-e8cd7f3 elementor-widget elementor-widget-wd_text_block\" data-id=\"e8cd7f3\" data-element_type=\"widget\" data-widget_type=\"wd_text_block.default\">\n\t\t\t\t<div class=\"elementor-widget-container\">\n\t\t\t\t\t\t\t<div class=\"wd-text-block reset-last-child text-left\">\n\t\t\t\n\t\t\t<p data-start=\"676\" data-end=\"988\">\u0625\u0646 <strong data-start=\"680\" data-end=\"721\">\u0633\u062e\u0627\u0646 \u0627\u0644\u0645\u064a\u0627\u0647 \u0627\u0644\u0643\u0647\u0631\u0628\u0627\u0626\u064a \u00c9coS\u00e9r\u00e9r\u00e9nit\u00e9 ES9<\/strong> \u064a\u062c\u0645\u0639 \u0628\u064a\u0646 \u0627\u0644\u062a\u0635\u0645\u064a\u0645 \u0627\u0644\u062d\u062f\u064a\u062b \u0648\u0627\u0644\u062a\u062d\u0643\u0645 \u0627\u0644\u0631\u0642\u0645\u064a \u0648\u0645\u064a\u0632\u0627\u062a \u0627\u0644\u0633\u0644\u0627\u0645\u0629 \u0627\u0644\u0645\u062a\u0642\u062f\u0645\u0629 \u0644\u062a\u0648\u0641\u064a\u0631 \u0645\u064a\u0627\u0647 \u0633\u0627\u062e\u0646\u0629 \u0645\u0648\u062b\u0648\u0642\u0629 \u0644\u0644\u0627\u0633\u062a\u062e\u062f\u0627\u0645 \u0627\u0644\u0633\u0643\u0646\u064a \u0648\u0627\u0644\u062a\u062c\u0627\u0631\u064a. \u0648\u0647\u064a \u0645\u062a\u0648\u0641\u0631\u0629 \u0628\u0633\u0639\u0627\u062a \u0645\u062a\u0639\u062f\u062f\u0629\u060c \u0648\u0647\u064a \u0645\u062b\u0627\u0644\u064a\u0629 \u0644\u062a\u0644\u0628\u064a\u0629 \u0627\u0644\u0627\u062d\u062a\u064a\u0627\u062c\u0627\u062a \u0627\u0644\u064a\u0648\u0645\u064a\u0629 \u0645\u0639 \u0636\u0645\u0627\u0646 \u0643\u0641\u0627\u0621\u0629 \u0627\u0644\u0637\u0627\u0642\u0629 \u0648\u0627\u0644\u0645\u062a\u0627\u0646\u0629 \u0637\u0648\u064a\u0644\u0629 \u0627\u0644\u0623\u0645\u062f.<\/p><h4 data-start=\"990\" data-end=\"1008\"><strong data-start=\"994\" data-end=\"1006\">\u0627\u0644\u0645\u064a\u0632\u0627\u062a:<\/strong><\/h4><ul data-start=\"1009\" data-end=\"1583\"><li data-start=\"1009\" data-end=\"1074\"><p data-start=\"1011\" data-end=\"1074\"><strong data-start=\"1011\" data-end=\"1048\">\u0644\u0648\u062d\u0629 \u062a\u062d\u0643\u0645 \u0631\u0642\u0645\u064a\u0629 \u0641\u064a \u062f\u0631\u062c\u0629 \u0627\u0644\u062d\u0631\u0627\u0631\u0629<\/strong> \u0644\u0636\u0628\u0637 \u062f\u0642\u064a\u0642.<\/p><\/li><li data-start=\"1075\" data-end=\"1148\"><p data-start=\"1077\" data-end=\"1148\"><strong data-start=\"1077\" data-end=\"1146\">\u0625\u064a\u0642\u0627\u0641 \u0627\u0644\u062a\u0634\u063a\u064a\u0644 \u0627\u0644\u062a\u0644\u0642\u0627\u0626\u064a \u0639\u0646\u062f 77 \u062f\u0631\u062c\u0629 \u0645\u0626\u0648\u064a\u0629 (\u0645\u0648\u062f\u064a\u0644\u0627\u062a 30 \u0644\u062a\u0631-80 \u0644\u062a\u0631) \u064878 \u062f\u0631\u062c\u0629 \u0645\u0626\u0648\u064a\u0629 (\u0645\u0648\u062f\u064a\u0644 100 \u0644\u062a\u0631).<\/strong><\/p><\/li><li data-start=\"1149\" data-end=\"1223\"><p data-start=\"1151\" data-end=\"1223\"><strong data-start=\"1151\" data-end=\"1179\">\u062e\u0632\u0627\u0646 \u062f\u0627\u062e\u0644\u064a \u0645\u0637\u0644\u064a \u0628\u0627\u0644\u0645\u064a\u0646\u0627<\/strong> \u064a\u0636\u0645\u0646 \u0627\u0644\u0646\u0638\u0627\u0641\u0629 \u0627\u0644\u0635\u062d\u064a\u0629 \u0648\u0645\u0642\u0627\u0648\u0645\u0629 \u0627\u0644\u062a\u0622\u0643\u0644.<\/p><\/li><li data-start=\"1224\" data-end=\"1294\"><p data-start=\"1226\" data-end=\"1294\"><strong data-start=\"1226\" data-end=\"1245\">\u0623\u0646\u0648\u062f \u0627\u0644\u0645\u063a\u0646\u064a\u0633\u064a\u0648\u0645<\/strong> \u064a\u0645\u0646\u0639 \u0627\u0644\u0635\u062f\u0623 \u0648\u064a\u0637\u064a\u0644 \u0639\u0645\u0631 \u0627\u0644\u062e\u0632\u0627\u0646.<\/p><\/li><li data-start=\"1295\" data-end=\"1375\"><p data-start=\"1297\" data-end=\"1375\"><strong data-start=\"1297\" data-end=\"1330\">\u0639\u0627\u0632\u0644 \u0627\u0644\u0628\u0648\u0644\u064a \u064a\u0648\u0631\u064a\u062b\u064a\u0646 (PUF)<\/strong> \u064a\u0642\u0644\u0644 \u0645\u0646 \u0641\u0642\u062f\u0627\u0646 \u0627\u0644\u062d\u0631\u0627\u0631\u0629 \u0648\u064a\u062d\u0633\u0646 \u0627\u0644\u0643\u0641\u0627\u0621\u0629.<\/p><\/li><li data-start=\"1376\" data-end=\"1449\"><p data-start=\"1378\" data-end=\"1449\"><strong data-start=\"1378\" data-end=\"1407\">\u062a\u0631\u0645\u0648\u0633\u062a\u0627\u062a \u0639\u0627\u0644\u064a \u0627\u0644\u062f\u0642\u0629<\/strong> \u062d\u062a\u0649 75 \u062f\u0631\u062c\u0629 \u0645\u0626\u0648\u064a\u0629 \u0645\u0639 \u062d\u0645\u0627\u064a\u0629 \u0645\u0646 \u0627\u0644\u062d\u0631\u0627\u0631\u0629 \u0627\u0644\u0632\u0627\u0626\u062f\u0629.<\/p><\/li><li data-start=\"1450\" data-end=\"1525\"><p data-start=\"1452\" data-end=\"1525\"><strong data-start=\"1452\" data-end=\"1484\">\u0646\u0638\u0627\u0645 \u0623\u0645\u0627\u0646 \u0634\u0627\u0645\u0644:<\/strong> \u0642\u0637\u0639 \u062d\u0631\u0627\u0631\u064a + \u062d\u0645\u0627\u064a\u0629 \u0645\u0646 \u0627\u0644\u062a\u0623\u0631\u064a\u0636.<\/p><\/li><li data-start=\"1526\" data-end=\"1583\"><p data-start=\"1528\" data-end=\"1583\"><strong data-start=\"1528\" data-end=\"1558\">\u062d\u0645\u0627\u064a\u0629 \u0636\u062f \u0627\u0644\u0645\u0627\u0621 IPX4<\/strong> \u0644\u0644\u062a\u0631\u0643\u064a\u0628 \u0627\u0644\u0622\u0645\u0646.<\/p><\/li><\/ul><h4 data-start=\"1585\" data-end=\"1612\"><strong data-start=\"1589\" data-end=\"1610\">\u0627\u0644\u062a\u0641\u0627\u0635\u064a\u0644 \u0627\u0644\u0641\u0646\u064a\u0629:<\/strong><\/h4><ul data-start=\"1613\" data-end=\"2006\"><li data-start=\"1613\" data-end=\"1658\"><p data-start=\"1615\" data-end=\"1658\"><strong data-start=\"1615\" data-end=\"1636\">\u062e\u064a\u0627\u0631\u0627\u062a \u0627\u0644\u0633\u0639\u0629:<\/strong> 30 \u0644\u062a\u0631\u060c 50 \u0644\u062a\u0631\u060c 80 \u0644\u062a\u0631\u060c 100 \u0644\u062a\u0631<\/p><\/li><li data-start=\"1659\" data-end=\"1695\"><p data-start=\"1661\" data-end=\"1695\"><strong data-start=\"1661\" data-end=\"1679\">\u0637\u0627\u0642\u0629 \u0627\u0644\u062a\u062f\u0641\u0626\u0629:<\/strong> 1500 \u0648\u0627\u0637 - 2000 \u0648\u0627\u0637<\/p><\/li><li data-start=\"1696\" data-end=\"1721\"><p data-start=\"1698\" data-end=\"1721\"><strong data-start=\"1698\" data-end=\"1710\">\u0627\u0644\u0641\u0648\u0644\u062a\u064a\u0629:<\/strong> 220-240V<\/p><\/li><li data-start=\"1722\" data-end=\"1750\"><p data-start=\"1724\" data-end=\"1750\"><strong data-start=\"1724\" data-end=\"1738\">\u0627\u0644\u062a\u0631\u062f\u062f:<\/strong> 50 \u0647\u0631\u062a\u0632\/60 \u0647\u0631\u062a\u0632<\/p><\/li><li data-start=\"1751\" data-end=\"1786\"><p data-start=\"1753\" data-end=\"1786\"><strong data-start=\"1753\" data-end=\"1776\">\u0636\u063a\u0637 \u0627\u0644\u062a\u0634\u063a\u064a\u0644:<\/strong> 0.7 \u0645\u064a\u062c\u0627 \u0628\u0627\u0633\u0643\u0627\u0644<\/p><\/li><li data-start=\"1787\" data-end=\"1821\"><p data-start=\"1789\" data-end=\"1821\"><strong data-start=\"1789\" data-end=\"1811\">\u0646\u0637\u0627\u0642 \u062f\u0631\u062c\u0629 \u0627\u0644\u062d\u0631\u0627\u0631\u0629:<\/strong> 30-75\u00b0C<\/p><\/li><li data-start=\"1822\" data-end=\"1872\"><p data-start=\"1824\" data-end=\"1872\"><strong data-start=\"1824\" data-end=\"1842\">\u0646\u0642\u0637\u0629 \u0627\u0644\u062a\u0648\u0642\u0641:<\/strong> 77 \u062f\u0631\u062c\u0629 \u0645\u0626\u0648\u064a\u0629 (77 \u062f\u0631\u062c\u0629 \u0645\u0626\u0648\u064a\u0629 (30\u0644-80 \u0644\u062a\u0631)\u060c 78 \u062f\u0631\u062c\u0629 \u0645\u0626\u0648\u064a\u0629 (100 \u0644\u062a\u0631)<\/p><\/li><\/ul><h4 data-start=\"2008\" data-end=\"2036\"><strong data-start=\"2012\" data-end=\"2034\">\u0627\u0644\u062a\u0637\u0628\u064a\u0642\u0627\u062a \u0627\u0644\u0645\u062b\u0627\u0644\u064a\u0629:<\/strong><\/h4><ul data-start=\"2037\" data-end=\"2195\"><li data-start=\"2037\" data-end=\"2083\"><p data-start=\"2039\" data-end=\"2083\">\u0627\u0644\u0645\u0646\u0627\u0632\u0644 \u0648\u0627\u0644\u0634\u0642\u0642 (\u0627\u0644\u062d\u0645\u0627\u0645\u0627\u062a \u0648\u0627\u0644\u0645\u0637\u0627\u0628\u062e)<\/p><\/li><li data-start=\"2084\" data-end=\"2110\"><p data-start=\"2086\" data-end=\"2110\">\u0627\u0644\u0641\u0646\u0627\u062f\u0642 \u0648\u0628\u064a\u0648\u062a \u0627\u0644\u0636\u064a\u0627\u0641\u0629<\/p><\/li><li data-start=\"2111\" data-end=\"2151\"><p data-start=\"2113\" data-end=\"2151\">\u0635\u0627\u0644\u0648\u0646\u0627\u062a \u0627\u0644\u062a\u062c\u0645\u064a\u0644 \u0648\u0627\u0644\u0645\u0631\u0627\u0641\u0642 \u0627\u0644\u062e\u062f\u0645\u064a\u0629<\/p><\/li><li data-start=\"2152\" data-end=\"2195\"><p data-start=\"2154\" data-end=\"2195\">\u0627\u0644\u062a\u0637\u0628\u064a\u0642\u0627\u062a \u0627\u0644\u062a\u062c\u0627\u0631\u064a\u0629 \u0627\u0644\u0635\u063a\u064a\u0631\u0629 \u0625\u0644\u0649 \u0627\u0644\u0645\u062a\u0648\u0633\u0637\u0629<\/p><\/li><\/ul>\n\t\t\t\t\t<\/div>\n\t\t\t\t\t\t<\/div>\n\t\t\t\t<\/div>\n\t\t\t\t<\/div>\n\t\t<div class=\"elementor-element elementor-element-ce7734e e-con-full e-flex e-con e-child\" data-id=\"ce7734e\" data-element_type=\"container\">\n\t\t\t\t<div class=\"elementor-element elementor-element-3045f04 elementor-widget elementor-widget-wd_image_or_svg\" data-id=\"3045f04\" data-element_type=\"widget\" data-widget_type=\"wd_image_or_svg.default\">\n\t\t\t\t<div class=\"elementor-widget-container\">\n\t\t\t\t\t\n\t\t<div class=\"wd-image text-center photoswipe-images\">\n\t\t\t\t\t\t\t<a  href=\"https:\/\/eauchauffage.com\/wp-content\/uploads\/2025\/09\/ES9-1.jpg\"data-width=\"594\" data-height=\"774\" data-elementor-open-lightbox=\"no\" aria-label=\"Image link\">\n\t\t\t\t\t\t\t\t<img fetchpriority=\"high\" decoding=\"async\" width=\"594\" height=\"774\" src=\"https:\/\/eauchauffage.com\/wp-content\/uploads\/2025\/09\/ES9-1.jpg\" class=\"attachment-full size-full\" alt=\"\" srcset=\"https:\/\/eauchauffage.com\/wp-content\/uploads\/2025\/09\/ES9-1.jpg 594w, https:\/\/eauchauffage.com\/wp-content\/uploads\/2025\/09\/ES9-1-230x300.jpg 230w, https:\/\/eauchauffage.com\/wp-content\/uploads\/2025\/09\/ES9-1-150x195.jpg 150w\" sizes=\"(max-width: 594px) 100vw, 594px\" \/>\t\t\t\t\t\t\t<\/a>\n\t\t\t\t\t<\/div>\n\n\t\t\t\t\t\t<\/div>\n\t\t\t\t<\/div>\n\t\t\t\t<\/div>\n\t\t\t\t\t<\/div>\n\t\t\t\t<\/div>\n\t\t\t\t<\/div>","protected":false},"excerpt":{"rendered":"<h4 data-start=\"509\" data-end=\"552\">\u0633\u062e\u0627\u0646 \u0627\u0644\u0645\u064a\u0627\u0647 \u0627\u0644\u0643\u0647\u0631\u0628\u0627\u0626\u064a \u00c9coS\u00e9r\u00e9r\u00e9nit\u00e9 ES9<\/h4>\n<ul data-start=\"162\" data-end=\"536\">\n<li data-start=\"162\" data-end=\"224\">\n<p data-start=\"164\" data-end=\"224\">\u0633\u062e\u0627\u0646 \u0645\u064a\u0627\u0647 \u0639\u0645\u0648\u062f\u064a \u0645\u0639 <strong data-start=\"191\" data-end=\"205\">30 \u0644\u062a\u0631 - 100 \u0644\u062a\u0631<\/strong> \u062e\u064a\u0627\u0631\u0627\u062a \u0627\u0644\u0633\u0639\u0629<\/p>\n<\/li>\n<li data-start=\"225\" data-end=\"272\">\n<p data-start=\"227\" data-end=\"272\">\u0637\u0627\u0642\u0629 \u0627\u0644\u062a\u062f\u0641\u0626\u0629 <strong data-start=\"241\" data-end=\"258\">1500 \u0648\u0627\u0637 - 2000 \u0648\u0627\u0637<\/strong>\u062d\u062a\u0649 75 \u062f\u0631\u062c\u0629 \u0645\u0626\u0648\u064a\u0629<\/p>\n<\/li>\n<li data-start=\"273\" data-end=\"335\">\n<p data-start=\"275\" data-end=\"335\"><strong data-start=\"275\" data-end=\"300\">\u0644\u0648\u062d\u0629 \u062a\u062d\u0643\u0645 \u0631\u0642\u0645\u064a\u0629<\/strong> \u0645\u0639 \u0625\u064a\u0642\u0627\u0641 \u062a\u0644\u0642\u0627\u0626\u064a \u0639\u0646\u062f 77 \u062f\u0631\u062c\u0629 \u0645\u0626\u0648\u064a\u0629 \/ 78 \u062f\u0631\u062c\u0629 \u0645\u0626\u0648\u064a\u0629<\/p>\n<\/li>\n<li data-start=\"336\" data-end=\"398\">\n<p data-start=\"338\" data-end=\"398\"><strong data-start=\"338\" data-end=\"356\">\u0639\u0627\u0632\u0644 PUF<\/strong> \u062a\u062d\u0627\u0641\u0638 \u0639\u0644\u0649 \u0627\u0644\u0645\u064a\u0627\u0647 \u0633\u0627\u062e\u0646\u0629 \u0644\u0641\u062a\u0631\u0629 \u0623\u0637\u0648\u0644 \u0648\u062a\u0648\u0641\u0631 \u0627\u0644\u0637\u0627\u0642\u0629<\/p>\n<\/li>\n<li data-start=\"399\" data-end=\"469\">\n<p data-start=\"401\" data-end=\"469\"><strong data-start=\"401\" data-end=\"447\">\u062e\u0632\u0627\u0646 \u062f\u0627\u062e\u0644\u064a \u0645\u063a\u0637\u0649 \u0628\u0627\u0644\u0645\u064a\u0646\u0627 + \u0623\u0646\u0648\u062f \u0645\u063a\u0646\u064a\u0633\u064a\u0648\u0645<\/strong> \u0644\u0644\u062d\u0645\u0627\u064a\u0629 \u0645\u0646 \u0627\u0644\u0635\u062f\u0623<\/p>\n<\/li>\n<li data-start=\"470\" data-end=\"536\">\n<p data-start=\"472\" data-end=\"536\">\u0623\u0645\u0627\u0646 \u0643\u0627\u0645\u0644: \u062a\u0631\u0645\u0648\u0633\u062a\u0627\u062a + \u0642\u0637\u0639 \u062d\u0631\u0627\u0631\u064a + \u062d\u0645\u0627\u064a\u0629 \u0645\u0646 \u0627\u0644\u062a\u0633\u0631\u0628<\/p>\n<\/li>\n<\/ul>\n<p data-start=\"538\" data-end=\"603\"><strong data-start=\"538\" data-end=\"601\">\u0645\u062b\u0627\u0644\u064a\u0629 \u0644\u0644\u0645\u0646\u0627\u0632\u0644 \u0648\u0627\u0644\u0634\u0642\u0642 \u0648\u0627\u0644\u0635\u0627\u0644\u0648\u0646\u0627\u062a \u0648\u0627\u0644\u0645\u0646\u0634\u0622\u062a \u0627\u0644\u0645\u062a\u0648\u0633\u0637\u0629.<\/strong><\/p>","protected":false},"featured_media":11603,"comment_status":"open","ping_status":"closed","template":"","meta":[],"product_brand":[],"product_cat":[236,210],"product_tag":[],"class_list":{"0":"post-11602","1":"product","2":"type-product","3":"status-publish","4":"has-post-thumbnail","6":"product_cat-ecoserenite","7":"product_cat-residential","9":"first","10":"instock","11":"shipping-taxable","12":"product-type-simple"},"_links":{"self":[{"href":"https:\/\/eauchauffage.com\/ar\/wp-json\/wp\/v2\/product\/11602","targetHints":{"allow":["GET"]}}],"collection":[{"href":"https:\/\/eauchauffage.com\/ar\/wp-json\/wp\/v2\/product"}],"about":[{"href":"https:\/\/eauchauffage.com\/ar\/wp-json\/wp\/v2\/types\/product"}],"replies":[{"embeddable":true,"href":"https:\/\/eauchauffage.com\/ar\/wp-json\/wp\/v2\/comments?post=11602"}],"version-history":[{"count":5,"href":"https:\/\/eauchauffage.com\/ar\/wp-json\/wp\/v2\/product\/11602\/revisions"}],"predecessor-version":[{"id":12068,"href":"https:\/\/eauchauffage.com\/ar\/wp-json\/wp\/v2\/product\/11602\/revisions\/12068"}],"wp:featuredmedia":[{"embeddable":true,"href":"https:\/\/eauchauffage.com\/ar\/wp-json\/wp\/v2\/media\/11603"}],"wp:attachment":[{"href":"https:\/\/eauchauffage.com\/ar\/wp-json\/wp\/v2\/media?parent=11602"}],"wp:term":[{"taxonomy":"product_brand","embeddable":true,"href":"https:\/\/eauchauffage.com\/ar\/wp-json\/wp\/v2\/product_brand?post=11602"},{"taxonomy":"product_cat","embeddable":true,"href":"https:\/\/eauchauffage.com\/ar\/wp-json\/wp\/v2\/product_cat?post=11602"},{"taxonomy":"product_tag","embeddable":true,"href":"https:\/\/eauchauffage.com\/ar\/wp-json\/wp\/v2\/product_tag?post=11602"}],"curies":[{"name":"wp","href":"https:\/\/api.w.org\/{rel}","templated":true}]}}